{"id":10551,"date":"2023-06-09T09:39:37","date_gmt":"2023-06-09T06:39:37","guid":{"rendered":"https:\/\/greencupnordic.com\/?page_id=10551"},"modified":"2023-06-09T09:45:05","modified_gmt":"2023-06-09T06:45:05","slug":"allekirjoitus-template","status":"publish","type":"page","link":"https:\/\/greencupnordic.com\/fi\/allekirjoitus-template\/","title":{"rendered":"Allekirjoitus template"},"content":{"rendered":"\t\t<div data-elementor-type=\"wp-page\" data-elementor-id=\"10551\" class=\"elementor elementor-10551\">\n\t\t\t\t\t\t<section class=\"elementor-section elementor-top-section elementor-element elementor-element-cf71df3 elementor-section-boxed elementor-section-height-default elementor-section-height-default\" data-id=\"cf71df3\" data-element_type=\"section\" data-e-type=\"section\">\n\t\t\t\t\t\t<div class=\"elementor-container elementor-column-gap-default\">\n\t\t\t\t\t<div class=\"elementor-column elementor-col-100 elementor-top-column elementor-element elementor-element-1ea8f59\" data-id=\"1ea8f59\" data-element_type=\"column\" data-e-type=\"column\">\n\t\t\t<div class=\"elementor-widget-wrap elementor-element-populated\">\n\t\t\t\t\t\t<section class=\"elementor-section elementor-inner-section elementor-element elementor-element-990a35a elementor-section-boxed elementor-section-height-default elementor-section-height-default\" data-id=\"990a35a\" data-element_type=\"section\" data-e-type=\"section\">\n\t\t\t\t\t\t<div class=\"elementor-container elementor-column-gap-default\">\n\t\t\t\t\t<div class=\"elementor-column elementor-col-50 elementor-inner-column elementor-element elementor-element-76553d2\" data-id=\"76553d2\" data-element_type=\"column\" data-e-type=\"column\">\n\t\t\t<div class=\"elementor-widget-wrap elementor-element-populated\">\n\t\t\t\t\t\t<div class=\"elementor-element elementor-element-aed8df0 elementor-widget elementor-widget-image\" data-id=\"aed8df0\" data-element_type=\"widget\" data-e-type=\"widget\" data-widget_type=\"image.default\">\n\t\t\t\t<div class=\"elementor-widget-container\">\n\t\t\t\t\t\t\t\t\t\t\t\t\t\t\t<img decoding=\"async\" data-attachment-id=\"10521\" data-permalink=\"https:\/\/greencupnordic.com\/fi\/nordic-logo-5\/\" data-orig-file=\"https:\/\/i0.wp.com\/greencupnordic.com\/wp-content\/uploads\/2023\/06\/Nordic-Logo.png?fit=710%2C710&amp;ssl=1\" data-orig-size=\"710,710\" data-comments-opened=\"1\" data-image-meta=\"{&quot;aperture&quot;:&quot;0&quot;,&quot;credit&quot;:&quot;&quot;,&quot;camera&quot;:&quot;&quot;,&quot;caption&quot;:&quot;&quot;,&quot;created_timestamp&quot;:&quot;0&quot;,&quot;copyright&quot;:&quot;&quot;,&quot;focal_length&quot;:&quot;0&quot;,&quot;iso&quot;:&quot;0&quot;,&quot;shutter_speed&quot;:&quot;0&quot;,&quot;title&quot;:&quot;&quot;,&quot;orientation&quot;:&quot;0&quot;}\" data-image-title=\"Nordic Logo\" data-image-description=\"\" data-image-caption=\"\" data-large-file=\"https:\/\/i0.wp.com\/greencupnordic.com\/wp-content\/uploads\/2023\/06\/Nordic-Logo.png?fit=710%2C710&amp;ssl=1\" width=\"150\" height=\"150\" src=\"https:\/\/i0.wp.com\/greencupnordic.com\/wp-content\/uploads\/2023\/06\/Nordic-Logo.png?resize=150%2C150&amp;ssl=1\" class=\"attachment-thumbnail size-thumbnail wp-image-10521\" alt=\"\" srcset=\"https:\/\/i0.wp.com\/greencupnordic.com\/wp-content\/uploads\/2023\/06\/Nordic-Logo.png?w=710&amp;ssl=1 710w, https:\/\/i0.wp.com\/greencupnordic.com\/wp-content\/uploads\/2023\/06\/Nordic-Logo.png?resize=300%2C300&amp;ssl=1 300w, https:\/\/i0.wp.com\/greencupnordic.com\/wp-content\/uploads\/2023\/06\/Nordic-Logo.png?resize=150%2C150&amp;ssl=1 150w\" sizes=\"(max-width: 150px) 100vw, 150px\" data-attachment-id=\"10521\" data-permalink=\"https:\/\/greencupnordic.com\/nordic-logo-5\/\" data-orig-file=\"https:\/\/i0.wp.com\/greencupnordic.com\/wp-content\/uploads\/2023\/06\/Nordic-Logo.png?fit=710%2C710&amp;ssl=1\" data-orig-size=\"710,710\" data-comments-opened=\"1\" data-image-meta=\"{&quot;aperture&quot;:&quot;0&quot;,&quot;credit&quot;:&quot;&quot;,&quot;camera&quot;:&quot;&quot;,&quot;caption&quot;:&quot;&quot;,&quot;created_timestamp&quot;:&quot;0&quot;,&quot;copyright&quot;:&quot;&quot;,&quot;focal_length&quot;:&quot;0&quot;,&quot;iso&quot;:&quot;0&quot;,&quot;shutter_speed&quot;:&quot;0&quot;,&quot;title&quot;:&quot;&quot;,&quot;orientation&quot;:&quot;0&quot;}\" data-image-title=\"Nordic Logo\" data-image-description=\"\" data-image-caption=\"\" data-large-file=\"https:\/\/i0.wp.com\/greencupnordic.com\/wp-content\/uploads\/2023\/06\/Nordic-Logo.png?fit=710%2C710&amp;ssl=1\" \/>\t\t\t\t\t\t\t\t\t\t\t\t\t\t\t<\/div>\n\t\t\t\t<\/div>\n\t\t\t\t<div class=\"elementor-element elementor-element-6cdeff1 elementor-widget elementor-widget-text-editor\" data-id=\"6cdeff1\" data-element_type=\"widget\" data-e-type=\"widget\" data-widget_type=\"text-editor.default\">\n\t\t\t\t<div class=\"elementor-widget-container\">\n\t\t\t\t\t\t\t\t\t<p>Green Vuokraus ja pesupalvelut Oy&nbsp;<\/p>n<p>3249454-3<\/p>\t\t\t\t\t\t\t\t<\/div>\n\t\t\t\t<\/div>\n\t\t\t\t\t<\/div>\n\t\t<\/div>\n\t\t\t\t<div class=\"elementor-column elementor-col-50 elementor-inner-column elementor-element elementor-element-5a2a1a4\" data-id=\"5a2a1a4\" data-element_type=\"column\" data-e-type=\"column\">\n\t\t\t<div class=\"elementor-widget-wrap elementor-element-populated\">\n\t\t\t\t\t\t<div class=\"elementor-element elementor-element-2d3a492 elementor-widget elementor-widget-heading\" data-id=\"2d3a492\" data-element_type=\"widget\" data-e-type=\"widget\" data-widget_type=\"heading.default\">\n\t\t\t\t<div class=\"elementor-widget-container\">\n\t\t\t\t\t<h2 class=\"elementor-heading-title elementor-size-default\">Nuutti Lintu<\/h2>\t\t\t\t<\/div>\n\t\t\t\t<\/div>\n\t\t\t\t<div class=\"elementor-element elementor-element-1a03be5 elementor-widget elementor-widget-text-editor\" data-id=\"1a03be5\" data-element_type=\"widget\" data-e-type=\"widget\" data-widget_type=\"text-editor.default\">\n\t\t\t\t<div class=\"elementor-widget-container\">\n\t\t\t\t\t\t\t\t\t<p>CFO \/ Co-Founder<\/p>n<p>Greencup.fi<\/p>n<p>+358 50 3472522<\/p>n<p>&#110;&#x75;&#x75;t&#116;&#x69;&#46;&#108;&#x69;n&#116;&#x75;&#64;&#103;&#x72;&#x65;&#101;&#x6e;&#x63;u&#112;&#x6e;o&#114;&#x64;i&#99;&#x2e;&#x63;&#111;&#x6d;<\/p><p>Tehtaankatu 40 b 21, 00150 Helsinki<\/p><p>Yhdystie 6, 12700 Loppi<\/p><p><br><\/p>\t\t\t\t\t\t\t\t<\/div>\n\t\t\t\t<\/div>\n\t\t\t\t\t<\/div>\n\t\t<\/div>\n\t\t\t\t\t<\/div>\n\t\t<\/section>\n\t\t\t\t\t<\/div>\n\t\t<\/div>\n\t\t\t\t\t<\/div>\n\t\t<\/section>\n\t\t\t\t<\/div>\n\t\t","protected":false},"excerpt":{"rendered":"<p>Green Vuokraus ja pesupalvelut Oy&nbsp; n 3249454-3 Nuutti Lintu CFO \/ Co-Founder n Greencup.fi n +358 50 3472522 n n&#117;&#117;&#x74;&#x74;i&#46;&#108;&#105;&#x6e;&#x74;u&#64;&#103;&#114;&#x65;&#x65;nc&#117;&#x70;&#x6e;&#x6f;r&#100;&#105;&#x63;&#x2e;&#x63;o&#109; Tehtaankatu 40 b 21, 00150 Helsinki Yhdystie 6, 12700 Loppi<\/p>\n","protected":false},"author":2,"featured_media":0,"parent":0,"menu_order":0,"comment_status":"closed","ping_status":"closed","template":"","meta":{"_acf_changed":false,"_eb_attr":"","_monsterinsights_skip_tracking":false,"_monsterinsights_sitenote_active":false,"_monsterinsights_sitenote_note":"","_monsterinsights_sitenote_category":0,"footnotes":""},"class_list":["post-10551","page","type-page","status-publish","hentry"],"translation":{"provider":"WPGlobus","version":"3.0.2","language":"fi","enabled_languages":["en","fi"],"languages":{"en":{"title":true,"content":true,"excerpt":false},"fi":{"title":false,"content":false,"excerpt":false}}},"acf":[],"yoast_head":"<!-- This site is optimized with the Yoast SEO plugin v27.5 - https:\/\/yoast.com\/product\/yoast-seo-wordpress\/ -->\n<title>Allekirjoitus template - GreenCup<\/title>\n<meta name=\"robots\" content=\"index, follow, max-snippet:-1, max-image-preview:large, max-video-preview:-1\" \/>\n<link rel=\"canonical\" href=\"https:\/\/greencupnordic.com\/allekirjoitus-template\/\" \/>\n<meta property=\"og:locale\" content=\"fi_FI\" \/>\n<meta property=\"og:type\" content=\"article\" \/>\n<meta property=\"og:title\" content=\"Allekirjoitus template - GreenCup\" \/>\n<meta property=\"og:url\" content=\"https:\/\/greencupnordic.com\/allekirjoitus-template\/\" \/>\n<meta property=\"og:site_name\" content=\"GreenCup\" \/>\n<meta property=\"article:modified_time\" content=\"2023-06-09T06:45:05+00:00\" \/>\n<meta property=\"og:image\" content=\"https:\/\/greencupnordic.com\/wp-content\/uploads\/2023\/06\/Nordic-Logo-150x150.png\" \/>\n<meta name=\"twitter:card\" content=\"summary_large_image\" \/>\n<meta name=\"twitter:label1\" content=\"Arvioitu lukuaika\" \/>\n\t<meta name=\"twitter:data1\" content=\"1 minuutti\" \/>\n<script type=\"application\/ld+json\" class=\"yoast-schema-graph\">{\"@context\":\"https:\\\/\\\/schema.org\",\"@graph\":[{\"@type\":\"WebPage\",\"@id\":\"https:\\\/\\\/greencupnordic.com\\\/allekirjoitus-template\\\/\",\"url\":\"https:\\\/\\\/greencupnordic.com\\\/allekirjoitus-template\\\/\",\"name\":\"Allekirjoitus template - GreenCup\",\"isPartOf\":{\"@id\":\"https:\\\/\\\/greencupnordic.com\\\/#website\"},\"primaryImageOfPage\":{\"@id\":\"https:\\\/\\\/greencupnordic.com\\\/allekirjoitus-template\\\/#primaryimage\"},\"image\":{\"@id\":\"https:\\\/\\\/greencupnordic.com\\\/allekirjoitus-template\\\/#primaryimage\"},\"thumbnailUrl\":\"https:\\\/\\\/greencupnordic.com\\\/wp-content\\\/uploads\\\/2023\\\/06\\\/Nordic-Logo-150x150.png\",\"datePublished\":\"2023-06-09T06:39:37+00:00\",\"dateModified\":\"2023-06-09T06:45:05+00:00\",\"breadcrumb\":{\"@id\":\"https:\\\/\\\/greencupnordic.com\\\/allekirjoitus-template\\\/#breadcrumb\"},\"inLanguage\":\"fi\",\"potentialAction\":[{\"@type\":\"ReadAction\",\"target\":[\"https:\\\/\\\/greencupnordic.com\\\/allekirjoitus-template\\\/\"]}]},{\"@type\":\"ImageObject\",\"inLanguage\":\"fi\",\"@id\":\"https:\\\/\\\/greencupnordic.com\\\/allekirjoitus-template\\\/#primaryimage\",\"url\":\"https:\\\/\\\/greencupnordic.com\\\/wp-content\\\/uploads\\\/2023\\\/06\\\/Nordic-Logo-150x150.png\",\"contentUrl\":\"https:\\\/\\\/greencupnordic.com\\\/wp-content\\\/uploads\\\/2023\\\/06\\\/Nordic-Logo-150x150.png\"},{\"@type\":\"BreadcrumbList\",\"@id\":\"https:\\\/\\\/greencupnordic.com\\\/allekirjoitus-template\\\/#breadcrumb\",\"itemListElement\":[{\"@type\":\"ListItem\",\"position\":1,\"name\":\"Home\",\"item\":\"https:\\\/\\\/greencupnordic.com\\\/\"},{\"@type\":\"ListItem\",\"position\":2,\"name\":\"Allekirjoitus template\"}]},{\"@type\":\"WebSite\",\"@id\":\"https:\\\/\\\/greencupnordic.com\\\/#website\",\"url\":\"https:\\\/\\\/greencupnordic.com\\\/\",\"name\":\"GreenCup\",\"description\":\"Erotu yksil\u00f6llisill\u00e4 ja kierr\u00e4tett\u00e4vill\u00e4 mukeilla\",\"publisher\":{\"@id\":\"https:\\\/\\\/greencupnordic.com\\\/#organization\"},\"potentialAction\":[{\"@type\":\"SearchAction\",\"target\":{\"@type\":\"EntryPoint\",\"urlTemplate\":\"https:\\\/\\\/greencupnordic.com\\\/?s={search_term_string}\"},\"query-input\":{\"@type\":\"PropertyValueSpecification\",\"valueRequired\":true,\"valueName\":\"search_term_string\"}}],\"inLanguage\":\"fi\"},{\"@type\":\"Organization\",\"@id\":\"https:\\\/\\\/greencupnordic.com\\\/#organization\",\"name\":\"GreenCup\",\"url\":\"https:\\\/\\\/greencupnordic.com\\\/\",\"logo\":{\"@type\":\"ImageObject\",\"inLanguage\":\"fi\",\"@id\":\"https:\\\/\\\/greencupnordic.com\\\/#\\\/schema\\\/logo\\\/image\\\/\",\"url\":\"https:\\\/\\\/i0.wp.com\\\/greencupnordic.com\\\/wp-content\\\/uploads\\\/2023\\\/06\\\/Nordic-Logo.png?fit=710%2C710&ssl=1\",\"contentUrl\":\"https:\\\/\\\/i0.wp.com\\\/greencupnordic.com\\\/wp-content\\\/uploads\\\/2023\\\/06\\\/Nordic-Logo.png?fit=710%2C710&ssl=1\",\"width\":710,\"height\":710,\"caption\":\"GreenCup\"},\"image\":{\"@id\":\"https:\\\/\\\/greencupnordic.com\\\/#\\\/schema\\\/logo\\\/image\\\/\"}}]}<\/script>\n<!-- \/ Yoast SEO plugin. -->","yoast_head_json":{"title":"Allekirjoitus template - GreenCup","robots":{"index":"index","follow":"follow","max-snippet":"max-snippet:-1","max-image-preview":"max-image-preview:large","max-video-preview":"max-video-preview:-1"},"canonical":"https:\/\/greencupnordic.com\/allekirjoitus-template\/","og_locale":"fi_FI","og_type":"article","og_title":"Allekirjoitus template - GreenCup","og_url":"https:\/\/greencupnordic.com\/allekirjoitus-template\/","og_site_name":"GreenCup","article_modified_time":"2023-06-09T06:45:05+00:00","og_image":[{"url":"https:\/\/greencupnordic.com\/wp-content\/uploads\/2023\/06\/Nordic-Logo-150x150.png","type":"","width":"","height":""}],"twitter_card":"summary_large_image","twitter_misc":{"Arvioitu lukuaika":"1 minuutti"},"schema":{"@context":"https:\/\/schema.org","@graph":[{"@type":"WebPage","@id":"https:\/\/greencupnordic.com\/allekirjoitus-template\/","url":"https:\/\/greencupnordic.com\/allekirjoitus-template\/","name":"Allekirjoitus template - GreenCup","isPartOf":{"@id":"https:\/\/greencupnordic.com\/#website"},"primaryImageOfPage":{"@id":"https:\/\/greencupnordic.com\/allekirjoitus-template\/#primaryimage"},"image":{"@id":"https:\/\/greencupnordic.com\/allekirjoitus-template\/#primaryimage"},"thumbnailUrl":"https:\/\/greencupnordic.com\/wp-content\/uploads\/2023\/06\/Nordic-Logo-150x150.png","datePublished":"2023-06-09T06:39:37+00:00","dateModified":"2023-06-09T06:45:05+00:00","breadcrumb":{"@id":"https:\/\/greencupnordic.com\/allekirjoitus-template\/#breadcrumb"},"inLanguage":"fi","potentialAction":[{"@type":"ReadAction","target":["https:\/\/greencupnordic.com\/allekirjoitus-template\/"]}]},{"@type":"ImageObject","inLanguage":"fi","@id":"https:\/\/greencupnordic.com\/allekirjoitus-template\/#primaryimage","url":"https:\/\/greencupnordic.com\/wp-content\/uploads\/2023\/06\/Nordic-Logo-150x150.png","contentUrl":"https:\/\/greencupnordic.com\/wp-content\/uploads\/2023\/06\/Nordic-Logo-150x150.png"},{"@type":"BreadcrumbList","@id":"https:\/\/greencupnordic.com\/allekirjoitus-template\/#breadcrumb","itemListElement":[{"@type":"ListItem","position":1,"name":"Home","item":"https:\/\/greencupnordic.com\/"},{"@type":"ListItem","position":2,"name":"Allekirjoitus template"}]},{"@type":"WebSite","@id":"https:\/\/greencupnordic.com\/#website","url":"https:\/\/greencupnordic.com\/","name":"GreenCup","description":"Erotu yksil\u00f6llisill\u00e4 ja kierr\u00e4tett\u00e4vill\u00e4 mukeilla","publisher":{"@id":"https:\/\/greencupnordic.com\/#organization"},"potentialAction":[{"@type":"SearchAction","target":{"@type":"EntryPoint","urlTemplate":"https:\/\/greencupnordic.com\/?s={search_term_string}"},"query-input":{"@type":"PropertyValueSpecification","valueRequired":true,"valueName":"search_term_string"}}],"inLanguage":"fi"},{"@type":"Organization","@id":"https:\/\/greencupnordic.com\/#organization","name":"GreenCup","url":"https:\/\/greencupnordic.com\/","logo":{"@type":"ImageObject","inLanguage":"fi","@id":"https:\/\/greencupnordic.com\/#\/schema\/logo\/image\/","url":"https:\/\/i0.wp.com\/greencupnordic.com\/wp-content\/uploads\/2023\/06\/Nordic-Logo.png?fit=710%2C710&ssl=1","contentUrl":"https:\/\/i0.wp.com\/greencupnordic.com\/wp-content\/uploads\/2023\/06\/Nordic-Logo.png?fit=710%2C710&ssl=1","width":710,"height":710,"caption":"GreenCup"},"image":{"@id":"https:\/\/greencupnordic.com\/#\/schema\/logo\/image\/"}}]}},"jetpack-related-posts":[{"id":9171,"url":"https:\/\/greencupnordic.com\/fi\/products\/hot-drinks\/","url_meta":{"origin":10551,"position":0},"title":"Hot Drinks","author":"Greencup.fi","date":"23.9.2022","format":false,"excerpt":"Greencup reusable coffee cups Greencup supplies reusable coffee cups and lids for various venues and events which can be branded at your discretion.Single-use coffee cups are often only used for a number of minutes but can take hundreds of years to break down in landfill sites. Many hot drink cups\u2026","rel":"","context":"Samankaltainen artikkeli","block_context":{"text":"Samankaltainen artikkeli","link":""},"img":{"alt_text":"","src":"https:\/\/i0.wp.com\/greencupnordic.com\/wp-content\/uploads\/2022\/09\/GG_IMAGE_55-1024x1024.jpg?resize=350%2C200&ssl=1","width":350,"height":200,"srcset":"https:\/\/i0.wp.com\/greencupnordic.com\/wp-content\/uploads\/2022\/09\/GG_IMAGE_55-1024x1024.jpg?resize=350%2C200&ssl=1 1x, https:\/\/i0.wp.com\/greencupnordic.com\/wp-content\/uploads\/2022\/09\/GG_IMAGE_55-1024x1024.jpg?resize=525%2C300&ssl=1 1.5x, https:\/\/i0.wp.com\/greencupnordic.com\/wp-content\/uploads\/2022\/09\/GG_IMAGE_55-1024x1024.jpg?resize=700%2C400&ssl=1 2x"},"classes":[]}],"jetpack_sharing_enabled":true,"_links":{"self":[{"href":"https:\/\/greencupnordic.com\/fi\/wp-json\/wp\/v2\/pages\/10551","targetHints":{"allow":["GET"]}}],"collection":[{"href":"https:\/\/greencupnordic.com\/fi\/wp-json\/wp\/v2\/pages"}],"about":[{"href":"https:\/\/greencupnordic.com\/fi\/wp-json\/wp\/v2\/types\/page"}],"author":[{"embeddable":true,"href":"https:\/\/greencupnordic.com\/fi\/wp-json\/wp\/v2\/users\/2"}],"replies":[{"embeddable":true,"href":"https:\/\/greencupnordic.com\/fi\/wp-json\/wp\/v2\/comments?post=10551"}],"version-history":[{"count":4,"href":"https:\/\/greencupnordic.com\/fi\/wp-json\/wp\/v2\/pages\/10551\/revisions"}],"predecessor-version":[{"id":10555,"href":"https:\/\/greencupnordic.com\/fi\/wp-json\/wp\/v2\/pages\/10551\/revisions\/10555"}],"wp:attachment":[{"href":"https:\/\/greencupnordic.com\/fi\/wp-json\/wp\/v2\/media?parent=10551"}],"curies":[{"name":"wp","href":"https:\/\/api.w.org\/{rel}","templated":true}]}}