{"id":8416,"date":"2022-09-22T19:10:15","date_gmt":"2022-09-22T16:10:15","guid":{"rendered":"https:\/\/greencupnordic.com\/?page_id=8416"},"modified":"2023-05-04T12:20:20","modified_gmt":"2023-05-04T09:20:20","slug":"products","status":"publish","type":"page","link":"https:\/\/greencupnordic.com\/fi\/products\/","title":{"rendered":""},"content":{"rendered":"<h2>100 % kierr\u00e4tett\u00e4v\u00e4.<\/h2>\n<p>Kaikki vaurioituneet tai k\u00e4yt\u00f6n lopussa olevat kupit ovat 100 % kierr\u00e4tett\u00e4vi\u00e4. Greencup tekee tiivist\u00e4 yhteisty\u00f6t\u00e4 paikallisen kierr\u00e4tysyrityksen kanssa varmistaakseen, ett\u00e4 kierr\u00e4tetyist\u00e4 kupeistamme tehd\u00e4\u00e4n hy\u00f6dyllisi\u00e4 esineit\u00e4 eiv\u00e4tk\u00e4 joudu kaatopaikalle.<\/p>\n<p>Kaikki Greencupsin uudelleenk\u00e4ytett\u00e4v\u00e4t kupit on valmistettu 100 % polypropeenista (PP), mik\u00e4 tekee niist\u00e4 kest\u00e4vi\u00e4 ja pitk\u00e4ik\u00e4isi\u00e4.<\/p>\n<p>\t\t\t\t\t\t\t\t\t\t\t\t\t\t\t<img data-recalc-dims=\"1\" loading=\"lazy\" decoding=\"async\" width=\"800\" height=\"600\" src=\"https:\/\/i0.wp.com\/greencupnordic.com\/wp-content\/uploads\/2022\/09\/gg_hero_image_2.jpg?resize=800%2C600&#038;ssl=1\" alt=\"\" loading=\"lazy\" srcset=\"https:\/\/greencupnordic.com\/wp-content\/uploads\/2022\/09\/gg_hero_image_2-1024x768.jpg 1024w, https:\/\/greencupnordic.com\/wp-content\/uploads\/2022\/09\/gg_hero_image_2-300x225.jpg 300w, https:\/\/greencupnordic.com\/wp-content\/uploads\/2022\/09\/gg_hero_image_2-768x576.jpg 768w, https:\/\/greencupnordic.com\/wp-content\/uploads\/2022\/09\/gg_hero_image_2.jpg 1300w\" sizes=\"auto, (max-width: 800px) 100vw, 800px\" \/>\t\t\t\t\t\t\t\t\t\t\t\t\t\t\t<\/p>\n<h2>Our Product Range<\/h2>\n<figure>\n\t\t\t\t\t\t\t\t\t\t<img data-recalc-dims=\"1\" decoding=\"async\" src=\"https:\/\/i0.wp.com\/greencupnordic.com\/wp-content\/uploads\/elementor\/thumbs\/79832769_1485076568319962_5184177233106829312_n-pv6tez1h6sk0zxb8xawuz7stnj91tjfhuakgmgra1s.jpg?w=800&#038;ssl=1\" title=\"79832769_1485076568319962_5184177233106829312_n\" alt=\"79832769_1485076568319962_5184177233106829312_n\" \/><figcaption>Green 12cl<\/figcaption><\/figure>\n<p>\t\t\t<a href=\"https:\/\/greencupnordic.com\/green-12cl\/\" role=\"button\"><br \/>\n\t\t\t\t\t\tMore Info<br \/>\n\t\t\t\t\t<\/a><\/p>\n<figure>\n\t\t\t\t\t\t\t\t\t\t<img data-recalc-dims=\"1\" decoding=\"async\" src=\"https:\/\/i0.wp.com\/greencupnordic.com\/wp-content\/uploads\/elementor\/thumbs\/67251871_1337609709733316_5612317251257499648_n-pv6teuca8mdldvi2oqvq4qziolw7r1wu5nb182y8ww.jpg?w=800&#038;ssl=1\" title=\"67251871_1337609709733316_5612317251257499648_n\" alt=\"67251871_1337609709733316_5612317251257499648_n\" \/><figcaption>Green 18 cl <\/figcaption><\/figure>\n<p>\t\t\t<a href=\"https:\/\/greencupnordic.com\/green-18cl\/\" role=\"button\"><br \/>\n\t\t\t\t\t\tMore Info<br \/>\n\t\t\t\t\t<\/a><\/p>\n<figure>\n\t\t\t\t\t\t\t\t\t\t<img data-recalc-dims=\"1\" decoding=\"async\" src=\"https:\/\/i0.wp.com\/greencupnordic.com\/wp-content\/uploads\/elementor\/thumbs\/277794267_7376429649063610_6509996066627762006_n-pv6tc1rjxcjwvlk601en7yd74dnxvftk3ti2vh3deo.jpg?w=800&#038;ssl=1\" title=\"277794267_7376429649063610_6509996066627762006_n\" alt=\"277794267_7376429649063610_6509996066627762006_n\" \/><figcaption>Green 30cl<\/figcaption><\/figure>\n<p>\t\t\t<a href=\"https:\/\/greencupnordic.com\/green-30cl\/\" role=\"button\"><br \/>\n\t\t\t\t\t\tMore Info<br \/>\n\t\t\t\t\t<\/a><\/p>\n<figure>\n\t\t\t\t\t\t\t\t\t\t<img data-recalc-dims=\"1\" decoding=\"async\" src=\"https:\/\/i0.wp.com\/greencupnordic.com\/wp-content\/uploads\/elementor\/thumbs\/241107766_4674222979276851_6921749279067846348_n-pv5a5b64mmuvepeq5rddjsueag1pidltadiv5wumxs.jpg?w=800&#038;ssl=1\" title=\"241107766_4674222979276851_6921749279067846348_n\" alt=\"241107766_4674222979276851_6921749279067846348_n\" \/><figcaption>Green 40cl <\/figcaption><\/figure>\n<p>\t\t\t<a href=\"https:\/\/greencupnordic.com\/green-40cl\/\" role=\"button\"><br \/>\n\t\t\t\t\t\tMore Info<br \/>\n\t\t\t\t\t<\/a><\/p>\n<figure>\n\t\t\t\t\t\t\t\t\t\t<img data-recalc-dims=\"1\" decoding=\"async\" src=\"https:\/\/i0.wp.com\/greencupnordic.com\/wp-content\/uploads\/elementor\/thumbs\/291535954_7778761978830373_11244000142184635_n-pv5a8pd5b3i5c0h8c86vjy0bijbfb12x36bzjvtggw.jpg?w=800&#038;ssl=1\" title=\"291535954_7778761978830373_11244000142184635_n\" alt=\"291535954_7778761978830373_11244000142184635_n\" \/><figcaption>Green 50cl<\/figcaption><\/figure>\n<p>\t\t\t<a href=\"https:\/\/greencupnordic.com\/products\/green-50cl\/\" role=\"button\"><br \/>\n\t\t\t\t\t\tMore Info<br \/>\n\t\t\t\t\t<\/a><\/p>\n<figure>\n\t\t\t\t\t\t\t\t\t\t<img data-recalc-dims=\"1\" decoding=\"async\" src=\"https:\/\/i0.wp.com\/greencupnordic.com\/wp-content\/uploads\/elementor\/thumbs\/278309487_7406465706060004_1303483144575380170_n-pv5aaditghshz21uky6zzittj72wznpqng329lc9eo.jpg?w=800&#038;ssl=1\" title=\"278309487_7406465706060004_1303483144575380170_n\" alt=\"278309487_7406465706060004_1303483144575380170_n\" \/><figcaption>Green 60cl<\/figcaption><\/figure>\n<p>\t\t\t<a href=\"https:\/\/greencupnordic.com\/products\/green-60cl\/\" role=\"button\"><br \/>\n\t\t\t\t\t\tMore Info<br \/>\n\t\t\t\t\t<\/a><\/p>\n<figure>\n\t\t\t\t\t\t\t\t\t\t<img data-recalc-dims=\"1\" decoding=\"async\" src=\"https:\/\/i0.wp.com\/greencupnordic.com\/wp-content\/uploads\/elementor\/thumbs\/GG_IMAGE_44-pv5ph90fpgf6rpoo7u7x60rbmllsc3rpi83yy4hfa8.jpg?w=800&#038;ssl=1\" title=\"GG_IMAGE_44\" alt=\"GG_IMAGE_44\" \/><figcaption>Wine<\/figcaption><\/figure>\n<p>\t\t\t<a role=\"button\"><br \/>\n\t\t\t\t\t\tMore Info<br \/>\n\t\t\t\t\t<\/a><\/p>\n<figure>\n\t\t\t\t\t\t\t\t\t\t<img data-recalc-dims=\"1\" decoding=\"async\" src=\"https:\/\/i0.wp.com\/greencupnordic.com\/wp-content\/uploads\/elementor\/thumbs\/GG_IMAGE_43-2048x2048-1-pv5ph66x4ybbsvsrob01gjgxufzop0gihu5iiallsw.jpg?w=800&#038;ssl=1\" title=\"GG_IMAGE_43-2048&#215;2048\" alt=\"GG_IMAGE_43-2048x2048\" \/><figcaption>Champagne flute<\/figcaption><\/figure>\n<p>\t\t\t<a role=\"button\"><br \/>\n\t\t\t\t\t\tMore Info<br \/>\n\t\t\t\t\t<\/a><\/p>\n<figure>\n\t\t\t\t\t\t\t\t\t\t<img data-recalc-dims=\"1\" decoding=\"async\" src=\"https:\/\/i0.wp.com\/greencupnordic.com\/wp-content\/uploads\/elementor\/thumbs\/GG_IMAGE_45-pv5phaw434hrexlxwv16b0a8tdcirhz66hexwoemxs.jpg?w=800&#038;ssl=1\" title=\"GG_IMAGE_45\" alt=\"GG_IMAGE_45\" \/><figcaption>Stackable Wine<\/figcaption><\/figure>\n<p>\t\t\t<a role=\"button\"><br \/>\n\t\t\t\t\t\tMore Info<br \/>\n\t\t\t\t\t<\/a><\/p>\n<figure>\n\t\t\t\t\t\t\t\t\t\t<img data-recalc-dims=\"1\" decoding=\"async\" src=\"https:\/\/i0.wp.com\/greencupnordic.com\/wp-content\/uploads\/elementor\/thumbs\/GG_IMAGE_53-pv5ph3dekg7gu1wv4rs5r26k2adl1x5bhg722gpsbk.jpg?w=800&#038;ssl=1\" title=\"GG_IMAGE_53\" alt=\"GG_IMAGE_53\" \/><figcaption>Hot Drinks<\/figcaption><\/figure>\n<p>\t\t\t<a role=\"button\"><br \/>\n\t\t\t\t\t\tMore Info<br \/>\n\t\t\t\t\t<\/a><\/p>\n<figure>\n\t\t\t\t\t\t\t\t\t\t<img data-recalc-dims=\"1\" decoding=\"async\" src=\"https:\/\/i0.wp.com\/greencupnordic.com\/wp-content\/uploads\/elementor\/thumbs\/GG_IMAGE_51-pv5pfy0i7qmun7kxu9wkpcm9xc1fn8l4nrhoyaf3xc.jpg?w=800&#038;ssl=1\" title=\"GG_IMAGE_51\" alt=\"GG_IMAGE_51\" \/><figcaption>Accessories<\/figcaption><\/figure>\n<p>\t\t\t<a role=\"button\"><br \/>\n\t\t\t\t\t\tMore Info<br \/>\n\t\t\t\t\t<\/a><\/p>\n","protected":false},"excerpt":{"rendered":"<p>100 % kierr\u00e4tett\u00e4v\u00e4. Kaikki vaurioituneet tai k\u00e4yt\u00f6n lopussa olevat kupit ovat 100 % kierr\u00e4tett\u00e4vi\u00e4. Greencup tekee tiivist\u00e4 yhteisty\u00f6t\u00e4 paikallisen kierr\u00e4tysyrityksen kanssa varmistaakseen, ett\u00e4 kierr\u00e4tetyist\u00e4 kupeistamme tehd\u00e4\u00e4n hy\u00f6dyllisi\u00e4 esineit\u00e4 eiv\u00e4tk\u00e4 joudu kaatopaikalle. Kaikki Greencupsin uudelleenk\u00e4ytett\u00e4v\u00e4t kupit on valmistettu 100 % polypropeenista (PP), mik\u00e4 tekee niist\u00e4 kest\u00e4vi\u00e4 ja pitk\u00e4ik\u00e4isi\u00e4. Our Product Range Green 12cl More Info Green [&hellip;]<\/p>\n","protected":false},"author":2,"featured_media":0,"parent":0,"menu_order":0,"comment_status":"closed","ping_status":"closed","template":"","meta":{"_acf_changed":false,"_eb_attr":"","_monsterinsights_skip_tracking":false,"_monsterinsights_sitenote_active":false,"_monsterinsights_sitenote_note":"","_monsterinsights_sitenote_category":0,"footnotes":""},"class_list":["post-8416","page","type-page","status-publish","hentry"],"translation":{"provider":"WPGlobus","version":"3.0.2","language":"fi","enabled_languages":["en","fi"],"languages":{"en":{"title":false,"content":true,"excerpt":false},"fi":{"title":false,"content":true,"excerpt":false}}},"acf":[],"yoast_head":"<!-- This site is optimized with the Yoast SEO plugin v27.3 - https:\/\/yoast.com\/product\/yoast-seo-wordpress\/ -->\n<title>- GreenCup<\/title>\n<meta name=\"robots\" content=\"index, follow, max-snippet:-1, max-image-preview:large, max-video-preview:-1\" \/>\n<link rel=\"canonical\" href=\"https:\/\/greencupnordic.com\/products\/\" \/>\n<meta property=\"og:locale\" content=\"fi_FI\" \/>\n<meta property=\"og:type\" content=\"article\" \/>\n<meta property=\"og:title\" content=\"- GreenCup\" \/>\n<meta property=\"og:url\" content=\"https:\/\/greencupnordic.com\/products\/\" \/>\n<meta property=\"og:site_name\" content=\"GreenCup\" \/>\n<meta property=\"article:modified_time\" content=\"2023-05-04T09:20:20+00:00\" \/>\n<meta property=\"og:image\" content=\"https:\/\/greencupnordic.com\/wp-content\/uploads\/2022\/09\/gg_hero_image_2-1024x768.jpg\" \/>\n<meta name=\"twitter:card\" content=\"summary_large_image\" \/>\n<meta name=\"twitter:label1\" content=\"Arvioitu lukuaika\" \/>\n\t<meta name=\"twitter:data1\" content=\"3 minuuttia\" \/>\n<script type=\"application\/ld+json\" class=\"yoast-schema-graph\">{\"@context\":\"https:\\\/\\\/schema.org\",\"@graph\":[{\"@type\":\"WebPage\",\"@id\":\"https:\\\/\\\/greencupnordic.com\\\/products\\\/\",\"url\":\"https:\\\/\\\/greencupnordic.com\\\/products\\\/\",\"name\":\"- GreenCup\",\"isPartOf\":{\"@id\":\"https:\\\/\\\/greencupnordic.com\\\/#website\"},\"primaryImageOfPage\":{\"@id\":\"https:\\\/\\\/greencupnordic.com\\\/products\\\/#primaryimage\"},\"image\":{\"@id\":\"https:\\\/\\\/greencupnordic.com\\\/products\\\/#primaryimage\"},\"thumbnailUrl\":\"https:\\\/\\\/greencupnordic.com\\\/wp-content\\\/uploads\\\/2022\\\/09\\\/gg_hero_image_2-1024x768.jpg\",\"datePublished\":\"2022-09-22T16:10:15+00:00\",\"dateModified\":\"2023-05-04T09:20:20+00:00\",\"description\":\"Our range of reusable cups available for rent and purchase\",\"inLanguage\":\"fi\",\"potentialAction\":[{\"@type\":\"ReadAction\",\"target\":[\"https:\\\/\\\/greencupnordic.com\\\/products\\\/\"]}]},{\"@type\":\"ImageObject\",\"inLanguage\":\"fi\",\"@id\":\"https:\\\/\\\/greencupnordic.com\\\/products\\\/#primaryimage\",\"url\":\"https:\\\/\\\/greencupnordic.com\\\/wp-content\\\/uploads\\\/2022\\\/09\\\/gg_hero_image_2-1024x768.jpg\",\"contentUrl\":\"https:\\\/\\\/greencupnordic.com\\\/wp-content\\\/uploads\\\/2022\\\/09\\\/gg_hero_image_2-1024x768.jpg\"},{\"@type\":\"WebSite\",\"@id\":\"https:\\\/\\\/greencupnordic.com\\\/#website\",\"url\":\"https:\\\/\\\/greencupnordic.com\\\/\",\"name\":\"GreenCup\",\"description\":\"Erotu yksil\u00f6llisill\u00e4 ja kierr\u00e4tett\u00e4vill\u00e4 mukeilla\",\"publisher\":{\"@id\":\"https:\\\/\\\/greencupnordic.com\\\/#organization\"},\"potentialAction\":[{\"@type\":\"SearchAction\",\"target\":{\"@type\":\"EntryPoint\",\"urlTemplate\":\"https:\\\/\\\/greencupnordic.com\\\/?s={search_term_string}\"},\"query-input\":{\"@type\":\"PropertyValueSpecification\",\"valueRequired\":true,\"valueName\":\"search_term_string\"}}],\"inLanguage\":\"fi\"},{\"@type\":\"Organization\",\"@id\":\"https:\\\/\\\/greencupnordic.com\\\/#organization\",\"name\":\"GreenCup\",\"url\":\"https:\\\/\\\/greencupnordic.com\\\/\",\"logo\":{\"@type\":\"ImageObject\",\"inLanguage\":\"fi\",\"@id\":\"https:\\\/\\\/greencupnordic.com\\\/#\\\/schema\\\/logo\\\/image\\\/\",\"url\":\"https:\\\/\\\/i0.wp.com\\\/greencupnordic.com\\\/wp-content\\\/uploads\\\/2023\\\/06\\\/Nordic-Logo.png?fit=710%2C710&ssl=1\",\"contentUrl\":\"https:\\\/\\\/i0.wp.com\\\/greencupnordic.com\\\/wp-content\\\/uploads\\\/2023\\\/06\\\/Nordic-Logo.png?fit=710%2C710&ssl=1\",\"width\":710,\"height\":710,\"caption\":\"GreenCup\"},\"image\":{\"@id\":\"https:\\\/\\\/greencupnordic.com\\\/#\\\/schema\\\/logo\\\/image\\\/\"}}]}<\/script>\n<!-- \/ Yoast SEO plugin. -->","yoast_head_json":{"title":"- GreenCup","robots":{"index":"index","follow":"follow","max-snippet":"max-snippet:-1","max-image-preview":"max-image-preview:large","max-video-preview":"max-video-preview:-1"},"canonical":"https:\/\/greencupnordic.com\/products\/","og_locale":"fi_FI","og_type":"article","og_title":"- GreenCup","og_url":"https:\/\/greencupnordic.com\/products\/","og_site_name":"GreenCup","article_modified_time":"2023-05-04T09:20:20+00:00","og_image":[{"url":"https:\/\/greencupnordic.com\/wp-content\/uploads\/2022\/09\/gg_hero_image_2-1024x768.jpg","type":"","width":"","height":""}],"twitter_card":"summary_large_image","twitter_misc":{"Arvioitu lukuaika":"3 minuuttia"},"schema":{"@context":"https:\/\/schema.org","@graph":[{"@type":"WebPage","@id":"https:\/\/greencupnordic.com\/products\/","url":"https:\/\/greencupnordic.com\/products\/","name":"- GreenCup","isPartOf":{"@id":"https:\/\/greencupnordic.com\/#website"},"primaryImageOfPage":{"@id":"https:\/\/greencupnordic.com\/products\/#primaryimage"},"image":{"@id":"https:\/\/greencupnordic.com\/products\/#primaryimage"},"thumbnailUrl":"https:\/\/greencupnordic.com\/wp-content\/uploads\/2022\/09\/gg_hero_image_2-1024x768.jpg","datePublished":"2022-09-22T16:10:15+00:00","dateModified":"2023-05-04T09:20:20+00:00","description":"Our range of reusable cups available for rent and purchase","inLanguage":"fi","potentialAction":[{"@type":"ReadAction","target":["https:\/\/greencupnordic.com\/products\/"]}]},{"@type":"ImageObject","inLanguage":"fi","@id":"https:\/\/greencupnordic.com\/products\/#primaryimage","url":"https:\/\/greencupnordic.com\/wp-content\/uploads\/2022\/09\/gg_hero_image_2-1024x768.jpg","contentUrl":"https:\/\/greencupnordic.com\/wp-content\/uploads\/2022\/09\/gg_hero_image_2-1024x768.jpg"},{"@type":"WebSite","@id":"https:\/\/greencupnordic.com\/#website","url":"https:\/\/greencupnordic.com\/","name":"GreenCup","description":"Erotu yksil\u00f6llisill\u00e4 ja kierr\u00e4tett\u00e4vill\u00e4 mukeilla","publisher":{"@id":"https:\/\/greencupnordic.com\/#organization"},"potentialAction":[{"@type":"SearchAction","target":{"@type":"EntryPoint","urlTemplate":"https:\/\/greencupnordic.com\/?s={search_term_string}"},"query-input":{"@type":"PropertyValueSpecification","valueRequired":true,"valueName":"search_term_string"}}],"inLanguage":"fi"},{"@type":"Organization","@id":"https:\/\/greencupnordic.com\/#organization","name":"GreenCup","url":"https:\/\/greencupnordic.com\/","logo":{"@type":"ImageObject","inLanguage":"fi","@id":"https:\/\/greencupnordic.com\/#\/schema\/logo\/image\/","url":"https:\/\/i0.wp.com\/greencupnordic.com\/wp-content\/uploads\/2023\/06\/Nordic-Logo.png?fit=710%2C710&ssl=1","contentUrl":"https:\/\/i0.wp.com\/greencupnordic.com\/wp-content\/uploads\/2023\/06\/Nordic-Logo.png?fit=710%2C710&ssl=1","width":710,"height":710,"caption":"GreenCup"},"image":{"@id":"https:\/\/greencupnordic.com\/#\/schema\/logo\/image\/"}}]}},"jetpack-related-posts":[{"id":8740,"url":"https:\/\/greencupnordic.com\/fi\/sustainability\/reusable-and-100-recyclable\/","url_meta":{"origin":8416,"position":0},"title":"Uudelleenk\u00e4ytett\u00e4v\u00e4 ja 100% kierr\u00e4tett\u00e4v\u00e4","author":"Greencup.fi","date":"23.9.2022","format":false,"excerpt":"{:en}What are our reusable cups made of? Greencup offer the widest range of reusable cups in Finland. From pint to 400ml highballs which are great for summer cocktails or mixers with ice or garnish. We have shot glasses, champagne flutes, coffee cups and of course, our most popular product: pint\u2026","rel":"","context":"Samankaltainen artikkeli","block_context":{"text":"Samankaltainen artikkeli","link":""},"img":{"alt_text":"","src":"https:\/\/i0.wp.com\/greencupnordic.com\/wp-content\/uploads\/2022\/09\/GG_IMAGE_22-2048x2046-1-1024x1024.jpg?resize=350%2C200&ssl=1","width":350,"height":200,"srcset":"https:\/\/i0.wp.com\/greencupnordic.com\/wp-content\/uploads\/2022\/09\/GG_IMAGE_22-2048x2046-1-1024x1024.jpg?resize=350%2C200&ssl=1 1x, https:\/\/i0.wp.com\/greencupnordic.com\/wp-content\/uploads\/2022\/09\/GG_IMAGE_22-2048x2046-1-1024x1024.jpg?resize=525%2C300&ssl=1 1.5x, https:\/\/i0.wp.com\/greencupnordic.com\/wp-content\/uploads\/2022\/09\/GG_IMAGE_22-2048x2046-1-1024x1024.jpg?resize=700%2C400&ssl=1 2x"},"classes":[]},{"id":8705,"url":"https:\/\/greencupnordic.com\/fi\/sustainability\/","url_meta":{"origin":8416,"position":1},"title":"{:en}#RefillNotLandfill Greencup products sit at\u2026","author":"Greencup.fi","date":"23.9.2022","format":false,"excerpt":"{:en}#RefillNotLandfill Greencup products sit at the top of the Waste Hierachy; a set of guidelines used by environmental and government agencies including Defra to rank waste management options according to what is best for the environment. Aiming to prevent waste in the first place. One of the main priorities for\u2026","rel":"","context":"Samankaltainen artikkeli","block_context":{"text":"Samankaltainen artikkeli","link":""},"img":{"alt_text":"","src":"https:\/\/i0.wp.com\/greencupnordic.com\/wp-content\/uploads\/2022\/09\/GG_IMAGE_4-2.jpg?resize=350%2C200&ssl=1","width":350,"height":200,"srcset":"https:\/\/i0.wp.com\/greencupnordic.com\/wp-content\/uploads\/2022\/09\/GG_IMAGE_4-2.jpg?resize=350%2C200&ssl=1 1x, https:\/\/i0.wp.com\/greencupnordic.com\/wp-content\/uploads\/2022\/09\/GG_IMAGE_4-2.jpg?resize=525%2C300&ssl=1 1.5x, https:\/\/i0.wp.com\/greencupnordic.com\/wp-content\/uploads\/2022\/09\/GG_IMAGE_4-2.jpg?resize=700%2C400&ssl=1 2x, https:\/\/i0.wp.com\/greencupnordic.com\/wp-content\/uploads\/2022\/09\/GG_IMAGE_4-2.jpg?resize=1050%2C600&ssl=1 3x, https:\/\/i0.wp.com\/greencupnordic.com\/wp-content\/uploads\/2022\/09\/GG_IMAGE_4-2.jpg?resize=1400%2C800&ssl=1 4x"},"classes":[]},{"id":8612,"url":"https:\/\/greencupnordic.com\/fi\/washing-and-rental-services\/services\/","url_meta":{"origin":8416,"position":2},"title":"{:en}We do more than just\u2026","author":"Greencup.fi","date":"22.9.2022","format":false,"excerpt":"{:en}We do more than just selling cups Greencup were the first company in Finland to offer a\u00a0dedicated washing and drying station for reusable cups. Our machines are some of the most environmentally friendly on the market, recycling and using their own energy to help heat the water. The latest technology\u2026","rel":"","context":"Samankaltainen artikkeli","block_context":{"text":"Samankaltainen artikkeli","link":""},"img":{"alt_text":"","src":"https:\/\/i0.wp.com\/greencupnordic.com\/wp-content\/uploads\/2022\/09\/wash_unit_image.jpg?resize=350%2C200&ssl=1","width":350,"height":200,"srcset":"https:\/\/i0.wp.com\/greencupnordic.com\/wp-content\/uploads\/2022\/09\/wash_unit_image.jpg?resize=350%2C200&ssl=1 1x, https:\/\/i0.wp.com\/greencupnordic.com\/wp-content\/uploads\/2022\/09\/wash_unit_image.jpg?resize=525%2C300&ssl=1 1.5x, https:\/\/i0.wp.com\/greencupnordic.com\/wp-content\/uploads\/2022\/09\/wash_unit_image.jpg?resize=700%2C400&ssl=1 2x"},"classes":[]},{"id":8771,"url":"https:\/\/greencupnordic.com\/fi\/faq\/","url_meta":{"origin":8416,"position":3},"title":"UKK","author":"Greencup.fi","date":"23.9.2022","format":false,"excerpt":"{:en}Find out more about Greencup\u2019s reusable cup service with the responses below to some of our most frequently asked questions. Are reusable cups really more sustainable than single-use ones? Disposal is the least favourable action in the waste hierarchy. Greencup\u2019s main goal is to prevent plastic entering landfill and as\u2026","rel":"","context":"Samankaltainen artikkeli","block_context":{"text":"Samankaltainen artikkeli","link":""},"img":{"alt_text":"","src":"https:\/\/i0.wp.com\/greencupnordic.com\/wp-content\/uploads\/2022\/09\/zero_waste_world.png?resize=350%2C200&ssl=1","width":350,"height":200},"classes":[]},{"id":9171,"url":"https:\/\/greencupnordic.com\/fi\/products\/hot-drinks\/","url_meta":{"origin":8416,"position":4},"title":"Hot Drinks","author":"Greencup.fi","date":"23.9.2022","format":false,"excerpt":"Greencup reusable coffee cups Greencup supplies reusable coffee cups and lids for various venues and events which can be branded at your discretion.Single-use coffee cups are often only used for a number of minutes but can take hundreds of years to break down in landfill sites. Many hot drink cups\u2026","rel":"","context":"Samankaltainen artikkeli","block_context":{"text":"Samankaltainen artikkeli","link":""},"img":{"alt_text":"","src":"https:\/\/i0.wp.com\/greencupnordic.com\/wp-content\/uploads\/2022\/09\/GG_IMAGE_55-1024x1024.jpg?resize=350%2C200&ssl=1","width":350,"height":200,"srcset":"https:\/\/i0.wp.com\/greencupnordic.com\/wp-content\/uploads\/2022\/09\/GG_IMAGE_55-1024x1024.jpg?resize=350%2C200&ssl=1 1x, https:\/\/i0.wp.com\/greencupnordic.com\/wp-content\/uploads\/2022\/09\/GG_IMAGE_55-1024x1024.jpg?resize=525%2C300&ssl=1 1.5x, https:\/\/i0.wp.com\/greencupnordic.com\/wp-content\/uploads\/2022\/09\/GG_IMAGE_55-1024x1024.jpg?resize=700%2C400&ssl=1 2x"},"classes":[]},{"id":8577,"url":"https:\/\/greencupnordic.com\/fi\/washing-and-rental-services\/","url_meta":{"origin":8416,"position":5},"title":"{:en}Transition to Reusables. Greencup will\u2026","author":"Greencup.fi","date":"22.9.2022","format":false,"excerpt":"{:en}Transition to Reusables. Greencup will ensure\u00a0your transition to reusable cups\u00a0is as smooth as possible. Our experienced team will work with you to find the system best suited to your specific venue or event (stadiums, coffee shops, festivals or weddings for instance). Options for reusable cups. Recycle Cups as part of\u2026","rel":"","context":"Samankaltainen artikkeli","block_context":{"text":"Samankaltainen artikkeli","link":""},"img":{"alt_text":"","src":"https:\/\/i0.wp.com\/greencupnordic.com\/wp-content\/uploads\/2022\/09\/PHOTOS_LAVAGE_LIEGE_RE-UZ-84-2048x1528-1.jpg?resize=350%2C200&ssl=1","width":350,"height":200,"srcset":"https:\/\/i0.wp.com\/greencupnordic.com\/wp-content\/uploads\/2022\/09\/PHOTOS_LAVAGE_LIEGE_RE-UZ-84-2048x1528-1.jpg?resize=350%2C200&ssl=1 1x, https:\/\/i0.wp.com\/greencupnordic.com\/wp-content\/uploads\/2022\/09\/PHOTOS_LAVAGE_LIEGE_RE-UZ-84-2048x1528-1.jpg?resize=525%2C300&ssl=1 1.5x, https:\/\/i0.wp.com\/greencupnordic.com\/wp-content\/uploads\/2022\/09\/PHOTOS_LAVAGE_LIEGE_RE-UZ-84-2048x1528-1.jpg?resize=700%2C400&ssl=1 2x, https:\/\/i0.wp.com\/greencupnordic.com\/wp-content\/uploads\/2022\/09\/PHOTOS_LAVAGE_LIEGE_RE-UZ-84-2048x1528-1.jpg?resize=1050%2C600&ssl=1 3x, https:\/\/i0.wp.com\/greencupnordic.com\/wp-content\/uploads\/2022\/09\/PHOTOS_LAVAGE_LIEGE_RE-UZ-84-2048x1528-1.jpg?resize=1400%2C800&ssl=1 4x"},"classes":[]}],"jetpack_sharing_enabled":true,"_links":{"self":[{"href":"https:\/\/greencupnordic.com\/fi\/wp-json\/wp\/v2\/pages\/8416","targetHints":{"allow":["GET"]}}],"collection":[{"href":"https:\/\/greencupnordic.com\/fi\/wp-json\/wp\/v2\/pages"}],"about":[{"href":"https:\/\/greencupnordic.com\/fi\/wp-json\/wp\/v2\/types\/page"}],"author":[{"embeddable":true,"href":"https:\/\/greencupnordic.com\/fi\/wp-json\/wp\/v2\/users\/2"}],"replies":[{"embeddable":true,"href":"https:\/\/greencupnordic.com\/fi\/wp-json\/wp\/v2\/comments?post=8416"}],"version-history":[{"count":125,"href":"https:\/\/greencupnordic.com\/fi\/wp-json\/wp\/v2\/pages\/8416\/revisions"}],"predecessor-version":[{"id":10004,"href":"https:\/\/greencupnordic.com\/fi\/wp-json\/wp\/v2\/pages\/8416\/revisions\/10004"}],"wp:attachment":[{"href":"https:\/\/greencupnordic.com\/fi\/wp-json\/wp\/v2\/media?parent=8416"}],"curies":[{"name":"wp","href":"https:\/\/api.w.org\/{rel}","templated":true}]}}