{"id":8547,"date":"2022-09-22T21:21:36","date_gmt":"2022-09-22T18:21:36","guid":{"rendered":"https:\/\/greencupnordic.com\/?page_id=8547"},"modified":"2022-09-23T17:01:26","modified_gmt":"2022-09-23T14:01:26","slug":"green-30cl","status":"publish","type":"page","link":"https:\/\/greencupnordic.com\/fi\/products\/green-30cl\/","title":{"rendered":"Green 30cl"},"content":{"rendered":"\t\t<div data-elementor-type=\"wp-page\" data-elementor-id=\"8547\" class=\"elementor elementor-8547\">\n\t\t\t\t\t\t<section class=\"elementor-section elementor-top-section elementor-element elementor-element-6fc7719 elementor-section-boxed elementor-section-height-default elementor-section-height-default\" data-id=\"6fc7719\" data-element_type=\"section\" data-e-type=\"section\">\n\t\t\t\t\t\t<div class=\"elementor-container elementor-column-gap-default\">\n\t\t\t\t\t<div class=\"elementor-column elementor-col-100 elementor-top-column elementor-element elementor-element-e5742c4\" data-id=\"e5742c4\" data-element_type=\"column\" data-e-type=\"column\">\n\t\t\t<div class=\"elementor-widget-wrap elementor-element-populated\">\n\t\t\t\t\t\t<section class=\"elementor-section elementor-inner-section elementor-element elementor-element-e4f02cd elementor-section-boxed elementor-section-height-default elementor-section-height-default\" data-id=\"e4f02cd\" data-element_type=\"section\" data-e-type=\"section\">\n\t\t\t\t\t\t<div class=\"elementor-container elementor-column-gap-default\">\n\t\t\t\t\t<div class=\"elementor-column elementor-col-50 elementor-inner-column elementor-element elementor-element-b7b364e\" data-id=\"b7b364e\" data-element_type=\"column\" data-e-type=\"column\">\n\t\t\t<div class=\"elementor-widget-wrap elementor-element-populated\">\n\t\t\t\t\t\t<div class=\"elementor-element elementor-element-babc433 elementor-widget elementor-widget-heading\" data-id=\"babc433\" data-element_type=\"widget\" data-e-type=\"widget\" data-widget_type=\"heading.default\">\n\t\t\t\t<div class=\"elementor-widget-container\">\n\t\t\t\t\t<h2 class=\"elementor-heading-title elementor-size-default\">Green 30\n<\/h2>\t\t\t\t<\/div>\n\t\t\t\t<\/div>\n\t\t\t\t<div class=\"elementor-element elementor-element-7576ac8 elementor-widget elementor-widget-text-editor\" data-id=\"7576ac8\" data-element_type=\"widget\" data-e-type=\"widget\" data-widget_type=\"text-editor.default\">\n\t\t\t\t<div class=\"elementor-widget-container\">\n\t\t\t\t\t\t\t\t\t<h6><strong>Capacity :<\/strong>\u00a030cl (Useful capacity 25cl)<\/h6><h6><strong>WEIGHT:<\/strong>\u00a027g<\/h6><h6><strong style=\"font-family: inherit; font-size: 1rem;\">MATERIAL:\u00a0<\/strong><span style=\"font-family: inherit; font-size: 1rem;\">PP (Polypropylene<\/span><\/h6><h6>Homopolymer)<\/h6><h6><strong>BOTTOM DIAMETER: <\/strong>54mm<\/h6><h6><strong>TOP DIAMETER:<\/strong> \u00a073 mm<\/h6><h6><strong>Height:<\/strong>\u00a0117mm<\/h6><h6><strong>Available printing options:\u00a0<\/strong><\/h6><ul><li>IML (In mould Labeling)<\/li><li>Digital Printing<\/li><li>Screenprinting<\/li><\/ul>\t\t\t\t\t\t\t\t<\/div>\n\t\t\t\t<\/div>\n\t\t\t\t\t<\/div>\n\t\t<\/div>\n\t\t\t\t<div class=\"elementor-column elementor-col-50 elementor-inner-column elementor-element elementor-element-fb1c8b9\" data-id=\"fb1c8b9\" data-element_type=\"column\" data-e-type=\"column\">\n\t\t\t<div class=\"elementor-widget-wrap elementor-element-populated\">\n\t\t\t\t\t\t<div class=\"elementor-element elementor-element-4e42ffa elementor-widget elementor-widget-image\" data-id=\"4e42ffa\" data-element_type=\"widget\" data-e-type=\"widget\" data-widget_type=\"image.default\">\n\t\t\t\t<div class=\"elementor-widget-container\">\n\t\t\t\t\t\t\t\t\t\t\t\t\t\t\t<img decoding=\"async\" src=\"https:\/\/i0.wp.com\/greencupnordic.com\/wp-content\/uploads\/2022\/09\/277794267_7376429649063610_6509996066627762006_n.jpg?fit=400%2C400&#038;ssl=1\" title=\"277794267_7376429649063610_6509996066627762006_n\" alt=\"277794267_7376429649063610_6509996066627762006_n\" loading=\"lazy\" \/>\t\t\t\t\t\t\t\t\t\t\t\t\t\t\t<\/div>\n\t\t\t\t<\/div>\n\t\t\t\t\t<\/div>\n\t\t<\/div>\n\t\t\t\t\t<\/div>\n\t\t<\/section>\n\t\t\t\t<section class=\"elementor-section elementor-inner-section elementor-element elementor-element-a8b819d elementor-section-boxed elementor-section-height-default elementor-section-height-default\" data-id=\"a8b819d\" data-element_type=\"section\" data-e-type=\"section\">\n\t\t\t\t\t\t<div class=\"elementor-container elementor-column-gap-default\">\n\t\t\t\t\t<div class=\"elementor-column elementor-col-20 elementor-inner-column elementor-element elementor-element-48d0137\" data-id=\"48d0137\" data-element_type=\"column\" data-e-type=\"column\">\n\t\t\t<div class=\"elementor-widget-wrap elementor-element-populated\">\n\t\t\t\t\t\t<div class=\"elementor-element elementor-element-b5ebc82 elementor-widget elementor-widget-image\" data-id=\"b5ebc82\" data-element_type=\"widget\" data-e-type=\"widget\" data-widget_type=\"image.default\">\n\t\t\t\t<div class=\"elementor-widget-container\">\n\t\t\t\t\t\t\t\t\t\t\t\t\t\t\t<img decoding=\"async\" src=\"https:\/\/i0.wp.com\/greencupnordic.com\/wp-content\/uploads\/2022\/09\/105584770_3363979440301218_6221609703797444744_n.jpg?fit=400%2C400&#038;ssl=1\" title=\"105584770_3363979440301218_6221609703797444744_n\" alt=\"105584770_3363979440301218_6221609703797444744_n\" loading=\"lazy\" \/>\t\t\t\t\t\t\t\t\t\t\t\t\t\t\t<\/div>\n\t\t\t\t<\/div>\n\t\t\t\t\t<\/div>\n\t\t<\/div>\n\t\t\t\t<div class=\"elementor-column elementor-col-20 elementor-inner-column elementor-element elementor-element-b6ffa86\" data-id=\"b6ffa86\" data-element_type=\"column\" data-e-type=\"column\">\n\t\t\t<div class=\"elementor-widget-wrap elementor-element-populated\">\n\t\t\t\t\t\t<div class=\"elementor-element elementor-element-76cd7a5 elementor-widget elementor-widget-image\" data-id=\"76cd7a5\" data-element_type=\"widget\" data-e-type=\"widget\" data-widget_type=\"image.default\">\n\t\t\t\t<div class=\"elementor-widget-container\">\n\t\t\t\t\t\t\t\t\t\t\t\t\t\t\t<img decoding=\"async\" src=\"https:\/\/i0.wp.com\/greencupnordic.com\/wp-content\/uploads\/2022\/09\/85252736_3055871297778702_16363687958806528_n.jpg?fit=400%2C400&#038;ssl=1\" title=\"85252736_3055871297778702_16363687958806528_n\" alt=\"85252736_3055871297778702_16363687958806528_n\" loading=\"lazy\" \/>\t\t\t\t\t\t\t\t\t\t\t\t\t\t\t<\/div>\n\t\t\t\t<\/div>\n\t\t\t\t\t<\/div>\n\t\t<\/div>\n\t\t\t\t<div class=\"elementor-column elementor-col-20 elementor-inner-column elementor-element elementor-element-f2a5776\" data-id=\"f2a5776\" data-element_type=\"column\" data-e-type=\"column\">\n\t\t\t<div class=\"elementor-widget-wrap elementor-element-populated\">\n\t\t\t\t\t\t<div class=\"elementor-element elementor-element-5ff3c65 elementor-widget elementor-widget-image\" data-id=\"5ff3c65\" data-element_type=\"widget\" data-e-type=\"widget\" data-widget_type=\"image.default\">\n\t\t\t\t<div class=\"elementor-widget-container\">\n\t\t\t\t\t\t\t\t\t\t\t\t\t\t\t<img decoding=\"async\" src=\"https:\/\/i0.wp.com\/greencupnordic.com\/wp-content\/uploads\/2022\/09\/72584029_556341695173318_3658814778979123200_n.jpg?fit=400%2C400&#038;ssl=1\" title=\"72584029_556341695173318_3658814778979123200_n\" alt=\"72584029_556341695173318_3658814778979123200_n\" loading=\"lazy\" \/>\t\t\t\t\t\t\t\t\t\t\t\t\t\t\t<\/div>\n\t\t\t\t<\/div>\n\t\t\t\t\t<\/div>\n\t\t<\/div>\n\t\t\t\t<div class=\"elementor-column elementor-col-20 elementor-inner-column elementor-element elementor-element-797fa5b\" data-id=\"797fa5b\" data-element_type=\"column\" data-e-type=\"column\">\n\t\t\t<div class=\"elementor-widget-wrap elementor-element-populated\">\n\t\t\t\t\t\t<div class=\"elementor-element elementor-element-8279ce1 elementor-widget elementor-widget-image\" data-id=\"8279ce1\" data-element_type=\"widget\" data-e-type=\"widget\" data-widget_type=\"image.default\">\n\t\t\t\t<div class=\"elementor-widget-container\">\n\t\t\t\t\t\t\t\t\t\t\t\t\t\t\t<img decoding=\"async\" src=\"https:\/\/i0.wp.com\/greencupnordic.com\/wp-content\/uploads\/2022\/09\/82356329_2956274474405052_1092821529017712640_n.jpg?fit=400%2C400&#038;ssl=1\" title=\"82356329_2956274474405052_1092821529017712640_n\" alt=\"82356329_2956274474405052_1092821529017712640_n\" loading=\"lazy\" \/>\t\t\t\t\t\t\t\t\t\t\t\t\t\t\t<\/div>\n\t\t\t\t<\/div>\n\t\t\t\t\t<\/div>\n\t\t<\/div>\n\t\t\t\t<div class=\"elementor-column elementor-col-20 elementor-inner-column elementor-element elementor-element-55e54e1\" data-id=\"55e54e1\" data-element_type=\"column\" data-e-type=\"column\">\n\t\t\t<div class=\"elementor-widget-wrap elementor-element-populated\">\n\t\t\t\t\t\t<div class=\"elementor-element elementor-element-bce9c51 elementor-widget elementor-widget-image\" data-id=\"bce9c51\" data-element_type=\"widget\" data-e-type=\"widget\" data-widget_type=\"image.default\">\n\t\t\t\t<div class=\"elementor-widget-container\">\n\t\t\t\t\t\t\t\t\t\t\t\t\t\t\t<img decoding=\"async\" src=\"https:\/\/i0.wp.com\/greencupnordic.com\/wp-content\/uploads\/2022\/09\/67251871_1337609709733316_5612317251257499648_n.jpg?fit=400%2C400&#038;ssl=1\" title=\"67251871_1337609709733316_5612317251257499648_n\" alt=\"67251871_1337609709733316_5612317251257499648_n\" loading=\"lazy\" \/>\t\t\t\t\t\t\t\t\t\t\t\t\t\t\t<\/div>\n\t\t\t\t<\/div>\n\t\t\t\t\t<\/div>\n\t\t<\/div>\n\t\t\t\t\t<\/div>\n\t\t<\/section>\n\t\t\t\t\t<\/div>\n\t\t<\/div>\n\t\t\t\t\t<\/div>\n\t\t<\/section>\n\t\t\t\t<\/div>\n\t\t","protected":false},"excerpt":{"rendered":"<p>Green 30 Capacity :\u00a030cl (Useful capacity 25cl) WEIGHT:\u00a027g MATERIAL:\u00a0PP (Polypropylene Homopolymer) BOTTOM DIAMETER: 54mm TOP DIAMETER: \u00a073 mm Height:\u00a0117mm Available printing options:\u00a0 IML (In mould Labeling) Digital Printing Screenprinting<\/p>\n","protected":false},"author":2,"featured_media":0,"parent":8416,"menu_order":0,"comment_status":"closed","ping_status":"closed","template":"","meta":{"_acf_changed":false,"_eb_attr":"","_monsterinsights_skip_tracking":false,"_monsterinsights_sitenote_active":false,"_monsterinsights_sitenote_note":"","_monsterinsights_sitenote_category":0,"footnotes":""},"class_list":["post-8547","page","type-page","status-publish","hentry"],"translation":{"provider":"WPGlobus","version":"3.0.2","language":"fi","enabled_languages":["en","fi"],"languages":{"en":{"title":true,"content":true,"excerpt":false},"fi":{"title":false,"content":false,"excerpt":false}}},"acf":[],"yoast_head":"<!-- This site is optimized with the Yoast SEO plugin v27.3 - https:\/\/yoast.com\/product\/yoast-seo-wordpress\/ -->\n<title>Green 30cl - GreenCup<\/title>\n<meta name=\"robots\" content=\"index, follow, max-snippet:-1, max-image-preview:large, max-video-preview:-1\" \/>\n<link rel=\"canonical\" href=\"https:\/\/greencupnordic.com\/products\/green-30cl\/\" \/>\n<meta property=\"og:locale\" content=\"fi_FI\" \/>\n<meta property=\"og:type\" content=\"article\" \/>\n<meta property=\"og:title\" content=\"Green 30cl - GreenCup\" \/>\n<meta property=\"og:url\" content=\"https:\/\/greencupnordic.com\/products\/green-30cl\/\" \/>\n<meta property=\"og:site_name\" content=\"GreenCup\" \/>\n<meta property=\"article:modified_time\" content=\"2022-09-23T14:01:26+00:00\" \/>\n<meta property=\"og:image\" content=\"https:\/\/greencupnordic.com\/wp-content\/uploads\/elementor\/thumbs\/277794267_7376429649063610_6509996066627762006_n-pv6tc1rjxcjwvlk601en7yd74dnxvftk3ti2vh3deo.jpg\" \/>\n<meta name=\"twitter:card\" content=\"summary_large_image\" \/>\n<meta name=\"twitter:label1\" content=\"Arvioitu lukuaika\" \/>\n\t<meta name=\"twitter:data1\" content=\"2 minuuttia\" \/>\n<script type=\"application\/ld+json\" class=\"yoast-schema-graph\">{\"@context\":\"https:\\\/\\\/schema.org\",\"@graph\":[{\"@type\":\"WebPage\",\"@id\":\"https:\\\/\\\/greencupnordic.com\\\/products\\\/green-30cl\\\/\",\"url\":\"https:\\\/\\\/greencupnordic.com\\\/products\\\/green-30cl\\\/\",\"name\":\"Green 30cl - GreenCup\",\"isPartOf\":{\"@id\":\"https:\\\/\\\/greencupnordic.com\\\/#website\"},\"primaryImageOfPage\":{\"@id\":\"https:\\\/\\\/greencupnordic.com\\\/products\\\/green-30cl\\\/#primaryimage\"},\"image\":{\"@id\":\"https:\\\/\\\/greencupnordic.com\\\/products\\\/green-30cl\\\/#primaryimage\"},\"thumbnailUrl\":\"https:\\\/\\\/greencupnordic.com\\\/wp-content\\\/uploads\\\/elementor\\\/thumbs\\\/277794267_7376429649063610_6509996066627762006_n-pv6tc1rjxcjwvlk601en7yd74dnxvftk3ti2vh3deo.jpg\",\"datePublished\":\"2022-09-22T18:21:36+00:00\",\"dateModified\":\"2022-09-23T14:01:26+00:00\",\"breadcrumb\":{\"@id\":\"https:\\\/\\\/greencupnordic.com\\\/products\\\/green-30cl\\\/#breadcrumb\"},\"inLanguage\":\"fi\",\"potentialAction\":[{\"@type\":\"ReadAction\",\"target\":[\"https:\\\/\\\/greencupnordic.com\\\/products\\\/green-30cl\\\/\"]}]},{\"@type\":\"ImageObject\",\"inLanguage\":\"fi\",\"@id\":\"https:\\\/\\\/greencupnordic.com\\\/products\\\/green-30cl\\\/#primaryimage\",\"url\":\"https:\\\/\\\/greencupnordic.com\\\/wp-content\\\/uploads\\\/elementor\\\/thumbs\\\/277794267_7376429649063610_6509996066627762006_n-pv6tc1rjxcjwvlk601en7yd74dnxvftk3ti2vh3deo.jpg\",\"contentUrl\":\"https:\\\/\\\/greencupnordic.com\\\/wp-content\\\/uploads\\\/elementor\\\/thumbs\\\/277794267_7376429649063610_6509996066627762006_n-pv6tc1rjxcjwvlk601en7yd74dnxvftk3ti2vh3deo.jpg\"},{\"@type\":\"BreadcrumbList\",\"@id\":\"https:\\\/\\\/greencupnordic.com\\\/products\\\/green-30cl\\\/#breadcrumb\",\"itemListElement\":[{\"@type\":\"ListItem\",\"position\":1,\"name\":\"Home\",\"item\":\"https:\\\/\\\/greencupnordic.com\\\/\"},{\"@type\":\"ListItem\",\"position\":2,\"name\":\"Green 30cl\"}]},{\"@type\":\"WebSite\",\"@id\":\"https:\\\/\\\/greencupnordic.com\\\/#website\",\"url\":\"https:\\\/\\\/greencupnordic.com\\\/\",\"name\":\"GreenCup\",\"description\":\"Erotu yksil\u00f6llisill\u00e4 ja kierr\u00e4tett\u00e4vill\u00e4 mukeilla\",\"publisher\":{\"@id\":\"https:\\\/\\\/greencupnordic.com\\\/#organization\"},\"potentialAction\":[{\"@type\":\"SearchAction\",\"target\":{\"@type\":\"EntryPoint\",\"urlTemplate\":\"https:\\\/\\\/greencupnordic.com\\\/?s={search_term_string}\"},\"query-input\":{\"@type\":\"PropertyValueSpecification\",\"valueRequired\":true,\"valueName\":\"search_term_string\"}}],\"inLanguage\":\"fi\"},{\"@type\":\"Organization\",\"@id\":\"https:\\\/\\\/greencupnordic.com\\\/#organization\",\"name\":\"GreenCup\",\"url\":\"https:\\\/\\\/greencupnordic.com\\\/\",\"logo\":{\"@type\":\"ImageObject\",\"inLanguage\":\"fi\",\"@id\":\"https:\\\/\\\/greencupnordic.com\\\/#\\\/schema\\\/logo\\\/image\\\/\",\"url\":\"https:\\\/\\\/i0.wp.com\\\/greencupnordic.com\\\/wp-content\\\/uploads\\\/2023\\\/06\\\/Nordic-Logo.png?fit=710%2C710&ssl=1\",\"contentUrl\":\"https:\\\/\\\/i0.wp.com\\\/greencupnordic.com\\\/wp-content\\\/uploads\\\/2023\\\/06\\\/Nordic-Logo.png?fit=710%2C710&ssl=1\",\"width\":710,\"height\":710,\"caption\":\"GreenCup\"},\"image\":{\"@id\":\"https:\\\/\\\/greencupnordic.com\\\/#\\\/schema\\\/logo\\\/image\\\/\"}}]}<\/script>\n<!-- \/ Yoast SEO plugin. -->","yoast_head_json":{"title":"Green 30cl - GreenCup","robots":{"index":"index","follow":"follow","max-snippet":"max-snippet:-1","max-image-preview":"max-image-preview:large","max-video-preview":"max-video-preview:-1"},"canonical":"https:\/\/greencupnordic.com\/products\/green-30cl\/","og_locale":"fi_FI","og_type":"article","og_title":"Green 30cl - GreenCup","og_url":"https:\/\/greencupnordic.com\/products\/green-30cl\/","og_site_name":"GreenCup","article_modified_time":"2022-09-23T14:01:26+00:00","og_image":[{"url":"https:\/\/greencupnordic.com\/wp-content\/uploads\/elementor\/thumbs\/277794267_7376429649063610_6509996066627762006_n-pv6tc1rjxcjwvlk601en7yd74dnxvftk3ti2vh3deo.jpg","type":"","width":"","height":""}],"twitter_card":"summary_large_image","twitter_misc":{"Arvioitu lukuaika":"2 minuuttia"},"schema":{"@context":"https:\/\/schema.org","@graph":[{"@type":"WebPage","@id":"https:\/\/greencupnordic.com\/products\/green-30cl\/","url":"https:\/\/greencupnordic.com\/products\/green-30cl\/","name":"Green 30cl - GreenCup","isPartOf":{"@id":"https:\/\/greencupnordic.com\/#website"},"primaryImageOfPage":{"@id":"https:\/\/greencupnordic.com\/products\/green-30cl\/#primaryimage"},"image":{"@id":"https:\/\/greencupnordic.com\/products\/green-30cl\/#primaryimage"},"thumbnailUrl":"https:\/\/greencupnordic.com\/wp-content\/uploads\/elementor\/thumbs\/277794267_7376429649063610_6509996066627762006_n-pv6tc1rjxcjwvlk601en7yd74dnxvftk3ti2vh3deo.jpg","datePublished":"2022-09-22T18:21:36+00:00","dateModified":"2022-09-23T14:01:26+00:00","breadcrumb":{"@id":"https:\/\/greencupnordic.com\/products\/green-30cl\/#breadcrumb"},"inLanguage":"fi","potentialAction":[{"@type":"ReadAction","target":["https:\/\/greencupnordic.com\/products\/green-30cl\/"]}]},{"@type":"ImageObject","inLanguage":"fi","@id":"https:\/\/greencupnordic.com\/products\/green-30cl\/#primaryimage","url":"https:\/\/greencupnordic.com\/wp-content\/uploads\/elementor\/thumbs\/277794267_7376429649063610_6509996066627762006_n-pv6tc1rjxcjwvlk601en7yd74dnxvftk3ti2vh3deo.jpg","contentUrl":"https:\/\/greencupnordic.com\/wp-content\/uploads\/elementor\/thumbs\/277794267_7376429649063610_6509996066627762006_n-pv6tc1rjxcjwvlk601en7yd74dnxvftk3ti2vh3deo.jpg"},{"@type":"BreadcrumbList","@id":"https:\/\/greencupnordic.com\/products\/green-30cl\/#breadcrumb","itemListElement":[{"@type":"ListItem","position":1,"name":"Home","item":"https:\/\/greencupnordic.com\/"},{"@type":"ListItem","position":2,"name":"Green 30cl"}]},{"@type":"WebSite","@id":"https:\/\/greencupnordic.com\/#website","url":"https:\/\/greencupnordic.com\/","name":"GreenCup","description":"Erotu yksil\u00f6llisill\u00e4 ja kierr\u00e4tett\u00e4vill\u00e4 mukeilla","publisher":{"@id":"https:\/\/greencupnordic.com\/#organization"},"potentialAction":[{"@type":"SearchAction","target":{"@type":"EntryPoint","urlTemplate":"https:\/\/greencupnordic.com\/?s={search_term_string}"},"query-input":{"@type":"PropertyValueSpecification","valueRequired":true,"valueName":"search_term_string"}}],"inLanguage":"fi"},{"@type":"Organization","@id":"https:\/\/greencupnordic.com\/#organization","name":"GreenCup","url":"https:\/\/greencupnordic.com\/","logo":{"@type":"ImageObject","inLanguage":"fi","@id":"https:\/\/greencupnordic.com\/#\/schema\/logo\/image\/","url":"https:\/\/i0.wp.com\/greencupnordic.com\/wp-content\/uploads\/2023\/06\/Nordic-Logo.png?fit=710%2C710&ssl=1","contentUrl":"https:\/\/i0.wp.com\/greencupnordic.com\/wp-content\/uploads\/2023\/06\/Nordic-Logo.png?fit=710%2C710&ssl=1","width":710,"height":710,"caption":"GreenCup"},"image":{"@id":"https:\/\/greencupnordic.com\/#\/schema\/logo\/image\/"}}]}},"jetpack-related-posts":[{"id":8423,"url":"https:\/\/greencupnordic.com\/fi\/products\/green-12cl\/","url_meta":{"origin":8547,"position":0},"title":"Green 12cl","author":"Greencup.fi","date":"22.9.2022","format":false,"excerpt":"Green 12 Capacity : 12cl (Useful capacity 10cl) WEIGHT: 12g MATERIAL:\u00a0PP (Polypropylene Homopolymer) BOTTOM DIAMETER:\u00a040mm TOP DIAMETER:\u00a055mm Height: 70mm Available printing options:\u00a0 IML (In mould Labeling) Screenprinting","rel":"","context":"Samankaltainen artikkeli","block_context":{"text":"Samankaltainen artikkeli","link":""},"img":{"alt_text":"","src":"https:\/\/i0.wp.com\/greencupnordic.com\/wp-content\/uploads\/2018\/08\/festi-mout-Green-12-400x400-1.png?resize=350%2C200&ssl=1","width":350,"height":200},"classes":[]},{"id":8561,"url":"https:\/\/greencupnordic.com\/fi\/products\/green-18cl\/","url_meta":{"origin":8547,"position":1},"title":"Green 18cl","author":"Greencup.fi","date":"22.9.2022","format":false,"excerpt":"Green 18 Capacity : 18cl (Useful capacity 15cl) WEIGHT: 18g MATERIAL:\u00a0PP (Polypropylene Homopolymer) BOTTOM DIAMETER:\u00a040mm TOP DIAMETER: 58mm Height:\u00a095 mm Available printing options:\u00a0 IML (In mould Labeling) Screenprinting","rel":"","context":"Samankaltainen artikkeli","block_context":{"text":"Samankaltainen artikkeli","link":""},"img":{"alt_text":"","src":"https:\/\/i0.wp.com\/greencupnordic.com\/wp-content\/uploads\/2018\/08\/festi-mout-Green-12-400x400-1.png?resize=350%2C200&ssl=1","width":350,"height":200},"classes":[]},{"id":8675,"url":"https:\/\/greencupnordic.com\/fi\/green-40cl\/","url_meta":{"origin":8547,"position":2},"title":"Green 40cl","author":"Greencup.fi","date":"22.9.2022","format":false,"excerpt":"Green 40 Capacity :\u00a040cl (Useful capacity 35cl)WEIGHT:\u00a035gMATERIAL:\u00a0PP (PolypropyleneHomopolymer)BOTTOM DIAMETER: 52mmTOP DIAMETER: 72\u00a0mmHeight:\u00a0140 mmAvailable printing options:\u00a0IML (In mould Labeling)Screenprinting\u00a0\u00a0\u00a0\u00a0\u00a0\u00a0\u00a0\u00a0\u00a0\u00a0","rel":"","context":"Samankaltainen artikkeli","block_context":{"text":"Samankaltainen artikkeli","link":""},"img":{"alt_text":"","src":"https:\/\/i0.wp.com\/greencupnordic.com\/wp-content\/uploads\/2022\/09\/245362446_1071878926952923_4854343291606542239_n-2-768x1024.jpg?resize=350%2C200&ssl=1","width":350,"height":200,"srcset":"https:\/\/i0.wp.com\/greencupnordic.com\/wp-content\/uploads\/2022\/09\/245362446_1071878926952923_4854343291606542239_n-2-768x1024.jpg?resize=350%2C200&ssl=1 1x, https:\/\/i0.wp.com\/greencupnordic.com\/wp-content\/uploads\/2022\/09\/245362446_1071878926952923_4854343291606542239_n-2-768x1024.jpg?resize=525%2C300&ssl=1 1.5x, https:\/\/i0.wp.com\/greencupnordic.com\/wp-content\/uploads\/2022\/09\/245362446_1071878926952923_4854343291606542239_n-2-768x1024.jpg?resize=700%2C400&ssl=1 2x"},"classes":[]},{"id":9161,"url":"https:\/\/greencupnordic.com\/fi\/products\/green-50cl\/","url_meta":{"origin":8547,"position":3},"title":"Green 50cl","author":"Greencup.fi","date":"23.9.2022","format":false,"excerpt":"Green 50 Capacity :\u00a050cl (Useful capacity 45cl)WEIGHT:\u00a041gMATERIAL:\u00a0PP (PolypropyleneHomopolymer)BOTTOM DIAMETER:\u00a056mmTOP DIAMETER:\u00a0080 mmHeight:\u00a0150mmAvailable printing options:IML (In mould Labeling)Digital PrintingScreenprinting","rel":"","context":"Samankaltainen artikkeli","block_context":{"text":"Samankaltainen artikkeli","link":""},"img":{"alt_text":"","src":"https:\/\/i0.wp.com\/greencupnordic.com\/wp-content\/uploads\/2022\/09\/292447035_1243841329756681_3114895854488488531_n-1024x1024.jpg?resize=350%2C200&ssl=1","width":350,"height":200,"srcset":"https:\/\/i0.wp.com\/greencupnordic.com\/wp-content\/uploads\/2022\/09\/292447035_1243841329756681_3114895854488488531_n-1024x1024.jpg?resize=350%2C200&ssl=1 1x, https:\/\/i0.wp.com\/greencupnordic.com\/wp-content\/uploads\/2022\/09\/292447035_1243841329756681_3114895854488488531_n-1024x1024.jpg?resize=525%2C300&ssl=1 1.5x, https:\/\/i0.wp.com\/greencupnordic.com\/wp-content\/uploads\/2022\/09\/292447035_1243841329756681_3114895854488488531_n-1024x1024.jpg?resize=700%2C400&ssl=1 2x"},"classes":[]},{"id":9158,"url":"https:\/\/greencupnordic.com\/fi\/products\/green-40cl\/","url_meta":{"origin":8547,"position":4},"title":"Green 40cl","author":"Greencup.fi","date":"23.9.2022","format":false,"excerpt":"Green 40 Capacity :\u00a040cl (Useful capacity 35cl)WEIGHT:\u00a035gMATERIAL:\u00a0PP (PolypropyleneHomopolymer)BOTTOM DIAMETER: 52mmTOP DIAMETER: \u00a072 mmHeight:\u00a0140mmAvailable printing options:\u00a0IML (In mould Labeling)Screenprinting","rel":"","context":"Samankaltainen artikkeli","block_context":{"text":"Samankaltainen artikkeli","link":""},"img":{"alt_text":"","src":"","width":0,"height":0},"classes":[]},{"id":9163,"url":"https:\/\/greencupnordic.com\/fi\/products\/green-60cl\/","url_meta":{"origin":8547,"position":5},"title":"Green 60cl","author":"Greencup.fi","date":"23.9.2022","format":false,"excerpt":"Green 60 Capacity :\u00a060cl (Useful capacity 55cl)WEIGHT:\u00a042gMATERIAL:\u00a0PP (PolypropyleneHomopolymer)BOTTOM DIAMETER: 62mmTOP DIAMETER: 84\u00a0mmHeight:\u00a0162 mmAvailable printing options:IML (In mould Labeling)Digital printingScreenprinting","rel":"","context":"Samankaltainen artikkeli","block_context":{"text":"Samankaltainen artikkeli","link":""},"img":{"alt_text":"","src":"https:\/\/i0.wp.com\/greencupnordic.com\/wp-content\/uploads\/2022\/09\/286428128_1224457615028386_2733658166232486115_n-1-1024x1024.jpg?resize=350%2C200&ssl=1","width":350,"height":200,"srcset":"https:\/\/i0.wp.com\/greencupnordic.com\/wp-content\/uploads\/2022\/09\/286428128_1224457615028386_2733658166232486115_n-1-1024x1024.jpg?resize=350%2C200&ssl=1 1x, https:\/\/i0.wp.com\/greencupnordic.com\/wp-content\/uploads\/2022\/09\/286428128_1224457615028386_2733658166232486115_n-1-1024x1024.jpg?resize=525%2C300&ssl=1 1.5x, https:\/\/i0.wp.com\/greencupnordic.com\/wp-content\/uploads\/2022\/09\/286428128_1224457615028386_2733658166232486115_n-1-1024x1024.jpg?resize=700%2C400&ssl=1 2x"},"classes":[]}],"jetpack_sharing_enabled":true,"_links":{"self":[{"href":"https:\/\/greencupnordic.com\/fi\/wp-json\/wp\/v2\/pages\/8547","targetHints":{"allow":["GET"]}}],"collection":[{"href":"https:\/\/greencupnordic.com\/fi\/wp-json\/wp\/v2\/pages"}],"about":[{"href":"https:\/\/greencupnordic.com\/fi\/wp-json\/wp\/v2\/types\/page"}],"author":[{"embeddable":true,"href":"https:\/\/greencupnordic.com\/fi\/wp-json\/wp\/v2\/users\/2"}],"replies":[{"embeddable":true,"href":"https:\/\/greencupnordic.com\/fi\/wp-json\/wp\/v2\/comments?post=8547"}],"version-history":[{"count":32,"href":"https:\/\/greencupnordic.com\/fi\/wp-json\/wp\/v2\/pages\/8547\/revisions"}],"predecessor-version":[{"id":9239,"href":"https:\/\/greencupnordic.com\/fi\/wp-json\/wp\/v2\/pages\/8547\/revisions\/9239"}],"up":[{"embeddable":true,"href":"https:\/\/greencupnordic.com\/fi\/wp-json\/wp\/v2\/pages\/8416"}],"wp:attachment":[{"href":"https:\/\/greencupnordic.com\/fi\/wp-json\/wp\/v2\/media?parent=8547"}],"curies":[{"name":"wp","href":"https:\/\/api.w.org\/{rel}","templated":true}]}}