{"id":8577,"date":"2022-09-22T21:39:49","date_gmt":"2022-09-22T18:39:49","guid":{"rendered":"https:\/\/greencupnordic.com\/?page_id=8577"},"modified":"2023-06-01T12:23:58","modified_gmt":"2023-06-01T09:23:58","slug":"washing-and-rental-services","status":"publish","type":"page","link":"https:\/\/greencupnordic.com\/fi\/washing-and-rental-services\/","title":{"rendered":""},"content":{"rendered":"<h2>Siirtyminen uudelleenk\u00e4ytett\u00e4viin tuotteisiin<\/h2>\n<p>Greencup varmistaa, ett\u00e4 siirtyminen uudelleenk\u00e4ytett\u00e4viin mukeihin on mahdollisimman sujuvaa.<\/p>\n<p>Kokenut tiimimme ty\u00f6skentelee kanssasi l\u00f6yt\u00e4\u00e4kseen ratkaisun, joka sopii parhaiten juuri sinulle (esim. stadionit, kahvilat, festivaalit tai h\u00e4\u00e4t).<\/p>\n<p>\t\t\t\t\t\t\t\t\t\t\t\t\t\t\t<img data-recalc-dims=\"1\" loading=\"lazy\" decoding=\"async\" width=\"800\" height=\"800\" src=\"https:\/\/i0.wp.com\/greencupnordic.com\/wp-content\/uploads\/2022\/09\/GG_IMAGE_24.jpg?resize=800%2C800&#038;ssl=1\" alt=\"\" loading=\"lazy\" srcset=\"https:\/\/greencupnordic.com\/wp-content\/uploads\/2022\/09\/GG_IMAGE_24.jpg 870w, https:\/\/greencupnordic.com\/wp-content\/uploads\/2022\/09\/GG_IMAGE_24-300x300.jpg 300w, https:\/\/greencupnordic.com\/wp-content\/uploads\/2022\/09\/GG_IMAGE_24-150x150.jpg 150w, https:\/\/greencupnordic.com\/wp-content\/uploads\/2022\/09\/GG_IMAGE_24-768x768.jpg 768w\" sizes=\"auto, (max-width: 870px) 100vw, 870px\" \/><br \/>\n\t\t\t\t\t\t\t\t\t\t\t\t\t\t\t<img data-recalc-dims=\"1\" loading=\"lazy\" decoding=\"async\" width=\"800\" height=\"800\" src=\"https:\/\/i0.wp.com\/greencupnordic.com\/wp-content\/uploads\/2022\/09\/GG_IMAGE_27.jpg?resize=800%2C800&#038;ssl=1\" alt=\"\" loading=\"lazy\" srcset=\"https:\/\/greencupnordic.com\/wp-content\/uploads\/2022\/09\/GG_IMAGE_27.jpg 1361w, https:\/\/greencupnordic.com\/wp-content\/uploads\/2022\/09\/GG_IMAGE_27-300x300.jpg 300w, https:\/\/greencupnordic.com\/wp-content\/uploads\/2022\/09\/GG_IMAGE_27-1024x1024.jpg 1024w, https:\/\/greencupnordic.com\/wp-content\/uploads\/2022\/09\/GG_IMAGE_27-150x150.jpg 150w, https:\/\/greencupnordic.com\/wp-content\/uploads\/2022\/09\/GG_IMAGE_27-768x768.jpg 768w\" sizes=\"auto, (max-width: 1361px) 100vw, 1361px\" \/>\t\t\t\t\t\t\t\t\t\t\t\t\t\t\t<\/p>\n<h2>Eri vaihtoehtoja uudelleenk\u00e4ytett\u00e4ville mukeille<\/h2>\n<ul>\n<li>mukit osana\u00a0sopimusta (yleens\u00e4 5000 tai sit\u00e4 suuremman tilauksen yhteydess\u00e4)<\/li>\n<li style=\"font-size: 15px;\">Mukit vuokrasopimuksen kanssa<\/li>\n<li style=\"font-size: 15px;\">Mukit ostettavaksi<\/li>\n<\/ul>\n<p>\u00a0<\/p>\n<p>Jokaista vaihtoehtoa voidaan muokata tarpeidesi mukaan.\u00a0Voit jopa sekoittaa ostettuja mukeja ja vuokrata yleismukeja luodaksesi sinulle sopivimman ja kest\u00e4v\u00e4mm\u00e4n vaihtoehdon.\u00a0Kysy myyntitiimilt\u00e4mme, jos haluat neuvoja siit\u00e4, mik\u00e4 vaihtoehto voisi toimia parhaiten yrityksellesi.<\/p>\n<p>\t\t\t<a href=\"https:\/\/greencupnordic.com\/products\/\" role=\"button\"><br \/>\n\t\t\t\t\t\tTuotteet<br \/>\n\t\t\t\t\t<\/a><\/p>\n<h2>Pesu- ja kuivauspalvelut ammattitaidolla<\/h2>\n<p>Voimme my\u00f6s tarjota ammattimaisia pesu- ja kuivauspalveluita, tarjota mukien s\u00e4ilytyst\u00e4 sek\u00e4 neuvoja suunnittelussa monessa muissa mukeihimme liittyviss\u00e4 asioissa.\u00a0<\/p>\n<p>\t\t\t<a href=\"https:\/\/greencupnordic.com\/washing-and-rental-services\/services\/\" role=\"button\"><br \/>\n\t\t\t\t\t\tLis\u00e4tietoa<br \/>\n\t\t\t\t\t<\/a><br \/>\n\t\t\t\t\t\t\t\t\t\t\t\t\t\t\t<img data-recalc-dims=\"1\" loading=\"lazy\" decoding=\"async\" width=\"800\" height=\"597\" src=\"https:\/\/i0.wp.com\/greencupnordic.com\/wp-content\/uploads\/2022\/09\/PHOTOS_LAVAGE_LIEGE_RE-UZ-84-2048x1528-1.jpg?resize=800%2C597&#038;ssl=1\" alt=\"\" loading=\"lazy\" srcset=\"https:\/\/greencupnordic.com\/wp-content\/uploads\/2022\/09\/PHOTOS_LAVAGE_LIEGE_RE-UZ-84-2048x1528-1.jpg 1920w, https:\/\/greencupnordic.com\/wp-content\/uploads\/2022\/09\/PHOTOS_LAVAGE_LIEGE_RE-UZ-84-2048x1528-1-300x224.jpg 300w, https:\/\/greencupnordic.com\/wp-content\/uploads\/2022\/09\/PHOTOS_LAVAGE_LIEGE_RE-UZ-84-2048x1528-1-1024x764.jpg 1024w, https:\/\/greencupnordic.com\/wp-content\/uploads\/2022\/09\/PHOTOS_LAVAGE_LIEGE_RE-UZ-84-2048x1528-1-768x573.jpg 768w, https:\/\/greencupnordic.com\/wp-content\/uploads\/2022\/09\/PHOTOS_LAVAGE_LIEGE_RE-UZ-84-2048x1528-1-1536x1146.jpg 1536w\" sizes=\"auto, (max-width: 1920px) 100vw, 1920px\" \/><\/p>\n","protected":false},"excerpt":{"rendered":"<p>Siirtyminen uudelleenk\u00e4ytett\u00e4viin tuotteisiin Greencup varmistaa, ett\u00e4 siirtyminen uudelleenk\u00e4ytett\u00e4viin mukeihin on mahdollisimman sujuvaa. Kokenut tiimimme ty\u00f6skentelee kanssasi l\u00f6yt\u00e4\u00e4kseen ratkaisun, joka sopii parhaiten juuri sinulle (esim. stadionit, kahvilat, festivaalit tai h\u00e4\u00e4t). Eri vaihtoehtoja uudelleenk\u00e4ytett\u00e4ville mukeille mukit osana\u00a0sopimusta (yleens\u00e4 5000 tai sit\u00e4 suuremman tilauksen yhteydess\u00e4) Mukit vuokrasopimuksen kanssa Mukit ostettavaksi \u00a0 Jokaista vaihtoehtoa voidaan muokata tarpeidesi mukaan.\u00a0Voit jopa [&hellip;]<\/p>\n","protected":false},"author":2,"featured_media":0,"parent":0,"menu_order":0,"comment_status":"closed","ping_status":"closed","template":"","meta":{"_acf_changed":false,"_eb_attr":"","_monsterinsights_skip_tracking":false,"_monsterinsights_sitenote_active":false,"_monsterinsights_sitenote_note":"","_monsterinsights_sitenote_category":0,"footnotes":""},"class_list":["post-8577","page","type-page","status-publish","hentry"],"translation":{"provider":"WPGlobus","version":"3.0.2","language":"fi","enabled_languages":["en","fi"],"languages":{"en":{"title":false,"content":true,"excerpt":false},"fi":{"title":false,"content":true,"excerpt":false}}},"acf":[],"yoast_head":"<!-- This site is optimized with the Yoast SEO plugin v27.3 - https:\/\/yoast.com\/product\/yoast-seo-wordpress\/ -->\n<title>- GreenCup<\/title>\n<meta name=\"robots\" content=\"index, follow, max-snippet:-1, max-image-preview:large, max-video-preview:-1\" \/>\n<link rel=\"canonical\" href=\"https:\/\/greencupnordic.com\/washing-and-rental-services\/\" \/>\n<meta property=\"og:locale\" content=\"fi_FI\" \/>\n<meta property=\"og:type\" content=\"article\" \/>\n<meta property=\"og:title\" content=\"- GreenCup\" \/>\n<meta property=\"og:url\" content=\"https:\/\/greencupnordic.com\/washing-and-rental-services\/\" \/>\n<meta property=\"og:site_name\" content=\"GreenCup\" \/>\n<meta property=\"article:modified_time\" content=\"2023-06-01T09:23:58+00:00\" \/>\n<meta property=\"og:image\" content=\"https:\/\/greencupnordic.com\/wp-content\/uploads\/2022\/09\/GG_IMAGE_24.jpg\" \/>\n<meta name=\"twitter:card\" content=\"summary_large_image\" \/>\n<meta name=\"twitter:label1\" content=\"Arvioitu lukuaika\" \/>\n\t<meta name=\"twitter:data1\" content=\"2 minuuttia\" \/>\n<script type=\"application\/ld+json\" class=\"yoast-schema-graph\">{\"@context\":\"https:\\\/\\\/schema.org\",\"@graph\":[{\"@type\":\"WebPage\",\"@id\":\"https:\\\/\\\/greencupnordic.com\\\/washing-and-rental-services\\\/\",\"url\":\"https:\\\/\\\/greencupnordic.com\\\/washing-and-rental-services\\\/\",\"name\":\"- GreenCup\",\"isPartOf\":{\"@id\":\"https:\\\/\\\/greencupnordic.com\\\/#website\"},\"primaryImageOfPage\":{\"@id\":\"https:\\\/\\\/greencupnordic.com\\\/washing-and-rental-services\\\/#primaryimage\"},\"image\":{\"@id\":\"https:\\\/\\\/greencupnordic.com\\\/washing-and-rental-services\\\/#primaryimage\"},\"thumbnailUrl\":\"https:\\\/\\\/greencupnordic.com\\\/wp-content\\\/uploads\\\/2022\\\/09\\\/GG_IMAGE_24.jpg\",\"datePublished\":\"2022-09-22T18:39:49+00:00\",\"dateModified\":\"2023-06-01T09:23:58+00:00\",\"inLanguage\":\"fi\",\"potentialAction\":[{\"@type\":\"ReadAction\",\"target\":[\"https:\\\/\\\/greencupnordic.com\\\/washing-and-rental-services\\\/\"]}]},{\"@type\":\"ImageObject\",\"inLanguage\":\"fi\",\"@id\":\"https:\\\/\\\/greencupnordic.com\\\/washing-and-rental-services\\\/#primaryimage\",\"url\":\"https:\\\/\\\/greencupnordic.com\\\/wp-content\\\/uploads\\\/2022\\\/09\\\/GG_IMAGE_24.jpg\",\"contentUrl\":\"https:\\\/\\\/greencupnordic.com\\\/wp-content\\\/uploads\\\/2022\\\/09\\\/GG_IMAGE_24.jpg\"},{\"@type\":\"WebSite\",\"@id\":\"https:\\\/\\\/greencupnordic.com\\\/#website\",\"url\":\"https:\\\/\\\/greencupnordic.com\\\/\",\"name\":\"GreenCup\",\"description\":\"Erotu yksil\u00f6llisill\u00e4 ja kierr\u00e4tett\u00e4vill\u00e4 mukeilla\",\"publisher\":{\"@id\":\"https:\\\/\\\/greencupnordic.com\\\/#organization\"},\"potentialAction\":[{\"@type\":\"SearchAction\",\"target\":{\"@type\":\"EntryPoint\",\"urlTemplate\":\"https:\\\/\\\/greencupnordic.com\\\/?s={search_term_string}\"},\"query-input\":{\"@type\":\"PropertyValueSpecification\",\"valueRequired\":true,\"valueName\":\"search_term_string\"}}],\"inLanguage\":\"fi\"},{\"@type\":\"Organization\",\"@id\":\"https:\\\/\\\/greencupnordic.com\\\/#organization\",\"name\":\"GreenCup\",\"url\":\"https:\\\/\\\/greencupnordic.com\\\/\",\"logo\":{\"@type\":\"ImageObject\",\"inLanguage\":\"fi\",\"@id\":\"https:\\\/\\\/greencupnordic.com\\\/#\\\/schema\\\/logo\\\/image\\\/\",\"url\":\"https:\\\/\\\/i0.wp.com\\\/greencupnordic.com\\\/wp-content\\\/uploads\\\/2023\\\/06\\\/Nordic-Logo.png?fit=710%2C710&ssl=1\",\"contentUrl\":\"https:\\\/\\\/i0.wp.com\\\/greencupnordic.com\\\/wp-content\\\/uploads\\\/2023\\\/06\\\/Nordic-Logo.png?fit=710%2C710&ssl=1\",\"width\":710,\"height\":710,\"caption\":\"GreenCup\"},\"image\":{\"@id\":\"https:\\\/\\\/greencupnordic.com\\\/#\\\/schema\\\/logo\\\/image\\\/\"}}]}<\/script>\n<!-- \/ Yoast SEO plugin. -->","yoast_head_json":{"title":"- GreenCup","robots":{"index":"index","follow":"follow","max-snippet":"max-snippet:-1","max-image-preview":"max-image-preview:large","max-video-preview":"max-video-preview:-1"},"canonical":"https:\/\/greencupnordic.com\/washing-and-rental-services\/","og_locale":"fi_FI","og_type":"article","og_title":"- GreenCup","og_url":"https:\/\/greencupnordic.com\/washing-and-rental-services\/","og_site_name":"GreenCup","article_modified_time":"2023-06-01T09:23:58+00:00","og_image":[{"url":"https:\/\/greencupnordic.com\/wp-content\/uploads\/2022\/09\/GG_IMAGE_24.jpg","type":"","width":"","height":""}],"twitter_card":"summary_large_image","twitter_misc":{"Arvioitu lukuaika":"2 minuuttia"},"schema":{"@context":"https:\/\/schema.org","@graph":[{"@type":"WebPage","@id":"https:\/\/greencupnordic.com\/washing-and-rental-services\/","url":"https:\/\/greencupnordic.com\/washing-and-rental-services\/","name":"- GreenCup","isPartOf":{"@id":"https:\/\/greencupnordic.com\/#website"},"primaryImageOfPage":{"@id":"https:\/\/greencupnordic.com\/washing-and-rental-services\/#primaryimage"},"image":{"@id":"https:\/\/greencupnordic.com\/washing-and-rental-services\/#primaryimage"},"thumbnailUrl":"https:\/\/greencupnordic.com\/wp-content\/uploads\/2022\/09\/GG_IMAGE_24.jpg","datePublished":"2022-09-22T18:39:49+00:00","dateModified":"2023-06-01T09:23:58+00:00","inLanguage":"fi","potentialAction":[{"@type":"ReadAction","target":["https:\/\/greencupnordic.com\/washing-and-rental-services\/"]}]},{"@type":"ImageObject","inLanguage":"fi","@id":"https:\/\/greencupnordic.com\/washing-and-rental-services\/#primaryimage","url":"https:\/\/greencupnordic.com\/wp-content\/uploads\/2022\/09\/GG_IMAGE_24.jpg","contentUrl":"https:\/\/greencupnordic.com\/wp-content\/uploads\/2022\/09\/GG_IMAGE_24.jpg"},{"@type":"WebSite","@id":"https:\/\/greencupnordic.com\/#website","url":"https:\/\/greencupnordic.com\/","name":"GreenCup","description":"Erotu yksil\u00f6llisill\u00e4 ja kierr\u00e4tett\u00e4vill\u00e4 mukeilla","publisher":{"@id":"https:\/\/greencupnordic.com\/#organization"},"potentialAction":[{"@type":"SearchAction","target":{"@type":"EntryPoint","urlTemplate":"https:\/\/greencupnordic.com\/?s={search_term_string}"},"query-input":{"@type":"PropertyValueSpecification","valueRequired":true,"valueName":"search_term_string"}}],"inLanguage":"fi"},{"@type":"Organization","@id":"https:\/\/greencupnordic.com\/#organization","name":"GreenCup","url":"https:\/\/greencupnordic.com\/","logo":{"@type":"ImageObject","inLanguage":"fi","@id":"https:\/\/greencupnordic.com\/#\/schema\/logo\/image\/","url":"https:\/\/i0.wp.com\/greencupnordic.com\/wp-content\/uploads\/2023\/06\/Nordic-Logo.png?fit=710%2C710&ssl=1","contentUrl":"https:\/\/i0.wp.com\/greencupnordic.com\/wp-content\/uploads\/2023\/06\/Nordic-Logo.png?fit=710%2C710&ssl=1","width":710,"height":710,"caption":"GreenCup"},"image":{"@id":"https:\/\/greencupnordic.com\/#\/schema\/logo\/image\/"}}]}},"jetpack-related-posts":[{"id":9302,"url":"https:\/\/greencupnordic.com\/fi\/how-it-works\/","url_meta":{"origin":8577,"position":0},"title":"{:en}Unsure about how to operate\u2026","author":"Greencup.fi","date":"23.9.2022","format":false,"excerpt":"{:en}Unsure about how to operate reusable cups at your event? Greencup has\u00a0years of experience\u00a0with reusable cups\u00a0and is more than happy to discuss the options and come up with the best solution for you\u00a0The two main options available are detailed below :\u00a0\u00a0 > a\u00a0refundable deposit scheme\u00a0\u00a0 > a\u00a0compulsory levy.Both can be\u2026","rel":"","context":"Samankaltainen artikkeli","block_context":{"text":"Samankaltainen artikkeli","link":""},"img":{"alt_text":"","src":"https:\/\/i0.wp.com\/greencupnordic.com\/wp-content\/uploads\/2022\/09\/ECOCUP-Roland-Garros-2019-%C2%A9albindurand%40_albin_-9281-1536x1024-1.jpeg?resize=350%2C200&ssl=1","width":350,"height":200,"srcset":"https:\/\/i0.wp.com\/greencupnordic.com\/wp-content\/uploads\/2022\/09\/ECOCUP-Roland-Garros-2019-%C2%A9albindurand%40_albin_-9281-1536x1024-1.jpeg?resize=350%2C200&ssl=1 1x, https:\/\/i0.wp.com\/greencupnordic.com\/wp-content\/uploads\/2022\/09\/ECOCUP-Roland-Garros-2019-%C2%A9albindurand%40_albin_-9281-1536x1024-1.jpeg?resize=525%2C300&ssl=1 1.5x, https:\/\/i0.wp.com\/greencupnordic.com\/wp-content\/uploads\/2022\/09\/ECOCUP-Roland-Garros-2019-%C2%A9albindurand%40_albin_-9281-1536x1024-1.jpeg?resize=700%2C400&ssl=1 2x, https:\/\/i0.wp.com\/greencupnordic.com\/wp-content\/uploads\/2022\/09\/ECOCUP-Roland-Garros-2019-%C2%A9albindurand%40_albin_-9281-1536x1024-1.jpeg?resize=1050%2C600&ssl=1 3x, https:\/\/i0.wp.com\/greencupnordic.com\/wp-content\/uploads\/2022\/09\/ECOCUP-Roland-Garros-2019-%C2%A9albindurand%40_albin_-9281-1536x1024-1.jpeg?resize=1400%2C800&ssl=1 4x"},"classes":[]},{"id":9472,"url":"https:\/\/greencupnordic.com\/fi\/","url_meta":{"origin":8577,"position":1},"title":"{:en}We are on a mission\u2026","author":"Greencup.fi","date":"23.9.2022","format":false,"excerpt":"{:en}We are on a mission to save the planet one reusable cup at a time We are the leading supplier of reusable cups, coffee cups and foodware in the nordics Find the Right Cup Lowers your event's carbon footprintReduce waste and favor reusable items. Full Service SolutionThe largest Nordic based\u2026","rel":"","context":"Samankaltainen artikkeli","block_context":{"text":"Samankaltainen artikkeli","link":""},"img":{"alt_text":"","src":"https:\/\/i0.wp.com\/greencupnordic.com\/wp-content\/uploads\/2023\/05\/eco-responsable-1.png?resize=350%2C200&ssl=1","width":350,"height":200},"classes":[]},{"id":9338,"url":"https:\/\/greencupnordic.com\/fi\/how-it-works\/benefits-of-switching-to-reusable-cups\/","url_meta":{"origin":8577,"position":2},"title":"{:en}Why use Reusable Cups for\u2026","author":"Greencup.fi","date":"23.9.2022","format":false,"excerpt":"{:en}Why use Reusable Cups for your event? A\u00a0Greener event: less single-use rubbish to clear up \u2013 less landfill.Sturdier reusable cups for your event that gives a more\u00a0enjoyable drinking experience.An ideal advertising and marketing tool.Prevents the use of disposable items, reducing waste to landfill.\u00a0A perfect take-home\u00a0souvenir.Cups specifically\u00a0branded to your event.Lowers your\u2026","rel":"","context":"Samankaltainen artikkeli","block_context":{"text":"Samankaltainen artikkeli","link":""},"img":{"alt_text":"","src":"https:\/\/i0.wp.com\/greencupnordic.com\/wp-content\/uploads\/2022\/09\/GG_IMAGE_23.jpeg?resize=350%2C200&ssl=1","width":350,"height":200,"srcset":"https:\/\/i0.wp.com\/greencupnordic.com\/wp-content\/uploads\/2022\/09\/GG_IMAGE_23.jpeg?resize=350%2C200&ssl=1 1x, https:\/\/i0.wp.com\/greencupnordic.com\/wp-content\/uploads\/2022\/09\/GG_IMAGE_23.jpeg?resize=525%2C300&ssl=1 1.5x, https:\/\/i0.wp.com\/greencupnordic.com\/wp-content\/uploads\/2022\/09\/GG_IMAGE_23.jpeg?resize=700%2C400&ssl=1 2x, https:\/\/i0.wp.com\/greencupnordic.com\/wp-content\/uploads\/2022\/09\/GG_IMAGE_23.jpeg?resize=1050%2C600&ssl=1 3x"},"classes":[]},{"id":8755,"url":"https:\/\/greencupnordic.com\/fi\/sustainability\/reusable-vs-disposable\/","url_meta":{"origin":8577,"position":3},"title":"Reusable vs Disposable","author":"Greencup.fi","date":"23.9.2022","format":false,"excerpt":"Independent studies comparing single-use to reuse. Greencup believes the best way to prevent single-use plastic cups from entering landfills is to replace them with reusable ones \u2013 but don\u2019t just take our word for it.Independent studies and reports have been conducted to test the sustainability performance of both single-use and\u2026","rel":"","context":"Samankaltainen artikkeli","block_context":{"text":"Samankaltainen artikkeli","link":""},"img":{"alt_text":"","src":"https:\/\/i0.wp.com\/greencupnordic.com\/wp-content\/uploads\/2022\/09\/GG_IMAGE_39-1024x1024.jpg?resize=350%2C200&ssl=1","width":350,"height":200,"srcset":"https:\/\/i0.wp.com\/greencupnordic.com\/wp-content\/uploads\/2022\/09\/GG_IMAGE_39-1024x1024.jpg?resize=350%2C200&ssl=1 1x, https:\/\/i0.wp.com\/greencupnordic.com\/wp-content\/uploads\/2022\/09\/GG_IMAGE_39-1024x1024.jpg?resize=525%2C300&ssl=1 1.5x, https:\/\/i0.wp.com\/greencupnordic.com\/wp-content\/uploads\/2022\/09\/GG_IMAGE_39-1024x1024.jpg?resize=700%2C400&ssl=1 2x"},"classes":[]},{"id":9173,"url":"https:\/\/greencupnordic.com\/fi\/products\/accessories\/","url_meta":{"origin":8577,"position":4},"title":"Accessories","author":"Greencup.fi","date":"23.9.2022","format":false,"excerpt":"Accessories to compliment our reusable cups Greencup offers a wide range of eco-friendly accessories to compliment your reusable cup and coffee cups. Discover our range of coffee lids, cup\/bottle\/wine lanyards, and our innovative stacking handles for our reusable pint cups. Stacking Handles If you\u2019re looking for a novel way to\u2026","rel":"","context":"Samankaltainen artikkeli","block_context":{"text":"Samankaltainen artikkeli","link":""},"img":{"alt_text":"","src":"https:\/\/i0.wp.com\/greencupnordic.com\/wp-content\/uploads\/2022\/09\/GG_IMAGE_51-1024x1024.jpg?resize=350%2C200&ssl=1","width":350,"height":200,"srcset":"https:\/\/i0.wp.com\/greencupnordic.com\/wp-content\/uploads\/2022\/09\/GG_IMAGE_51-1024x1024.jpg?resize=350%2C200&ssl=1 1x, https:\/\/i0.wp.com\/greencupnordic.com\/wp-content\/uploads\/2022\/09\/GG_IMAGE_51-1024x1024.jpg?resize=525%2C300&ssl=1 1.5x, https:\/\/i0.wp.com\/greencupnordic.com\/wp-content\/uploads\/2022\/09\/GG_IMAGE_51-1024x1024.jpg?resize=700%2C400&ssl=1 2x"},"classes":[]},{"id":8925,"url":"https:\/\/greencupnordic.com\/fi\/printing-techniques\/in-mould-labelling-photographic-finish\/","url_meta":{"origin":8577,"position":5},"title":"Kalvopainatus","author":"Greencup.fi","date":"23.9.2022","format":false,"excerpt":"{:en}Our most popular print style Our IML reusable cups are the most cost effective way for our customers to order reusable cups in bulk. IML is a sophisticated process that produces brilliant, richly coloured, high gloss, printed images in excellent photo quality.\u00a0 The most popular print style for Greencups\u2019s clients,\u2026","rel":"","context":"Samankaltainen artikkeli","block_context":{"text":"Samankaltainen artikkeli","link":""},"img":{"alt_text":"","src":"https:\/\/i0.wp.com\/greencupnordic.com\/wp-content\/uploads\/2022\/09\/IML_CUP_1-2048x2048-1-1024x1024.png?resize=350%2C200&ssl=1","width":350,"height":200,"srcset":"https:\/\/i0.wp.com\/greencupnordic.com\/wp-content\/uploads\/2022\/09\/IML_CUP_1-2048x2048-1-1024x1024.png?resize=350%2C200&ssl=1 1x, https:\/\/i0.wp.com\/greencupnordic.com\/wp-content\/uploads\/2022\/09\/IML_CUP_1-2048x2048-1-1024x1024.png?resize=525%2C300&ssl=1 1.5x, https:\/\/i0.wp.com\/greencupnordic.com\/wp-content\/uploads\/2022\/09\/IML_CUP_1-2048x2048-1-1024x1024.png?resize=700%2C400&ssl=1 2x"},"classes":[]}],"jetpack_sharing_enabled":true,"_links":{"self":[{"href":"https:\/\/greencupnordic.com\/fi\/wp-json\/wp\/v2\/pages\/8577","targetHints":{"allow":["GET"]}}],"collection":[{"href":"https:\/\/greencupnordic.com\/fi\/wp-json\/wp\/v2\/pages"}],"about":[{"href":"https:\/\/greencupnordic.com\/fi\/wp-json\/wp\/v2\/types\/page"}],"author":[{"embeddable":true,"href":"https:\/\/greencupnordic.com\/fi\/wp-json\/wp\/v2\/users\/2"}],"replies":[{"embeddable":true,"href":"https:\/\/greencupnordic.com\/fi\/wp-json\/wp\/v2\/comments?post=8577"}],"version-history":[{"count":81,"href":"https:\/\/greencupnordic.com\/fi\/wp-json\/wp\/v2\/pages\/8577\/revisions"}],"predecessor-version":[{"id":10465,"href":"https:\/\/greencupnordic.com\/fi\/wp-json\/wp\/v2\/pages\/8577\/revisions\/10465"}],"wp:attachment":[{"href":"https:\/\/greencupnordic.com\/fi\/wp-json\/wp\/v2\/media?parent=8577"}],"curies":[{"name":"wp","href":"https:\/\/api.w.org\/{rel}","templated":true}]}}