{"id":8612,"date":"2022-09-22T22:08:08","date_gmt":"2022-09-22T19:08:08","guid":{"rendered":"https:\/\/greencupnordic.com\/?page_id=8612"},"modified":"2023-06-01T12:34:17","modified_gmt":"2023-06-01T09:34:17","slug":"services","status":"publish","type":"page","link":"https:\/\/greencupnordic.com\/fi\/washing-and-rental-services\/services\/","title":{"rendered":""},"content":{"rendered":"<h2>Teemme muutakin kuin myymme mukeja<\/h2>\n<p>Greencup tarjoa ensimm\u00e4isen\u00e4 Suomessa pesu- ja kuivauspalvelua uudelleenk\u00e4ytett\u00e4ville mukeille. Koneemme ja pesuaineemme ovat ymp\u00e4rist\u00f6yst\u00e4v\u00e4llisimpi\u00e4.<\/p>\n<p>\t\t\t\t\t\t\t\t\t\t\t\t\t\t\t<img data-recalc-dims=\"1\" loading=\"lazy\" decoding=\"async\" width=\"800\" height=\"562\" src=\"https:\/\/i0.wp.com\/greencupnordic.com\/wp-content\/uploads\/2022\/09\/PHOTOS_LAVAGE_LIEGE_RE-UZ-69-1536x1079-1.jpg?resize=800%2C562&#038;ssl=1\" alt=\"\" loading=\"lazy\" srcset=\"https:\/\/greencupnordic.com\/wp-content\/uploads\/2022\/09\/PHOTOS_LAVAGE_LIEGE_RE-UZ-69-1536x1079-1-1024x719.jpg 1024w, https:\/\/greencupnordic.com\/wp-content\/uploads\/2022\/09\/PHOTOS_LAVAGE_LIEGE_RE-UZ-69-1536x1079-1-300x211.jpg 300w, https:\/\/greencupnordic.com\/wp-content\/uploads\/2022\/09\/PHOTOS_LAVAGE_LIEGE_RE-UZ-69-1536x1079-1-768x540.jpg 768w, https:\/\/greencupnordic.com\/wp-content\/uploads\/2022\/09\/PHOTOS_LAVAGE_LIEGE_RE-UZ-69-1536x1079-1.jpg 1536w\" sizes=\"auto, (max-width: 800px) 100vw, 800px\" \/><br \/>\n\t\t\t\t\t\t\t\t\t\t\t\t\t\t\t<img data-recalc-dims=\"1\" loading=\"lazy\" decoding=\"async\" width=\"800\" height=\"600\" src=\"https:\/\/i0.wp.com\/greencupnordic.com\/wp-content\/uploads\/2022\/09\/wash_unit_image.jpg?resize=800%2C600&#038;ssl=1\" alt=\"\" loading=\"lazy\" srcset=\"https:\/\/greencupnordic.com\/wp-content\/uploads\/2022\/09\/wash_unit_image.jpg 800w, https:\/\/greencupnordic.com\/wp-content\/uploads\/2022\/09\/wash_unit_image-300x225.jpg 300w, https:\/\/greencupnordic.com\/wp-content\/uploads\/2022\/09\/wash_unit_image-768x576.jpg 768w\" sizes=\"auto, (max-width: 800px) 100vw, 800px\" \/>\t\t\t\t\t\t\t\t\t\t\t\t\t\t\t<\/p>\n<h2>Uusinta ekologiateknologiaa<\/h2>\n<p>Pesemme kaikki mukimme mahdollisemman ekologisesti ja s\u00e4\u00e4st\u00e4en mahdollisimman paljon luontoa.<\/p>\n<p>\u00a0<\/p>\n<h2>Pesu- ja varastointitilat<\/h2>\n<p>Greencupilla on nyt peruspesulaitos l\u00e4hell\u00e4 Hartolaa ja suunnitelmissa on avata Riihim\u00e4ell\u00e4 toimiva yksikk\u00f6, joka v\u00e4hent\u00e4\u00e4 tuotteidemme kuljetuksia ja hiilijalanj\u00e4lke\u00e4mme.<\/p>\n<p>Greencup tarjoaa ylpe\u00e4n\u00e4 seuraavat palvelut asiakkaillemme:<\/p>\n<ul>\n<li>Pesu- ja kuivauspalvelu.<\/li>\n<li>Uudelleenk\u00e4ytett\u00e4vien mukien vuokraus.<\/li>\n<li>Suunnittelupalvelu.<\/li>\n<li>S\u00e4ilytys mukeille.<\/li>\n<li>Paikan p\u00e4\u00e4ll\u00e4 koulutettu henkil\u00f6kunta.<\/li>\n<\/ul>\n<p>\t\t\t\t\t\t\t\t\t\t\t\t\t\t\t<img data-recalc-dims=\"1\" loading=\"lazy\" decoding=\"async\" width=\"800\" height=\"597\" src=\"https:\/\/i0.wp.com\/greencupnordic.com\/wp-content\/uploads\/2022\/09\/PHOTOS_LAVAGE_LIEGE_RE-UZ-84-2048x1528-1.jpg?resize=800%2C597&#038;ssl=1\" alt=\"\" loading=\"lazy\" srcset=\"https:\/\/greencupnordic.com\/wp-content\/uploads\/2022\/09\/PHOTOS_LAVAGE_LIEGE_RE-UZ-84-2048x1528-1-1024x764.jpg 1024w, https:\/\/greencupnordic.com\/wp-content\/uploads\/2022\/09\/PHOTOS_LAVAGE_LIEGE_RE-UZ-84-2048x1528-1-300x224.jpg 300w, https:\/\/greencupnordic.com\/wp-content\/uploads\/2022\/09\/PHOTOS_LAVAGE_LIEGE_RE-UZ-84-2048x1528-1-768x573.jpg 768w, https:\/\/greencupnordic.com\/wp-content\/uploads\/2022\/09\/PHOTOS_LAVAGE_LIEGE_RE-UZ-84-2048x1528-1-1536x1146.jpg 1536w, https:\/\/greencupnordic.com\/wp-content\/uploads\/2022\/09\/PHOTOS_LAVAGE_LIEGE_RE-UZ-84-2048x1528-1.jpg 1920w\" sizes=\"auto, (max-width: 800px) 100vw, 800px\" \/><\/p>\n","protected":false},"excerpt":{"rendered":"<p>Teemme muutakin kuin myymme mukeja Greencup tarjoa ensimm\u00e4isen\u00e4 Suomessa pesu- ja kuivauspalvelua uudelleenk\u00e4ytett\u00e4ville mukeille. Koneemme ja pesuaineemme ovat ymp\u00e4rist\u00f6yst\u00e4v\u00e4llisimpi\u00e4. Uusinta ekologiateknologiaa Pesemme kaikki mukimme mahdollisemman ekologisesti ja s\u00e4\u00e4st\u00e4en mahdollisimman paljon luontoa. \u00a0 Pesu- ja varastointitilat Greencupilla on nyt peruspesulaitos l\u00e4hell\u00e4 Hartolaa ja suunnitelmissa on avata Riihim\u00e4ell\u00e4 toimiva yksikk\u00f6, joka v\u00e4hent\u00e4\u00e4 tuotteidemme kuljetuksia ja hiilijalanj\u00e4lke\u00e4mme. Greencup [&hellip;]<\/p>\n","protected":false},"author":2,"featured_media":0,"parent":8577,"menu_order":0,"comment_status":"closed","ping_status":"closed","template":"","meta":{"_acf_changed":false,"_eb_attr":"","_monsterinsights_skip_tracking":false,"_monsterinsights_sitenote_active":false,"_monsterinsights_sitenote_note":"","_monsterinsights_sitenote_category":0,"footnotes":""},"class_list":["post-8612","page","type-page","status-publish","hentry"],"translation":{"provider":"WPGlobus","version":"3.0.2","language":"fi","enabled_languages":["en","fi"],"languages":{"en":{"title":false,"content":true,"excerpt":false},"fi":{"title":false,"content":true,"excerpt":false}}},"acf":[],"yoast_head":"<!-- This site is optimized with the Yoast SEO plugin v27.3 - https:\/\/yoast.com\/product\/yoast-seo-wordpress\/ -->\n<title>- GreenCup<\/title>\n<meta name=\"robots\" content=\"index, follow, max-snippet:-1, max-image-preview:large, max-video-preview:-1\" \/>\n<link rel=\"canonical\" href=\"https:\/\/greencupnordic.com\/washing-and-rental-services\/services\/\" \/>\n<meta property=\"og:locale\" content=\"fi_FI\" \/>\n<meta property=\"og:type\" content=\"article\" \/>\n<meta property=\"og:title\" content=\"- GreenCup\" \/>\n<meta property=\"og:url\" content=\"https:\/\/greencupnordic.com\/washing-and-rental-services\/services\/\" \/>\n<meta property=\"og:site_name\" content=\"GreenCup\" \/>\n<meta property=\"article:modified_time\" content=\"2023-06-01T09:34:17+00:00\" \/>\n<meta property=\"og:image\" content=\"https:\/\/greencupnordic.com\/wp-content\/uploads\/2022\/09\/PHOTOS_LAVAGE_LIEGE_RE-UZ-69-1536x1079-1-1024x719.jpg\" \/>\n<meta name=\"twitter:card\" content=\"summary_large_image\" \/>\n<meta name=\"twitter:label1\" content=\"Arvioitu lukuaika\" \/>\n\t<meta name=\"twitter:data1\" content=\"1 minuutti\" \/>\n<script type=\"application\/ld+json\" class=\"yoast-schema-graph\">{\"@context\":\"https:\\\/\\\/schema.org\",\"@graph\":[{\"@type\":\"WebPage\",\"@id\":\"https:\\\/\\\/greencupnordic.com\\\/washing-and-rental-services\\\/services\\\/\",\"url\":\"https:\\\/\\\/greencupnordic.com\\\/washing-and-rental-services\\\/services\\\/\",\"name\":\"- GreenCup\",\"isPartOf\":{\"@id\":\"https:\\\/\\\/greencupnordic.com\\\/#website\"},\"primaryImageOfPage\":{\"@id\":\"https:\\\/\\\/greencupnordic.com\\\/washing-and-rental-services\\\/services\\\/#primaryimage\"},\"image\":{\"@id\":\"https:\\\/\\\/greencupnordic.com\\\/washing-and-rental-services\\\/services\\\/#primaryimage\"},\"thumbnailUrl\":\"https:\\\/\\\/greencupnordic.com\\\/wp-content\\\/uploads\\\/2022\\\/09\\\/PHOTOS_LAVAGE_LIEGE_RE-UZ-69-1536x1079-1-1024x719.jpg\",\"datePublished\":\"2022-09-22T19:08:08+00:00\",\"dateModified\":\"2023-06-01T09:34:17+00:00\",\"inLanguage\":\"fi\",\"potentialAction\":[{\"@type\":\"ReadAction\",\"target\":[\"https:\\\/\\\/greencupnordic.com\\\/washing-and-rental-services\\\/services\\\/\"]}]},{\"@type\":\"ImageObject\",\"inLanguage\":\"fi\",\"@id\":\"https:\\\/\\\/greencupnordic.com\\\/washing-and-rental-services\\\/services\\\/#primaryimage\",\"url\":\"https:\\\/\\\/greencupnordic.com\\\/wp-content\\\/uploads\\\/2022\\\/09\\\/PHOTOS_LAVAGE_LIEGE_RE-UZ-69-1536x1079-1-1024x719.jpg\",\"contentUrl\":\"https:\\\/\\\/greencupnordic.com\\\/wp-content\\\/uploads\\\/2022\\\/09\\\/PHOTOS_LAVAGE_LIEGE_RE-UZ-69-1536x1079-1-1024x719.jpg\"},{\"@type\":\"WebSite\",\"@id\":\"https:\\\/\\\/greencupnordic.com\\\/#website\",\"url\":\"https:\\\/\\\/greencupnordic.com\\\/\",\"name\":\"GreenCup\",\"description\":\"Erotu yksil\u00f6llisill\u00e4 ja kierr\u00e4tett\u00e4vill\u00e4 mukeilla\",\"publisher\":{\"@id\":\"https:\\\/\\\/greencupnordic.com\\\/#organization\"},\"potentialAction\":[{\"@type\":\"SearchAction\",\"target\":{\"@type\":\"EntryPoint\",\"urlTemplate\":\"https:\\\/\\\/greencupnordic.com\\\/?s={search_term_string}\"},\"query-input\":{\"@type\":\"PropertyValueSpecification\",\"valueRequired\":true,\"valueName\":\"search_term_string\"}}],\"inLanguage\":\"fi\"},{\"@type\":\"Organization\",\"@id\":\"https:\\\/\\\/greencupnordic.com\\\/#organization\",\"name\":\"GreenCup\",\"url\":\"https:\\\/\\\/greencupnordic.com\\\/\",\"logo\":{\"@type\":\"ImageObject\",\"inLanguage\":\"fi\",\"@id\":\"https:\\\/\\\/greencupnordic.com\\\/#\\\/schema\\\/logo\\\/image\\\/\",\"url\":\"https:\\\/\\\/i0.wp.com\\\/greencupnordic.com\\\/wp-content\\\/uploads\\\/2023\\\/06\\\/Nordic-Logo.png?fit=710%2C710&ssl=1\",\"contentUrl\":\"https:\\\/\\\/i0.wp.com\\\/greencupnordic.com\\\/wp-content\\\/uploads\\\/2023\\\/06\\\/Nordic-Logo.png?fit=710%2C710&ssl=1\",\"width\":710,\"height\":710,\"caption\":\"GreenCup\"},\"image\":{\"@id\":\"https:\\\/\\\/greencupnordic.com\\\/#\\\/schema\\\/logo\\\/image\\\/\"}}]}<\/script>\n<!-- \/ Yoast SEO plugin. -->","yoast_head_json":{"title":"- GreenCup","robots":{"index":"index","follow":"follow","max-snippet":"max-snippet:-1","max-image-preview":"max-image-preview:large","max-video-preview":"max-video-preview:-1"},"canonical":"https:\/\/greencupnordic.com\/washing-and-rental-services\/services\/","og_locale":"fi_FI","og_type":"article","og_title":"- GreenCup","og_url":"https:\/\/greencupnordic.com\/washing-and-rental-services\/services\/","og_site_name":"GreenCup","article_modified_time":"2023-06-01T09:34:17+00:00","og_image":[{"url":"https:\/\/greencupnordic.com\/wp-content\/uploads\/2022\/09\/PHOTOS_LAVAGE_LIEGE_RE-UZ-69-1536x1079-1-1024x719.jpg","type":"","width":"","height":""}],"twitter_card":"summary_large_image","twitter_misc":{"Arvioitu lukuaika":"1 minuutti"},"schema":{"@context":"https:\/\/schema.org","@graph":[{"@type":"WebPage","@id":"https:\/\/greencupnordic.com\/washing-and-rental-services\/services\/","url":"https:\/\/greencupnordic.com\/washing-and-rental-services\/services\/","name":"- GreenCup","isPartOf":{"@id":"https:\/\/greencupnordic.com\/#website"},"primaryImageOfPage":{"@id":"https:\/\/greencupnordic.com\/washing-and-rental-services\/services\/#primaryimage"},"image":{"@id":"https:\/\/greencupnordic.com\/washing-and-rental-services\/services\/#primaryimage"},"thumbnailUrl":"https:\/\/greencupnordic.com\/wp-content\/uploads\/2022\/09\/PHOTOS_LAVAGE_LIEGE_RE-UZ-69-1536x1079-1-1024x719.jpg","datePublished":"2022-09-22T19:08:08+00:00","dateModified":"2023-06-01T09:34:17+00:00","inLanguage":"fi","potentialAction":[{"@type":"ReadAction","target":["https:\/\/greencupnordic.com\/washing-and-rental-services\/services\/"]}]},{"@type":"ImageObject","inLanguage":"fi","@id":"https:\/\/greencupnordic.com\/washing-and-rental-services\/services\/#primaryimage","url":"https:\/\/greencupnordic.com\/wp-content\/uploads\/2022\/09\/PHOTOS_LAVAGE_LIEGE_RE-UZ-69-1536x1079-1-1024x719.jpg","contentUrl":"https:\/\/greencupnordic.com\/wp-content\/uploads\/2022\/09\/PHOTOS_LAVAGE_LIEGE_RE-UZ-69-1536x1079-1-1024x719.jpg"},{"@type":"WebSite","@id":"https:\/\/greencupnordic.com\/#website","url":"https:\/\/greencupnordic.com\/","name":"GreenCup","description":"Erotu yksil\u00f6llisill\u00e4 ja kierr\u00e4tett\u00e4vill\u00e4 mukeilla","publisher":{"@id":"https:\/\/greencupnordic.com\/#organization"},"potentialAction":[{"@type":"SearchAction","target":{"@type":"EntryPoint","urlTemplate":"https:\/\/greencupnordic.com\/?s={search_term_string}"},"query-input":{"@type":"PropertyValueSpecification","valueRequired":true,"valueName":"search_term_string"}}],"inLanguage":"fi"},{"@type":"Organization","@id":"https:\/\/greencupnordic.com\/#organization","name":"GreenCup","url":"https:\/\/greencupnordic.com\/","logo":{"@type":"ImageObject","inLanguage":"fi","@id":"https:\/\/greencupnordic.com\/#\/schema\/logo\/image\/","url":"https:\/\/i0.wp.com\/greencupnordic.com\/wp-content\/uploads\/2023\/06\/Nordic-Logo.png?fit=710%2C710&ssl=1","contentUrl":"https:\/\/i0.wp.com\/greencupnordic.com\/wp-content\/uploads\/2023\/06\/Nordic-Logo.png?fit=710%2C710&ssl=1","width":710,"height":710,"caption":"GreenCup"},"image":{"@id":"https:\/\/greencupnordic.com\/#\/schema\/logo\/image\/"}}]}},"jetpack-related-posts":[{"id":9173,"url":"https:\/\/greencupnordic.com\/fi\/products\/accessories\/","url_meta":{"origin":8612,"position":0},"title":"Accessories","author":"Greencup.fi","date":"23.9.2022","format":false,"excerpt":"Accessories to compliment our reusable cups Greencup offers a wide range of eco-friendly accessories to compliment your reusable cup and coffee cups. Discover our range of coffee lids, cup\/bottle\/wine lanyards, and our innovative stacking handles for our reusable pint cups. Stacking Handles If you\u2019re looking for a novel way to\u2026","rel":"","context":"Samankaltainen artikkeli","block_context":{"text":"Samankaltainen artikkeli","link":""},"img":{"alt_text":"","src":"https:\/\/i0.wp.com\/greencupnordic.com\/wp-content\/uploads\/2022\/09\/GG_IMAGE_51-1024x1024.jpg?resize=350%2C200&ssl=1","width":350,"height":200,"srcset":"https:\/\/i0.wp.com\/greencupnordic.com\/wp-content\/uploads\/2022\/09\/GG_IMAGE_51-1024x1024.jpg?resize=350%2C200&ssl=1 1x, https:\/\/i0.wp.com\/greencupnordic.com\/wp-content\/uploads\/2022\/09\/GG_IMAGE_51-1024x1024.jpg?resize=525%2C300&ssl=1 1.5x, https:\/\/i0.wp.com\/greencupnordic.com\/wp-content\/uploads\/2022\/09\/GG_IMAGE_51-1024x1024.jpg?resize=700%2C400&ssl=1 2x"},"classes":[]},{"id":9171,"url":"https:\/\/greencupnordic.com\/fi\/products\/hot-drinks\/","url_meta":{"origin":8612,"position":1},"title":"Hot Drinks","author":"Greencup.fi","date":"23.9.2022","format":false,"excerpt":"Greencup reusable coffee cups Greencup supplies reusable coffee cups and lids for various venues and events which can be branded at your discretion.Single-use coffee cups are often only used for a number of minutes but can take hundreds of years to break down in landfill sites. Many hot drink cups\u2026","rel":"","context":"Samankaltainen artikkeli","block_context":{"text":"Samankaltainen artikkeli","link":""},"img":{"alt_text":"","src":"https:\/\/i0.wp.com\/greencupnordic.com\/wp-content\/uploads\/2022\/09\/GG_IMAGE_55-1024x1024.jpg?resize=350%2C200&ssl=1","width":350,"height":200,"srcset":"https:\/\/i0.wp.com\/greencupnordic.com\/wp-content\/uploads\/2022\/09\/GG_IMAGE_55-1024x1024.jpg?resize=350%2C200&ssl=1 1x, https:\/\/i0.wp.com\/greencupnordic.com\/wp-content\/uploads\/2022\/09\/GG_IMAGE_55-1024x1024.jpg?resize=525%2C300&ssl=1 1.5x, https:\/\/i0.wp.com\/greencupnordic.com\/wp-content\/uploads\/2022\/09\/GG_IMAGE_55-1024x1024.jpg?resize=700%2C400&ssl=1 2x"},"classes":[]},{"id":9302,"url":"https:\/\/greencupnordic.com\/fi\/how-it-works\/","url_meta":{"origin":8612,"position":2},"title":"{:en}Unsure about how to operate\u2026","author":"Greencup.fi","date":"23.9.2022","format":false,"excerpt":"{:en}Unsure about how to operate reusable cups at your event? Greencup has\u00a0years of experience\u00a0with reusable cups\u00a0and is more than happy to discuss the options and come up with the best solution for you\u00a0The two main options available are detailed below :\u00a0\u00a0 > a\u00a0refundable deposit scheme\u00a0\u00a0 > a\u00a0compulsory levy.Both can be\u2026","rel":"","context":"Samankaltainen artikkeli","block_context":{"text":"Samankaltainen artikkeli","link":""},"img":{"alt_text":"","src":"https:\/\/i0.wp.com\/greencupnordic.com\/wp-content\/uploads\/2022\/09\/ECOCUP-Roland-Garros-2019-%C2%A9albindurand%40_albin_-9281-1536x1024-1.jpeg?resize=350%2C200&ssl=1","width":350,"height":200,"srcset":"https:\/\/i0.wp.com\/greencupnordic.com\/wp-content\/uploads\/2022\/09\/ECOCUP-Roland-Garros-2019-%C2%A9albindurand%40_albin_-9281-1536x1024-1.jpeg?resize=350%2C200&ssl=1 1x, https:\/\/i0.wp.com\/greencupnordic.com\/wp-content\/uploads\/2022\/09\/ECOCUP-Roland-Garros-2019-%C2%A9albindurand%40_albin_-9281-1536x1024-1.jpeg?resize=525%2C300&ssl=1 1.5x, https:\/\/i0.wp.com\/greencupnordic.com\/wp-content\/uploads\/2022\/09\/ECOCUP-Roland-Garros-2019-%C2%A9albindurand%40_albin_-9281-1536x1024-1.jpeg?resize=700%2C400&ssl=1 2x, https:\/\/i0.wp.com\/greencupnordic.com\/wp-content\/uploads\/2022\/09\/ECOCUP-Roland-Garros-2019-%C2%A9albindurand%40_albin_-9281-1536x1024-1.jpeg?resize=1050%2C600&ssl=1 3x, https:\/\/i0.wp.com\/greencupnordic.com\/wp-content\/uploads\/2022\/09\/ECOCUP-Roland-Garros-2019-%C2%A9albindurand%40_albin_-9281-1536x1024-1.jpeg?resize=1400%2C800&ssl=1 4x"},"classes":[]},{"id":9472,"url":"https:\/\/greencupnordic.com\/fi\/","url_meta":{"origin":8612,"position":3},"title":"{:en}We are on a mission\u2026","author":"Greencup.fi","date":"23.9.2022","format":false,"excerpt":"{:en}We are on a mission to save the planet one reusable cup at a time We are the leading supplier of reusable cups, coffee cups and foodware in the nordics Find the Right Cup Lowers your event's carbon footprintReduce waste and favor reusable items. Full Service SolutionThe largest Nordic based\u2026","rel":"","context":"Samankaltainen artikkeli","block_context":{"text":"Samankaltainen artikkeli","link":""},"img":{"alt_text":"","src":"https:\/\/i0.wp.com\/greencupnordic.com\/wp-content\/uploads\/2023\/05\/eco-responsable-1.png?resize=350%2C200&ssl=1","width":350,"height":200},"classes":[]},{"id":8577,"url":"https:\/\/greencupnordic.com\/fi\/washing-and-rental-services\/","url_meta":{"origin":8612,"position":4},"title":"{:en}Transition to Reusables. Greencup will\u2026","author":"Greencup.fi","date":"22.9.2022","format":false,"excerpt":"{:en}Transition to Reusables. Greencup will ensure\u00a0your transition to reusable cups\u00a0is as smooth as possible. Our experienced team will work with you to find the system best suited to your specific venue or event (stadiums, coffee shops, festivals or weddings for instance). Options for reusable cups. Recycle Cups as part of\u2026","rel":"","context":"Samankaltainen artikkeli","block_context":{"text":"Samankaltainen artikkeli","link":""},"img":{"alt_text":"","src":"https:\/\/i0.wp.com\/greencupnordic.com\/wp-content\/uploads\/2022\/09\/PHOTOS_LAVAGE_LIEGE_RE-UZ-84-2048x1528-1.jpg?resize=350%2C200&ssl=1","width":350,"height":200,"srcset":"https:\/\/i0.wp.com\/greencupnordic.com\/wp-content\/uploads\/2022\/09\/PHOTOS_LAVAGE_LIEGE_RE-UZ-84-2048x1528-1.jpg?resize=350%2C200&ssl=1 1x, https:\/\/i0.wp.com\/greencupnordic.com\/wp-content\/uploads\/2022\/09\/PHOTOS_LAVAGE_LIEGE_RE-UZ-84-2048x1528-1.jpg?resize=525%2C300&ssl=1 1.5x, https:\/\/i0.wp.com\/greencupnordic.com\/wp-content\/uploads\/2022\/09\/PHOTOS_LAVAGE_LIEGE_RE-UZ-84-2048x1528-1.jpg?resize=700%2C400&ssl=1 2x, https:\/\/i0.wp.com\/greencupnordic.com\/wp-content\/uploads\/2022\/09\/PHOTOS_LAVAGE_LIEGE_RE-UZ-84-2048x1528-1.jpg?resize=1050%2C600&ssl=1 3x, https:\/\/i0.wp.com\/greencupnordic.com\/wp-content\/uploads\/2022\/09\/PHOTOS_LAVAGE_LIEGE_RE-UZ-84-2048x1528-1.jpg?resize=1400%2C800&ssl=1 4x"},"classes":[]},{"id":8955,"url":"https:\/\/greencupnordic.com\/fi\/printing-techniques\/screen-printing\/","url_meta":{"origin":8612,"position":5},"title":"Silkkipainatus","author":"Greencup.fi","date":"23.9.2022","format":false,"excerpt":"{:en} Reusable cups branded for your event Reusable cups branded with your logo or business name is an effective way to market your brand at your next event. Screen printed reusable cups have a brilliant, richly coloured, glossy printed finish.\u00a0Our screen printing method allows for your design to last hundreds\u2026","rel":"","context":"Samankaltainen artikkeli","block_context":{"text":"Samankaltainen artikkeli","link":""},"img":{"alt_text":"","src":"https:\/\/i0.wp.com\/greencupnordic.com\/wp-content\/uploads\/2022\/09\/Cup_Diagrams-Screen-1024x1024.png?resize=350%2C200&ssl=1","width":350,"height":200,"srcset":"https:\/\/i0.wp.com\/greencupnordic.com\/wp-content\/uploads\/2022\/09\/Cup_Diagrams-Screen-1024x1024.png?resize=350%2C200&ssl=1 1x, https:\/\/i0.wp.com\/greencupnordic.com\/wp-content\/uploads\/2022\/09\/Cup_Diagrams-Screen-1024x1024.png?resize=525%2C300&ssl=1 1.5x, https:\/\/i0.wp.com\/greencupnordic.com\/wp-content\/uploads\/2022\/09\/Cup_Diagrams-Screen-1024x1024.png?resize=700%2C400&ssl=1 2x"},"classes":[]}],"jetpack_sharing_enabled":true,"_links":{"self":[{"href":"https:\/\/greencupnordic.com\/fi\/wp-json\/wp\/v2\/pages\/8612","targetHints":{"allow":["GET"]}}],"collection":[{"href":"https:\/\/greencupnordic.com\/fi\/wp-json\/wp\/v2\/pages"}],"about":[{"href":"https:\/\/greencupnordic.com\/fi\/wp-json\/wp\/v2\/types\/page"}],"author":[{"embeddable":true,"href":"https:\/\/greencupnordic.com\/fi\/wp-json\/wp\/v2\/users\/2"}],"replies":[{"embeddable":true,"href":"https:\/\/greencupnordic.com\/fi\/wp-json\/wp\/v2\/comments?post=8612"}],"version-history":[{"count":76,"href":"https:\/\/greencupnordic.com\/fi\/wp-json\/wp\/v2\/pages\/8612\/revisions"}],"predecessor-version":[{"id":10480,"href":"https:\/\/greencupnordic.com\/fi\/wp-json\/wp\/v2\/pages\/8612\/revisions\/10480"}],"up":[{"embeddable":true,"href":"https:\/\/greencupnordic.com\/fi\/wp-json\/wp\/v2\/pages\/8577"}],"wp:attachment":[{"href":"https:\/\/greencupnordic.com\/fi\/wp-json\/wp\/v2\/media?parent=8612"}],"curies":[{"name":"wp","href":"https:\/\/api.w.org\/{rel}","templated":true}]}}