{"id":8705,"date":"2022-09-23T00:38:24","date_gmt":"2022-09-22T21:38:24","guid":{"rendered":"https:\/\/greencupnordic.com\/?page_id=8705"},"modified":"2023-06-01T13:11:22","modified_gmt":"2023-06-01T10:11:22","slug":"sustainability","status":"publish","type":"page","link":"https:\/\/greencupnordic.com\/fi\/sustainability\/","title":{"rendered":""},"content":{"rendered":"<h2>#RefillNotLandfill<\/h2>\n<p>Greencup-tuotteet ovat j\u00e4tehierarkia yl\u00e4osassa; joukko ohjeita, joita ymp\u00e4rist\u00f6- ja valtion virastot, mukaan lukien Defra, k\u00e4ytt\u00e4v\u00e4t j\u00e4tehuoltovaihtoehtojen luokittelussa sen mukaan, mik\u00e4 on ymp\u00e4rist\u00f6n kannalta parasta.<\/p>\n<p>\t\t\t\t\t\t\t\t\t\t\t\t\t\t\t<img data-recalc-dims=\"1\" loading=\"lazy\" decoding=\"async\" width=\"800\" height=\"800\" src=\"https:\/\/i0.wp.com\/greencupnordic.com\/wp-content\/uploads\/2022\/09\/Refill-Tri-Graphic.png?resize=800%2C800&#038;ssl=1\" alt=\"\" loading=\"lazy\" srcset=\"https:\/\/greencupnordic.com\/wp-content\/uploads\/2022\/09\/Refill-Tri-Graphic-1024x1024.png 1024w, https:\/\/greencupnordic.com\/wp-content\/uploads\/2022\/09\/Refill-Tri-Graphic-300x300.png 300w, https:\/\/greencupnordic.com\/wp-content\/uploads\/2022\/09\/Refill-Tri-Graphic-150x150.png 150w, https:\/\/greencupnordic.com\/wp-content\/uploads\/2022\/09\/Refill-Tri-Graphic-768x768.png 768w, https:\/\/greencupnordic.com\/wp-content\/uploads\/2022\/09\/Refill-Tri-Graphic.png 1080w\" sizes=\"auto, (max-width: 800px) 100vw, 800px\" \/><br \/>\n\t\t\t\t\t\t\t\t\t\t\t\t\t\t\t<img data-recalc-dims=\"1\" loading=\"lazy\" decoding=\"async\" width=\"800\" height=\"533\" src=\"https:\/\/i0.wp.com\/greencupnordic.com\/wp-content\/uploads\/2022\/09\/gg_generic_images.png?resize=800%2C533&#038;ssl=1\" alt=\"\" loading=\"lazy\" srcset=\"https:\/\/greencupnordic.com\/wp-content\/uploads\/2022\/09\/gg_generic_images.png 1920w, https:\/\/greencupnordic.com\/wp-content\/uploads\/2022\/09\/gg_generic_images-300x200.png 300w, https:\/\/greencupnordic.com\/wp-content\/uploads\/2022\/09\/gg_generic_images-1024x683.png 1024w, https:\/\/greencupnordic.com\/wp-content\/uploads\/2022\/09\/gg_generic_images-768x512.png 768w, https:\/\/greencupnordic.com\/wp-content\/uploads\/2022\/09\/gg_generic_images-1536x1024.png 1536w\" sizes=\"auto, (max-width: 1920px) 100vw, 1920px\" \/>\t\t\t\t\t\t\t\t\t\t\t\t\t\t\t<\/p>\n<h2>Tavoitteena on ensisijaisesti j\u00e4tteiden syntymisen est\u00e4minen<\/h2>\n<p>Yksi yritysten t\u00e4rkeimmist\u00e4 prioriteeteista tulisi olla j\u00e4tteen syntymisen ehk\u00e4iseminen. T\u00e4m\u00e4n j\u00e4lkeen etusijalle on asetettava uudelleenk\u00e4ytt\u00f6, sitten kierr\u00e4tys, sitten talteenotto ja viimeisen\u00e4 h\u00e4vitt\u00e4minen.<\/p>\n<p>Greencupilla haluamme rohkaista asiakkaita &#8221;Sano ei kertak\u00e4ytt\u00f6iselle&#8221; k\u00e4ytt\u00e4m\u00e4ll\u00e4 Eco-kuppejamme yh\u00e4 uudelleen ja uudelleen.<\/p>\n<h2>Uudelleenk\u00e4ytett\u00e4v\u00e4 ja 100% kierr\u00e4tett\u00e4v\u00e4<\/h2>\n<p>Teemme yhteisty\u00f6t\u00e4 kierr\u00e4tysyrityksen kanssa, joka muuttaa kaikki k\u00e4ytt\u00f6kelvottomat mukit hy\u00f6dyllisiksi esineiksi, kuten vaateripustimille, ja yrit\u00e4mme varmistaa, ett\u00e4 loppuk\u00e4ytt\u00e4j\u00e4 tiet\u00e4\u00e4, ett\u00e4 mukimme eiv\u00e4t ole vain uudelleenk\u00e4ytett\u00e4vi\u00e4, vaan my\u00f6s 100-prosenttisesti kierr\u00e4tett\u00e4vi\u00e4.<\/p>\n<p>\t\t\t\t\t\t\t\t\t\t\t\t\t\t\t<img data-recalc-dims=\"1\" loading=\"lazy\" decoding=\"async\" width=\"800\" height=\"800\" src=\"https:\/\/i0.wp.com\/greencupnordic.com\/wp-content\/uploads\/2022\/09\/GG_IMAGE_4-2.jpg?resize=800%2C800&#038;ssl=1\" alt=\"\" loading=\"lazy\" srcset=\"https:\/\/greencupnordic.com\/wp-content\/uploads\/2022\/09\/GG_IMAGE_4-2.jpg 1440w, https:\/\/greencupnordic.com\/wp-content\/uploads\/2022\/09\/GG_IMAGE_4-2-300x300.jpg 300w, https:\/\/greencupnordic.com\/wp-content\/uploads\/2022\/09\/GG_IMAGE_4-2-1024x1024.jpg 1024w, https:\/\/greencupnordic.com\/wp-content\/uploads\/2022\/09\/GG_IMAGE_4-2-150x150.jpg 150w, https:\/\/greencupnordic.com\/wp-content\/uploads\/2022\/09\/GG_IMAGE_4-2-768x768.jpg 768w\" sizes=\"auto, (max-width: 1440px) 100vw, 1440px\" \/><br \/>\n\t\t\t\t\t\t\t\t\t\t\t\t\t\t\t<img data-recalc-dims=\"1\" loading=\"lazy\" decoding=\"async\" width=\"800\" height=\"533\" src=\"https:\/\/i0.wp.com\/greencupnordic.com\/wp-content\/uploads\/2022\/09\/bournemouth-reusable-cup-football.jpg?resize=800%2C533&#038;ssl=1\" alt=\"\" loading=\"lazy\" srcset=\"https:\/\/greencupnordic.com\/wp-content\/uploads\/2022\/09\/bournemouth-reusable-cup-football.jpg 1200w, https:\/\/greencupnordic.com\/wp-content\/uploads\/2022\/09\/bournemouth-reusable-cup-football-300x200.jpg 300w, https:\/\/greencupnordic.com\/wp-content\/uploads\/2022\/09\/bournemouth-reusable-cup-football-1024x683.jpg 1024w, https:\/\/greencupnordic.com\/wp-content\/uploads\/2022\/09\/bournemouth-reusable-cup-football-768x512.jpg 768w\" sizes=\"auto, (max-width: 1200px) 100vw, 1200px\" \/>\t\t\t\t\t\t\t\t\t\t\t\t\t\t\t<\/p>\n<h2>Yleiset kupit<\/h2>\n<p>Yleismukimme on suunniteltu sopimaan kaikkiin tapahtumiin ja koska niit\u00e4 k\u00e4ytet\u00e4\u00e4n useissa tapahtumissa ymp\u00e4ri maan vuoden aikana. Geneeristen mukimme lis\u00e4\u00e4minen tukemaan omia suunnitteluasi v\u00e4hent\u00e4\u00e4 uusien tuotteiden tuotantoa ja lis\u00e4\u00e4 tapahtumissa uudelleenk\u00e4ytett\u00e4vien mukimme m\u00e4\u00e4r\u00e4\u00e4.<\/p>\n<p>Greencup-tuotteet on suunniteltu kest\u00e4m\u00e4\u00e4n 100 k\u00e4ytt\u00f6kertaa, toisin kuin kertak\u00e4ytt\u00f6iset vaihtoehdot. Ne voidaan pest\u00e4, kuivata ja k\u00e4ytt\u00e4\u00e4 uudelleen, ja k\u00e4ytt\u00f6ik\u00e4ns\u00e4 lopussa ne ovat 100 % kierr\u00e4tett\u00e4vi\u00e4, joten niit\u00e4 ei tarvitse koskaan p\u00e4\u00e4ty\u00e4 kaatopaikoille.<\/p>\n<h2>Miten k\u00e4sittelemme kest\u00e4v\u00e4\u00e4 kehityst\u00e4<\/h2>\n<ul>\n<li>K\u00e4sittele muovia uudelleenk\u00e4ytett\u00e4v\u00e4n\u00e4 materiaalina.<\/li>\n<li>T\u00e4yt\u00e4 v\u00e4h\u00e4hiilisen k\u00e4yt\u00f6n ja j\u00e4tteiden v\u00e4hent\u00e4misen standardit.<\/li>\n<li>Valitse uudelleenk\u00e4ytett\u00e4vi\u00e4 tuotteita kertak\u00e4ytt\u00f6isten sijaan.<\/li>\n<li>Est\u00e4 muovia p\u00e4\u00e4tym\u00e4st\u00e4 kaatopaikoille, miss\u00e4 kest\u00e4\u00e4 tuhansia vuosia biohajoamiseen.<\/li>\n<li>Autamme organisaatioita ja tapahtumia pienent\u00e4m\u00e4\u00e4n hiilijalanj\u00e4lke\u00e4\u00e4n ja s\u00e4ilytt\u00e4m\u00e4\u00e4n planeettamme tuleville sukupolville.<\/li>\n<li>Kaikki mukimme kierr\u00e4tet\u00e4\u00e4n k\u00e4ytt\u00f6ik\u00e4ns\u00e4 p\u00e4\u00e4tytty\u00e4 hy\u00f6dyllisiksi esineiksi, kuten j\u00e4\u00e4kaapimiksi ja vaateripustimeksi.<\/li>\n<\/ul>\n","protected":false},"excerpt":{"rendered":"<p>#RefillNotLandfill Greencup-tuotteet ovat j\u00e4tehierarkia yl\u00e4osassa; joukko ohjeita, joita ymp\u00e4rist\u00f6- ja valtion virastot, mukaan lukien Defra, k\u00e4ytt\u00e4v\u00e4t j\u00e4tehuoltovaihtoehtojen luokittelussa sen mukaan, mik\u00e4 on ymp\u00e4rist\u00f6n kannalta parasta. Tavoitteena on ensisijaisesti j\u00e4tteiden syntymisen est\u00e4minen Yksi yritysten t\u00e4rkeimmist\u00e4 prioriteeteista tulisi olla j\u00e4tteen syntymisen ehk\u00e4iseminen. T\u00e4m\u00e4n j\u00e4lkeen etusijalle on asetettava uudelleenk\u00e4ytt\u00f6, sitten kierr\u00e4tys, sitten talteenotto ja viimeisen\u00e4 h\u00e4vitt\u00e4minen. Greencupilla haluamme [&hellip;]<\/p>\n","protected":false},"author":2,"featured_media":0,"parent":0,"menu_order":0,"comment_status":"closed","ping_status":"closed","template":"","meta":{"_acf_changed":false,"_eb_attr":"","_monsterinsights_skip_tracking":false,"_monsterinsights_sitenote_active":false,"_monsterinsights_sitenote_note":"","_monsterinsights_sitenote_category":0,"footnotes":""},"class_list":["post-8705","page","type-page","status-publish","hentry"],"translation":{"provider":"WPGlobus","version":"3.0.2","language":"fi","enabled_languages":["en","fi"],"languages":{"en":{"title":false,"content":true,"excerpt":false},"fi":{"title":false,"content":true,"excerpt":false}}},"acf":[],"yoast_head":"<!-- This site is optimized with the Yoast SEO plugin v27.3 - https:\/\/yoast.com\/product\/yoast-seo-wordpress\/ -->\n<title>- GreenCup<\/title>\n<meta name=\"robots\" content=\"index, follow, max-snippet:-1, max-image-preview:large, max-video-preview:-1\" \/>\n<link rel=\"canonical\" href=\"https:\/\/greencupnordic.com\/sustainability\/\" \/>\n<meta property=\"og:locale\" content=\"fi_FI\" \/>\n<meta property=\"og:type\" content=\"article\" \/>\n<meta property=\"og:title\" content=\"- GreenCup\" \/>\n<meta property=\"og:url\" content=\"https:\/\/greencupnordic.com\/sustainability\/\" \/>\n<meta property=\"og:site_name\" content=\"GreenCup\" \/>\n<meta property=\"article:modified_time\" content=\"2023-06-01T10:11:22+00:00\" \/>\n<meta property=\"og:image\" content=\"https:\/\/greencupnordic.com\/wp-content\/uploads\/2022\/09\/Refill-Tri-Graphic.png\" \/>\n<meta name=\"twitter:card\" content=\"summary_large_image\" \/>\n<meta name=\"twitter:label1\" content=\"Arvioitu lukuaika\" \/>\n\t<meta name=\"twitter:data1\" content=\"2 minuuttia\" \/>\n<script type=\"application\/ld+json\" class=\"yoast-schema-graph\">{\"@context\":\"https:\\\/\\\/schema.org\",\"@graph\":[{\"@type\":\"WebPage\",\"@id\":\"https:\\\/\\\/greencupnordic.com\\\/sustainability\\\/\",\"url\":\"https:\\\/\\\/greencupnordic.com\\\/sustainability\\\/\",\"name\":\"- GreenCup\",\"isPartOf\":{\"@id\":\"https:\\\/\\\/greencupnordic.com\\\/#website\"},\"primaryImageOfPage\":{\"@id\":\"https:\\\/\\\/greencupnordic.com\\\/sustainability\\\/#primaryimage\"},\"image\":{\"@id\":\"https:\\\/\\\/greencupnordic.com\\\/sustainability\\\/#primaryimage\"},\"thumbnailUrl\":\"https:\\\/\\\/greencupnordic.com\\\/wp-content\\\/uploads\\\/2022\\\/09\\\/Refill-Tri-Graphic.png\",\"datePublished\":\"2022-09-22T21:38:24+00:00\",\"dateModified\":\"2023-06-01T10:11:22+00:00\",\"inLanguage\":\"fi\",\"potentialAction\":[{\"@type\":\"ReadAction\",\"target\":[\"https:\\\/\\\/greencupnordic.com\\\/sustainability\\\/\"]}]},{\"@type\":\"ImageObject\",\"inLanguage\":\"fi\",\"@id\":\"https:\\\/\\\/greencupnordic.com\\\/sustainability\\\/#primaryimage\",\"url\":\"https:\\\/\\\/greencupnordic.com\\\/wp-content\\\/uploads\\\/2022\\\/09\\\/Refill-Tri-Graphic.png\",\"contentUrl\":\"https:\\\/\\\/greencupnordic.com\\\/wp-content\\\/uploads\\\/2022\\\/09\\\/Refill-Tri-Graphic.png\"},{\"@type\":\"WebSite\",\"@id\":\"https:\\\/\\\/greencupnordic.com\\\/#website\",\"url\":\"https:\\\/\\\/greencupnordic.com\\\/\",\"name\":\"GreenCup\",\"description\":\"Erotu yksil\u00f6llisill\u00e4 ja kierr\u00e4tett\u00e4vill\u00e4 mukeilla\",\"publisher\":{\"@id\":\"https:\\\/\\\/greencupnordic.com\\\/#organization\"},\"potentialAction\":[{\"@type\":\"SearchAction\",\"target\":{\"@type\":\"EntryPoint\",\"urlTemplate\":\"https:\\\/\\\/greencupnordic.com\\\/?s={search_term_string}\"},\"query-input\":{\"@type\":\"PropertyValueSpecification\",\"valueRequired\":true,\"valueName\":\"search_term_string\"}}],\"inLanguage\":\"fi\"},{\"@type\":\"Organization\",\"@id\":\"https:\\\/\\\/greencupnordic.com\\\/#organization\",\"name\":\"GreenCup\",\"url\":\"https:\\\/\\\/greencupnordic.com\\\/\",\"logo\":{\"@type\":\"ImageObject\",\"inLanguage\":\"fi\",\"@id\":\"https:\\\/\\\/greencupnordic.com\\\/#\\\/schema\\\/logo\\\/image\\\/\",\"url\":\"https:\\\/\\\/i0.wp.com\\\/greencupnordic.com\\\/wp-content\\\/uploads\\\/2023\\\/06\\\/Nordic-Logo.png?fit=710%2C710&ssl=1\",\"contentUrl\":\"https:\\\/\\\/i0.wp.com\\\/greencupnordic.com\\\/wp-content\\\/uploads\\\/2023\\\/06\\\/Nordic-Logo.png?fit=710%2C710&ssl=1\",\"width\":710,\"height\":710,\"caption\":\"GreenCup\"},\"image\":{\"@id\":\"https:\\\/\\\/greencupnordic.com\\\/#\\\/schema\\\/logo\\\/image\\\/\"}}]}<\/script>\n<!-- \/ Yoast SEO plugin. -->","yoast_head_json":{"title":"- GreenCup","robots":{"index":"index","follow":"follow","max-snippet":"max-snippet:-1","max-image-preview":"max-image-preview:large","max-video-preview":"max-video-preview:-1"},"canonical":"https:\/\/greencupnordic.com\/sustainability\/","og_locale":"fi_FI","og_type":"article","og_title":"- GreenCup","og_url":"https:\/\/greencupnordic.com\/sustainability\/","og_site_name":"GreenCup","article_modified_time":"2023-06-01T10:11:22+00:00","og_image":[{"url":"https:\/\/greencupnordic.com\/wp-content\/uploads\/2022\/09\/Refill-Tri-Graphic.png","type":"","width":"","height":""}],"twitter_card":"summary_large_image","twitter_misc":{"Arvioitu lukuaika":"2 minuuttia"},"schema":{"@context":"https:\/\/schema.org","@graph":[{"@type":"WebPage","@id":"https:\/\/greencupnordic.com\/sustainability\/","url":"https:\/\/greencupnordic.com\/sustainability\/","name":"- GreenCup","isPartOf":{"@id":"https:\/\/greencupnordic.com\/#website"},"primaryImageOfPage":{"@id":"https:\/\/greencupnordic.com\/sustainability\/#primaryimage"},"image":{"@id":"https:\/\/greencupnordic.com\/sustainability\/#primaryimage"},"thumbnailUrl":"https:\/\/greencupnordic.com\/wp-content\/uploads\/2022\/09\/Refill-Tri-Graphic.png","datePublished":"2022-09-22T21:38:24+00:00","dateModified":"2023-06-01T10:11:22+00:00","inLanguage":"fi","potentialAction":[{"@type":"ReadAction","target":["https:\/\/greencupnordic.com\/sustainability\/"]}]},{"@type":"ImageObject","inLanguage":"fi","@id":"https:\/\/greencupnordic.com\/sustainability\/#primaryimage","url":"https:\/\/greencupnordic.com\/wp-content\/uploads\/2022\/09\/Refill-Tri-Graphic.png","contentUrl":"https:\/\/greencupnordic.com\/wp-content\/uploads\/2022\/09\/Refill-Tri-Graphic.png"},{"@type":"WebSite","@id":"https:\/\/greencupnordic.com\/#website","url":"https:\/\/greencupnordic.com\/","name":"GreenCup","description":"Erotu yksil\u00f6llisill\u00e4 ja kierr\u00e4tett\u00e4vill\u00e4 mukeilla","publisher":{"@id":"https:\/\/greencupnordic.com\/#organization"},"potentialAction":[{"@type":"SearchAction","target":{"@type":"EntryPoint","urlTemplate":"https:\/\/greencupnordic.com\/?s={search_term_string}"},"query-input":{"@type":"PropertyValueSpecification","valueRequired":true,"valueName":"search_term_string"}}],"inLanguage":"fi"},{"@type":"Organization","@id":"https:\/\/greencupnordic.com\/#organization","name":"GreenCup","url":"https:\/\/greencupnordic.com\/","logo":{"@type":"ImageObject","inLanguage":"fi","@id":"https:\/\/greencupnordic.com\/#\/schema\/logo\/image\/","url":"https:\/\/i0.wp.com\/greencupnordic.com\/wp-content\/uploads\/2023\/06\/Nordic-Logo.png?fit=710%2C710&ssl=1","contentUrl":"https:\/\/i0.wp.com\/greencupnordic.com\/wp-content\/uploads\/2023\/06\/Nordic-Logo.png?fit=710%2C710&ssl=1","width":710,"height":710,"caption":"GreenCup"},"image":{"@id":"https:\/\/greencupnordic.com\/#\/schema\/logo\/image\/"}}]}},"jetpack-related-posts":[{"id":8755,"url":"https:\/\/greencupnordic.com\/fi\/sustainability\/reusable-vs-disposable\/","url_meta":{"origin":8705,"position":0},"title":"Reusable vs Disposable","author":"Greencup.fi","date":"23.9.2022","format":false,"excerpt":"Independent studies comparing single-use to reuse. Greencup believes the best way to prevent single-use plastic cups from entering landfills is to replace them with reusable ones \u2013 but don\u2019t just take our word for it.Independent studies and reports have been conducted to test the sustainability performance of both single-use and\u2026","rel":"","context":"Samankaltainen artikkeli","block_context":{"text":"Samankaltainen artikkeli","link":""},"img":{"alt_text":"","src":"https:\/\/i0.wp.com\/greencupnordic.com\/wp-content\/uploads\/2022\/09\/GG_IMAGE_39-1024x1024.jpg?resize=350%2C200&ssl=1","width":350,"height":200,"srcset":"https:\/\/i0.wp.com\/greencupnordic.com\/wp-content\/uploads\/2022\/09\/GG_IMAGE_39-1024x1024.jpg?resize=350%2C200&ssl=1 1x, https:\/\/i0.wp.com\/greencupnordic.com\/wp-content\/uploads\/2022\/09\/GG_IMAGE_39-1024x1024.jpg?resize=525%2C300&ssl=1 1.5x, https:\/\/i0.wp.com\/greencupnordic.com\/wp-content\/uploads\/2022\/09\/GG_IMAGE_39-1024x1024.jpg?resize=700%2C400&ssl=1 2x"},"classes":[]},{"id":9472,"url":"https:\/\/greencupnordic.com\/fi\/","url_meta":{"origin":8705,"position":1},"title":"{:en}We are on a mission\u2026","author":"Greencup.fi","date":"23.9.2022","format":false,"excerpt":"{:en}We are on a mission to save the planet one reusable cup at a time We are the leading supplier of reusable cups, coffee cups and foodware in the nordics Find the Right Cup Lowers your event's carbon footprintReduce waste and favor reusable items. Full Service SolutionThe largest Nordic based\u2026","rel":"","context":"Samankaltainen artikkeli","block_context":{"text":"Samankaltainen artikkeli","link":""},"img":{"alt_text":"","src":"https:\/\/i0.wp.com\/greencupnordic.com\/wp-content\/uploads\/2023\/05\/eco-responsable-1.png?resize=350%2C200&ssl=1","width":350,"height":200},"classes":[]},{"id":9338,"url":"https:\/\/greencupnordic.com\/fi\/how-it-works\/benefits-of-switching-to-reusable-cups\/","url_meta":{"origin":8705,"position":2},"title":"{:en}Why use Reusable Cups for\u2026","author":"Greencup.fi","date":"23.9.2022","format":false,"excerpt":"{:en}Why use Reusable Cups for your event? A\u00a0Greener event: less single-use rubbish to clear up \u2013 less landfill.Sturdier reusable cups for your event that gives a more\u00a0enjoyable drinking experience.An ideal advertising and marketing tool.Prevents the use of disposable items, reducing waste to landfill.\u00a0A perfect take-home\u00a0souvenir.Cups specifically\u00a0branded to your event.Lowers your\u2026","rel":"","context":"Samankaltainen artikkeli","block_context":{"text":"Samankaltainen artikkeli","link":""},"img":{"alt_text":"","src":"https:\/\/i0.wp.com\/greencupnordic.com\/wp-content\/uploads\/2022\/09\/GG_IMAGE_23.jpeg?resize=350%2C200&ssl=1","width":350,"height":200,"srcset":"https:\/\/i0.wp.com\/greencupnordic.com\/wp-content\/uploads\/2022\/09\/GG_IMAGE_23.jpeg?resize=350%2C200&ssl=1 1x, https:\/\/i0.wp.com\/greencupnordic.com\/wp-content\/uploads\/2022\/09\/GG_IMAGE_23.jpeg?resize=525%2C300&ssl=1 1.5x, https:\/\/i0.wp.com\/greencupnordic.com\/wp-content\/uploads\/2022\/09\/GG_IMAGE_23.jpeg?resize=700%2C400&ssl=1 2x, https:\/\/i0.wp.com\/greencupnordic.com\/wp-content\/uploads\/2022\/09\/GG_IMAGE_23.jpeg?resize=1050%2C600&ssl=1 3x"},"classes":[]},{"id":8771,"url":"https:\/\/greencupnordic.com\/fi\/faq\/","url_meta":{"origin":8705,"position":3},"title":"UKK","author":"Greencup.fi","date":"23.9.2022","format":false,"excerpt":"{:en}Find out more about Greencup\u2019s reusable cup service with the responses below to some of our most frequently asked questions. Are reusable cups really more sustainable than single-use ones? Disposal is the least favourable action in the waste hierarchy. Greencup\u2019s main goal is to prevent plastic entering landfill and as\u2026","rel":"","context":"Samankaltainen artikkeli","block_context":{"text":"Samankaltainen artikkeli","link":""},"img":{"alt_text":"","src":"https:\/\/i0.wp.com\/greencupnordic.com\/wp-content\/uploads\/2022\/09\/zero_waste_world.png?resize=350%2C200&ssl=1","width":350,"height":200},"classes":[]}],"jetpack_sharing_enabled":true,"_links":{"self":[{"href":"https:\/\/greencupnordic.com\/fi\/wp-json\/wp\/v2\/pages\/8705","targetHints":{"allow":["GET"]}}],"collection":[{"href":"https:\/\/greencupnordic.com\/fi\/wp-json\/wp\/v2\/pages"}],"about":[{"href":"https:\/\/greencupnordic.com\/fi\/wp-json\/wp\/v2\/types\/page"}],"author":[{"embeddable":true,"href":"https:\/\/greencupnordic.com\/fi\/wp-json\/wp\/v2\/users\/2"}],"replies":[{"embeddable":true,"href":"https:\/\/greencupnordic.com\/fi\/wp-json\/wp\/v2\/comments?post=8705"}],"version-history":[{"count":58,"href":"https:\/\/greencupnordic.com\/fi\/wp-json\/wp\/v2\/pages\/8705\/revisions"}],"predecessor-version":[{"id":10499,"href":"https:\/\/greencupnordic.com\/fi\/wp-json\/wp\/v2\/pages\/8705\/revisions\/10499"}],"wp:attachment":[{"href":"https:\/\/greencupnordic.com\/fi\/wp-json\/wp\/v2\/media?parent=8705"}],"curies":[{"name":"wp","href":"https:\/\/api.w.org\/{rel}","templated":true}]}}