{"id":8740,"date":"2022-09-23T00:53:57","date_gmt":"2022-09-22T21:53:57","guid":{"rendered":"https:\/\/greencupnordic.com\/?page_id=8740"},"modified":"2023-02-22T09:42:42","modified_gmt":"2023-02-22T07:42:42","slug":"reusable-and-100-recyclable","status":"publish","type":"page","link":"https:\/\/greencupnordic.com\/fi\/sustainability\/reusable-and-100-recyclable\/","title":{"rendered":"Uudelleenk\u00e4ytett\u00e4v\u00e4 ja 100% kierr\u00e4tett\u00e4v\u00e4"},"content":{"rendered":"<h2>Mist\u00e4 uudelleenk\u00e4ytett\u00e4v\u00e4t kuppimme on valmistettu?<\/h2>\n<p>GreenCup tarjoaa Suomen laajimman valikoiman uudelleenk\u00e4ytett\u00e4vi\u00e4 mukeja. Tuopeista 400 ml:n highballiin, jotka sopivat erinomaisesti kes\u00e4cocktaileihin tai mikseriin j\u00e4\u00e4n tai koristelun kanssa. Meill\u00e4 on shottilasseja, samppanjahuiluja, kahvikuppeja ja tietysti suosituin tuotteemme: tuoppimukit.<\/p>\n<p>\t\t\t\t\t\t\t\t\t\t\t\t\t\t\t<img data-recalc-dims=\"1\" loading=\"lazy\" decoding=\"async\" width=\"800\" height=\"800\" src=\"https:\/\/i0.wp.com\/greencupnordic.com\/wp-content\/uploads\/2022\/09\/GG_IMAGE_22-2048x2046-1.jpg?resize=800%2C800&#038;ssl=1\" alt=\"\" loading=\"lazy\" srcset=\"https:\/\/greencupnordic.com\/wp-content\/uploads\/2022\/09\/GG_IMAGE_22-2048x2046-1-1024x1024.jpg 1024w, https:\/\/greencupnordic.com\/wp-content\/uploads\/2022\/09\/GG_IMAGE_22-2048x2046-1-300x300.jpg 300w, https:\/\/greencupnordic.com\/wp-content\/uploads\/2022\/09\/GG_IMAGE_22-2048x2046-1-150x150.jpg 150w, https:\/\/greencupnordic.com\/wp-content\/uploads\/2022\/09\/GG_IMAGE_22-2048x2046-1-768x767.jpg 768w, https:\/\/greencupnordic.com\/wp-content\/uploads\/2022\/09\/GG_IMAGE_22-2048x2046-1-1536x1534.jpg 1536w, https:\/\/greencupnordic.com\/wp-content\/uploads\/2022\/09\/elementor\/thumbs\/GG_IMAGE_22-2048x2046-1-pv5hjy1zarv0sm3t70jiuilkl9u0zg4py3lbzli9wg.jpg 400w, https:\/\/greencupnordic.com\/wp-content\/uploads\/2022\/09\/GG_IMAGE_22-2048x2046-1.jpg 1920w\" sizes=\"auto, (max-width: 800px) 100vw, 800px\" \/><br \/>\n\t\t\t\t\t\t\t\t\t\t\t\t\t\t\t<img data-recalc-dims=\"1\" loading=\"lazy\" decoding=\"async\" width=\"800\" height=\"800\" src=\"https:\/\/i0.wp.com\/greencupnordic.com\/wp-content\/uploads\/2022\/09\/GG_IMAGE_2.jpg?resize=800%2C800&#038;ssl=1\" alt=\"\" loading=\"lazy\" srcset=\"https:\/\/greencupnordic.com\/wp-content\/uploads\/2022\/09\/GG_IMAGE_2-1024x1024.jpg 1024w, https:\/\/greencupnordic.com\/wp-content\/uploads\/2022\/09\/GG_IMAGE_2-300x300.jpg 300w, https:\/\/greencupnordic.com\/wp-content\/uploads\/2022\/09\/GG_IMAGE_2-150x150.jpg 150w, https:\/\/greencupnordic.com\/wp-content\/uploads\/2022\/09\/GG_IMAGE_2-768x768.jpg 768w, https:\/\/greencupnordic.com\/wp-content\/uploads\/2022\/09\/GG_IMAGE_2.jpg 1440w\" sizes=\"auto, (max-width: 800px) 100vw, 800px\" \/>\t\t\t\t\t\t\t\t\t\t\t\t\t\t\t<\/p>\n<h2>GreenCup<\/h2>\n<p>Kaikki GreenCup-tuotteemme on valmistettu polypropeenista (PP), mik\u00e4 tekee niist\u00e4 BPA-vapaita, uskomattoman kest\u00e4vi\u00e4 ja t\u00e4ydellisi\u00e4 moneen k\u00e4ytt\u00f6\u00f6n.<\/p>\n<p>Polypropeeni on puhdasta muovia, jolla on hyv\u00e4 kemiallinen kest\u00e4vyys, kierr\u00e4tettyn\u00e4 uusi tuote s\u00e4ilytt\u00e4\u00e4 kaikki samat ominaisuudet kuin vanha. Kaikki kuppemme on valmistettu polypropeenista, joten kaikki k\u00e4ytt\u00f6kelvottomat kupit voidaan l\u00e4hett\u00e4\u00e4 kaikki yhdess\u00e4 kierr\u00e4tykseen ilman lajittelua.<\/p>\n<h2>100 % kierr\u00e4tett\u00e4v\u00e4<\/h2>\n<p>Teemme yhteisty\u00f6t\u00e4 kierr\u00e4tysyrityksen kanssa, joka muuttaa kaikki k\u00e4ytt\u00f6kelvottomat mukit hy\u00f6dyllisiksi esineiksi, kuten vaatepuristimiksi, ja yrit\u00e4mme varmistaa, ett\u00e4 loppuk\u00e4ytt\u00e4j\u00e4 tiet\u00e4\u00e4, ettei mukimme ole vain uudelleenk\u00e4ytett\u00e4vi\u00e4, vaan my\u00f6s 100% kierr\u00e4tett\u00e4vi\u00e4.\u00a0My\u00f6s kuppejemme s\u00e4ilytykseen ja kuljetukseen k\u00e4ytett\u00e4v\u00e4t kantolaatikot on valmistettu kierr\u00e4tysmuovista.<\/p>\n<p>\t\t\t\t\t\t\t\t\t\t\t\t\t\t\t<img data-recalc-dims=\"1\" loading=\"lazy\" decoding=\"async\" width=\"800\" height=\"800\" src=\"https:\/\/i0.wp.com\/greencupnordic.com\/wp-content\/uploads\/2022\/09\/GG_IMAGE_9.jpg?resize=800%2C800&#038;ssl=1\" alt=\"\" loading=\"lazy\" srcset=\"https:\/\/greencupnordic.com\/wp-content\/uploads\/2022\/09\/GG_IMAGE_9-1024x1024.jpg 1024w, https:\/\/greencupnordic.com\/wp-content\/uploads\/2022\/09\/GG_IMAGE_9-300x300.jpg 300w, https:\/\/greencupnordic.com\/wp-content\/uploads\/2022\/09\/GG_IMAGE_9-150x150.jpg 150w, https:\/\/greencupnordic.com\/wp-content\/uploads\/2022\/09\/GG_IMAGE_9-768x768.jpg 768w, https:\/\/greencupnordic.com\/wp-content\/uploads\/2022\/09\/GG_IMAGE_9-1536x1536.jpg 1536w, https:\/\/greencupnordic.com\/wp-content\/uploads\/2022\/09\/GG_IMAGE_9.jpg 1600w\" sizes=\"auto, (max-width: 800px) 100vw, 800px\" \/><br \/>\n\t\t\t\t\t\t\t\t\t\t\t\t\t\t\t<img data-recalc-dims=\"1\" loading=\"lazy\" decoding=\"async\" width=\"800\" height=\"800\" src=\"https:\/\/i0.wp.com\/greencupnordic.com\/wp-content\/uploads\/2022\/09\/GG_IMAGE_12.jpg?resize=800%2C800&#038;ssl=1\" alt=\"\" loading=\"lazy\" srcset=\"https:\/\/greencupnordic.com\/wp-content\/uploads\/2022\/09\/GG_IMAGE_12-1024x1024.jpg 1024w, https:\/\/greencupnordic.com\/wp-content\/uploads\/2022\/09\/GG_IMAGE_12-300x300.jpg 300w, https:\/\/greencupnordic.com\/wp-content\/uploads\/2022\/09\/GG_IMAGE_12-150x150.jpg 150w, https:\/\/greencupnordic.com\/wp-content\/uploads\/2022\/09\/GG_IMAGE_12-768x768.jpg 768w, https:\/\/greencupnordic.com\/wp-content\/uploads\/2022\/09\/GG_IMAGE_12-1536x1536.jpg 1536w, https:\/\/greencupnordic.com\/wp-content\/uploads\/2022\/09\/GG_IMAGE_12.jpg 1663w\" sizes=\"auto, (max-width: 800px) 100vw, 800px\" \/>\t\t\t\t\t\t\t\t\t\t\t\t\t\t\t<\/p>\n<h2>Voidaan pest\u00e4 satoja kertoja<\/h2>\n<p>Kaikki kupit ovat konepesun kest\u00e4vi\u00e4 ja suunniteltu kest\u00e4m\u00e4\u00e4n satoja pesuja.<\/p>\n<p>GreenCup-kertak\u00e4ytt\u00f6iset tuotteet sopivat t\u00e4ydellisesti retkeilyyn ja grillaukseen, olemme kuulleet asiakkailta, jotka k\u00e4ytt\u00e4v\u00e4t niit\u00e4 kyn\u00e4telinein\u00e4 tai v\u00e4linein\u00e4 koiranruoan kauhaamiseen. Mihin tahansa k\u00e4yt\u00e4t omaasi, muista, ett\u00e4 sen k\u00e4ytt\u00f6i\u00e4n lopussa polypropeeni voidaan kierr\u00e4tt\u00e4\u00e4 \u2013 tarkista vain, mihin kokoelmaan kuntasi hyv\u00e4ksyy sen.<\/p>\n","protected":false},"excerpt":{"rendered":"<p>Mist\u00e4 uudelleenk\u00e4ytett\u00e4v\u00e4t kuppimme on valmistettu? GreenCup tarjoaa Suomen laajimman valikoiman uudelleenk\u00e4ytett\u00e4vi\u00e4 mukeja. Tuopeista 400 ml:n highballiin, jotka sopivat erinomaisesti kes\u00e4cocktaileihin tai mikseriin j\u00e4\u00e4n tai koristelun kanssa. Meill\u00e4 on shottilasseja, samppanjahuiluja, kahvikuppeja ja tietysti suosituin tuotteemme: tuoppimukit. GreenCup Kaikki GreenCup-tuotteemme on valmistettu polypropeenista (PP), mik\u00e4 tekee niist\u00e4 BPA-vapaita, uskomattoman kest\u00e4vi\u00e4 ja t\u00e4ydellisi\u00e4 moneen k\u00e4ytt\u00f6\u00f6n. Polypropeeni on [&hellip;]<\/p>\n","protected":false},"author":2,"featured_media":0,"parent":8705,"menu_order":0,"comment_status":"closed","ping_status":"closed","template":"","meta":{"_acf_changed":false,"_eb_attr":"","_monsterinsights_skip_tracking":false,"_monsterinsights_sitenote_active":false,"_monsterinsights_sitenote_note":"","_monsterinsights_sitenote_category":0,"footnotes":""},"class_list":["post-8740","page","type-page","status-publish","hentry"],"translation":{"provider":"WPGlobus","version":"3.0.2","language":"fi","enabled_languages":["en","fi"],"languages":{"en":{"title":true,"content":true,"excerpt":false},"fi":{"title":true,"content":true,"excerpt":false}}},"acf":[],"yoast_head":"<!-- This site is optimized with the Yoast SEO plugin v27.3 - https:\/\/yoast.com\/product\/yoast-seo-wordpress\/ -->\n<title>Uudelleenk\u00e4ytett\u00e4v\u00e4 ja 100% kierr\u00e4tett\u00e4v\u00e4 - GreenCup<\/title>\n<meta name=\"robots\" content=\"index, follow, max-snippet:-1, max-image-preview:large, max-video-preview:-1\" \/>\n<link rel=\"canonical\" href=\"https:\/\/greencupnordic.com\/sustainability\/reusable-and-100-recyclable\/\" \/>\n<meta property=\"og:locale\" content=\"fi_FI\" \/>\n<meta property=\"og:type\" content=\"article\" \/>\n<meta property=\"og:title\" content=\"Uudelleenk\u00e4ytett\u00e4v\u00e4 ja 100% kierr\u00e4tett\u00e4v\u00e4 - GreenCup\" \/>\n<meta property=\"og:url\" content=\"https:\/\/greencupnordic.com\/sustainability\/reusable-and-100-recyclable\/\" \/>\n<meta property=\"og:site_name\" content=\"GreenCup\" \/>\n<meta property=\"article:modified_time\" content=\"2023-02-22T07:42:42+00:00\" \/>\n<meta property=\"og:image\" content=\"https:\/\/greencupnordic.com\/wp-content\/uploads\/2022\/09\/GG_IMAGE_22-2048x2046-1-1024x1024.jpg\" \/>\n<meta name=\"twitter:card\" content=\"summary_large_image\" \/>\n<meta name=\"twitter:label1\" content=\"Arvioitu lukuaika\" \/>\n\t<meta name=\"twitter:data1\" content=\"2 minuuttia\" \/>\n<script type=\"application\/ld+json\" class=\"yoast-schema-graph\">{\"@context\":\"https:\\\/\\\/schema.org\",\"@graph\":[{\"@type\":\"WebPage\",\"@id\":\"https:\\\/\\\/greencupnordic.com\\\/sustainability\\\/reusable-and-100-recyclable\\\/\",\"url\":\"https:\\\/\\\/greencupnordic.com\\\/sustainability\\\/reusable-and-100-recyclable\\\/\",\"name\":\"Uudelleenk\u00e4ytett\u00e4v\u00e4 ja 100% kierr\u00e4tett\u00e4v\u00e4 - GreenCup\",\"isPartOf\":{\"@id\":\"https:\\\/\\\/greencupnordic.com\\\/#website\"},\"primaryImageOfPage\":{\"@id\":\"https:\\\/\\\/greencupnordic.com\\\/sustainability\\\/reusable-and-100-recyclable\\\/#primaryimage\"},\"image\":{\"@id\":\"https:\\\/\\\/greencupnordic.com\\\/sustainability\\\/reusable-and-100-recyclable\\\/#primaryimage\"},\"thumbnailUrl\":\"https:\\\/\\\/greencupnordic.com\\\/wp-content\\\/uploads\\\/2022\\\/09\\\/GG_IMAGE_22-2048x2046-1-1024x1024.jpg\",\"datePublished\":\"2022-09-22T21:53:57+00:00\",\"dateModified\":\"2023-02-22T07:42:42+00:00\",\"breadcrumb\":{\"@id\":\"https:\\\/\\\/greencupnordic.com\\\/sustainability\\\/reusable-and-100-recyclable\\\/#breadcrumb\"},\"inLanguage\":\"fi\",\"potentialAction\":[{\"@type\":\"ReadAction\",\"target\":[\"https:\\\/\\\/greencupnordic.com\\\/sustainability\\\/reusable-and-100-recyclable\\\/\"]}]},{\"@type\":\"ImageObject\",\"inLanguage\":\"fi\",\"@id\":\"https:\\\/\\\/greencupnordic.com\\\/sustainability\\\/reusable-and-100-recyclable\\\/#primaryimage\",\"url\":\"https:\\\/\\\/greencupnordic.com\\\/wp-content\\\/uploads\\\/2022\\\/09\\\/GG_IMAGE_22-2048x2046-1-1024x1024.jpg\",\"contentUrl\":\"https:\\\/\\\/greencupnordic.com\\\/wp-content\\\/uploads\\\/2022\\\/09\\\/GG_IMAGE_22-2048x2046-1-1024x1024.jpg\"},{\"@type\":\"BreadcrumbList\",\"@id\":\"https:\\\/\\\/greencupnordic.com\\\/sustainability\\\/reusable-and-100-recyclable\\\/#breadcrumb\",\"itemListElement\":[{\"@type\":\"ListItem\",\"position\":1,\"name\":\"Home\",\"item\":\"https:\\\/\\\/greencupnordic.com\\\/\"},{\"@type\":\"ListItem\",\"position\":2,\"name\":\"Reusable and 100% Recyclable\"}]},{\"@type\":\"WebSite\",\"@id\":\"https:\\\/\\\/greencupnordic.com\\\/#website\",\"url\":\"https:\\\/\\\/greencupnordic.com\\\/\",\"name\":\"GreenCup\",\"description\":\"Erotu yksil\u00f6llisill\u00e4 ja kierr\u00e4tett\u00e4vill\u00e4 mukeilla\",\"publisher\":{\"@id\":\"https:\\\/\\\/greencupnordic.com\\\/#organization\"},\"potentialAction\":[{\"@type\":\"SearchAction\",\"target\":{\"@type\":\"EntryPoint\",\"urlTemplate\":\"https:\\\/\\\/greencupnordic.com\\\/?s={search_term_string}\"},\"query-input\":{\"@type\":\"PropertyValueSpecification\",\"valueRequired\":true,\"valueName\":\"search_term_string\"}}],\"inLanguage\":\"fi\"},{\"@type\":\"Organization\",\"@id\":\"https:\\\/\\\/greencupnordic.com\\\/#organization\",\"name\":\"GreenCup\",\"url\":\"https:\\\/\\\/greencupnordic.com\\\/\",\"logo\":{\"@type\":\"ImageObject\",\"inLanguage\":\"fi\",\"@id\":\"https:\\\/\\\/greencupnordic.com\\\/#\\\/schema\\\/logo\\\/image\\\/\",\"url\":\"https:\\\/\\\/i0.wp.com\\\/greencupnordic.com\\\/wp-content\\\/uploads\\\/2023\\\/06\\\/Nordic-Logo.png?fit=710%2C710&ssl=1\",\"contentUrl\":\"https:\\\/\\\/i0.wp.com\\\/greencupnordic.com\\\/wp-content\\\/uploads\\\/2023\\\/06\\\/Nordic-Logo.png?fit=710%2C710&ssl=1\",\"width\":710,\"height\":710,\"caption\":\"GreenCup\"},\"image\":{\"@id\":\"https:\\\/\\\/greencupnordic.com\\\/#\\\/schema\\\/logo\\\/image\\\/\"}}]}<\/script>\n<!-- \/ Yoast SEO plugin. -->","yoast_head_json":{"title":"Uudelleenk\u00e4ytett\u00e4v\u00e4 ja 100% kierr\u00e4tett\u00e4v\u00e4 - GreenCup","robots":{"index":"index","follow":"follow","max-snippet":"max-snippet:-1","max-image-preview":"max-image-preview:large","max-video-preview":"max-video-preview:-1"},"canonical":"https:\/\/greencupnordic.com\/sustainability\/reusable-and-100-recyclable\/","og_locale":"fi_FI","og_type":"article","og_title":"Uudelleenk\u00e4ytett\u00e4v\u00e4 ja 100% kierr\u00e4tett\u00e4v\u00e4 - GreenCup","og_url":"https:\/\/greencupnordic.com\/sustainability\/reusable-and-100-recyclable\/","og_site_name":"GreenCup","article_modified_time":"2023-02-22T07:42:42+00:00","og_image":[{"url":"https:\/\/greencupnordic.com\/wp-content\/uploads\/2022\/09\/GG_IMAGE_22-2048x2046-1-1024x1024.jpg","type":"","width":"","height":""}],"twitter_card":"summary_large_image","twitter_misc":{"Arvioitu lukuaika":"2 minuuttia"},"schema":{"@context":"https:\/\/schema.org","@graph":[{"@type":"WebPage","@id":"https:\/\/greencupnordic.com\/sustainability\/reusable-and-100-recyclable\/","url":"https:\/\/greencupnordic.com\/sustainability\/reusable-and-100-recyclable\/","name":"Uudelleenk\u00e4ytett\u00e4v\u00e4 ja 100% kierr\u00e4tett\u00e4v\u00e4 - GreenCup","isPartOf":{"@id":"https:\/\/greencupnordic.com\/#website"},"primaryImageOfPage":{"@id":"https:\/\/greencupnordic.com\/sustainability\/reusable-and-100-recyclable\/#primaryimage"},"image":{"@id":"https:\/\/greencupnordic.com\/sustainability\/reusable-and-100-recyclable\/#primaryimage"},"thumbnailUrl":"https:\/\/greencupnordic.com\/wp-content\/uploads\/2022\/09\/GG_IMAGE_22-2048x2046-1-1024x1024.jpg","datePublished":"2022-09-22T21:53:57+00:00","dateModified":"2023-02-22T07:42:42+00:00","breadcrumb":{"@id":"https:\/\/greencupnordic.com\/sustainability\/reusable-and-100-recyclable\/#breadcrumb"},"inLanguage":"fi","potentialAction":[{"@type":"ReadAction","target":["https:\/\/greencupnordic.com\/sustainability\/reusable-and-100-recyclable\/"]}]},{"@type":"ImageObject","inLanguage":"fi","@id":"https:\/\/greencupnordic.com\/sustainability\/reusable-and-100-recyclable\/#primaryimage","url":"https:\/\/greencupnordic.com\/wp-content\/uploads\/2022\/09\/GG_IMAGE_22-2048x2046-1-1024x1024.jpg","contentUrl":"https:\/\/greencupnordic.com\/wp-content\/uploads\/2022\/09\/GG_IMAGE_22-2048x2046-1-1024x1024.jpg"},{"@type":"BreadcrumbList","@id":"https:\/\/greencupnordic.com\/sustainability\/reusable-and-100-recyclable\/#breadcrumb","itemListElement":[{"@type":"ListItem","position":1,"name":"Home","item":"https:\/\/greencupnordic.com\/"},{"@type":"ListItem","position":2,"name":"Reusable and 100% Recyclable"}]},{"@type":"WebSite","@id":"https:\/\/greencupnordic.com\/#website","url":"https:\/\/greencupnordic.com\/","name":"GreenCup","description":"Erotu yksil\u00f6llisill\u00e4 ja kierr\u00e4tett\u00e4vill\u00e4 mukeilla","publisher":{"@id":"https:\/\/greencupnordic.com\/#organization"},"potentialAction":[{"@type":"SearchAction","target":{"@type":"EntryPoint","urlTemplate":"https:\/\/greencupnordic.com\/?s={search_term_string}"},"query-input":{"@type":"PropertyValueSpecification","valueRequired":true,"valueName":"search_term_string"}}],"inLanguage":"fi"},{"@type":"Organization","@id":"https:\/\/greencupnordic.com\/#organization","name":"GreenCup","url":"https:\/\/greencupnordic.com\/","logo":{"@type":"ImageObject","inLanguage":"fi","@id":"https:\/\/greencupnordic.com\/#\/schema\/logo\/image\/","url":"https:\/\/i0.wp.com\/greencupnordic.com\/wp-content\/uploads\/2023\/06\/Nordic-Logo.png?fit=710%2C710&ssl=1","contentUrl":"https:\/\/i0.wp.com\/greencupnordic.com\/wp-content\/uploads\/2023\/06\/Nordic-Logo.png?fit=710%2C710&ssl=1","width":710,"height":710,"caption":"GreenCup"},"image":{"@id":"https:\/\/greencupnordic.com\/#\/schema\/logo\/image\/"}}]}},"jetpack-related-posts":[{"id":8940,"url":"https:\/\/greencupnordic.com\/fi\/printing-techniques\/digital-print\/","url_meta":{"origin":8740,"position":0},"title":"Digitaalinen painatus","author":"Greencup.fi","date":"23.9.2022","format":false,"excerpt":"{:en}Full-colour prints are available in smaller orders Greencup offer a digital printing service for our range of reusable cups for cold drinks. Digital printing is designed for low minimum order quantities, making them ideal for weddings and small parties.With our digital printing service Greencup can produce cups with vibrant, long-lasting\u2026","rel":"","context":"Samankaltainen artikkeli","block_context":{"text":"Samankaltainen artikkeli","link":""},"img":{"alt_text":"","src":"https:\/\/i0.wp.com\/greencupnordic.com\/wp-content\/uploads\/2022\/09\/Cup_Diagrams-Digital-1024x1024.png?resize=350%2C200&ssl=1","width":350,"height":200,"srcset":"https:\/\/i0.wp.com\/greencupnordic.com\/wp-content\/uploads\/2022\/09\/Cup_Diagrams-Digital-1024x1024.png?resize=350%2C200&ssl=1 1x, https:\/\/i0.wp.com\/greencupnordic.com\/wp-content\/uploads\/2022\/09\/Cup_Diagrams-Digital-1024x1024.png?resize=525%2C300&ssl=1 1.5x, https:\/\/i0.wp.com\/greencupnordic.com\/wp-content\/uploads\/2022\/09\/Cup_Diagrams-Digital-1024x1024.png?resize=700%2C400&ssl=1 2x"},"classes":[]},{"id":8955,"url":"https:\/\/greencupnordic.com\/fi\/printing-techniques\/screen-printing\/","url_meta":{"origin":8740,"position":1},"title":"Silkkipainatus","author":"Greencup.fi","date":"23.9.2022","format":false,"excerpt":"{:en} Reusable cups branded for your event Reusable cups branded with your logo or business name is an effective way to market your brand at your next event. Screen printed reusable cups have a brilliant, richly coloured, glossy printed finish.\u00a0Our screen printing method allows for your design to last hundreds\u2026","rel":"","context":"Samankaltainen artikkeli","block_context":{"text":"Samankaltainen artikkeli","link":""},"img":{"alt_text":"","src":"https:\/\/i0.wp.com\/greencupnordic.com\/wp-content\/uploads\/2022\/09\/Cup_Diagrams-Screen-1024x1024.png?resize=350%2C200&ssl=1","width":350,"height":200,"srcset":"https:\/\/i0.wp.com\/greencupnordic.com\/wp-content\/uploads\/2022\/09\/Cup_Diagrams-Screen-1024x1024.png?resize=350%2C200&ssl=1 1x, https:\/\/i0.wp.com\/greencupnordic.com\/wp-content\/uploads\/2022\/09\/Cup_Diagrams-Screen-1024x1024.png?resize=525%2C300&ssl=1 1.5x, https:\/\/i0.wp.com\/greencupnordic.com\/wp-content\/uploads\/2022\/09\/Cup_Diagrams-Screen-1024x1024.png?resize=700%2C400&ssl=1 2x"},"classes":[]},{"id":9173,"url":"https:\/\/greencupnordic.com\/fi\/products\/accessories\/","url_meta":{"origin":8740,"position":2},"title":"Accessories","author":"Greencup.fi","date":"23.9.2022","format":false,"excerpt":"Accessories to compliment our reusable cups Greencup offers a wide range of eco-friendly accessories to compliment your reusable cup and coffee cups. Discover our range of coffee lids, cup\/bottle\/wine lanyards, and our innovative stacking handles for our reusable pint cups. Stacking Handles If you\u2019re looking for a novel way to\u2026","rel":"","context":"Samankaltainen artikkeli","block_context":{"text":"Samankaltainen artikkeli","link":""},"img":{"alt_text":"","src":"https:\/\/i0.wp.com\/greencupnordic.com\/wp-content\/uploads\/2022\/09\/GG_IMAGE_51-1024x1024.jpg?resize=350%2C200&ssl=1","width":350,"height":200,"srcset":"https:\/\/i0.wp.com\/greencupnordic.com\/wp-content\/uploads\/2022\/09\/GG_IMAGE_51-1024x1024.jpg?resize=350%2C200&ssl=1 1x, https:\/\/i0.wp.com\/greencupnordic.com\/wp-content\/uploads\/2022\/09\/GG_IMAGE_51-1024x1024.jpg?resize=525%2C300&ssl=1 1.5x, https:\/\/i0.wp.com\/greencupnordic.com\/wp-content\/uploads\/2022\/09\/GG_IMAGE_51-1024x1024.jpg?resize=700%2C400&ssl=1 2x"},"classes":[]},{"id":8909,"url":"https:\/\/greencupnordic.com\/fi\/printing-techniques\/","url_meta":{"origin":8740,"position":3},"title":"Printing Techniques","author":"Greencup.fi","date":"23.9.2022","format":false,"excerpt":"IML (In Mould Labelling) Printing IML Printing is available on all of our products except the wine and hot drink collections. This photographic finish is the most popular option for pint cups as the design can include unlimited colours, photographs and cover a large area of the cup. More Info\u2026","rel":"","context":"Samankaltainen artikkeli","block_context":{"text":"Samankaltainen artikkeli","link":""},"img":{"alt_text":"","src":"https:\/\/i0.wp.com\/greencupnordic.com\/wp-content\/uploads\/2022\/09\/IML_HALF_PINT-1-1024x1024.jpg?resize=350%2C200&ssl=1","width":350,"height":200,"srcset":"https:\/\/i0.wp.com\/greencupnordic.com\/wp-content\/uploads\/2022\/09\/IML_HALF_PINT-1-1024x1024.jpg?resize=350%2C200&ssl=1 1x, https:\/\/i0.wp.com\/greencupnordic.com\/wp-content\/uploads\/2022\/09\/IML_HALF_PINT-1-1024x1024.jpg?resize=525%2C300&ssl=1 1.5x, https:\/\/i0.wp.com\/greencupnordic.com\/wp-content\/uploads\/2022\/09\/IML_HALF_PINT-1-1024x1024.jpg?resize=700%2C400&ssl=1 2x"},"classes":[]},{"id":9472,"url":"https:\/\/greencupnordic.com\/fi\/","url_meta":{"origin":8740,"position":4},"title":"{:en}We are on a mission\u2026","author":"Greencup.fi","date":"23.9.2022","format":false,"excerpt":"{:en}We are on a mission to save the planet one reusable cup at a time We are the leading supplier of reusable cups, coffee cups and foodware in the nordics Find the Right Cup Lowers your event's carbon footprintReduce waste and favor reusable items. Full Service SolutionThe largest Nordic based\u2026","rel":"","context":"Samankaltainen artikkeli","block_context":{"text":"Samankaltainen artikkeli","link":""},"img":{"alt_text":"","src":"https:\/\/i0.wp.com\/greencupnordic.com\/wp-content\/uploads\/2023\/05\/eco-responsable-1.png?resize=350%2C200&ssl=1","width":350,"height":200},"classes":[]},{"id":8925,"url":"https:\/\/greencupnordic.com\/fi\/printing-techniques\/in-mould-labelling-photographic-finish\/","url_meta":{"origin":8740,"position":5},"title":"Kalvopainatus","author":"Greencup.fi","date":"23.9.2022","format":false,"excerpt":"{:en}Our most popular print style Our IML reusable cups are the most cost effective way for our customers to order reusable cups in bulk. IML is a sophisticated process that produces brilliant, richly coloured, high gloss, printed images in excellent photo quality.\u00a0 The most popular print style for Greencups\u2019s clients,\u2026","rel":"","context":"Samankaltainen artikkeli","block_context":{"text":"Samankaltainen artikkeli","link":""},"img":{"alt_text":"","src":"https:\/\/i0.wp.com\/greencupnordic.com\/wp-content\/uploads\/2022\/09\/IML_CUP_1-2048x2048-1-1024x1024.png?resize=350%2C200&ssl=1","width":350,"height":200,"srcset":"https:\/\/i0.wp.com\/greencupnordic.com\/wp-content\/uploads\/2022\/09\/IML_CUP_1-2048x2048-1-1024x1024.png?resize=350%2C200&ssl=1 1x, https:\/\/i0.wp.com\/greencupnordic.com\/wp-content\/uploads\/2022\/09\/IML_CUP_1-2048x2048-1-1024x1024.png?resize=525%2C300&ssl=1 1.5x, https:\/\/i0.wp.com\/greencupnordic.com\/wp-content\/uploads\/2022\/09\/IML_CUP_1-2048x2048-1-1024x1024.png?resize=700%2C400&ssl=1 2x"},"classes":[]}],"jetpack_sharing_enabled":true,"_links":{"self":[{"href":"https:\/\/greencupnordic.com\/fi\/wp-json\/wp\/v2\/pages\/8740","targetHints":{"allow":["GET"]}}],"collection":[{"href":"https:\/\/greencupnordic.com\/fi\/wp-json\/wp\/v2\/pages"}],"about":[{"href":"https:\/\/greencupnordic.com\/fi\/wp-json\/wp\/v2\/types\/page"}],"author":[{"embeddable":true,"href":"https:\/\/greencupnordic.com\/fi\/wp-json\/wp\/v2\/users\/2"}],"replies":[{"embeddable":true,"href":"https:\/\/greencupnordic.com\/fi\/wp-json\/wp\/v2\/comments?post=8740"}],"version-history":[{"count":30,"href":"https:\/\/greencupnordic.com\/fi\/wp-json\/wp\/v2\/pages\/8740\/revisions"}],"predecessor-version":[{"id":9938,"href":"https:\/\/greencupnordic.com\/fi\/wp-json\/wp\/v2\/pages\/8740\/revisions\/9938"}],"up":[{"embeddable":true,"href":"https:\/\/greencupnordic.com\/fi\/wp-json\/wp\/v2\/pages\/8705"}],"wp:attachment":[{"href":"https:\/\/greencupnordic.com\/fi\/wp-json\/wp\/v2\/media?parent=8740"}],"curies":[{"name":"wp","href":"https:\/\/api.w.org\/{rel}","templated":true}]}}