{"id":8805,"date":"2022-09-23T01:31:48","date_gmt":"2022-09-22T22:31:48","guid":{"rendered":"https:\/\/greencupnordic.com\/?page_id=8805"},"modified":"2025-04-14T10:09:09","modified_gmt":"2025-04-14T07:09:09","slug":"contact-us","status":"publish","type":"page","link":"https:\/\/greencupnordic.com\/fi\/contact-us\/","title":{"rendered":"Contact  us"},"content":{"rendered":"<form id=\"wpforms-form-8531\" data-formid=\"8531\" method=\"post\" enctype=\"multipart\/form-data\" action=\"\/wp-admin\/admin-ajax.php\" data-token=\"6510088cb0b330600d9d62dca9033fe4\" data-token-time=\"1744291075\"><noscript>Please enable JavaScript in your browser to complete this form.<\/noscript><label>Name *<\/label><input type=\"text\" id=\"wpforms-8531-field_0\" name=\"wpforms[fields][0][first]\" required><label for=\"wpforms-8531-field_0\">First<\/label><input type=\"text\" id=\"wpforms-8531-field_0-last\" name=\"wpforms[fields][0][last]\" required><label for=\"wpforms-8531-field_0-last\">Last<\/label><label for=\"wpforms-8531-field_5\">Phone Number *<\/label><input type=\"number\" id=\"wpforms-8531-field_5\" name=\"wpforms[fields][5]\" step=\"any\" required><label for=\"wpforms-8531-field_1\">Email *<\/label><input type=\"email\" id=\"wpforms-8531-field_1\" name=\"wpforms[fields][1]\" spellcheck=\"false\" required><label for=\"wpforms-8531-field_2\">Comment or Message<\/label><textarea id=\"wpforms-8531-field_2\" name=\"wpforms[fields][2]\" ><\/textarea><!-- .wpforms-field-container --><input type=\"hidden\" name=\"wpforms[recaptcha]\" value=\"\"><input type=\"hidden\" name=\"wpforms[id]\" value=\"8531\">\t\t\t<input\n\t\t\t\ttype=\"hidden\"\n\t\t\t\tname=\"wpforms[nonce]\"\n\t\t\t\tvalue=\"7db99602a6\"\n\t\t\t\/><br \/>\n\t\t\t<input type=\"hidden\" name=\"page_title\" value=\"{page_title}\"><input type=\"hidden\" name=\"page_url\" value=\"http:\/\/page_url\"><input type=\"hidden\" name=\"url_referer\" value=\"http:\/\/url_referer\"><button type=\"submit\" name=\"wpforms[submit]\" id=\"wpforms-submit-8531\" data-alt-text=\"Sending...\" data-submit-text=\"Submit\" aria-live=\"assertive\" value=\"wpforms-submit\">Submit<\/button><img decoding=\"async\" src=\"https:\/\/greencupnordic.com\/wp-content\/plugins\/wpforms-lite\/assets\/images\/submit-spin.svg\" style=\"display: none;\" width=\"26\" height=\"26\" alt=\"Loading\"><\/form>\n<p>  <!-- .wpforms-container -->\t\t<\/p>\n<h2>Contact the GreenCup Team <\/h2>\n<figure><img data-recalc-dims=\"1\" fetchpriority=\"high\" decoding=\"async\" width=\"218\" height=\"300\" src=\"https:\/\/i0.wp.com\/greencupnordic.com\/wp-content\/uploads\/2023\/06\/IMG_0993.jpg?resize=218%2C300&#038;ssl=1\" alt=\"\" \/><\/figure>\n<h3>Niklas Salminen<br \/>Event Director \/ COO<\/h3>\n<p>+358 40 7327657<br \/>\n&#78;&#x69;k&#x6c;&#x61;&#115;&#x2e;s&#x61;&#x6c;&#109;&#x69;n&#x65;&#x6e;&#64;&#x67;r&#x65;&#x65;&#110;&#x63;u&#x70;&#x6e;&#111;&#x72;d&#x69;&#x63;&#46;&#x63;o&#x6d;<\/p>\n<figure><img data-recalc-dims=\"1\" decoding=\"async\" width=\"225\" height=\"300\" src=\"https:\/\/i0.wp.com\/greencupnordic.com\/wp-content\/uploads\/2025\/03\/21206ae5-76b7-4c6c-9a28-7382f8530013-2.jpg?resize=225%2C300&#038;ssl=1\" alt=\"\" \/><\/figure>\n<h3>Nuutti Lintu<br \/> Chairman of the board<br \/> Co-Founder <\/h3>\n<p>+358 50 3472522<br \/> <br \/>\n&#x4e;&#117;u&#x74;&#x74;&#105;&#46;&#x6c;&#x69;&#110;t&#x75;&#x40;&#103;r&#x65;&#x65;&#110;c&#x75;&#112;&#110;o&#x72;&#100;i&#x63;&#x2e;&#99;o&#x6d;<\/p>\n<h2>Green vuokraus- ja pesupalvelut Oy<\/h2>\n<p>Y-tunnus :&nbsp;3249454-3&nbsp;<\/p>\n<p>&#x73;&#x61;&#x6c;&#x65;&#x73;&#x40;&#103;&#114;&#101;&#101;ncup&#x6e;&#x6f;&#x72;&#x64;&#x69;&#x63;&#46;&#99;&#111;&#109;&nbsp;<\/p>\n<p>Osoite:&nbsp;<a style=\"background-color: #ffffff; font-size: 14px; font-family: 'Helvetica Neue', Helvetica, Arial, sans-serif;\" href=\"https:\/\/www.fonecta.fi\/kartat\/60.719139,24.44222?address=Yhdystie%206%2C%2012700%20Loppi&amp;edsacid=ofs-finder-profile-location\" target=\"_blank\" rel=\"nofollow noopener noreferrer\" data-listing-street-address=\"Yhdystie 6\" data-listing-postal-code=\"12700\" data-track-link=\"profileLink\" data-tracking-profile-link=\"{&quot;eVar25&quot;:&quot;click address&quot;,&quot;products&quot;:&quot;;3716645&quot;,&quot;FonectaProducts&quot;:&quot;3716645:Y:https%3A%2F%2Fwww.fonecta.fi%2Fkartat%2F60.719139%2C24.44222%3Faddress%3DYhdystie%25206%252C%252012700%2520Loppi:1::&quot;,&quot;events&quot;:&quot;event86,event13&quot;,&quot;linkTrackEvents&quot;:&quot;event86,event13&quot;,&quot;linkText&quot;:&quot;https:\/\/www.fonecta.fi\/kartat\/60.719139,24.44222?address=Yhdystie%206%2C%2012700%20Loppi&quot;,&quot;eVar29&quot;:&quot;https:\/\/www.fonecta.fi\/kartat\/60.719139,24.44222?address=Yhdystie%206%2C%2012700%20Loppi&quot;,&quot;linkTrackVars&quot;:&quot;eVar25,eVar29,products,events&quot;}\">Yhdystie 6, 12700 Loppi<\/a><\/p>\n","protected":false},"excerpt":{"rendered":"<p>Please enable JavaScript in your browser to complete this form.Name *FirstLastPhone Number *Email *Comment or Message Submit Contact the GreenCup Team Niklas SalminenEvent Director \/ COO +358 40 7327657 &#x4e;&#105;&#107;&#x6c;&#x61;&#115;&#46;&#x73;&#x61;&#108;&#109;&#x69;&#x6e;&#101;&#110;&#x40;&#x67;&#114;&#101;&#x65;&#x6e;&#99;&#117;&#x70;&#x6e;&#111;&#114;&#x64;&#x69;&#99;&#46;&#x63;&#x6f;&#109; Nuutti Lintu Chairman of the board Co-Founder +358 50 3472522 N&#117;&#117;&#x74;&#x74;&#x69;&#46;&#108;&#105;&#x6e;&#x74;&#x75;&#64;g&#114;&#x65;&#x65;&#x6e;cu&#112;&#110;&#x6f;&#x72;&#x64;i&#99;&#46;&#x63;&#x6f;&#x6d; Green vuokraus- ja pesupalvelut Oy Y-tunnus :&nbsp;3249454-3&nbsp; &#x73;&#x61;&#x6c;&#x65;&#x73;&#x40;&#x67;&#x72;&#x65;&#x65;&#x6e;&#99;&#117;&#112;&#110;&#111;&#114;&#100;ic&#46;com&nbsp; Osoite:&nbsp;Yhdystie 6, 12700 Loppi<\/p>\n","protected":false},"author":2,"featured_media":0,"parent":0,"menu_order":0,"comment_status":"closed","ping_status":"closed","template":"","meta":{"_acf_changed":false,"_eb_attr":"","_monsterinsights_skip_tracking":false,"_monsterinsights_sitenote_active":false,"_monsterinsights_sitenote_note":"","_monsterinsights_sitenote_category":0,"footnotes":""},"class_list":["post-8805","page","type-page","status-publish","hentry"],"translation":{"provider":"WPGlobus","version":"3.0.2","language":"fi","enabled_languages":["en","fi"],"languages":{"en":{"title":true,"content":true,"excerpt":false},"fi":{"title":true,"content":true,"excerpt":false}}},"acf":[],"yoast_head":"<!-- This site is optimized with the Yoast SEO plugin v27.3 - https:\/\/yoast.com\/product\/yoast-seo-wordpress\/ -->\n<title>Contact us - GreenCup<\/title>\n<meta name=\"robots\" content=\"index, follow, max-snippet:-1, max-image-preview:large, max-video-preview:-1\" \/>\n<link rel=\"canonical\" href=\"https:\/\/greencupnordic.com\/contact-us\/\" \/>\n<meta property=\"og:locale\" content=\"fi_FI\" \/>\n<meta property=\"og:type\" content=\"article\" \/>\n<meta property=\"og:title\" content=\"Contact us - GreenCup\" \/>\n<meta property=\"og:url\" content=\"https:\/\/greencupnordic.com\/contact-us\/\" \/>\n<meta property=\"og:site_name\" content=\"GreenCup\" \/>\n<meta property=\"article:modified_time\" content=\"2025-04-14T07:09:09+00:00\" \/>\n<meta property=\"og:image\" content=\"https:\/\/greencupnordic.com\/wp-content\/plugins\/wpforms-lite\/assets\/images\/submit-spin.svg\" \/>\n<meta name=\"twitter:card\" content=\"summary_large_image\" \/>\n<meta name=\"twitter:label1\" content=\"Arvioitu lukuaika\" \/>\n\t<meta name=\"twitter:data1\" content=\"1 minuutti\" \/>\n<script type=\"application\/ld+json\" class=\"yoast-schema-graph\">{\"@context\":\"https:\\\/\\\/schema.org\",\"@graph\":[{\"@type\":\"WebPage\",\"@id\":\"https:\\\/\\\/greencupnordic.com\\\/contact-us\\\/\",\"url\":\"https:\\\/\\\/greencupnordic.com\\\/contact-us\\\/\",\"name\":\"Contact us - GreenCup\",\"isPartOf\":{\"@id\":\"https:\\\/\\\/greencupnordic.com\\\/#website\"},\"primaryImageOfPage\":{\"@id\":\"https:\\\/\\\/greencupnordic.com\\\/contact-us\\\/#primaryimage\"},\"image\":{\"@id\":\"https:\\\/\\\/greencupnordic.com\\\/contact-us\\\/#primaryimage\"},\"thumbnailUrl\":\"https:\\\/\\\/greencupnordic.com\\\/wp-content\\\/plugins\\\/wpforms-lite\\\/assets\\\/images\\\/submit-spin.svg\",\"datePublished\":\"2022-09-22T22:31:48+00:00\",\"dateModified\":\"2025-04-14T07:09:09+00:00\",\"breadcrumb\":{\"@id\":\"https:\\\/\\\/greencupnordic.com\\\/contact-us\\\/#breadcrumb\"},\"inLanguage\":\"fi\",\"potentialAction\":[{\"@type\":\"ReadAction\",\"target\":[\"https:\\\/\\\/greencupnordic.com\\\/contact-us\\\/\"]}]},{\"@type\":\"ImageObject\",\"inLanguage\":\"fi\",\"@id\":\"https:\\\/\\\/greencupnordic.com\\\/contact-us\\\/#primaryimage\",\"url\":\"https:\\\/\\\/greencupnordic.com\\\/wp-content\\\/plugins\\\/wpforms-lite\\\/assets\\\/images\\\/submit-spin.svg\",\"contentUrl\":\"https:\\\/\\\/greencupnordic.com\\\/wp-content\\\/plugins\\\/wpforms-lite\\\/assets\\\/images\\\/submit-spin.svg\"},{\"@type\":\"BreadcrumbList\",\"@id\":\"https:\\\/\\\/greencupnordic.com\\\/contact-us\\\/#breadcrumb\",\"itemListElement\":[{\"@type\":\"ListItem\",\"position\":1,\"name\":\"Home\",\"item\":\"https:\\\/\\\/greencupnordic.com\\\/\"},{\"@type\":\"ListItem\",\"position\":2,\"name\":\"Contact us\"}]},{\"@type\":\"WebSite\",\"@id\":\"https:\\\/\\\/greencupnordic.com\\\/#website\",\"url\":\"https:\\\/\\\/greencupnordic.com\\\/\",\"name\":\"GreenCup\",\"description\":\"Erotu yksil\u00f6llisill\u00e4 ja kierr\u00e4tett\u00e4vill\u00e4 mukeilla\",\"publisher\":{\"@id\":\"https:\\\/\\\/greencupnordic.com\\\/#organization\"},\"potentialAction\":[{\"@type\":\"SearchAction\",\"target\":{\"@type\":\"EntryPoint\",\"urlTemplate\":\"https:\\\/\\\/greencupnordic.com\\\/?s={search_term_string}\"},\"query-input\":{\"@type\":\"PropertyValueSpecification\",\"valueRequired\":true,\"valueName\":\"search_term_string\"}}],\"inLanguage\":\"fi\"},{\"@type\":\"Organization\",\"@id\":\"https:\\\/\\\/greencupnordic.com\\\/#organization\",\"name\":\"GreenCup\",\"url\":\"https:\\\/\\\/greencupnordic.com\\\/\",\"logo\":{\"@type\":\"ImageObject\",\"inLanguage\":\"fi\",\"@id\":\"https:\\\/\\\/greencupnordic.com\\\/#\\\/schema\\\/logo\\\/image\\\/\",\"url\":\"https:\\\/\\\/i0.wp.com\\\/greencupnordic.com\\\/wp-content\\\/uploads\\\/2023\\\/06\\\/Nordic-Logo.png?fit=710%2C710&ssl=1\",\"contentUrl\":\"https:\\\/\\\/i0.wp.com\\\/greencupnordic.com\\\/wp-content\\\/uploads\\\/2023\\\/06\\\/Nordic-Logo.png?fit=710%2C710&ssl=1\",\"width\":710,\"height\":710,\"caption\":\"GreenCup\"},\"image\":{\"@id\":\"https:\\\/\\\/greencupnordic.com\\\/#\\\/schema\\\/logo\\\/image\\\/\"}}]}<\/script>\n<!-- \/ Yoast SEO plugin. -->","yoast_head_json":{"title":"Contact us - GreenCup","robots":{"index":"index","follow":"follow","max-snippet":"max-snippet:-1","max-image-preview":"max-image-preview:large","max-video-preview":"max-video-preview:-1"},"canonical":"https:\/\/greencupnordic.com\/contact-us\/","og_locale":"fi_FI","og_type":"article","og_title":"Contact us - GreenCup","og_url":"https:\/\/greencupnordic.com\/contact-us\/","og_site_name":"GreenCup","article_modified_time":"2025-04-14T07:09:09+00:00","og_image":[{"url":"https:\/\/greencupnordic.com\/wp-content\/plugins\/wpforms-lite\/assets\/images\/submit-spin.svg","type":"","width":"","height":""}],"twitter_card":"summary_large_image","twitter_misc":{"Arvioitu lukuaika":"1 minuutti"},"schema":{"@context":"https:\/\/schema.org","@graph":[{"@type":"WebPage","@id":"https:\/\/greencupnordic.com\/contact-us\/","url":"https:\/\/greencupnordic.com\/contact-us\/","name":"Contact us - GreenCup","isPartOf":{"@id":"https:\/\/greencupnordic.com\/#website"},"primaryImageOfPage":{"@id":"https:\/\/greencupnordic.com\/contact-us\/#primaryimage"},"image":{"@id":"https:\/\/greencupnordic.com\/contact-us\/#primaryimage"},"thumbnailUrl":"https:\/\/greencupnordic.com\/wp-content\/plugins\/wpforms-lite\/assets\/images\/submit-spin.svg","datePublished":"2022-09-22T22:31:48+00:00","dateModified":"2025-04-14T07:09:09+00:00","breadcrumb":{"@id":"https:\/\/greencupnordic.com\/contact-us\/#breadcrumb"},"inLanguage":"fi","potentialAction":[{"@type":"ReadAction","target":["https:\/\/greencupnordic.com\/contact-us\/"]}]},{"@type":"ImageObject","inLanguage":"fi","@id":"https:\/\/greencupnordic.com\/contact-us\/#primaryimage","url":"https:\/\/greencupnordic.com\/wp-content\/plugins\/wpforms-lite\/assets\/images\/submit-spin.svg","contentUrl":"https:\/\/greencupnordic.com\/wp-content\/plugins\/wpforms-lite\/assets\/images\/submit-spin.svg"},{"@type":"BreadcrumbList","@id":"https:\/\/greencupnordic.com\/contact-us\/#breadcrumb","itemListElement":[{"@type":"ListItem","position":1,"name":"Home","item":"https:\/\/greencupnordic.com\/"},{"@type":"ListItem","position":2,"name":"Contact us"}]},{"@type":"WebSite","@id":"https:\/\/greencupnordic.com\/#website","url":"https:\/\/greencupnordic.com\/","name":"GreenCup","description":"Erotu yksil\u00f6llisill\u00e4 ja kierr\u00e4tett\u00e4vill\u00e4 mukeilla","publisher":{"@id":"https:\/\/greencupnordic.com\/#organization"},"potentialAction":[{"@type":"SearchAction","target":{"@type":"EntryPoint","urlTemplate":"https:\/\/greencupnordic.com\/?s={search_term_string}"},"query-input":{"@type":"PropertyValueSpecification","valueRequired":true,"valueName":"search_term_string"}}],"inLanguage":"fi"},{"@type":"Organization","@id":"https:\/\/greencupnordic.com\/#organization","name":"GreenCup","url":"https:\/\/greencupnordic.com\/","logo":{"@type":"ImageObject","inLanguage":"fi","@id":"https:\/\/greencupnordic.com\/#\/schema\/logo\/image\/","url":"https:\/\/i0.wp.com\/greencupnordic.com\/wp-content\/uploads\/2023\/06\/Nordic-Logo.png?fit=710%2C710&ssl=1","contentUrl":"https:\/\/i0.wp.com\/greencupnordic.com\/wp-content\/uploads\/2023\/06\/Nordic-Logo.png?fit=710%2C710&ssl=1","width":710,"height":710,"caption":"GreenCup"},"image":{"@id":"https:\/\/greencupnordic.com\/#\/schema\/logo\/image\/"}}]}},"jetpack-related-posts":[{"id":450,"url":"https:\/\/greencupnordic.com\/fi\/order\/","url_meta":{"origin":8805,"position":0},"title":"Tilaa","author":"Sivustonikkari","date":"12.8.2019","format":false,"excerpt":"{:en}{:}{:fi}{:}{:sv}{:}{:no}{:}","rel":"","context":"Samankaltainen artikkeli","block_context":{"text":"Samankaltainen artikkeli","link":""},"img":{"alt_text":"","src":"","width":0,"height":0},"classes":[]},{"id":9807,"url":"https:\/\/greencupnordic.com\/fi\/career\/","url_meta":{"origin":8805,"position":1},"title":"Career","author":"Greencup.fi","date":"15.12.2022","format":false,"excerpt":"{:en}{:}{:fi}{:}","rel":"","context":"Samankaltainen artikkeli","block_context":{"text":"Samankaltainen artikkeli","link":""},"img":{"alt_text":"","src":"","width":0,"height":0},"classes":[]},{"id":9,"url":"https:\/\/greencupnordic.com\/fi\/etusivu\/","url_meta":{"origin":8805,"position":2},"title":"Etusivu","author":"Sivustonikkari","date":"20.8.2018","format":false,"excerpt":"{:en}Mik\u00e4 GreenCup on? Greencup-muki on yksill\u00f6llinen, kierr\u00e4tett\u00e4v\u00e4 juomamuki, festivaaleille konsertteihin, urheilutapahtumiin \u2013 kaikkialle, miss\u00e4 tarjoillaan juomia. Greencup-muki on elintarvikemuovista (PP) valmistettu toistuvaa konepesua kest\u00e4v\u00e4 juomamuki. Materiaali, josta muki on tehty, on erinomaista kierr\u00e4tykseen. Koska mukit ovat tehty pitk\u00e4ik\u00e4isiksi ja kierr\u00e4tett\u00e4v\u00e4st\u00e4 materiaalista eiv\u00e4t ne ole kertak\u00e4ytt\u00f6isi\u00e4, eik\u00e4 niiss\u00e4 t\u00e4st\u00e4 syyst\u00e4 t\u00e4ydy\u2026","rel":"","context":"Samankaltainen artikkeli","block_context":{"text":"Samankaltainen artikkeli","link":""},"img":{"alt_text":"","src":"https:\/\/i0.wp.com\/greencupnordic.com\/wp-content\/uploads\/2018\/08\/Etusivun-kuva-1.jpg?fit=1200%2C506&ssl=1&resize=350%2C200","width":350,"height":200,"srcset":"https:\/\/i0.wp.com\/greencupnordic.com\/wp-content\/uploads\/2018\/08\/Etusivun-kuva-1.jpg?fit=1200%2C506&ssl=1&resize=350%2C200 1x, https:\/\/i0.wp.com\/greencupnordic.com\/wp-content\/uploads\/2018\/08\/Etusivun-kuva-1.jpg?fit=1200%2C506&ssl=1&resize=525%2C300 1.5x, https:\/\/i0.wp.com\/greencupnordic.com\/wp-content\/uploads\/2018\/08\/Etusivun-kuva-1.jpg?fit=1200%2C506&ssl=1&resize=700%2C400 2x, https:\/\/i0.wp.com\/greencupnordic.com\/wp-content\/uploads\/2018\/08\/Etusivun-kuva-1.jpg?fit=1200%2C506&ssl=1&resize=1050%2C600 3x"},"classes":[]},{"id":8925,"url":"https:\/\/greencupnordic.com\/fi\/printing-techniques\/in-mould-labelling-photographic-finish\/","url_meta":{"origin":8805,"position":3},"title":"Kalvopainatus","author":"Greencup.fi","date":"23.9.2022","format":false,"excerpt":"{:en}Our most popular print style Our IML reusable cups are the most cost effective way for our customers to order reusable cups in bulk. IML is a sophisticated process that produces brilliant, richly coloured, high gloss, printed images in excellent photo quality.\u00a0 The most popular print style for Greencups\u2019s clients,\u2026","rel":"","context":"Samankaltainen artikkeli","block_context":{"text":"Samankaltainen artikkeli","link":""},"img":{"alt_text":"","src":"https:\/\/i0.wp.com\/greencupnordic.com\/wp-content\/uploads\/2022\/09\/IML_CUP_1-2048x2048-1-1024x1024.png?resize=350%2C200&ssl=1","width":350,"height":200,"srcset":"https:\/\/i0.wp.com\/greencupnordic.com\/wp-content\/uploads\/2022\/09\/IML_CUP_1-2048x2048-1-1024x1024.png?resize=350%2C200&ssl=1 1x, https:\/\/i0.wp.com\/greencupnordic.com\/wp-content\/uploads\/2022\/09\/IML_CUP_1-2048x2048-1-1024x1024.png?resize=525%2C300&ssl=1 1.5x, https:\/\/i0.wp.com\/greencupnordic.com\/wp-content\/uploads\/2022\/09\/IML_CUP_1-2048x2048-1-1024x1024.png?resize=700%2C400&ssl=1 2x"},"classes":[]},{"id":8940,"url":"https:\/\/greencupnordic.com\/fi\/printing-techniques\/digital-print\/","url_meta":{"origin":8805,"position":4},"title":"Digitaalinen painatus","author":"Greencup.fi","date":"23.9.2022","format":false,"excerpt":"{:en}Full-colour prints are available in smaller orders Greencup offer a digital printing service for our range of reusable cups for cold drinks. Digital printing is designed for low minimum order quantities, making them ideal for weddings and small parties.With our digital printing service Greencup can produce cups with vibrant, long-lasting\u2026","rel":"","context":"Samankaltainen artikkeli","block_context":{"text":"Samankaltainen artikkeli","link":""},"img":{"alt_text":"","src":"https:\/\/i0.wp.com\/greencupnordic.com\/wp-content\/uploads\/2022\/09\/Cup_Diagrams-Digital-1024x1024.png?resize=350%2C200&ssl=1","width":350,"height":200,"srcset":"https:\/\/i0.wp.com\/greencupnordic.com\/wp-content\/uploads\/2022\/09\/Cup_Diagrams-Digital-1024x1024.png?resize=350%2C200&ssl=1 1x, https:\/\/i0.wp.com\/greencupnordic.com\/wp-content\/uploads\/2022\/09\/Cup_Diagrams-Digital-1024x1024.png?resize=525%2C300&ssl=1 1.5x, https:\/\/i0.wp.com\/greencupnordic.com\/wp-content\/uploads\/2022\/09\/Cup_Diagrams-Digital-1024x1024.png?resize=700%2C400&ssl=1 2x"},"classes":[]},{"id":8955,"url":"https:\/\/greencupnordic.com\/fi\/printing-techniques\/screen-printing\/","url_meta":{"origin":8805,"position":5},"title":"Silkkipainatus","author":"Greencup.fi","date":"23.9.2022","format":false,"excerpt":"{:en} Reusable cups branded for your event Reusable cups branded with your logo or business name is an effective way to market your brand at your next event. Screen printed reusable cups have a brilliant, richly coloured, glossy printed finish.\u00a0Our screen printing method allows for your design to last hundreds\u2026","rel":"","context":"Samankaltainen artikkeli","block_context":{"text":"Samankaltainen artikkeli","link":""},"img":{"alt_text":"","src":"https:\/\/i0.wp.com\/greencupnordic.com\/wp-content\/uploads\/2022\/09\/Cup_Diagrams-Screen-1024x1024.png?resize=350%2C200&ssl=1","width":350,"height":200,"srcset":"https:\/\/i0.wp.com\/greencupnordic.com\/wp-content\/uploads\/2022\/09\/Cup_Diagrams-Screen-1024x1024.png?resize=350%2C200&ssl=1 1x, https:\/\/i0.wp.com\/greencupnordic.com\/wp-content\/uploads\/2022\/09\/Cup_Diagrams-Screen-1024x1024.png?resize=525%2C300&ssl=1 1.5x, https:\/\/i0.wp.com\/greencupnordic.com\/wp-content\/uploads\/2022\/09\/Cup_Diagrams-Screen-1024x1024.png?resize=700%2C400&ssl=1 2x"},"classes":[]}],"jetpack_sharing_enabled":true,"_links":{"self":[{"href":"https:\/\/greencupnordic.com\/fi\/wp-json\/wp\/v2\/pages\/8805","targetHints":{"allow":["GET"]}}],"collection":[{"href":"https:\/\/greencupnordic.com\/fi\/wp-json\/wp\/v2\/pages"}],"about":[{"href":"https:\/\/greencupnordic.com\/fi\/wp-json\/wp\/v2\/types\/page"}],"author":[{"embeddable":true,"href":"https:\/\/greencupnordic.com\/fi\/wp-json\/wp\/v2\/users\/2"}],"replies":[{"embeddable":true,"href":"https:\/\/greencupnordic.com\/fi\/wp-json\/wp\/v2\/comments?post=8805"}],"version-history":[{"count":127,"href":"https:\/\/greencupnordic.com\/fi\/wp-json\/wp\/v2\/pages\/8805\/revisions"}],"predecessor-version":[{"id":10619,"href":"https:\/\/greencupnordic.com\/fi\/wp-json\/wp\/v2\/pages\/8805\/revisions\/10619"}],"wp:attachment":[{"href":"https:\/\/greencupnordic.com\/fi\/wp-json\/wp\/v2\/media?parent=8805"}],"curies":[{"name":"wp","href":"https:\/\/api.w.org\/{rel}","templated":true}]}}