{"id":8909,"date":"2022-09-23T12:51:01","date_gmt":"2022-09-23T09:51:01","guid":{"rendered":"https:\/\/greencupnordic.com\/?page_id=8909"},"modified":"2023-06-01T12:50:51","modified_gmt":"2023-06-01T09:50:51","slug":"printing-techniques","status":"publish","type":"page","link":"https:\/\/greencupnordic.com\/fi\/printing-techniques\/","title":{"rendered":"Printing Techniques"},"content":{"rendered":"<h2>IML (In Mould Labelling) Printing<\/h2>\n<p>IML Printing is available on all of our products except the wine and hot drink collections. This <strong>photographic finish is the most popular<\/strong> option for pint cups as the design can include unlimited colours, photographs and cover a large area of the cup.<\/p>\n<p>\t\t\t<a href=\"https:\/\/greencupnordic.com\/in-mould-labelling-photographic-finish\/\" role=\"button\"><br \/>\n\t\t\t\t\t\tMore Info<br \/>\n\t\t\t\t\t<\/a><br \/>\n\t\t\t\t\t\t\t\t\t\t\t\t\t\t\t<img data-recalc-dims=\"1\" loading=\"lazy\" decoding=\"async\" width=\"800\" height=\"800\" src=\"https:\/\/i0.wp.com\/greencupnordic.com\/wp-content\/uploads\/2022\/09\/IML_HALF_PINT-1.jpg?resize=800%2C800&#038;ssl=1\" alt=\"\" loading=\"lazy\" srcset=\"https:\/\/greencupnordic.com\/wp-content\/uploads\/2022\/09\/IML_HALF_PINT-1-1024x1024.jpg 1024w, https:\/\/greencupnordic.com\/wp-content\/uploads\/2022\/09\/IML_HALF_PINT-1-300x300.jpg 300w, https:\/\/greencupnordic.com\/wp-content\/uploads\/2022\/09\/IML_HALF_PINT-1-150x150.jpg 150w, https:\/\/greencupnordic.com\/wp-content\/uploads\/2022\/09\/IML_HALF_PINT-1-768x768.jpg 768w, https:\/\/greencupnordic.com\/wp-content\/uploads\/2022\/09\/IML_HALF_PINT-1.jpg 1200w\" sizes=\"auto, (max-width: 800px) 100vw, 800px\" \/><br \/>\n\t\t\t\t\t\t\t\t\t\t\t\t\t\t\t<img data-recalc-dims=\"1\" loading=\"lazy\" decoding=\"async\" width=\"800\" height=\"800\" src=\"https:\/\/i0.wp.com\/greencupnordic.com\/wp-content\/uploads\/2022\/09\/GG_IMAGE_16.jpg?resize=800%2C800&#038;ssl=1\" alt=\"\" loading=\"lazy\" srcset=\"https:\/\/greencupnordic.com\/wp-content\/uploads\/2022\/09\/GG_IMAGE_16-1024x1024.jpg 1024w, https:\/\/greencupnordic.com\/wp-content\/uploads\/2022\/09\/GG_IMAGE_16-300x300.jpg 300w, https:\/\/greencupnordic.com\/wp-content\/uploads\/2022\/09\/GG_IMAGE_16-150x150.jpg 150w, https:\/\/greencupnordic.com\/wp-content\/uploads\/2022\/09\/GG_IMAGE_16-768x768.jpg 768w, https:\/\/greencupnordic.com\/wp-content\/uploads\/2022\/09\/GG_IMAGE_16-1536x1536.jpg 1536w, https:\/\/greencupnordic.com\/wp-content\/uploads\/2022\/09\/GG_IMAGE_16.jpg 1633w\" sizes=\"auto, (max-width: 800px) 100vw, 800px\" \/>\t\t\t\t\t\t\t\t\t\t\t\t\t\t\t<\/p>\n<h2>Digital Printing<\/h2>\n<p>Green Goblet\u2019s digital printing service allows for smaller orders, this faster method of printing is suited to simplified artwork featuring multiple colours. Digital printing is available on our half-pint and pint-to-brim reusables. We have a<strong> selection of templates available for wedding and birthday designs<\/strong> \u2013 get in touch!<\/p>\n<p>\t\t\t<a href=\"https:\/\/greencupnordic.com\/digital-print\/\" role=\"button\"><br \/>\n\t\t\t\t\t\tMore Info<br \/>\n\t\t\t\t\t<\/a><\/p>\n<h2>Screen Printing<\/h2>\n<p>Perfect for <strong>vibrant colours and company logos<\/strong>, our screen print service gives a simplified design in a single colour. Screen printing is available on every sized cup in our range from pint to shot glass and is Greencup\u2019s most affordable print option.<\/p>\n<p>\t\t\t<a href=\"https:\/\/greencupnordic.com\/printing-techniques\/screen-printing\/\" role=\"button\"><br \/>\n\t\t\t\t\t\tMore Info<br \/>\n\t\t\t\t\t<\/a><br \/>\n\t\t\t\t\t\t\t\t\t\t\t\t\t\t\t<img data-recalc-dims=\"1\" loading=\"lazy\" decoding=\"async\" width=\"800\" height=\"800\" src=\"https:\/\/i0.wp.com\/greencupnordic.com\/wp-content\/uploads\/2022\/09\/GG_IMAGE_4.jpg?resize=800%2C800&#038;ssl=1\" alt=\"\" loading=\"lazy\" srcset=\"https:\/\/greencupnordic.com\/wp-content\/uploads\/2022\/09\/GG_IMAGE_4-1024x1024.jpg 1024w, https:\/\/greencupnordic.com\/wp-content\/uploads\/2022\/09\/GG_IMAGE_4-300x300.jpg 300w, https:\/\/greencupnordic.com\/wp-content\/uploads\/2022\/09\/GG_IMAGE_4-150x150.jpg 150w, https:\/\/greencupnordic.com\/wp-content\/uploads\/2022\/09\/GG_IMAGE_4-768x768.jpg 768w, https:\/\/greencupnordic.com\/wp-content\/uploads\/2022\/09\/GG_IMAGE_4.jpg 1440w\" sizes=\"auto, (max-width: 800px) 100vw, 800px\" \/><\/p>\n","protected":false},"excerpt":{"rendered":"<p>IML (In Mould Labelling) Printing IML Printing is available on all of our products except the wine and hot drink collections. This photographic finish is the most popular option for pint cups as the design can include unlimited colours, photographs and cover a large area of the cup. More Info Digital Printing Green Goblet\u2019s digital [&hellip;]<\/p>\n","protected":false},"author":2,"featured_media":0,"parent":0,"menu_order":0,"comment_status":"closed","ping_status":"closed","template":"","meta":{"_acf_changed":false,"_eb_attr":"","_monsterinsights_skip_tracking":false,"_monsterinsights_sitenote_active":false,"_monsterinsights_sitenote_note":"","_monsterinsights_sitenote_category":0,"footnotes":""},"class_list":["post-8909","page","type-page","status-publish","hentry"],"translation":{"provider":"WPGlobus","version":"3.0.2","language":"fi","enabled_languages":["en","fi"],"languages":{"en":{"title":true,"content":true,"excerpt":false},"fi":{"title":false,"content":false,"excerpt":false}}},"acf":[],"yoast_head":"<!-- This site is optimized with the Yoast SEO plugin v27.3 - https:\/\/yoast.com\/product\/yoast-seo-wordpress\/ -->\n<title>Printing Techniques - GreenCup<\/title>\n<meta name=\"robots\" content=\"index, follow, max-snippet:-1, max-image-preview:large, max-video-preview:-1\" \/>\n<link rel=\"canonical\" href=\"https:\/\/greencupnordic.com\/printing-techniques\/\" \/>\n<meta property=\"og:locale\" content=\"fi_FI\" \/>\n<meta property=\"og:type\" content=\"article\" \/>\n<meta property=\"og:title\" content=\"Printing Techniques - GreenCup\" \/>\n<meta property=\"og:url\" content=\"https:\/\/greencupnordic.com\/printing-techniques\/\" \/>\n<meta property=\"og:site_name\" content=\"GreenCup\" \/>\n<meta property=\"article:modified_time\" content=\"2023-06-01T09:50:51+00:00\" \/>\n<meta property=\"og:image\" content=\"https:\/\/greencupnordic.com\/wp-content\/uploads\/2022\/09\/IML_HALF_PINT-1-1024x1024.jpg\" \/>\n<meta name=\"twitter:card\" content=\"summary_large_image\" \/>\n<script type=\"application\/ld+json\" class=\"yoast-schema-graph\">{\"@context\":\"https:\\\/\\\/schema.org\",\"@graph\":[{\"@type\":\"WebPage\",\"@id\":\"https:\\\/\\\/greencupnordic.com\\\/printing-techniques\\\/\",\"url\":\"https:\\\/\\\/greencupnordic.com\\\/printing-techniques\\\/\",\"name\":\"Printing Techniques - GreenCup\",\"isPartOf\":{\"@id\":\"https:\\\/\\\/greencupnordic.com\\\/#website\"},\"primaryImageOfPage\":{\"@id\":\"https:\\\/\\\/greencupnordic.com\\\/printing-techniques\\\/#primaryimage\"},\"image\":{\"@id\":\"https:\\\/\\\/greencupnordic.com\\\/printing-techniques\\\/#primaryimage\"},\"thumbnailUrl\":\"https:\\\/\\\/greencupnordic.com\\\/wp-content\\\/uploads\\\/2022\\\/09\\\/IML_HALF_PINT-1-1024x1024.jpg\",\"datePublished\":\"2022-09-23T09:51:01+00:00\",\"dateModified\":\"2023-06-01T09:50:51+00:00\",\"breadcrumb\":{\"@id\":\"https:\\\/\\\/greencupnordic.com\\\/printing-techniques\\\/#breadcrumb\"},\"inLanguage\":\"fi\",\"potentialAction\":[{\"@type\":\"ReadAction\",\"target\":[\"https:\\\/\\\/greencupnordic.com\\\/printing-techniques\\\/\"]}]},{\"@type\":\"ImageObject\",\"inLanguage\":\"fi\",\"@id\":\"https:\\\/\\\/greencupnordic.com\\\/printing-techniques\\\/#primaryimage\",\"url\":\"https:\\\/\\\/greencupnordic.com\\\/wp-content\\\/uploads\\\/2022\\\/09\\\/IML_HALF_PINT-1-1024x1024.jpg\",\"contentUrl\":\"https:\\\/\\\/greencupnordic.com\\\/wp-content\\\/uploads\\\/2022\\\/09\\\/IML_HALF_PINT-1-1024x1024.jpg\"},{\"@type\":\"BreadcrumbList\",\"@id\":\"https:\\\/\\\/greencupnordic.com\\\/printing-techniques\\\/#breadcrumb\",\"itemListElement\":[{\"@type\":\"ListItem\",\"position\":1,\"name\":\"Home\",\"item\":\"https:\\\/\\\/greencupnordic.com\\\/\"},{\"@type\":\"ListItem\",\"position\":2,\"name\":\"Printing Techniques\"}]},{\"@type\":\"WebSite\",\"@id\":\"https:\\\/\\\/greencupnordic.com\\\/#website\",\"url\":\"https:\\\/\\\/greencupnordic.com\\\/\",\"name\":\"GreenCup\",\"description\":\"Erotu yksil\u00f6llisill\u00e4 ja kierr\u00e4tett\u00e4vill\u00e4 mukeilla\",\"publisher\":{\"@id\":\"https:\\\/\\\/greencupnordic.com\\\/#organization\"},\"potentialAction\":[{\"@type\":\"SearchAction\",\"target\":{\"@type\":\"EntryPoint\",\"urlTemplate\":\"https:\\\/\\\/greencupnordic.com\\\/?s={search_term_string}\"},\"query-input\":{\"@type\":\"PropertyValueSpecification\",\"valueRequired\":true,\"valueName\":\"search_term_string\"}}],\"inLanguage\":\"fi\"},{\"@type\":\"Organization\",\"@id\":\"https:\\\/\\\/greencupnordic.com\\\/#organization\",\"name\":\"GreenCup\",\"url\":\"https:\\\/\\\/greencupnordic.com\\\/\",\"logo\":{\"@type\":\"ImageObject\",\"inLanguage\":\"fi\",\"@id\":\"https:\\\/\\\/greencupnordic.com\\\/#\\\/schema\\\/logo\\\/image\\\/\",\"url\":\"https:\\\/\\\/i0.wp.com\\\/greencupnordic.com\\\/wp-content\\\/uploads\\\/2023\\\/06\\\/Nordic-Logo.png?fit=710%2C710&ssl=1\",\"contentUrl\":\"https:\\\/\\\/i0.wp.com\\\/greencupnordic.com\\\/wp-content\\\/uploads\\\/2023\\\/06\\\/Nordic-Logo.png?fit=710%2C710&ssl=1\",\"width\":710,\"height\":710,\"caption\":\"GreenCup\"},\"image\":{\"@id\":\"https:\\\/\\\/greencupnordic.com\\\/#\\\/schema\\\/logo\\\/image\\\/\"}}]}<\/script>\n<!-- \/ Yoast SEO plugin. -->","yoast_head_json":{"title":"Printing Techniques - GreenCup","robots":{"index":"index","follow":"follow","max-snippet":"max-snippet:-1","max-image-preview":"max-image-preview:large","max-video-preview":"max-video-preview:-1"},"canonical":"https:\/\/greencupnordic.com\/printing-techniques\/","og_locale":"fi_FI","og_type":"article","og_title":"Printing Techniques - GreenCup","og_url":"https:\/\/greencupnordic.com\/printing-techniques\/","og_site_name":"GreenCup","article_modified_time":"2023-06-01T09:50:51+00:00","og_image":[{"url":"https:\/\/greencupnordic.com\/wp-content\/uploads\/2022\/09\/IML_HALF_PINT-1-1024x1024.jpg","type":"","width":"","height":""}],"twitter_card":"summary_large_image","schema":{"@context":"https:\/\/schema.org","@graph":[{"@type":"WebPage","@id":"https:\/\/greencupnordic.com\/printing-techniques\/","url":"https:\/\/greencupnordic.com\/printing-techniques\/","name":"Printing Techniques - GreenCup","isPartOf":{"@id":"https:\/\/greencupnordic.com\/#website"},"primaryImageOfPage":{"@id":"https:\/\/greencupnordic.com\/printing-techniques\/#primaryimage"},"image":{"@id":"https:\/\/greencupnordic.com\/printing-techniques\/#primaryimage"},"thumbnailUrl":"https:\/\/greencupnordic.com\/wp-content\/uploads\/2022\/09\/IML_HALF_PINT-1-1024x1024.jpg","datePublished":"2022-09-23T09:51:01+00:00","dateModified":"2023-06-01T09:50:51+00:00","breadcrumb":{"@id":"https:\/\/greencupnordic.com\/printing-techniques\/#breadcrumb"},"inLanguage":"fi","potentialAction":[{"@type":"ReadAction","target":["https:\/\/greencupnordic.com\/printing-techniques\/"]}]},{"@type":"ImageObject","inLanguage":"fi","@id":"https:\/\/greencupnordic.com\/printing-techniques\/#primaryimage","url":"https:\/\/greencupnordic.com\/wp-content\/uploads\/2022\/09\/IML_HALF_PINT-1-1024x1024.jpg","contentUrl":"https:\/\/greencupnordic.com\/wp-content\/uploads\/2022\/09\/IML_HALF_PINT-1-1024x1024.jpg"},{"@type":"BreadcrumbList","@id":"https:\/\/greencupnordic.com\/printing-techniques\/#breadcrumb","itemListElement":[{"@type":"ListItem","position":1,"name":"Home","item":"https:\/\/greencupnordic.com\/"},{"@type":"ListItem","position":2,"name":"Printing Techniques"}]},{"@type":"WebSite","@id":"https:\/\/greencupnordic.com\/#website","url":"https:\/\/greencupnordic.com\/","name":"GreenCup","description":"Erotu yksil\u00f6llisill\u00e4 ja kierr\u00e4tett\u00e4vill\u00e4 mukeilla","publisher":{"@id":"https:\/\/greencupnordic.com\/#organization"},"potentialAction":[{"@type":"SearchAction","target":{"@type":"EntryPoint","urlTemplate":"https:\/\/greencupnordic.com\/?s={search_term_string}"},"query-input":{"@type":"PropertyValueSpecification","valueRequired":true,"valueName":"search_term_string"}}],"inLanguage":"fi"},{"@type":"Organization","@id":"https:\/\/greencupnordic.com\/#organization","name":"GreenCup","url":"https:\/\/greencupnordic.com\/","logo":{"@type":"ImageObject","inLanguage":"fi","@id":"https:\/\/greencupnordic.com\/#\/schema\/logo\/image\/","url":"https:\/\/i0.wp.com\/greencupnordic.com\/wp-content\/uploads\/2023\/06\/Nordic-Logo.png?fit=710%2C710&ssl=1","contentUrl":"https:\/\/i0.wp.com\/greencupnordic.com\/wp-content\/uploads\/2023\/06\/Nordic-Logo.png?fit=710%2C710&ssl=1","width":710,"height":710,"caption":"GreenCup"},"image":{"@id":"https:\/\/greencupnordic.com\/#\/schema\/logo\/image\/"}}]}},"jetpack-related-posts":[{"id":8925,"url":"https:\/\/greencupnordic.com\/fi\/printing-techniques\/in-mould-labelling-photographic-finish\/","url_meta":{"origin":8909,"position":0},"title":"Kalvopainatus","author":"Greencup.fi","date":"23.9.2022","format":false,"excerpt":"{:en}Our most popular print style Our IML reusable cups are the most cost effective way for our customers to order reusable cups in bulk. IML is a sophisticated process that produces brilliant, richly coloured, high gloss, printed images in excellent photo quality.\u00a0 The most popular print style for Greencups\u2019s clients,\u2026","rel":"","context":"Samankaltainen artikkeli","block_context":{"text":"Samankaltainen artikkeli","link":""},"img":{"alt_text":"","src":"https:\/\/i0.wp.com\/greencupnordic.com\/wp-content\/uploads\/2022\/09\/IML_CUP_1-2048x2048-1-1024x1024.png?resize=350%2C200&ssl=1","width":350,"height":200,"srcset":"https:\/\/i0.wp.com\/greencupnordic.com\/wp-content\/uploads\/2022\/09\/IML_CUP_1-2048x2048-1-1024x1024.png?resize=350%2C200&ssl=1 1x, https:\/\/i0.wp.com\/greencupnordic.com\/wp-content\/uploads\/2022\/09\/IML_CUP_1-2048x2048-1-1024x1024.png?resize=525%2C300&ssl=1 1.5x, https:\/\/i0.wp.com\/greencupnordic.com\/wp-content\/uploads\/2022\/09\/IML_CUP_1-2048x2048-1-1024x1024.png?resize=700%2C400&ssl=1 2x"},"classes":[]},{"id":8940,"url":"https:\/\/greencupnordic.com\/fi\/printing-techniques\/digital-print\/","url_meta":{"origin":8909,"position":1},"title":"Digitaalinen painatus","author":"Greencup.fi","date":"23.9.2022","format":false,"excerpt":"{:en}Full-colour prints are available in smaller orders Greencup offer a digital printing service for our range of reusable cups for cold drinks. Digital printing is designed for low minimum order quantities, making them ideal for weddings and small parties.With our digital printing service Greencup can produce cups with vibrant, long-lasting\u2026","rel":"","context":"Samankaltainen artikkeli","block_context":{"text":"Samankaltainen artikkeli","link":""},"img":{"alt_text":"","src":"https:\/\/i0.wp.com\/greencupnordic.com\/wp-content\/uploads\/2022\/09\/Cup_Diagrams-Digital-1024x1024.png?resize=350%2C200&ssl=1","width":350,"height":200,"srcset":"https:\/\/i0.wp.com\/greencupnordic.com\/wp-content\/uploads\/2022\/09\/Cup_Diagrams-Digital-1024x1024.png?resize=350%2C200&ssl=1 1x, https:\/\/i0.wp.com\/greencupnordic.com\/wp-content\/uploads\/2022\/09\/Cup_Diagrams-Digital-1024x1024.png?resize=525%2C300&ssl=1 1.5x, https:\/\/i0.wp.com\/greencupnordic.com\/wp-content\/uploads\/2022\/09\/Cup_Diagrams-Digital-1024x1024.png?resize=700%2C400&ssl=1 2x"},"classes":[]},{"id":9161,"url":"https:\/\/greencupnordic.com\/fi\/products\/green-50cl\/","url_meta":{"origin":8909,"position":2},"title":"Green 50cl","author":"Greencup.fi","date":"23.9.2022","format":false,"excerpt":"Green 50 Capacity :\u00a050cl (Useful capacity 45cl)WEIGHT:\u00a041gMATERIAL:\u00a0PP (PolypropyleneHomopolymer)BOTTOM DIAMETER:\u00a056mmTOP DIAMETER:\u00a0080 mmHeight:\u00a0150mmAvailable printing options:IML (In mould Labeling)Digital PrintingScreenprinting","rel":"","context":"Samankaltainen artikkeli","block_context":{"text":"Samankaltainen artikkeli","link":""},"img":{"alt_text":"","src":"https:\/\/i0.wp.com\/greencupnordic.com\/wp-content\/uploads\/2022\/09\/292447035_1243841329756681_3114895854488488531_n-1024x1024.jpg?resize=350%2C200&ssl=1","width":350,"height":200,"srcset":"https:\/\/i0.wp.com\/greencupnordic.com\/wp-content\/uploads\/2022\/09\/292447035_1243841329756681_3114895854488488531_n-1024x1024.jpg?resize=350%2C200&ssl=1 1x, https:\/\/i0.wp.com\/greencupnordic.com\/wp-content\/uploads\/2022\/09\/292447035_1243841329756681_3114895854488488531_n-1024x1024.jpg?resize=525%2C300&ssl=1 1.5x, https:\/\/i0.wp.com\/greencupnordic.com\/wp-content\/uploads\/2022\/09\/292447035_1243841329756681_3114895854488488531_n-1024x1024.jpg?resize=700%2C400&ssl=1 2x"},"classes":[]},{"id":8547,"url":"https:\/\/greencupnordic.com\/fi\/products\/green-30cl\/","url_meta":{"origin":8909,"position":3},"title":"Green 30cl","author":"Greencup.fi","date":"22.9.2022","format":false,"excerpt":"Green 30 Capacity :\u00a030cl (Useful capacity 25cl)WEIGHT:\u00a027gMATERIAL:\u00a0PP (PolypropyleneHomopolymer)BOTTOM DIAMETER: 54mmTOP DIAMETER: \u00a073 mmHeight:\u00a0117mmAvailable printing options:\u00a0IML (In mould Labeling)Digital PrintingScreenprinting","rel":"","context":"Samankaltainen artikkeli","block_context":{"text":"Samankaltainen artikkeli","link":""},"img":{"alt_text":"","src":"","width":0,"height":0},"classes":[]},{"id":9163,"url":"https:\/\/greencupnordic.com\/fi\/products\/green-60cl\/","url_meta":{"origin":8909,"position":4},"title":"Green 60cl","author":"Greencup.fi","date":"23.9.2022","format":false,"excerpt":"Green 60 Capacity :\u00a060cl (Useful capacity 55cl)WEIGHT:\u00a042gMATERIAL:\u00a0PP (PolypropyleneHomopolymer)BOTTOM DIAMETER: 62mmTOP DIAMETER: 84\u00a0mmHeight:\u00a0162 mmAvailable printing options:IML (In mould Labeling)Digital printingScreenprinting","rel":"","context":"Samankaltainen artikkeli","block_context":{"text":"Samankaltainen artikkeli","link":""},"img":{"alt_text":"","src":"https:\/\/i0.wp.com\/greencupnordic.com\/wp-content\/uploads\/2022\/09\/286428128_1224457615028386_2733658166232486115_n-1-1024x1024.jpg?resize=350%2C200&ssl=1","width":350,"height":200,"srcset":"https:\/\/i0.wp.com\/greencupnordic.com\/wp-content\/uploads\/2022\/09\/286428128_1224457615028386_2733658166232486115_n-1-1024x1024.jpg?resize=350%2C200&ssl=1 1x, https:\/\/i0.wp.com\/greencupnordic.com\/wp-content\/uploads\/2022\/09\/286428128_1224457615028386_2733658166232486115_n-1-1024x1024.jpg?resize=525%2C300&ssl=1 1.5x, https:\/\/i0.wp.com\/greencupnordic.com\/wp-content\/uploads\/2022\/09\/286428128_1224457615028386_2733658166232486115_n-1-1024x1024.jpg?resize=700%2C400&ssl=1 2x"},"classes":[]},{"id":8771,"url":"https:\/\/greencupnordic.com\/fi\/faq\/","url_meta":{"origin":8909,"position":5},"title":"UKK","author":"Greencup.fi","date":"23.9.2022","format":false,"excerpt":"{:en}Find out more about Greencup\u2019s reusable cup service with the responses below to some of our most frequently asked questions. Are reusable cups really more sustainable than single-use ones? Disposal is the least favourable action in the waste hierarchy. Greencup\u2019s main goal is to prevent plastic entering landfill and as\u2026","rel":"","context":"Samankaltainen artikkeli","block_context":{"text":"Samankaltainen artikkeli","link":""},"img":{"alt_text":"","src":"https:\/\/i0.wp.com\/greencupnordic.com\/wp-content\/uploads\/2022\/09\/zero_waste_world.png?resize=350%2C200&ssl=1","width":350,"height":200},"classes":[]}],"jetpack_sharing_enabled":true,"_links":{"self":[{"href":"https:\/\/greencupnordic.com\/fi\/wp-json\/wp\/v2\/pages\/8909","targetHints":{"allow":["GET"]}}],"collection":[{"href":"https:\/\/greencupnordic.com\/fi\/wp-json\/wp\/v2\/pages"}],"about":[{"href":"https:\/\/greencupnordic.com\/fi\/wp-json\/wp\/v2\/types\/page"}],"author":[{"embeddable":true,"href":"https:\/\/greencupnordic.com\/fi\/wp-json\/wp\/v2\/users\/2"}],"replies":[{"embeddable":true,"href":"https:\/\/greencupnordic.com\/fi\/wp-json\/wp\/v2\/comments?post=8909"}],"version-history":[{"count":51,"href":"https:\/\/greencupnordic.com\/fi\/wp-json\/wp\/v2\/pages\/8909\/revisions"}],"predecessor-version":[{"id":10488,"href":"https:\/\/greencupnordic.com\/fi\/wp-json\/wp\/v2\/pages\/8909\/revisions\/10488"}],"wp:attachment":[{"href":"https:\/\/greencupnordic.com\/fi\/wp-json\/wp\/v2\/media?parent=8909"}],"curies":[{"name":"wp","href":"https:\/\/api.w.org\/{rel}","templated":true}]}}