{"id":8925,"date":"2022-09-23T13:08:18","date_gmt":"2022-09-23T10:08:18","guid":{"rendered":"https:\/\/greencupnordic.com\/?page_id=8925"},"modified":"2023-02-22T09:55:38","modified_gmt":"2023-02-22T07:55:38","slug":"in-mould-labelling-photographic-finish","status":"publish","type":"page","link":"https:\/\/greencupnordic.com\/fi\/printing-techniques\/in-mould-labelling-photographic-finish\/","title":{"rendered":"Kalvopainatus"},"content":{"rendered":"<h2>Suosituin painatustekniikka <\/h2>\n<p>Kalvopainatuksella mahdollistamme loistavia, v\u00e4rikk\u00e4it\u00e4, kiilt\u00e4vi\u00e4, painettuja kuvia erinomaisella valokuvalaadulla.<\/p>\n<p>Kalvopainatus on suosituin painatusmenetelm\u00e4 meid\u00e4n asiakkaiden keskuudessa. Kalvo painatus tarjoaa painatus mahdollisuuden, joka t\u00e4ytt\u00e4\u00e4 99 % mukista. Kalvo painatus mahdollistaa my\u00f6s pitk\u00e4kestoisen mukin<\/p>\n<p>\t\t\t\t\t\t\t\t\t\t\t\t\t\t\t<img data-recalc-dims=\"1\" loading=\"lazy\" decoding=\"async\" width=\"800\" height=\"800\" src=\"https:\/\/i0.wp.com\/greencupnordic.com\/wp-content\/uploads\/2022\/09\/IML_CUP_1-2048x2048-1.png?resize=800%2C800&#038;ssl=1\" alt=\"\" loading=\"lazy\" srcset=\"https:\/\/greencupnordic.com\/wp-content\/uploads\/2022\/09\/IML_CUP_1-2048x2048-1-1024x1024.png 1024w, https:\/\/greencupnordic.com\/wp-content\/uploads\/2022\/09\/IML_CUP_1-2048x2048-1-300x300.png 300w, https:\/\/greencupnordic.com\/wp-content\/uploads\/2022\/09\/IML_CUP_1-2048x2048-1-150x150.png 150w, https:\/\/greencupnordic.com\/wp-content\/uploads\/2022\/09\/IML_CUP_1-2048x2048-1-768x768.png 768w, https:\/\/greencupnordic.com\/wp-content\/uploads\/2022\/09\/IML_CUP_1-2048x2048-1-1536x1536.png 1536w, https:\/\/greencupnordic.com\/wp-content\/uploads\/2022\/09\/IML_CUP_1-2048x2048-1.png 1920w\" sizes=\"auto, (max-width: 800px) 100vw, 800px\" \/>\t\t\t\t\t\t\t\t\t\t\t\t\t\t\t<\/p>\n<h2>Uudelleenk\u00e4ytett\u00e4vien IML-mukien edut<\/h2>\n<ul>\n<li>Kest\u00e4vin painatusmenetelm\u00e4mme\u00a0<\/li>\n<li>Suunniteltu pest\u00e4v\u00e4ksi yli 200 kertaa laadun heikkenem\u00e4tt\u00e4.<\/li>\n<li>Voit painattaa 99 %:lle mukien pinnasta. T\u00e4m\u00e4 sopii erinomaisesti br\u00e4nd\u00e4ys- ja markkinointimahdollisuuksiin.<\/li>\n<li>Kalvossa on korkearesoluutioinen valokuvaviimeistely.<\/li>\n<li>Ihanteellinen tapa ostaa uudelleenk\u00e4ytett\u00e4vi\u00e4 kuppeja<\/li>\n<\/ul>\n<p>https:\/\/greencupnordic.com\/wp-content\/uploads\/2022\/09\/In-Mould-Labelling-Reusable-Cups.mp4<\/p>\n","protected":false},"excerpt":{"rendered":"<p>Suosituin painatustekniikka Kalvopainatuksella mahdollistamme loistavia, v\u00e4rikk\u00e4it\u00e4, kiilt\u00e4vi\u00e4, painettuja kuvia erinomaisella valokuvalaadulla. Kalvopainatus on suosituin painatusmenetelm\u00e4 meid\u00e4n asiakkaiden keskuudessa. Kalvo painatus tarjoaa painatus mahdollisuuden, joka t\u00e4ytt\u00e4\u00e4 99 % mukista. Kalvo painatus mahdollistaa my\u00f6s pitk\u00e4kestoisen mukin Uudelleenk\u00e4ytett\u00e4vien IML-mukien edut Kest\u00e4vin painatusmenetelm\u00e4mme\u00a0 Suunniteltu pest\u00e4v\u00e4ksi yli 200 kertaa laadun heikkenem\u00e4tt\u00e4. Voit painattaa 99 %:lle mukien pinnasta. T\u00e4m\u00e4 sopii erinomaisesti [&hellip;]<\/p>\n","protected":false},"author":2,"featured_media":0,"parent":8909,"menu_order":0,"comment_status":"closed","ping_status":"closed","template":"","meta":{"_acf_changed":false,"_eb_attr":"","_monsterinsights_skip_tracking":false,"_monsterinsights_sitenote_active":false,"_monsterinsights_sitenote_note":"","_monsterinsights_sitenote_category":0,"footnotes":""},"class_list":["post-8925","page","type-page","status-publish","hentry"],"translation":{"provider":"WPGlobus","version":"3.0.2","language":"fi","enabled_languages":["en","fi"],"languages":{"en":{"title":true,"content":true,"excerpt":false},"fi":{"title":true,"content":true,"excerpt":false}}},"acf":[],"yoast_head":"<!-- This site is optimized with the Yoast SEO plugin v27.3 - https:\/\/yoast.com\/product\/yoast-seo-wordpress\/ -->\n<title>Kalvopainatus - GreenCup<\/title>\n<meta name=\"robots\" content=\"index, follow, max-snippet:-1, max-image-preview:large, max-video-preview:-1\" \/>\n<link rel=\"canonical\" href=\"https:\/\/greencupnordic.com\/printing-techniques\/in-mould-labelling-photographic-finish\/\" \/>\n<meta property=\"og:locale\" content=\"fi_FI\" \/>\n<meta property=\"og:type\" content=\"article\" \/>\n<meta property=\"og:title\" content=\"Kalvopainatus - GreenCup\" \/>\n<meta property=\"og:url\" content=\"https:\/\/greencupnordic.com\/printing-techniques\/in-mould-labelling-photographic-finish\/\" \/>\n<meta property=\"og:site_name\" content=\"GreenCup\" \/>\n<meta property=\"article:modified_time\" content=\"2023-02-22T07:55:38+00:00\" \/>\n<meta property=\"og:image\" content=\"https:\/\/greencupnordic.com\/wp-content\/uploads\/2022\/09\/IML_CUP_1-2048x2048-1-1024x1024.png\" \/>\n<meta name=\"twitter:card\" content=\"summary_large_image\" \/>\n<meta name=\"twitter:label1\" content=\"Arvioitu lukuaika\" \/>\n\t<meta name=\"twitter:data1\" content=\"1 minuutti\" \/>\n<script type=\"application\/ld+json\" class=\"yoast-schema-graph\">{\"@context\":\"https:\\\/\\\/schema.org\",\"@graph\":[{\"@type\":\"WebPage\",\"@id\":\"https:\\\/\\\/greencupnordic.com\\\/printing-techniques\\\/in-mould-labelling-photographic-finish\\\/\",\"url\":\"https:\\\/\\\/greencupnordic.com\\\/printing-techniques\\\/in-mould-labelling-photographic-finish\\\/\",\"name\":\"Kalvopainatus - GreenCup\",\"isPartOf\":{\"@id\":\"https:\\\/\\\/greencupnordic.com\\\/#website\"},\"primaryImageOfPage\":{\"@id\":\"https:\\\/\\\/greencupnordic.com\\\/printing-techniques\\\/in-mould-labelling-photographic-finish\\\/#primaryimage\"},\"image\":{\"@id\":\"https:\\\/\\\/greencupnordic.com\\\/printing-techniques\\\/in-mould-labelling-photographic-finish\\\/#primaryimage\"},\"thumbnailUrl\":\"https:\\\/\\\/greencupnordic.com\\\/wp-content\\\/uploads\\\/2022\\\/09\\\/IML_CUP_1-2048x2048-1-1024x1024.png\",\"datePublished\":\"2022-09-23T10:08:18+00:00\",\"dateModified\":\"2023-02-22T07:55:38+00:00\",\"breadcrumb\":{\"@id\":\"https:\\\/\\\/greencupnordic.com\\\/printing-techniques\\\/in-mould-labelling-photographic-finish\\\/#breadcrumb\"},\"inLanguage\":\"fi\",\"potentialAction\":[{\"@type\":\"ReadAction\",\"target\":[\"https:\\\/\\\/greencupnordic.com\\\/printing-techniques\\\/in-mould-labelling-photographic-finish\\\/\"]}]},{\"@type\":\"ImageObject\",\"inLanguage\":\"fi\",\"@id\":\"https:\\\/\\\/greencupnordic.com\\\/printing-techniques\\\/in-mould-labelling-photographic-finish\\\/#primaryimage\",\"url\":\"https:\\\/\\\/greencupnordic.com\\\/wp-content\\\/uploads\\\/2022\\\/09\\\/IML_CUP_1-2048x2048-1-1024x1024.png\",\"contentUrl\":\"https:\\\/\\\/greencupnordic.com\\\/wp-content\\\/uploads\\\/2022\\\/09\\\/IML_CUP_1-2048x2048-1-1024x1024.png\"},{\"@type\":\"BreadcrumbList\",\"@id\":\"https:\\\/\\\/greencupnordic.com\\\/printing-techniques\\\/in-mould-labelling-photographic-finish\\\/#breadcrumb\",\"itemListElement\":[{\"@type\":\"ListItem\",\"position\":1,\"name\":\"Home\",\"item\":\"https:\\\/\\\/greencupnordic.com\\\/\"},{\"@type\":\"ListItem\",\"position\":2,\"name\":\"Printing Techniques\",\"item\":\"https:\\\/\\\/greencupnordic.com\\\/printing-techniques\\\/\"},{\"@type\":\"ListItem\",\"position\":3,\"name\":\"In-Mould Labeling\"}]},{\"@type\":\"WebSite\",\"@id\":\"https:\\\/\\\/greencupnordic.com\\\/#website\",\"url\":\"https:\\\/\\\/greencupnordic.com\\\/\",\"name\":\"GreenCup\",\"description\":\"Erotu yksil\u00f6llisill\u00e4 ja kierr\u00e4tett\u00e4vill\u00e4 mukeilla\",\"publisher\":{\"@id\":\"https:\\\/\\\/greencupnordic.com\\\/#organization\"},\"potentialAction\":[{\"@type\":\"SearchAction\",\"target\":{\"@type\":\"EntryPoint\",\"urlTemplate\":\"https:\\\/\\\/greencupnordic.com\\\/?s={search_term_string}\"},\"query-input\":{\"@type\":\"PropertyValueSpecification\",\"valueRequired\":true,\"valueName\":\"search_term_string\"}}],\"inLanguage\":\"fi\"},{\"@type\":\"Organization\",\"@id\":\"https:\\\/\\\/greencupnordic.com\\\/#organization\",\"name\":\"GreenCup\",\"url\":\"https:\\\/\\\/greencupnordic.com\\\/\",\"logo\":{\"@type\":\"ImageObject\",\"inLanguage\":\"fi\",\"@id\":\"https:\\\/\\\/greencupnordic.com\\\/#\\\/schema\\\/logo\\\/image\\\/\",\"url\":\"https:\\\/\\\/i0.wp.com\\\/greencupnordic.com\\\/wp-content\\\/uploads\\\/2023\\\/06\\\/Nordic-Logo.png?fit=710%2C710&ssl=1\",\"contentUrl\":\"https:\\\/\\\/i0.wp.com\\\/greencupnordic.com\\\/wp-content\\\/uploads\\\/2023\\\/06\\\/Nordic-Logo.png?fit=710%2C710&ssl=1\",\"width\":710,\"height\":710,\"caption\":\"GreenCup\"},\"image\":{\"@id\":\"https:\\\/\\\/greencupnordic.com\\\/#\\\/schema\\\/logo\\\/image\\\/\"}}]}<\/script>\n<!-- \/ Yoast SEO plugin. -->","yoast_head_json":{"title":"Kalvopainatus - GreenCup","robots":{"index":"index","follow":"follow","max-snippet":"max-snippet:-1","max-image-preview":"max-image-preview:large","max-video-preview":"max-video-preview:-1"},"canonical":"https:\/\/greencupnordic.com\/printing-techniques\/in-mould-labelling-photographic-finish\/","og_locale":"fi_FI","og_type":"article","og_title":"Kalvopainatus - GreenCup","og_url":"https:\/\/greencupnordic.com\/printing-techniques\/in-mould-labelling-photographic-finish\/","og_site_name":"GreenCup","article_modified_time":"2023-02-22T07:55:38+00:00","og_image":[{"url":"https:\/\/greencupnordic.com\/wp-content\/uploads\/2022\/09\/IML_CUP_1-2048x2048-1-1024x1024.png","type":"","width":"","height":""}],"twitter_card":"summary_large_image","twitter_misc":{"Arvioitu lukuaika":"1 minuutti"},"schema":{"@context":"https:\/\/schema.org","@graph":[{"@type":"WebPage","@id":"https:\/\/greencupnordic.com\/printing-techniques\/in-mould-labelling-photographic-finish\/","url":"https:\/\/greencupnordic.com\/printing-techniques\/in-mould-labelling-photographic-finish\/","name":"Kalvopainatus - GreenCup","isPartOf":{"@id":"https:\/\/greencupnordic.com\/#website"},"primaryImageOfPage":{"@id":"https:\/\/greencupnordic.com\/printing-techniques\/in-mould-labelling-photographic-finish\/#primaryimage"},"image":{"@id":"https:\/\/greencupnordic.com\/printing-techniques\/in-mould-labelling-photographic-finish\/#primaryimage"},"thumbnailUrl":"https:\/\/greencupnordic.com\/wp-content\/uploads\/2022\/09\/IML_CUP_1-2048x2048-1-1024x1024.png","datePublished":"2022-09-23T10:08:18+00:00","dateModified":"2023-02-22T07:55:38+00:00","breadcrumb":{"@id":"https:\/\/greencupnordic.com\/printing-techniques\/in-mould-labelling-photographic-finish\/#breadcrumb"},"inLanguage":"fi","potentialAction":[{"@type":"ReadAction","target":["https:\/\/greencupnordic.com\/printing-techniques\/in-mould-labelling-photographic-finish\/"]}]},{"@type":"ImageObject","inLanguage":"fi","@id":"https:\/\/greencupnordic.com\/printing-techniques\/in-mould-labelling-photographic-finish\/#primaryimage","url":"https:\/\/greencupnordic.com\/wp-content\/uploads\/2022\/09\/IML_CUP_1-2048x2048-1-1024x1024.png","contentUrl":"https:\/\/greencupnordic.com\/wp-content\/uploads\/2022\/09\/IML_CUP_1-2048x2048-1-1024x1024.png"},{"@type":"BreadcrumbList","@id":"https:\/\/greencupnordic.com\/printing-techniques\/in-mould-labelling-photographic-finish\/#breadcrumb","itemListElement":[{"@type":"ListItem","position":1,"name":"Home","item":"https:\/\/greencupnordic.com\/"},{"@type":"ListItem","position":2,"name":"Printing Techniques","item":"https:\/\/greencupnordic.com\/printing-techniques\/"},{"@type":"ListItem","position":3,"name":"In-Mould Labeling"}]},{"@type":"WebSite","@id":"https:\/\/greencupnordic.com\/#website","url":"https:\/\/greencupnordic.com\/","name":"GreenCup","description":"Erotu yksil\u00f6llisill\u00e4 ja kierr\u00e4tett\u00e4vill\u00e4 mukeilla","publisher":{"@id":"https:\/\/greencupnordic.com\/#organization"},"potentialAction":[{"@type":"SearchAction","target":{"@type":"EntryPoint","urlTemplate":"https:\/\/greencupnordic.com\/?s={search_term_string}"},"query-input":{"@type":"PropertyValueSpecification","valueRequired":true,"valueName":"search_term_string"}}],"inLanguage":"fi"},{"@type":"Organization","@id":"https:\/\/greencupnordic.com\/#organization","name":"GreenCup","url":"https:\/\/greencupnordic.com\/","logo":{"@type":"ImageObject","inLanguage":"fi","@id":"https:\/\/greencupnordic.com\/#\/schema\/logo\/image\/","url":"https:\/\/i0.wp.com\/greencupnordic.com\/wp-content\/uploads\/2023\/06\/Nordic-Logo.png?fit=710%2C710&ssl=1","contentUrl":"https:\/\/i0.wp.com\/greencupnordic.com\/wp-content\/uploads\/2023\/06\/Nordic-Logo.png?fit=710%2C710&ssl=1","width":710,"height":710,"caption":"GreenCup"},"image":{"@id":"https:\/\/greencupnordic.com\/#\/schema\/logo\/image\/"}}]}},"jetpack-related-posts":[{"id":8940,"url":"https:\/\/greencupnordic.com\/fi\/printing-techniques\/digital-print\/","url_meta":{"origin":8925,"position":0},"title":"Digitaalinen painatus","author":"Greencup.fi","date":"23.9.2022","format":false,"excerpt":"{:en}Full-colour prints are available in smaller orders Greencup offer a digital printing service for our range of reusable cups for cold drinks. Digital printing is designed for low minimum order quantities, making them ideal for weddings and small parties.With our digital printing service Greencup can produce cups with vibrant, long-lasting\u2026","rel":"","context":"Samankaltainen artikkeli","block_context":{"text":"Samankaltainen artikkeli","link":""},"img":{"alt_text":"","src":"https:\/\/i0.wp.com\/greencupnordic.com\/wp-content\/uploads\/2022\/09\/Cup_Diagrams-Digital-1024x1024.png?resize=350%2C200&ssl=1","width":350,"height":200,"srcset":"https:\/\/i0.wp.com\/greencupnordic.com\/wp-content\/uploads\/2022\/09\/Cup_Diagrams-Digital-1024x1024.png?resize=350%2C200&ssl=1 1x, https:\/\/i0.wp.com\/greencupnordic.com\/wp-content\/uploads\/2022\/09\/Cup_Diagrams-Digital-1024x1024.png?resize=525%2C300&ssl=1 1.5x, https:\/\/i0.wp.com\/greencupnordic.com\/wp-content\/uploads\/2022\/09\/Cup_Diagrams-Digital-1024x1024.png?resize=700%2C400&ssl=1 2x"},"classes":[]},{"id":8909,"url":"https:\/\/greencupnordic.com\/fi\/printing-techniques\/","url_meta":{"origin":8925,"position":1},"title":"Printing Techniques","author":"Greencup.fi","date":"23.9.2022","format":false,"excerpt":"IML (In Mould Labelling) Printing IML Printing is available on all of our products except the wine and hot drink collections. This photographic finish is the most popular option for pint cups as the design can include unlimited colours, photographs and cover a large area of the cup. More Info\u2026","rel":"","context":"Samankaltainen artikkeli","block_context":{"text":"Samankaltainen artikkeli","link":""},"img":{"alt_text":"","src":"https:\/\/i0.wp.com\/greencupnordic.com\/wp-content\/uploads\/2022\/09\/IML_HALF_PINT-1-1024x1024.jpg?resize=350%2C200&ssl=1","width":350,"height":200,"srcset":"https:\/\/i0.wp.com\/greencupnordic.com\/wp-content\/uploads\/2022\/09\/IML_HALF_PINT-1-1024x1024.jpg?resize=350%2C200&ssl=1 1x, https:\/\/i0.wp.com\/greencupnordic.com\/wp-content\/uploads\/2022\/09\/IML_HALF_PINT-1-1024x1024.jpg?resize=525%2C300&ssl=1 1.5x, https:\/\/i0.wp.com\/greencupnordic.com\/wp-content\/uploads\/2022\/09\/IML_HALF_PINT-1-1024x1024.jpg?resize=700%2C400&ssl=1 2x"},"classes":[]},{"id":8771,"url":"https:\/\/greencupnordic.com\/fi\/faq\/","url_meta":{"origin":8925,"position":2},"title":"UKK","author":"Greencup.fi","date":"23.9.2022","format":false,"excerpt":"{:en}Find out more about Greencup\u2019s reusable cup service with the responses below to some of our most frequently asked questions. Are reusable cups really more sustainable than single-use ones? Disposal is the least favourable action in the waste hierarchy. Greencup\u2019s main goal is to prevent plastic entering landfill and as\u2026","rel":"","context":"Samankaltainen artikkeli","block_context":{"text":"Samankaltainen artikkeli","link":""},"img":{"alt_text":"","src":"https:\/\/i0.wp.com\/greencupnordic.com\/wp-content\/uploads\/2022\/09\/zero_waste_world.png?resize=350%2C200&ssl=1","width":350,"height":200},"classes":[]},{"id":8955,"url":"https:\/\/greencupnordic.com\/fi\/printing-techniques\/screen-printing\/","url_meta":{"origin":8925,"position":3},"title":"Silkkipainatus","author":"Greencup.fi","date":"23.9.2022","format":false,"excerpt":"{:en} Reusable cups branded for your event Reusable cups branded with your logo or business name is an effective way to market your brand at your next event. Screen printed reusable cups have a brilliant, richly coloured, glossy printed finish.\u00a0Our screen printing method allows for your design to last hundreds\u2026","rel":"","context":"Samankaltainen artikkeli","block_context":{"text":"Samankaltainen artikkeli","link":""},"img":{"alt_text":"","src":"https:\/\/i0.wp.com\/greencupnordic.com\/wp-content\/uploads\/2022\/09\/Cup_Diagrams-Screen-1024x1024.png?resize=350%2C200&ssl=1","width":350,"height":200,"srcset":"https:\/\/i0.wp.com\/greencupnordic.com\/wp-content\/uploads\/2022\/09\/Cup_Diagrams-Screen-1024x1024.png?resize=350%2C200&ssl=1 1x, https:\/\/i0.wp.com\/greencupnordic.com\/wp-content\/uploads\/2022\/09\/Cup_Diagrams-Screen-1024x1024.png?resize=525%2C300&ssl=1 1.5x, https:\/\/i0.wp.com\/greencupnordic.com\/wp-content\/uploads\/2022\/09\/Cup_Diagrams-Screen-1024x1024.png?resize=700%2C400&ssl=1 2x"},"classes":[]},{"id":9161,"url":"https:\/\/greencupnordic.com\/fi\/products\/green-50cl\/","url_meta":{"origin":8925,"position":4},"title":"Green 50cl","author":"Greencup.fi","date":"23.9.2022","format":false,"excerpt":"Green 50 Capacity :\u00a050cl (Useful capacity 45cl)WEIGHT:\u00a041gMATERIAL:\u00a0PP (PolypropyleneHomopolymer)BOTTOM DIAMETER:\u00a056mmTOP DIAMETER:\u00a0080 mmHeight:\u00a0150mmAvailable printing options:IML (In mould Labeling)Digital PrintingScreenprinting","rel":"","context":"Samankaltainen artikkeli","block_context":{"text":"Samankaltainen artikkeli","link":""},"img":{"alt_text":"","src":"https:\/\/i0.wp.com\/greencupnordic.com\/wp-content\/uploads\/2022\/09\/292447035_1243841329756681_3114895854488488531_n-1024x1024.jpg?resize=350%2C200&ssl=1","width":350,"height":200,"srcset":"https:\/\/i0.wp.com\/greencupnordic.com\/wp-content\/uploads\/2022\/09\/292447035_1243841329756681_3114895854488488531_n-1024x1024.jpg?resize=350%2C200&ssl=1 1x, https:\/\/i0.wp.com\/greencupnordic.com\/wp-content\/uploads\/2022\/09\/292447035_1243841329756681_3114895854488488531_n-1024x1024.jpg?resize=525%2C300&ssl=1 1.5x, https:\/\/i0.wp.com\/greencupnordic.com\/wp-content\/uploads\/2022\/09\/292447035_1243841329756681_3114895854488488531_n-1024x1024.jpg?resize=700%2C400&ssl=1 2x"},"classes":[]},{"id":8547,"url":"https:\/\/greencupnordic.com\/fi\/products\/green-30cl\/","url_meta":{"origin":8925,"position":5},"title":"Green 30cl","author":"Greencup.fi","date":"22.9.2022","format":false,"excerpt":"Green 30 Capacity :\u00a030cl (Useful capacity 25cl)WEIGHT:\u00a027gMATERIAL:\u00a0PP (PolypropyleneHomopolymer)BOTTOM DIAMETER: 54mmTOP DIAMETER: \u00a073 mmHeight:\u00a0117mmAvailable printing options:\u00a0IML (In mould Labeling)Digital PrintingScreenprinting","rel":"","context":"Samankaltainen artikkeli","block_context":{"text":"Samankaltainen artikkeli","link":""},"img":{"alt_text":"","src":"","width":0,"height":0},"classes":[]}],"jetpack_sharing_enabled":true,"_links":{"self":[{"href":"https:\/\/greencupnordic.com\/fi\/wp-json\/wp\/v2\/pages\/8925","targetHints":{"allow":["GET"]}}],"collection":[{"href":"https:\/\/greencupnordic.com\/fi\/wp-json\/wp\/v2\/pages"}],"about":[{"href":"https:\/\/greencupnordic.com\/fi\/wp-json\/wp\/v2\/types\/page"}],"author":[{"embeddable":true,"href":"https:\/\/greencupnordic.com\/fi\/wp-json\/wp\/v2\/users\/2"}],"replies":[{"embeddable":true,"href":"https:\/\/greencupnordic.com\/fi\/wp-json\/wp\/v2\/comments?post=8925"}],"version-history":[{"count":38,"href":"https:\/\/greencupnordic.com\/fi\/wp-json\/wp\/v2\/pages\/8925\/revisions"}],"predecessor-version":[{"id":9944,"href":"https:\/\/greencupnordic.com\/fi\/wp-json\/wp\/v2\/pages\/8925\/revisions\/9944"}],"up":[{"embeddable":true,"href":"https:\/\/greencupnordic.com\/fi\/wp-json\/wp\/v2\/pages\/8909"}],"wp:attachment":[{"href":"https:\/\/greencupnordic.com\/fi\/wp-json\/wp\/v2\/media?parent=8925"}],"curies":[{"name":"wp","href":"https:\/\/api.w.org\/{rel}","templated":true}]}}