{"id":8940,"date":"2022-09-23T13:22:35","date_gmt":"2022-09-23T10:22:35","guid":{"rendered":"https:\/\/greencupnordic.com\/?page_id=8940"},"modified":"2023-02-22T09:59:18","modified_gmt":"2023-02-22T07:59:18","slug":"digital-print","status":"publish","type":"page","link":"https:\/\/greencupnordic.com\/fi\/printing-techniques\/digital-print\/","title":{"rendered":"Digitaalinen painatus"},"content":{"rendered":"<h2>Muki moni v\u00e4ri painatuksella<\/h2>\n<p>GreenCupin digitaalinen painatusmenetelm\u00e4 mahdollistaa tilauksia pienemiss\u00e4 m\u00e4\u00e4riss\u00e4. Digitaalinen painatusmenetelm\u00e4 sopii yksinkertaistetuille logoille, joissa on useita v\u00e4rej\u00e4. Digitaalinen painatus on saatavilla suurelle osalle muki-kokoisista mukeistamme.<\/p>\n<p>Digipainatuksella \u00a0Greencup voi tuottaa eloisia, pitk\u00e4kestoisia v\u00e4rej\u00e4 moneen eri muki malliin. mukimme eiv\u00e4t ainoastaan sovellu satoihin k\u00e4ytt\u00f6tarkoituksiin, vaan ne ovat k\u00e4ytt\u00f6ik\u00e4ns\u00e4 lopussa my\u00f6s 100 % kierr\u00e4tett\u00e4vi\u00e4.<\/p>\n<p>\t\t\t\t\t\t\t\t\t\t\t\t\t\t\t<img data-recalc-dims=\"1\" loading=\"lazy\" decoding=\"async\" width=\"800\" height=\"800\" src=\"https:\/\/i0.wp.com\/greencupnordic.com\/wp-content\/uploads\/2022\/09\/Cup_Diagrams-Digital.png?resize=800%2C800&#038;ssl=1\" alt=\"\" loading=\"lazy\" srcset=\"https:\/\/greencupnordic.com\/wp-content\/uploads\/2022\/09\/Cup_Diagrams-Digital-1024x1024.png 1024w, https:\/\/greencupnordic.com\/wp-content\/uploads\/2022\/09\/Cup_Diagrams-Digital-300x300.png 300w, https:\/\/greencupnordic.com\/wp-content\/uploads\/2022\/09\/Cup_Diagrams-Digital-150x150.png 150w, https:\/\/greencupnordic.com\/wp-content\/uploads\/2022\/09\/Cup_Diagrams-Digital-768x768.png 768w, https:\/\/greencupnordic.com\/wp-content\/uploads\/2022\/09\/Cup_Diagrams-Digital.png 1500w\" sizes=\"auto, (max-width: 800px) 100vw, 800px\" \/>\t\t\t\t\t\t\t\t\t\t\t\t\t\t\t<\/p>\n<h2>Digitaalisen painatuksen edut<\/h2>\n<p>Digitaalisesti painetuilla uudelleenk\u00e4ytett\u00e4vill\u00e4 mukeilla on yleens\u00e4 nopeampi toimitusaika kuin muilla painatusvaihtoehdoilla. Pystymme nyt valmistamaan jopa 300 mukin tilauksia. Digitaalisesti painetut uudelleenk\u00e4ytett\u00e4v\u00e4t mukit kylmille juomille on ihanteellinen ratkaisu pienempiin tapahtumiin, erikoistilaisuuksiin, syntym\u00e4p\u00e4iviin tai h\u00e4ihin.<\/p>\n<p>\u2022 Rajoittamaton valikoima v\u00e4rej\u00e4 edullisemmin kuin IML<\/p>\n<p>\u2022 Pienet v\u00e4himm\u00e4istilaukset<\/p>\n<p>\u2022 Lyhyempi toimitusaika kuin IML<\/p>\n<p>https:\/\/greencupnordic.com\/wp-content\/uploads\/2022\/09\/Digital-Printing-Reusable-Cups.mp4<\/p>\n","protected":false},"excerpt":{"rendered":"<p>Muki moni v\u00e4ri painatuksella GreenCupin digitaalinen painatusmenetelm\u00e4 mahdollistaa tilauksia pienemiss\u00e4 m\u00e4\u00e4riss\u00e4. Digitaalinen painatusmenetelm\u00e4 sopii yksinkertaistetuille logoille, joissa on useita v\u00e4rej\u00e4. Digitaalinen painatus on saatavilla suurelle osalle muki-kokoisista mukeistamme. Digipainatuksella \u00a0Greencup voi tuottaa eloisia, pitk\u00e4kestoisia v\u00e4rej\u00e4 moneen eri muki malliin. mukimme eiv\u00e4t ainoastaan sovellu satoihin k\u00e4ytt\u00f6tarkoituksiin, vaan ne ovat k\u00e4ytt\u00f6ik\u00e4ns\u00e4 lopussa my\u00f6s 100 % kierr\u00e4tett\u00e4vi\u00e4. Digitaalisen [&hellip;]<\/p>\n","protected":false},"author":2,"featured_media":0,"parent":8909,"menu_order":0,"comment_status":"closed","ping_status":"closed","template":"","meta":{"_acf_changed":false,"_eb_attr":"","_monsterinsights_skip_tracking":false,"_monsterinsights_sitenote_active":false,"_monsterinsights_sitenote_note":"","_monsterinsights_sitenote_category":0,"footnotes":""},"class_list":["post-8940","page","type-page","status-publish","hentry"],"translation":{"provider":"WPGlobus","version":"3.0.2","language":"fi","enabled_languages":["en","fi"],"languages":{"en":{"title":true,"content":true,"excerpt":false},"fi":{"title":true,"content":true,"excerpt":false}}},"acf":[],"yoast_head":"<!-- This site is optimized with the Yoast SEO plugin v27.3 - https:\/\/yoast.com\/product\/yoast-seo-wordpress\/ -->\n<title>Digitaalinen painatus - GreenCup<\/title>\n<meta name=\"robots\" content=\"index, follow, max-snippet:-1, max-image-preview:large, max-video-preview:-1\" \/>\n<link rel=\"canonical\" href=\"https:\/\/greencupnordic.com\/printing-techniques\/digital-print\/\" \/>\n<meta property=\"og:locale\" content=\"fi_FI\" \/>\n<meta property=\"og:type\" content=\"article\" \/>\n<meta property=\"og:title\" content=\"Digitaalinen painatus - GreenCup\" \/>\n<meta property=\"og:url\" content=\"https:\/\/greencupnordic.com\/printing-techniques\/digital-print\/\" \/>\n<meta property=\"og:site_name\" content=\"GreenCup\" \/>\n<meta property=\"article:modified_time\" content=\"2023-02-22T07:59:18+00:00\" \/>\n<meta property=\"og:image\" content=\"https:\/\/greencupnordic.com\/wp-content\/uploads\/2022\/09\/Cup_Diagrams-Digital-1024x1024.png\" \/>\n<meta name=\"twitter:card\" content=\"summary_large_image\" \/>\n<meta name=\"twitter:label1\" content=\"Arvioitu lukuaika\" \/>\n\t<meta name=\"twitter:data1\" content=\"1 minuutti\" \/>\n<script type=\"application\/ld+json\" class=\"yoast-schema-graph\">{\"@context\":\"https:\\\/\\\/schema.org\",\"@graph\":[{\"@type\":\"WebPage\",\"@id\":\"https:\\\/\\\/greencupnordic.com\\\/printing-techniques\\\/digital-print\\\/\",\"url\":\"https:\\\/\\\/greencupnordic.com\\\/printing-techniques\\\/digital-print\\\/\",\"name\":\"Digitaalinen painatus - GreenCup\",\"isPartOf\":{\"@id\":\"https:\\\/\\\/greencupnordic.com\\\/#website\"},\"primaryImageOfPage\":{\"@id\":\"https:\\\/\\\/greencupnordic.com\\\/printing-techniques\\\/digital-print\\\/#primaryimage\"},\"image\":{\"@id\":\"https:\\\/\\\/greencupnordic.com\\\/printing-techniques\\\/digital-print\\\/#primaryimage\"},\"thumbnailUrl\":\"https:\\\/\\\/greencupnordic.com\\\/wp-content\\\/uploads\\\/2022\\\/09\\\/Cup_Diagrams-Digital-1024x1024.png\",\"datePublished\":\"2022-09-23T10:22:35+00:00\",\"dateModified\":\"2023-02-22T07:59:18+00:00\",\"breadcrumb\":{\"@id\":\"https:\\\/\\\/greencupnordic.com\\\/printing-techniques\\\/digital-print\\\/#breadcrumb\"},\"inLanguage\":\"fi\",\"potentialAction\":[{\"@type\":\"ReadAction\",\"target\":[\"https:\\\/\\\/greencupnordic.com\\\/printing-techniques\\\/digital-print\\\/\"]}]},{\"@type\":\"ImageObject\",\"inLanguage\":\"fi\",\"@id\":\"https:\\\/\\\/greencupnordic.com\\\/printing-techniques\\\/digital-print\\\/#primaryimage\",\"url\":\"https:\\\/\\\/greencupnordic.com\\\/wp-content\\\/uploads\\\/2022\\\/09\\\/Cup_Diagrams-Digital-1024x1024.png\",\"contentUrl\":\"https:\\\/\\\/greencupnordic.com\\\/wp-content\\\/uploads\\\/2022\\\/09\\\/Cup_Diagrams-Digital-1024x1024.png\"},{\"@type\":\"BreadcrumbList\",\"@id\":\"https:\\\/\\\/greencupnordic.com\\\/printing-techniques\\\/digital-print\\\/#breadcrumb\",\"itemListElement\":[{\"@type\":\"ListItem\",\"position\":1,\"name\":\"Home\",\"item\":\"https:\\\/\\\/greencupnordic.com\\\/\"},{\"@type\":\"ListItem\",\"position\":2,\"name\":\"Printing Techniques\",\"item\":\"https:\\\/\\\/greencupnordic.com\\\/printing-techniques\\\/\"},{\"@type\":\"ListItem\",\"position\":3,\"name\":\"Digital Print\"}]},{\"@type\":\"WebSite\",\"@id\":\"https:\\\/\\\/greencupnordic.com\\\/#website\",\"url\":\"https:\\\/\\\/greencupnordic.com\\\/\",\"name\":\"GreenCup\",\"description\":\"Erotu yksil\u00f6llisill\u00e4 ja kierr\u00e4tett\u00e4vill\u00e4 mukeilla\",\"publisher\":{\"@id\":\"https:\\\/\\\/greencupnordic.com\\\/#organization\"},\"potentialAction\":[{\"@type\":\"SearchAction\",\"target\":{\"@type\":\"EntryPoint\",\"urlTemplate\":\"https:\\\/\\\/greencupnordic.com\\\/?s={search_term_string}\"},\"query-input\":{\"@type\":\"PropertyValueSpecification\",\"valueRequired\":true,\"valueName\":\"search_term_string\"}}],\"inLanguage\":\"fi\"},{\"@type\":\"Organization\",\"@id\":\"https:\\\/\\\/greencupnordic.com\\\/#organization\",\"name\":\"GreenCup\",\"url\":\"https:\\\/\\\/greencupnordic.com\\\/\",\"logo\":{\"@type\":\"ImageObject\",\"inLanguage\":\"fi\",\"@id\":\"https:\\\/\\\/greencupnordic.com\\\/#\\\/schema\\\/logo\\\/image\\\/\",\"url\":\"https:\\\/\\\/i0.wp.com\\\/greencupnordic.com\\\/wp-content\\\/uploads\\\/2023\\\/06\\\/Nordic-Logo.png?fit=710%2C710&ssl=1\",\"contentUrl\":\"https:\\\/\\\/i0.wp.com\\\/greencupnordic.com\\\/wp-content\\\/uploads\\\/2023\\\/06\\\/Nordic-Logo.png?fit=710%2C710&ssl=1\",\"width\":710,\"height\":710,\"caption\":\"GreenCup\"},\"image\":{\"@id\":\"https:\\\/\\\/greencupnordic.com\\\/#\\\/schema\\\/logo\\\/image\\\/\"}}]}<\/script>\n<!-- \/ Yoast SEO plugin. -->","yoast_head_json":{"title":"Digitaalinen painatus - GreenCup","robots":{"index":"index","follow":"follow","max-snippet":"max-snippet:-1","max-image-preview":"max-image-preview:large","max-video-preview":"max-video-preview:-1"},"canonical":"https:\/\/greencupnordic.com\/printing-techniques\/digital-print\/","og_locale":"fi_FI","og_type":"article","og_title":"Digitaalinen painatus - GreenCup","og_url":"https:\/\/greencupnordic.com\/printing-techniques\/digital-print\/","og_site_name":"GreenCup","article_modified_time":"2023-02-22T07:59:18+00:00","og_image":[{"url":"https:\/\/greencupnordic.com\/wp-content\/uploads\/2022\/09\/Cup_Diagrams-Digital-1024x1024.png","type":"","width":"","height":""}],"twitter_card":"summary_large_image","twitter_misc":{"Arvioitu lukuaika":"1 minuutti"},"schema":{"@context":"https:\/\/schema.org","@graph":[{"@type":"WebPage","@id":"https:\/\/greencupnordic.com\/printing-techniques\/digital-print\/","url":"https:\/\/greencupnordic.com\/printing-techniques\/digital-print\/","name":"Digitaalinen painatus - GreenCup","isPartOf":{"@id":"https:\/\/greencupnordic.com\/#website"},"primaryImageOfPage":{"@id":"https:\/\/greencupnordic.com\/printing-techniques\/digital-print\/#primaryimage"},"image":{"@id":"https:\/\/greencupnordic.com\/printing-techniques\/digital-print\/#primaryimage"},"thumbnailUrl":"https:\/\/greencupnordic.com\/wp-content\/uploads\/2022\/09\/Cup_Diagrams-Digital-1024x1024.png","datePublished":"2022-09-23T10:22:35+00:00","dateModified":"2023-02-22T07:59:18+00:00","breadcrumb":{"@id":"https:\/\/greencupnordic.com\/printing-techniques\/digital-print\/#breadcrumb"},"inLanguage":"fi","potentialAction":[{"@type":"ReadAction","target":["https:\/\/greencupnordic.com\/printing-techniques\/digital-print\/"]}]},{"@type":"ImageObject","inLanguage":"fi","@id":"https:\/\/greencupnordic.com\/printing-techniques\/digital-print\/#primaryimage","url":"https:\/\/greencupnordic.com\/wp-content\/uploads\/2022\/09\/Cup_Diagrams-Digital-1024x1024.png","contentUrl":"https:\/\/greencupnordic.com\/wp-content\/uploads\/2022\/09\/Cup_Diagrams-Digital-1024x1024.png"},{"@type":"BreadcrumbList","@id":"https:\/\/greencupnordic.com\/printing-techniques\/digital-print\/#breadcrumb","itemListElement":[{"@type":"ListItem","position":1,"name":"Home","item":"https:\/\/greencupnordic.com\/"},{"@type":"ListItem","position":2,"name":"Printing Techniques","item":"https:\/\/greencupnordic.com\/printing-techniques\/"},{"@type":"ListItem","position":3,"name":"Digital Print"}]},{"@type":"WebSite","@id":"https:\/\/greencupnordic.com\/#website","url":"https:\/\/greencupnordic.com\/","name":"GreenCup","description":"Erotu yksil\u00f6llisill\u00e4 ja kierr\u00e4tett\u00e4vill\u00e4 mukeilla","publisher":{"@id":"https:\/\/greencupnordic.com\/#organization"},"potentialAction":[{"@type":"SearchAction","target":{"@type":"EntryPoint","urlTemplate":"https:\/\/greencupnordic.com\/?s={search_term_string}"},"query-input":{"@type":"PropertyValueSpecification","valueRequired":true,"valueName":"search_term_string"}}],"inLanguage":"fi"},{"@type":"Organization","@id":"https:\/\/greencupnordic.com\/#organization","name":"GreenCup","url":"https:\/\/greencupnordic.com\/","logo":{"@type":"ImageObject","inLanguage":"fi","@id":"https:\/\/greencupnordic.com\/#\/schema\/logo\/image\/","url":"https:\/\/i0.wp.com\/greencupnordic.com\/wp-content\/uploads\/2023\/06\/Nordic-Logo.png?fit=710%2C710&ssl=1","contentUrl":"https:\/\/i0.wp.com\/greencupnordic.com\/wp-content\/uploads\/2023\/06\/Nordic-Logo.png?fit=710%2C710&ssl=1","width":710,"height":710,"caption":"GreenCup"},"image":{"@id":"https:\/\/greencupnordic.com\/#\/schema\/logo\/image\/"}}]}},"jetpack-related-posts":[{"id":8909,"url":"https:\/\/greencupnordic.com\/fi\/printing-techniques\/","url_meta":{"origin":8940,"position":0},"title":"Printing Techniques","author":"Greencup.fi","date":"23.9.2022","format":false,"excerpt":"IML (In Mould Labelling) Printing IML Printing is available on all of our products except the wine and hot drink collections. This photographic finish is the most popular option for pint cups as the design can include unlimited colours, photographs and cover a large area of the cup. More Info\u2026","rel":"","context":"Samankaltainen artikkeli","block_context":{"text":"Samankaltainen artikkeli","link":""},"img":{"alt_text":"","src":"https:\/\/i0.wp.com\/greencupnordic.com\/wp-content\/uploads\/2022\/09\/IML_HALF_PINT-1-1024x1024.jpg?resize=350%2C200&ssl=1","width":350,"height":200,"srcset":"https:\/\/i0.wp.com\/greencupnordic.com\/wp-content\/uploads\/2022\/09\/IML_HALF_PINT-1-1024x1024.jpg?resize=350%2C200&ssl=1 1x, https:\/\/i0.wp.com\/greencupnordic.com\/wp-content\/uploads\/2022\/09\/IML_HALF_PINT-1-1024x1024.jpg?resize=525%2C300&ssl=1 1.5x, https:\/\/i0.wp.com\/greencupnordic.com\/wp-content\/uploads\/2022\/09\/IML_HALF_PINT-1-1024x1024.jpg?resize=700%2C400&ssl=1 2x"},"classes":[]},{"id":8771,"url":"https:\/\/greencupnordic.com\/fi\/faq\/","url_meta":{"origin":8940,"position":1},"title":"UKK","author":"Greencup.fi","date":"23.9.2022","format":false,"excerpt":"{:en}Find out more about Greencup\u2019s reusable cup service with the responses below to some of our most frequently asked questions. Are reusable cups really more sustainable than single-use ones? Disposal is the least favourable action in the waste hierarchy. Greencup\u2019s main goal is to prevent plastic entering landfill and as\u2026","rel":"","context":"Samankaltainen artikkeli","block_context":{"text":"Samankaltainen artikkeli","link":""},"img":{"alt_text":"","src":"https:\/\/i0.wp.com\/greencupnordic.com\/wp-content\/uploads\/2022\/09\/zero_waste_world.png?resize=350%2C200&ssl=1","width":350,"height":200},"classes":[]},{"id":9173,"url":"https:\/\/greencupnordic.com\/fi\/products\/accessories\/","url_meta":{"origin":8940,"position":2},"title":"Accessories","author":"Greencup.fi","date":"23.9.2022","format":false,"excerpt":"Accessories to compliment our reusable cups Greencup offers a wide range of eco-friendly accessories to compliment your reusable cup and coffee cups. Discover our range of coffee lids, cup\/bottle\/wine lanyards, and our innovative stacking handles for our reusable pint cups. Stacking Handles If you\u2019re looking for a novel way to\u2026","rel":"","context":"Samankaltainen artikkeli","block_context":{"text":"Samankaltainen artikkeli","link":""},"img":{"alt_text":"","src":"https:\/\/i0.wp.com\/greencupnordic.com\/wp-content\/uploads\/2022\/09\/GG_IMAGE_51-1024x1024.jpg?resize=350%2C200&ssl=1","width":350,"height":200,"srcset":"https:\/\/i0.wp.com\/greencupnordic.com\/wp-content\/uploads\/2022\/09\/GG_IMAGE_51-1024x1024.jpg?resize=350%2C200&ssl=1 1x, https:\/\/i0.wp.com\/greencupnordic.com\/wp-content\/uploads\/2022\/09\/GG_IMAGE_51-1024x1024.jpg?resize=525%2C300&ssl=1 1.5x, https:\/\/i0.wp.com\/greencupnordic.com\/wp-content\/uploads\/2022\/09\/GG_IMAGE_51-1024x1024.jpg?resize=700%2C400&ssl=1 2x"},"classes":[]},{"id":8740,"url":"https:\/\/greencupnordic.com\/fi\/sustainability\/reusable-and-100-recyclable\/","url_meta":{"origin":8940,"position":3},"title":"Uudelleenk\u00e4ytett\u00e4v\u00e4 ja 100% kierr\u00e4tett\u00e4v\u00e4","author":"Greencup.fi","date":"23.9.2022","format":false,"excerpt":"{:en}What are our reusable cups made of? Greencup offer the widest range of reusable cups in Finland. From pint to 400ml highballs which are great for summer cocktails or mixers with ice or garnish. We have shot glasses, champagne flutes, coffee cups and of course, our most popular product: pint\u2026","rel":"","context":"Samankaltainen artikkeli","block_context":{"text":"Samankaltainen artikkeli","link":""},"img":{"alt_text":"","src":"https:\/\/i0.wp.com\/greencupnordic.com\/wp-content\/uploads\/2022\/09\/GG_IMAGE_22-2048x2046-1-1024x1024.jpg?resize=350%2C200&ssl=1","width":350,"height":200,"srcset":"https:\/\/i0.wp.com\/greencupnordic.com\/wp-content\/uploads\/2022\/09\/GG_IMAGE_22-2048x2046-1-1024x1024.jpg?resize=350%2C200&ssl=1 1x, https:\/\/i0.wp.com\/greencupnordic.com\/wp-content\/uploads\/2022\/09\/GG_IMAGE_22-2048x2046-1-1024x1024.jpg?resize=525%2C300&ssl=1 1.5x, https:\/\/i0.wp.com\/greencupnordic.com\/wp-content\/uploads\/2022\/09\/GG_IMAGE_22-2048x2046-1-1024x1024.jpg?resize=700%2C400&ssl=1 2x"},"classes":[]},{"id":8955,"url":"https:\/\/greencupnordic.com\/fi\/printing-techniques\/screen-printing\/","url_meta":{"origin":8940,"position":4},"title":"Silkkipainatus","author":"Greencup.fi","date":"23.9.2022","format":false,"excerpt":"{:en} Reusable cups branded for your event Reusable cups branded with your logo or business name is an effective way to market your brand at your next event. Screen printed reusable cups have a brilliant, richly coloured, glossy printed finish.\u00a0Our screen printing method allows for your design to last hundreds\u2026","rel":"","context":"Samankaltainen artikkeli","block_context":{"text":"Samankaltainen artikkeli","link":""},"img":{"alt_text":"","src":"https:\/\/i0.wp.com\/greencupnordic.com\/wp-content\/uploads\/2022\/09\/Cup_Diagrams-Screen-1024x1024.png?resize=350%2C200&ssl=1","width":350,"height":200,"srcset":"https:\/\/i0.wp.com\/greencupnordic.com\/wp-content\/uploads\/2022\/09\/Cup_Diagrams-Screen-1024x1024.png?resize=350%2C200&ssl=1 1x, https:\/\/i0.wp.com\/greencupnordic.com\/wp-content\/uploads\/2022\/09\/Cup_Diagrams-Screen-1024x1024.png?resize=525%2C300&ssl=1 1.5x, https:\/\/i0.wp.com\/greencupnordic.com\/wp-content\/uploads\/2022\/09\/Cup_Diagrams-Screen-1024x1024.png?resize=700%2C400&ssl=1 2x"},"classes":[]},{"id":8925,"url":"https:\/\/greencupnordic.com\/fi\/printing-techniques\/in-mould-labelling-photographic-finish\/","url_meta":{"origin":8940,"position":5},"title":"Kalvopainatus","author":"Greencup.fi","date":"23.9.2022","format":false,"excerpt":"{:en}Our most popular print style Our IML reusable cups are the most cost effective way for our customers to order reusable cups in bulk. IML is a sophisticated process that produces brilliant, richly coloured, high gloss, printed images in excellent photo quality.\u00a0 The most popular print style for Greencups\u2019s clients,\u2026","rel":"","context":"Samankaltainen artikkeli","block_context":{"text":"Samankaltainen artikkeli","link":""},"img":{"alt_text":"","src":"https:\/\/i0.wp.com\/greencupnordic.com\/wp-content\/uploads\/2022\/09\/IML_CUP_1-2048x2048-1-1024x1024.png?resize=350%2C200&ssl=1","width":350,"height":200,"srcset":"https:\/\/i0.wp.com\/greencupnordic.com\/wp-content\/uploads\/2022\/09\/IML_CUP_1-2048x2048-1-1024x1024.png?resize=350%2C200&ssl=1 1x, https:\/\/i0.wp.com\/greencupnordic.com\/wp-content\/uploads\/2022\/09\/IML_CUP_1-2048x2048-1-1024x1024.png?resize=525%2C300&ssl=1 1.5x, https:\/\/i0.wp.com\/greencupnordic.com\/wp-content\/uploads\/2022\/09\/IML_CUP_1-2048x2048-1-1024x1024.png?resize=700%2C400&ssl=1 2x"},"classes":[]}],"jetpack_sharing_enabled":true,"_links":{"self":[{"href":"https:\/\/greencupnordic.com\/fi\/wp-json\/wp\/v2\/pages\/8940","targetHints":{"allow":["GET"]}}],"collection":[{"href":"https:\/\/greencupnordic.com\/fi\/wp-json\/wp\/v2\/pages"}],"about":[{"href":"https:\/\/greencupnordic.com\/fi\/wp-json\/wp\/v2\/types\/page"}],"author":[{"embeddable":true,"href":"https:\/\/greencupnordic.com\/fi\/wp-json\/wp\/v2\/users\/2"}],"replies":[{"embeddable":true,"href":"https:\/\/greencupnordic.com\/fi\/wp-json\/wp\/v2\/comments?post=8940"}],"version-history":[{"count":36,"href":"https:\/\/greencupnordic.com\/fi\/wp-json\/wp\/v2\/pages\/8940\/revisions"}],"predecessor-version":[{"id":9950,"href":"https:\/\/greencupnordic.com\/fi\/wp-json\/wp\/v2\/pages\/8940\/revisions\/9950"}],"up":[{"embeddable":true,"href":"https:\/\/greencupnordic.com\/fi\/wp-json\/wp\/v2\/pages\/8909"}],"wp:attachment":[{"href":"https:\/\/greencupnordic.com\/fi\/wp-json\/wp\/v2\/media?parent=8940"}],"curies":[{"name":"wp","href":"https:\/\/api.w.org\/{rel}","templated":true}]}}