{"id":8955,"date":"2022-09-23T13:28:43","date_gmt":"2022-09-23T10:28:43","guid":{"rendered":"https:\/\/greencupnordic.com\/?page_id=8955"},"modified":"2022-12-15T19:09:59","modified_gmt":"2022-12-15T17:09:59","slug":"screen-printing","status":"publish","type":"page","link":"https:\/\/greencupnordic.com\/fi\/printing-techniques\/screen-printing\/","title":{"rendered":"Silkkipainatus"},"content":{"rendered":"<p><img data-recalc-dims=\"1\" loading=\"lazy\" decoding=\"async\" width=\"800\" height=\"800\" src=\"https:\/\/i0.wp.com\/greencupnordic.com\/wp-content\/uploads\/2022\/09\/Cup_Diagrams-Screen.png?resize=800%2C800&#038;ssl=1\" alt=\"\" loading=\"lazy\" srcset=\"https:\/\/greencupnordic.com\/wp-content\/uploads\/2022\/09\/Cup_Diagrams-Screen-1024x1024.png 1024w, https:\/\/greencupnordic.com\/wp-content\/uploads\/2022\/09\/Cup_Diagrams-Screen-300x300.png 300w, https:\/\/greencupnordic.com\/wp-content\/uploads\/2022\/09\/Cup_Diagrams-Screen-150x150.png 150w, https:\/\/greencupnordic.com\/wp-content\/uploads\/2022\/09\/Cup_Diagrams-Screen-768x768.png 768w, https:\/\/greencupnordic.com\/wp-content\/uploads\/2022\/09\/Cup_Diagrams-Screen.png 1500w\" sizes=\"auto, (max-width: 800px) 100vw, 800px\" \/>\t\t\t\t\t\t\t\t\t\t\t\t\t\t\t<\/p>\n<h2>Sinun n\u00e4k\u00f6iset mukit<\/h2>\n<p>Logollasi tai yrityksesi nimell\u00e4 varustetut uudelleenk\u00e4ytett\u00e4v\u00e4t mukit ovat tehokas tapa markkinoida br\u00e4ndi\u00e4si seuraavassa tapahtumassasi. Silkkipainatuissa uudelleenk\u00e4ytett\u00e4viss\u00e4 mukeissa on loistava, runsaan v\u00e4rinen, kiilt\u00e4v\u00e4 painatus.<\/p>\n<p>Silkkipainatusmenetelm\u00e4mme mahdollistaa suunnittelusi kest\u00e4vyyden satoja pesuja ja k\u00e4ytt\u00f6kertoja. T\u00e4m\u00e4 menetelm\u00e4 sopii erinomaisesti pieniin ja keskikokoisiin tapahtumiin, ravintoloihin, baareihin ja organisaatioihin.<\/p>\n<p>Tarjoamme Suomen laajimman valikoiman silkkipainettuja mukeja. Voit br\u00e4nd\u00e4t\u00e4 omia tuoppikuppeja, puolituoppeja, pinoavia viinilaseja, samppanjahuiluja, shottilasseja ja kahvimukeja.<\/p>\n<h2>Silkkipainettujen uudelleenk\u00e4ytett\u00e4vien mukien edut.<\/h2>\n<ul>\n<li>Pitk\u00e4 k\u00e4ytt\u00f6ik\u00e4: Silkkipainetut PP-mukit ovat eritt\u00e4in vahvoja ja kest\u00e4vi\u00e4. Niit\u00e4 voidaan k\u00e4ytt\u00e4\u00e4 yli 100 kertaa.<\/li>\n<li>Ymp\u00e4rist\u00f6yst\u00e4v\u00e4llisyys: muihin materiaaleihin verrattuna PP toimii parhaiten, kun on kyse valmistusprosessin energiankulutuksesta ja kierr\u00e4tett\u00e4vyydest\u00e4.<\/li>\n<li>Alin hinta mukia kohden kaikista painatustyyleist\u00e4.<\/li>\n<li>Pitk\u00e4kestoisempi viimeistely kuin digitaalipainatuksessa.<\/li>\n<li>Korkealaatuiset musteet PANTONE \u00ae -v\u00e4rilaavoilla.<\/li>\n<li>T\u00e4ydellinen tapa esitell\u00e4 br\u00e4ndi\u00e4si\/logoasi\/yrityksesi nime\u00e4si.<\/li>\n<\/ul>\n<p>https:\/\/greencupnordic.com\/wp-content\/uploads\/2022\/09\/Screen-Printing-Reusable-Cups.mp4<\/p>\n","protected":false},"excerpt":{"rendered":"<p>Sinun n\u00e4k\u00f6iset mukit Logollasi tai yrityksesi nimell\u00e4 varustetut uudelleenk\u00e4ytett\u00e4v\u00e4t mukit ovat tehokas tapa markkinoida br\u00e4ndi\u00e4si seuraavassa tapahtumassasi. Silkkipainatuissa uudelleenk\u00e4ytett\u00e4viss\u00e4 mukeissa on loistava, runsaan v\u00e4rinen, kiilt\u00e4v\u00e4 painatus. Silkkipainatusmenetelm\u00e4mme mahdollistaa suunnittelusi kest\u00e4vyyden satoja pesuja ja k\u00e4ytt\u00f6kertoja. T\u00e4m\u00e4 menetelm\u00e4 sopii erinomaisesti pieniin ja keskikokoisiin tapahtumiin, ravintoloihin, baareihin ja organisaatioihin. Tarjoamme Suomen laajimman valikoiman silkkipainettuja mukeja. Voit br\u00e4nd\u00e4t\u00e4 omia [&hellip;]<\/p>\n","protected":false},"author":2,"featured_media":0,"parent":8909,"menu_order":0,"comment_status":"closed","ping_status":"closed","template":"","meta":{"_acf_changed":false,"_eb_attr":"","_monsterinsights_skip_tracking":false,"_monsterinsights_sitenote_active":false,"_monsterinsights_sitenote_note":"","_monsterinsights_sitenote_category":0,"footnotes":""},"class_list":["post-8955","page","type-page","status-publish","hentry"],"translation":{"provider":"WPGlobus","version":"3.0.2","language":"fi","enabled_languages":["en","fi"],"languages":{"en":{"title":true,"content":true,"excerpt":false},"fi":{"title":true,"content":true,"excerpt":false}}},"acf":[],"yoast_head":"<!-- This site is optimized with the Yoast SEO plugin v27.3 - https:\/\/yoast.com\/product\/yoast-seo-wordpress\/ -->\n<title>Silkkipainatus - GreenCup<\/title>\n<meta name=\"robots\" content=\"index, follow, max-snippet:-1, max-image-preview:large, max-video-preview:-1\" \/>\n<link rel=\"canonical\" href=\"https:\/\/greencupnordic.com\/printing-techniques\/screen-printing\/\" \/>\n<meta property=\"og:locale\" content=\"fi_FI\" \/>\n<meta property=\"og:type\" content=\"article\" \/>\n<meta property=\"og:title\" content=\"Silkkipainatus - GreenCup\" \/>\n<meta property=\"og:url\" content=\"https:\/\/greencupnordic.com\/printing-techniques\/screen-printing\/\" \/>\n<meta property=\"og:site_name\" content=\"GreenCup\" \/>\n<meta property=\"article:modified_time\" content=\"2022-12-15T17:09:59+00:00\" \/>\n<meta property=\"og:image\" content=\"https:\/\/greencupnordic.com\/wp-content\/uploads\/2022\/09\/Cup_Diagrams-Screen-1024x1024.png\" \/>\n<meta name=\"twitter:card\" content=\"summary_large_image\" \/>\n<meta name=\"twitter:label1\" content=\"Arvioitu lukuaika\" \/>\n\t<meta name=\"twitter:data1\" content=\"1 minuutti\" \/>\n<script type=\"application\/ld+json\" class=\"yoast-schema-graph\">{\"@context\":\"https:\\\/\\\/schema.org\",\"@graph\":[{\"@type\":\"WebPage\",\"@id\":\"https:\\\/\\\/greencupnordic.com\\\/printing-techniques\\\/screen-printing\\\/\",\"url\":\"https:\\\/\\\/greencupnordic.com\\\/printing-techniques\\\/screen-printing\\\/\",\"name\":\"Silkkipainatus - GreenCup\",\"isPartOf\":{\"@id\":\"https:\\\/\\\/greencupnordic.com\\\/#website\"},\"primaryImageOfPage\":{\"@id\":\"https:\\\/\\\/greencupnordic.com\\\/printing-techniques\\\/screen-printing\\\/#primaryimage\"},\"image\":{\"@id\":\"https:\\\/\\\/greencupnordic.com\\\/printing-techniques\\\/screen-printing\\\/#primaryimage\"},\"thumbnailUrl\":\"https:\\\/\\\/greencupnordic.com\\\/wp-content\\\/uploads\\\/2022\\\/09\\\/Cup_Diagrams-Screen-1024x1024.png\",\"datePublished\":\"2022-09-23T10:28:43+00:00\",\"dateModified\":\"2022-12-15T17:09:59+00:00\",\"breadcrumb\":{\"@id\":\"https:\\\/\\\/greencupnordic.com\\\/printing-techniques\\\/screen-printing\\\/#breadcrumb\"},\"inLanguage\":\"fi\",\"potentialAction\":[{\"@type\":\"ReadAction\",\"target\":[\"https:\\\/\\\/greencupnordic.com\\\/printing-techniques\\\/screen-printing\\\/\"]}]},{\"@type\":\"ImageObject\",\"inLanguage\":\"fi\",\"@id\":\"https:\\\/\\\/greencupnordic.com\\\/printing-techniques\\\/screen-printing\\\/#primaryimage\",\"url\":\"https:\\\/\\\/greencupnordic.com\\\/wp-content\\\/uploads\\\/2022\\\/09\\\/Cup_Diagrams-Screen-1024x1024.png\",\"contentUrl\":\"https:\\\/\\\/greencupnordic.com\\\/wp-content\\\/uploads\\\/2022\\\/09\\\/Cup_Diagrams-Screen-1024x1024.png\"},{\"@type\":\"BreadcrumbList\",\"@id\":\"https:\\\/\\\/greencupnordic.com\\\/printing-techniques\\\/screen-printing\\\/#breadcrumb\",\"itemListElement\":[{\"@type\":\"ListItem\",\"position\":1,\"name\":\"Home\",\"item\":\"https:\\\/\\\/greencupnordic.com\\\/\"},{\"@type\":\"ListItem\",\"position\":2,\"name\":\"Printing Techniques\",\"item\":\"https:\\\/\\\/greencupnordic.com\\\/printing-techniques\\\/\"},{\"@type\":\"ListItem\",\"position\":3,\"name\":\"Screen Printing\"}]},{\"@type\":\"WebSite\",\"@id\":\"https:\\\/\\\/greencupnordic.com\\\/#website\",\"url\":\"https:\\\/\\\/greencupnordic.com\\\/\",\"name\":\"GreenCup\",\"description\":\"Erotu yksil\u00f6llisill\u00e4 ja kierr\u00e4tett\u00e4vill\u00e4 mukeilla\",\"publisher\":{\"@id\":\"https:\\\/\\\/greencupnordic.com\\\/#organization\"},\"potentialAction\":[{\"@type\":\"SearchAction\",\"target\":{\"@type\":\"EntryPoint\",\"urlTemplate\":\"https:\\\/\\\/greencupnordic.com\\\/?s={search_term_string}\"},\"query-input\":{\"@type\":\"PropertyValueSpecification\",\"valueRequired\":true,\"valueName\":\"search_term_string\"}}],\"inLanguage\":\"fi\"},{\"@type\":\"Organization\",\"@id\":\"https:\\\/\\\/greencupnordic.com\\\/#organization\",\"name\":\"GreenCup\",\"url\":\"https:\\\/\\\/greencupnordic.com\\\/\",\"logo\":{\"@type\":\"ImageObject\",\"inLanguage\":\"fi\",\"@id\":\"https:\\\/\\\/greencupnordic.com\\\/#\\\/schema\\\/logo\\\/image\\\/\",\"url\":\"https:\\\/\\\/i0.wp.com\\\/greencupnordic.com\\\/wp-content\\\/uploads\\\/2023\\\/06\\\/Nordic-Logo.png?fit=710%2C710&ssl=1\",\"contentUrl\":\"https:\\\/\\\/i0.wp.com\\\/greencupnordic.com\\\/wp-content\\\/uploads\\\/2023\\\/06\\\/Nordic-Logo.png?fit=710%2C710&ssl=1\",\"width\":710,\"height\":710,\"caption\":\"GreenCup\"},\"image\":{\"@id\":\"https:\\\/\\\/greencupnordic.com\\\/#\\\/schema\\\/logo\\\/image\\\/\"}}]}<\/script>\n<!-- \/ Yoast SEO plugin. -->","yoast_head_json":{"title":"Silkkipainatus - GreenCup","robots":{"index":"index","follow":"follow","max-snippet":"max-snippet:-1","max-image-preview":"max-image-preview:large","max-video-preview":"max-video-preview:-1"},"canonical":"https:\/\/greencupnordic.com\/printing-techniques\/screen-printing\/","og_locale":"fi_FI","og_type":"article","og_title":"Silkkipainatus - GreenCup","og_url":"https:\/\/greencupnordic.com\/printing-techniques\/screen-printing\/","og_site_name":"GreenCup","article_modified_time":"2022-12-15T17:09:59+00:00","og_image":[{"url":"https:\/\/greencupnordic.com\/wp-content\/uploads\/2022\/09\/Cup_Diagrams-Screen-1024x1024.png","type":"","width":"","height":""}],"twitter_card":"summary_large_image","twitter_misc":{"Arvioitu lukuaika":"1 minuutti"},"schema":{"@context":"https:\/\/schema.org","@graph":[{"@type":"WebPage","@id":"https:\/\/greencupnordic.com\/printing-techniques\/screen-printing\/","url":"https:\/\/greencupnordic.com\/printing-techniques\/screen-printing\/","name":"Silkkipainatus - GreenCup","isPartOf":{"@id":"https:\/\/greencupnordic.com\/#website"},"primaryImageOfPage":{"@id":"https:\/\/greencupnordic.com\/printing-techniques\/screen-printing\/#primaryimage"},"image":{"@id":"https:\/\/greencupnordic.com\/printing-techniques\/screen-printing\/#primaryimage"},"thumbnailUrl":"https:\/\/greencupnordic.com\/wp-content\/uploads\/2022\/09\/Cup_Diagrams-Screen-1024x1024.png","datePublished":"2022-09-23T10:28:43+00:00","dateModified":"2022-12-15T17:09:59+00:00","breadcrumb":{"@id":"https:\/\/greencupnordic.com\/printing-techniques\/screen-printing\/#breadcrumb"},"inLanguage":"fi","potentialAction":[{"@type":"ReadAction","target":["https:\/\/greencupnordic.com\/printing-techniques\/screen-printing\/"]}]},{"@type":"ImageObject","inLanguage":"fi","@id":"https:\/\/greencupnordic.com\/printing-techniques\/screen-printing\/#primaryimage","url":"https:\/\/greencupnordic.com\/wp-content\/uploads\/2022\/09\/Cup_Diagrams-Screen-1024x1024.png","contentUrl":"https:\/\/greencupnordic.com\/wp-content\/uploads\/2022\/09\/Cup_Diagrams-Screen-1024x1024.png"},{"@type":"BreadcrumbList","@id":"https:\/\/greencupnordic.com\/printing-techniques\/screen-printing\/#breadcrumb","itemListElement":[{"@type":"ListItem","position":1,"name":"Home","item":"https:\/\/greencupnordic.com\/"},{"@type":"ListItem","position":2,"name":"Printing Techniques","item":"https:\/\/greencupnordic.com\/printing-techniques\/"},{"@type":"ListItem","position":3,"name":"Screen Printing"}]},{"@type":"WebSite","@id":"https:\/\/greencupnordic.com\/#website","url":"https:\/\/greencupnordic.com\/","name":"GreenCup","description":"Erotu yksil\u00f6llisill\u00e4 ja kierr\u00e4tett\u00e4vill\u00e4 mukeilla","publisher":{"@id":"https:\/\/greencupnordic.com\/#organization"},"potentialAction":[{"@type":"SearchAction","target":{"@type":"EntryPoint","urlTemplate":"https:\/\/greencupnordic.com\/?s={search_term_string}"},"query-input":{"@type":"PropertyValueSpecification","valueRequired":true,"valueName":"search_term_string"}}],"inLanguage":"fi"},{"@type":"Organization","@id":"https:\/\/greencupnordic.com\/#organization","name":"GreenCup","url":"https:\/\/greencupnordic.com\/","logo":{"@type":"ImageObject","inLanguage":"fi","@id":"https:\/\/greencupnordic.com\/#\/schema\/logo\/image\/","url":"https:\/\/i0.wp.com\/greencupnordic.com\/wp-content\/uploads\/2023\/06\/Nordic-Logo.png?fit=710%2C710&ssl=1","contentUrl":"https:\/\/i0.wp.com\/greencupnordic.com\/wp-content\/uploads\/2023\/06\/Nordic-Logo.png?fit=710%2C710&ssl=1","width":710,"height":710,"caption":"GreenCup"},"image":{"@id":"https:\/\/greencupnordic.com\/#\/schema\/logo\/image\/"}}]}},"jetpack-related-posts":[{"id":8925,"url":"https:\/\/greencupnordic.com\/fi\/printing-techniques\/in-mould-labelling-photographic-finish\/","url_meta":{"origin":8955,"position":0},"title":"Kalvopainatus","author":"Greencup.fi","date":"23.9.2022","format":false,"excerpt":"{:en}Our most popular print style Our IML reusable cups are the most cost effective way for our customers to order reusable cups in bulk. IML is a sophisticated process that produces brilliant, richly coloured, high gloss, printed images in excellent photo quality.\u00a0 The most popular print style for Greencups\u2019s clients,\u2026","rel":"","context":"Samankaltainen artikkeli","block_context":{"text":"Samankaltainen artikkeli","link":""},"img":{"alt_text":"","src":"https:\/\/i0.wp.com\/greencupnordic.com\/wp-content\/uploads\/2022\/09\/IML_CUP_1-2048x2048-1-1024x1024.png?resize=350%2C200&ssl=1","width":350,"height":200,"srcset":"https:\/\/i0.wp.com\/greencupnordic.com\/wp-content\/uploads\/2022\/09\/IML_CUP_1-2048x2048-1-1024x1024.png?resize=350%2C200&ssl=1 1x, https:\/\/i0.wp.com\/greencupnordic.com\/wp-content\/uploads\/2022\/09\/IML_CUP_1-2048x2048-1-1024x1024.png?resize=525%2C300&ssl=1 1.5x, https:\/\/i0.wp.com\/greencupnordic.com\/wp-content\/uploads\/2022\/09\/IML_CUP_1-2048x2048-1-1024x1024.png?resize=700%2C400&ssl=1 2x"},"classes":[]},{"id":8940,"url":"https:\/\/greencupnordic.com\/fi\/printing-techniques\/digital-print\/","url_meta":{"origin":8955,"position":1},"title":"Digitaalinen painatus","author":"Greencup.fi","date":"23.9.2022","format":false,"excerpt":"{:en}Full-colour prints are available in smaller orders Greencup offer a digital printing service for our range of reusable cups for cold drinks. Digital printing is designed for low minimum order quantities, making them ideal for weddings and small parties.With our digital printing service Greencup can produce cups with vibrant, long-lasting\u2026","rel":"","context":"Samankaltainen artikkeli","block_context":{"text":"Samankaltainen artikkeli","link":""},"img":{"alt_text":"","src":"https:\/\/i0.wp.com\/greencupnordic.com\/wp-content\/uploads\/2022\/09\/Cup_Diagrams-Digital-1024x1024.png?resize=350%2C200&ssl=1","width":350,"height":200,"srcset":"https:\/\/i0.wp.com\/greencupnordic.com\/wp-content\/uploads\/2022\/09\/Cup_Diagrams-Digital-1024x1024.png?resize=350%2C200&ssl=1 1x, https:\/\/i0.wp.com\/greencupnordic.com\/wp-content\/uploads\/2022\/09\/Cup_Diagrams-Digital-1024x1024.png?resize=525%2C300&ssl=1 1.5x, https:\/\/i0.wp.com\/greencupnordic.com\/wp-content\/uploads\/2022\/09\/Cup_Diagrams-Digital-1024x1024.png?resize=700%2C400&ssl=1 2x"},"classes":[]},{"id":8909,"url":"https:\/\/greencupnordic.com\/fi\/printing-techniques\/","url_meta":{"origin":8955,"position":2},"title":"Printing Techniques","author":"Greencup.fi","date":"23.9.2022","format":false,"excerpt":"IML (In Mould Labelling) Printing IML Printing is available on all of our products except the wine and hot drink collections. This photographic finish is the most popular option for pint cups as the design can include unlimited colours, photographs and cover a large area of the cup. More Info\u2026","rel":"","context":"Samankaltainen artikkeli","block_context":{"text":"Samankaltainen artikkeli","link":""},"img":{"alt_text":"","src":"https:\/\/i0.wp.com\/greencupnordic.com\/wp-content\/uploads\/2022\/09\/IML_HALF_PINT-1-1024x1024.jpg?resize=350%2C200&ssl=1","width":350,"height":200,"srcset":"https:\/\/i0.wp.com\/greencupnordic.com\/wp-content\/uploads\/2022\/09\/IML_HALF_PINT-1-1024x1024.jpg?resize=350%2C200&ssl=1 1x, https:\/\/i0.wp.com\/greencupnordic.com\/wp-content\/uploads\/2022\/09\/IML_HALF_PINT-1-1024x1024.jpg?resize=525%2C300&ssl=1 1.5x, https:\/\/i0.wp.com\/greencupnordic.com\/wp-content\/uploads\/2022\/09\/IML_HALF_PINT-1-1024x1024.jpg?resize=700%2C400&ssl=1 2x"},"classes":[]},{"id":8771,"url":"https:\/\/greencupnordic.com\/fi\/faq\/","url_meta":{"origin":8955,"position":3},"title":"UKK","author":"Greencup.fi","date":"23.9.2022","format":false,"excerpt":"{:en}Find out more about Greencup\u2019s reusable cup service with the responses below to some of our most frequently asked questions. Are reusable cups really more sustainable than single-use ones? Disposal is the least favourable action in the waste hierarchy. Greencup\u2019s main goal is to prevent plastic entering landfill and as\u2026","rel":"","context":"Samankaltainen artikkeli","block_context":{"text":"Samankaltainen artikkeli","link":""},"img":{"alt_text":"","src":"https:\/\/i0.wp.com\/greencupnordic.com\/wp-content\/uploads\/2022\/09\/zero_waste_world.png?resize=350%2C200&ssl=1","width":350,"height":200},"classes":[]},{"id":9472,"url":"https:\/\/greencupnordic.com\/fi\/","url_meta":{"origin":8955,"position":4},"title":"{:en}We are on a mission\u2026","author":"Greencup.fi","date":"23.9.2022","format":false,"excerpt":"{:en}We are on a mission to save the planet one reusable cup at a time We are the leading supplier of reusable cups, coffee cups and foodware in the nordics Find the Right Cup Lowers your event's carbon footprintReduce waste and favor reusable items. Full Service SolutionThe largest Nordic based\u2026","rel":"","context":"Samankaltainen artikkeli","block_context":{"text":"Samankaltainen artikkeli","link":""},"img":{"alt_text":"","src":"https:\/\/i0.wp.com\/greencupnordic.com\/wp-content\/uploads\/2023\/05\/eco-responsable-1.png?resize=350%2C200&ssl=1","width":350,"height":200},"classes":[]},{"id":9338,"url":"https:\/\/greencupnordic.com\/fi\/how-it-works\/benefits-of-switching-to-reusable-cups\/","url_meta":{"origin":8955,"position":5},"title":"{:en}Why use Reusable Cups for\u2026","author":"Greencup.fi","date":"23.9.2022","format":false,"excerpt":"{:en}Why use Reusable Cups for your event? A\u00a0Greener event: less single-use rubbish to clear up \u2013 less landfill.Sturdier reusable cups for your event that gives a more\u00a0enjoyable drinking experience.An ideal advertising and marketing tool.Prevents the use of disposable items, reducing waste to landfill.\u00a0A perfect take-home\u00a0souvenir.Cups specifically\u00a0branded to your event.Lowers your\u2026","rel":"","context":"Samankaltainen artikkeli","block_context":{"text":"Samankaltainen artikkeli","link":""},"img":{"alt_text":"","src":"https:\/\/i0.wp.com\/greencupnordic.com\/wp-content\/uploads\/2022\/09\/GG_IMAGE_23.jpeg?resize=350%2C200&ssl=1","width":350,"height":200,"srcset":"https:\/\/i0.wp.com\/greencupnordic.com\/wp-content\/uploads\/2022\/09\/GG_IMAGE_23.jpeg?resize=350%2C200&ssl=1 1x, https:\/\/i0.wp.com\/greencupnordic.com\/wp-content\/uploads\/2022\/09\/GG_IMAGE_23.jpeg?resize=525%2C300&ssl=1 1.5x, https:\/\/i0.wp.com\/greencupnordic.com\/wp-content\/uploads\/2022\/09\/GG_IMAGE_23.jpeg?resize=700%2C400&ssl=1 2x, https:\/\/i0.wp.com\/greencupnordic.com\/wp-content\/uploads\/2022\/09\/GG_IMAGE_23.jpeg?resize=1050%2C600&ssl=1 3x"},"classes":[]}],"jetpack_sharing_enabled":true,"_links":{"self":[{"href":"https:\/\/greencupnordic.com\/fi\/wp-json\/wp\/v2\/pages\/8955","targetHints":{"allow":["GET"]}}],"collection":[{"href":"https:\/\/greencupnordic.com\/fi\/wp-json\/wp\/v2\/pages"}],"about":[{"href":"https:\/\/greencupnordic.com\/fi\/wp-json\/wp\/v2\/types\/page"}],"author":[{"embeddable":true,"href":"https:\/\/greencupnordic.com\/fi\/wp-json\/wp\/v2\/users\/2"}],"replies":[{"embeddable":true,"href":"https:\/\/greencupnordic.com\/fi\/wp-json\/wp\/v2\/comments?post=8955"}],"version-history":[{"count":23,"href":"https:\/\/greencupnordic.com\/fi\/wp-json\/wp\/v2\/pages\/8955\/revisions"}],"predecessor-version":[{"id":9806,"href":"https:\/\/greencupnordic.com\/fi\/wp-json\/wp\/v2\/pages\/8955\/revisions\/9806"}],"up":[{"embeddable":true,"href":"https:\/\/greencupnordic.com\/fi\/wp-json\/wp\/v2\/pages\/8909"}],"wp:attachment":[{"href":"https:\/\/greencupnordic.com\/fi\/wp-json\/wp\/v2\/media?parent=8955"}],"curies":[{"name":"wp","href":"https:\/\/api.w.org\/{rel}","templated":true}]}}