{"id":9161,"date":"2022-09-23T15:52:57","date_gmt":"2022-09-23T12:52:57","guid":{"rendered":"https:\/\/greencupnordic.com\/?page_id=9161"},"modified":"2022-09-23T17:17:46","modified_gmt":"2022-09-23T14:17:46","slug":"green-50cl","status":"publish","type":"page","link":"https:\/\/greencupnordic.com\/fi\/products\/green-50cl\/","title":{"rendered":"Green 50cl"},"content":{"rendered":"\t\t<div data-elementor-type=\"wp-page\" data-elementor-id=\"9161\" class=\"elementor elementor-9161\">\n\t\t\t\t\t\t<section class=\"elementor-section elementor-top-section elementor-element elementor-element-5abcae1 elementor-section-boxed elementor-section-height-default elementor-section-height-default\" data-id=\"5abcae1\" data-element_type=\"section\" data-e-type=\"section\">\n\t\t\t\t\t\t<div class=\"elementor-container elementor-column-gap-default\">\n\t\t\t\t\t<div class=\"elementor-column elementor-col-100 elementor-top-column elementor-element elementor-element-583e32d\" data-id=\"583e32d\" data-element_type=\"column\" data-e-type=\"column\">\n\t\t\t<div class=\"elementor-widget-wrap elementor-element-populated\">\n\t\t\t\t\t\t<section class=\"elementor-section elementor-inner-section elementor-element elementor-element-4d118bd elementor-section-boxed elementor-section-height-default elementor-section-height-default\" data-id=\"4d118bd\" data-element_type=\"section\" data-e-type=\"section\">\n\t\t\t\t\t\t<div class=\"elementor-container elementor-column-gap-default\">\n\t\t\t\t\t<div class=\"elementor-column elementor-col-50 elementor-inner-column elementor-element elementor-element-0324978\" data-id=\"0324978\" data-element_type=\"column\" data-e-type=\"column\">\n\t\t\t<div class=\"elementor-widget-wrap elementor-element-populated\">\n\t\t\t\t\t\t<div class=\"elementor-element elementor-element-d02273e elementor-widget elementor-widget-heading\" data-id=\"d02273e\" data-element_type=\"widget\" data-e-type=\"widget\" data-widget_type=\"heading.default\">\n\t\t\t\t<div class=\"elementor-widget-container\">\n\t\t\t\t\t<h2 class=\"elementor-heading-title elementor-size-default\">Green 50<\/h2>\t\t\t\t<\/div>\n\t\t\t\t<\/div>\n\t\t\t\t<div class=\"elementor-element elementor-element-5838038 elementor-widget elementor-widget-text-editor\" data-id=\"5838038\" data-element_type=\"widget\" data-e-type=\"widget\" data-widget_type=\"text-editor.default\">\n\t\t\t\t<div class=\"elementor-widget-container\">\n\t\t\t\t\t\t\t\t\t<h6><strong>Capacity :\u00a0<\/strong>50cl (Useful capacity 45cl)<\/h6><h6><strong>WEIGHT:\u00a0<\/strong>41g<\/h6><h6><strong>MATERIAL:\u00a0<\/strong>PP (Polypropylene<\/h6><h6>Homopolymer)<\/h6><h6><strong>BOTTOM DIAMETER:\u00a0<\/strong>56mm<\/h6><h6><strong>TOP DIAMETER:\u00a0<\/strong>080 mm<\/h6><h6><strong>Height:\u00a0<\/strong>150mm<\/h6><h6><strong>Available printing options:<\/strong><\/h6><ul><li>IML (In mould Labeling)<\/li><li>Digital Printing<\/li><li>Screenprinting<\/li><\/ul>\t\t\t\t\t\t\t\t<\/div>\n\t\t\t\t<\/div>\n\t\t\t\t\t<\/div>\n\t\t<\/div>\n\t\t\t\t<div class=\"elementor-column elementor-col-50 elementor-inner-column elementor-element elementor-element-c55f117\" data-id=\"c55f117\" data-element_type=\"column\" data-e-type=\"column\">\n\t\t\t<div class=\"elementor-widget-wrap elementor-element-populated\">\n\t\t\t\t\t\t<div class=\"elementor-element elementor-element-22e0095 elementor-widget elementor-widget-image\" data-id=\"22e0095\" data-element_type=\"widget\" data-e-type=\"widget\" data-widget_type=\"image.default\">\n\t\t\t\t<div class=\"elementor-widget-container\">\n\t\t\t\t\t\t\t\t\t\t\t\t\t\t\t<img fetchpriority=\"high\" decoding=\"async\" data-attachment-id=\"9246\" data-permalink=\"https:\/\/greencupnordic.com\/fi\/products\/green-50cl\/292447035_1243841329756681_3114895854488488531_n\/\" data-orig-file=\"https:\/\/i0.wp.com\/greencupnordic.com\/wp-content\/uploads\/2022\/09\/292447035_1243841329756681_3114895854488488531_n.jpg?fit=1363%2C1363&amp;ssl=1\" data-orig-size=\"1363,1363\" data-comments-opened=\"1\" data-image-meta=\"{&quot;aperture&quot;:&quot;0&quot;,&quot;credit&quot;:&quot;&quot;,&quot;camera&quot;:&quot;&quot;,&quot;caption&quot;:&quot;&quot;,&quot;created_timestamp&quot;:&quot;0&quot;,&quot;copyright&quot;:&quot;&quot;,&quot;focal_length&quot;:&quot;0&quot;,&quot;iso&quot;:&quot;0&quot;,&quot;shutter_speed&quot;:&quot;0&quot;,&quot;title&quot;:&quot;&quot;,&quot;orientation&quot;:&quot;0&quot;}\" data-image-title=\"292447035_1243841329756681_3114895854488488531_n\" data-image-description=\"\" data-image-caption=\"\" data-medium-file=\"https:\/\/i0.wp.com\/greencupnordic.com\/wp-content\/uploads\/2022\/09\/292447035_1243841329756681_3114895854488488531_n.jpg?fit=300%2C300&amp;ssl=1\" data-large-file=\"https:\/\/i0.wp.com\/greencupnordic.com\/wp-content\/uploads\/2022\/09\/292447035_1243841329756681_3114895854488488531_n.jpg?fit=800%2C800&amp;ssl=1\" width=\"800\" height=\"800\" src=\"https:\/\/i0.wp.com\/greencupnordic.com\/wp-content\/uploads\/2022\/09\/292447035_1243841329756681_3114895854488488531_n.jpg?fit=800%2C800&amp;ssl=1\" class=\"attachment-large size-large wp-image-9246\" alt=\"\" srcset=\"https:\/\/i0.wp.com\/greencupnordic.com\/wp-content\/uploads\/2022\/09\/292447035_1243841329756681_3114895854488488531_n.jpg?w=1363&amp;ssl=1 1363w, https:\/\/i0.wp.com\/greencupnordic.com\/wp-content\/uploads\/2022\/09\/292447035_1243841329756681_3114895854488488531_n.jpg?resize=300%2C300&amp;ssl=1 300w, https:\/\/i0.wp.com\/greencupnordic.com\/wp-content\/uploads\/2022\/09\/292447035_1243841329756681_3114895854488488531_n.jpg?resize=1024%2C1024&amp;ssl=1 1024w, https:\/\/i0.wp.com\/greencupnordic.com\/wp-content\/uploads\/2022\/09\/292447035_1243841329756681_3114895854488488531_n.jpg?resize=150%2C150&amp;ssl=1 150w, https:\/\/i0.wp.com\/greencupnordic.com\/wp-content\/uploads\/2022\/09\/292447035_1243841329756681_3114895854488488531_n.jpg?resize=768%2C768&amp;ssl=1 768w\" sizes=\"(max-width: 800px) 100vw, 800px\" data-attachment-id=\"9246\" data-permalink=\"https:\/\/greencupnordic.com\/fi\/products\/green-50cl\/292447035_1243841329756681_3114895854488488531_n\/\" data-orig-file=\"https:\/\/i0.wp.com\/greencupnordic.com\/wp-content\/uploads\/2022\/09\/292447035_1243841329756681_3114895854488488531_n.jpg?fit=1363%2C1363&amp;ssl=1\" data-orig-size=\"1363,1363\" data-comments-opened=\"1\" data-image-meta=\"{&quot;aperture&quot;:&quot;0&quot;,&quot;credit&quot;:&quot;&quot;,&quot;camera&quot;:&quot;&quot;,&quot;caption&quot;:&quot;&quot;,&quot;created_timestamp&quot;:&quot;0&quot;,&quot;copyright&quot;:&quot;&quot;,&quot;focal_length&quot;:&quot;0&quot;,&quot;iso&quot;:&quot;0&quot;,&quot;shutter_speed&quot;:&quot;0&quot;,&quot;title&quot;:&quot;&quot;,&quot;orientation&quot;:&quot;0&quot;}\" data-image-title=\"292447035_1243841329756681_3114895854488488531_n\" data-image-description=\"\" data-image-caption=\"\" data-medium-file=\"https:\/\/i0.wp.com\/greencupnordic.com\/wp-content\/uploads\/2022\/09\/292447035_1243841329756681_3114895854488488531_n.jpg?fit=300%2C300&amp;ssl=1\" data-large-file=\"https:\/\/i0.wp.com\/greencupnordic.com\/wp-content\/uploads\/2022\/09\/292447035_1243841329756681_3114895854488488531_n.jpg?fit=800%2C800&amp;ssl=1\" \/>\t\t\t\t\t\t\t\t\t\t\t\t\t\t\t<\/div>\n\t\t\t\t<\/div>\n\t\t\t\t\t<\/div>\n\t\t<\/div>\n\t\t\t\t\t<\/div>\n\t\t<\/section>\n\t\t\t\t<section class=\"elementor-section elementor-inner-section elementor-element elementor-element-5ed675d elementor-section-boxed elementor-section-height-default elementor-section-height-default\" data-id=\"5ed675d\" data-element_type=\"section\" data-e-type=\"section\">\n\t\t\t\t\t\t<div class=\"elementor-container elementor-column-gap-default\">\n\t\t\t\t\t<div class=\"elementor-column elementor-col-25 elementor-inner-column elementor-element elementor-element-bce8249\" data-id=\"bce8249\" data-element_type=\"column\" data-e-type=\"column\">\n\t\t\t<div class=\"elementor-widget-wrap elementor-element-populated\">\n\t\t\t\t\t\t<div class=\"elementor-element elementor-element-87ae71e elementor-widget elementor-widget-image\" data-id=\"87ae71e\" data-element_type=\"widget\" data-e-type=\"widget\" data-widget_type=\"image.default\">\n\t\t\t\t<div class=\"elementor-widget-container\">\n\t\t\t\t\t\t\t\t\t\t\t\t\t\t\t<img decoding=\"async\" src=\"https:\/\/i0.wp.com\/greencupnordic.com\/wp-content\/uploads\/2022\/09\/60293691_1278463568981264_4677019875523166208_n.jpg?fit=400%2C400&#038;ssl=1\" title=\"60293691_1278463568981264_4677019875523166208_n\" alt=\"60293691_1278463568981264_4677019875523166208_n\" loading=\"lazy\" \/>\t\t\t\t\t\t\t\t\t\t\t\t\t\t\t<\/div>\n\t\t\t\t<\/div>\n\t\t\t\t\t<\/div>\n\t\t<\/div>\n\t\t\t\t<div class=\"elementor-column elementor-col-25 elementor-inner-column elementor-element elementor-element-4834cee\" data-id=\"4834cee\" data-element_type=\"column\" data-e-type=\"column\">\n\t\t\t<div class=\"elementor-widget-wrap elementor-element-populated\">\n\t\t\t\t\t\t<div class=\"elementor-element elementor-element-ada5029 elementor-widget elementor-widget-image\" data-id=\"ada5029\" data-element_type=\"widget\" data-e-type=\"widget\" data-widget_type=\"image.default\">\n\t\t\t\t<div class=\"elementor-widget-container\">\n\t\t\t\t\t\t\t\t\t\t\t\t\t\t\t<img decoding=\"async\" src=\"https:\/\/i0.wp.com\/greencupnordic.com\/wp-content\/uploads\/2022\/09\/292213166_1243841349756679_5249318921592695983_n.jpg?fit=400%2C400&#038;ssl=1\" title=\"292213166_1243841349756679_5249318921592695983_n\" alt=\"292213166_1243841349756679_5249318921592695983_n\" loading=\"lazy\" \/>\t\t\t\t\t\t\t\t\t\t\t\t\t\t\t<\/div>\n\t\t\t\t<\/div>\n\t\t\t\t\t<\/div>\n\t\t<\/div>\n\t\t\t\t<div class=\"elementor-column elementor-col-25 elementor-inner-column elementor-element elementor-element-fd49c3c\" data-id=\"fd49c3c\" data-element_type=\"column\" data-e-type=\"column\">\n\t\t\t<div class=\"elementor-widget-wrap elementor-element-populated\">\n\t\t\t\t\t\t<div class=\"elementor-element elementor-element-d84b89b elementor-widget elementor-widget-image\" data-id=\"d84b89b\" data-element_type=\"widget\" data-e-type=\"widget\" data-widget_type=\"image.default\">\n\t\t\t\t<div class=\"elementor-widget-container\">\n\t\t\t\t\t\t\t\t\t\t\t\t\t\t\t<img decoding=\"async\" src=\"https:\/\/i0.wp.com\/greencupnordic.com\/wp-content\/uploads\/2022\/09\/300383143_1273499286790885_1968684238916172784_n.jpg?fit=400%2C400&#038;ssl=1\" title=\"300383143_1273499286790885_1968684238916172784_n\" alt=\"300383143_1273499286790885_1968684238916172784_n\" loading=\"lazy\" \/>\t\t\t\t\t\t\t\t\t\t\t\t\t\t\t<\/div>\n\t\t\t\t<\/div>\n\t\t\t\t\t<\/div>\n\t\t<\/div>\n\t\t\t\t<div class=\"elementor-column elementor-col-25 elementor-inner-column elementor-element elementor-element-b8148b7\" data-id=\"b8148b7\" data-element_type=\"column\" data-e-type=\"column\">\n\t\t\t<div class=\"elementor-widget-wrap elementor-element-populated\">\n\t\t\t\t\t\t<div class=\"elementor-element elementor-element-0af1cb6 elementor-widget elementor-widget-image\" data-id=\"0af1cb6\" data-element_type=\"widget\" data-e-type=\"widget\" data-widget_type=\"image.default\">\n\t\t\t\t<div class=\"elementor-widget-container\">\n\t\t\t\t\t\t\t\t\t\t\t\t\t\t\t<img decoding=\"async\" src=\"https:\/\/i0.wp.com\/greencupnordic.com\/wp-content\/uploads\/2022\/09\/120948327_4579956632044273_5824730339028388962_n.jpg?fit=400%2C400&#038;ssl=1\" title=\"120948327_4579956632044273_5824730339028388962_n\" alt=\"120948327_4579956632044273_5824730339028388962_n\" loading=\"lazy\" \/>\t\t\t\t\t\t\t\t\t\t\t\t\t\t\t<\/div>\n\t\t\t\t<\/div>\n\t\t\t\t\t<\/div>\n\t\t<\/div>\n\t\t\t\t\t<\/div>\n\t\t<\/section>\n\t\t\t\t\t<\/div>\n\t\t<\/div>\n\t\t\t\t\t<\/div>\n\t\t<\/section>\n\t\t\t\t<\/div>\n\t\t","protected":false},"excerpt":{"rendered":"<p>Green 50 Capacity :\u00a050cl (Useful capacity 45cl) WEIGHT:\u00a041g MATERIAL:\u00a0PP (Polypropylene Homopolymer) BOTTOM DIAMETER:\u00a056mm TOP DIAMETER:\u00a0080 mm Height:\u00a0150mm Available printing options: IML (In mould Labeling) Digital Printing Screenprinting<\/p>\n","protected":false},"author":2,"featured_media":0,"parent":8416,"menu_order":0,"comment_status":"closed","ping_status":"closed","template":"","meta":{"_acf_changed":false,"_eb_attr":"","_monsterinsights_skip_tracking":false,"_monsterinsights_sitenote_active":false,"_monsterinsights_sitenote_note":"","_monsterinsights_sitenote_category":0,"footnotes":""},"class_list":["post-9161","page","type-page","status-publish","hentry"],"translation":{"provider":"WPGlobus","version":"3.0.2","language":"fi","enabled_languages":["en","fi"],"languages":{"en":{"title":true,"content":true,"excerpt":false},"fi":{"title":false,"content":false,"excerpt":false}}},"acf":[],"yoast_head":"<!-- This site is optimized with the Yoast SEO plugin v27.3 - https:\/\/yoast.com\/product\/yoast-seo-wordpress\/ -->\n<title>Green 50cl - GreenCup<\/title>\n<meta name=\"robots\" content=\"index, follow, max-snippet:-1, max-image-preview:large, max-video-preview:-1\" \/>\n<link rel=\"canonical\" href=\"https:\/\/greencupnordic.com\/products\/green-50cl\/\" \/>\n<meta property=\"og:locale\" content=\"fi_FI\" \/>\n<meta property=\"og:type\" content=\"article\" \/>\n<meta property=\"og:title\" content=\"Green 50cl - GreenCup\" \/>\n<meta property=\"og:url\" content=\"https:\/\/greencupnordic.com\/products\/green-50cl\/\" \/>\n<meta property=\"og:site_name\" content=\"GreenCup\" \/>\n<meta property=\"article:modified_time\" content=\"2022-09-23T14:17:46+00:00\" \/>\n<meta property=\"og:image\" content=\"https:\/\/greencupnordic.com\/wp-content\/uploads\/2022\/09\/292447035_1243841329756681_3114895854488488531_n-1024x1024.jpg\" \/>\n<meta name=\"twitter:card\" content=\"summary_large_image\" \/>\n<meta name=\"twitter:label1\" content=\"Arvioitu lukuaika\" \/>\n\t<meta name=\"twitter:data1\" content=\"2 minuuttia\" \/>\n<script type=\"application\/ld+json\" class=\"yoast-schema-graph\">{\"@context\":\"https:\\\/\\\/schema.org\",\"@graph\":[{\"@type\":\"WebPage\",\"@id\":\"https:\\\/\\\/greencupnordic.com\\\/products\\\/green-50cl\\\/\",\"url\":\"https:\\\/\\\/greencupnordic.com\\\/products\\\/green-50cl\\\/\",\"name\":\"Green 50cl - GreenCup\",\"isPartOf\":{\"@id\":\"https:\\\/\\\/greencupnordic.com\\\/#website\"},\"primaryImageOfPage\":{\"@id\":\"https:\\\/\\\/greencupnordic.com\\\/products\\\/green-50cl\\\/#primaryimage\"},\"image\":{\"@id\":\"https:\\\/\\\/greencupnordic.com\\\/products\\\/green-50cl\\\/#primaryimage\"},\"thumbnailUrl\":\"https:\\\/\\\/greencupnordic.com\\\/wp-content\\\/uploads\\\/2022\\\/09\\\/292447035_1243841329756681_3114895854488488531_n-1024x1024.jpg\",\"datePublished\":\"2022-09-23T12:52:57+00:00\",\"dateModified\":\"2022-09-23T14:17:46+00:00\",\"breadcrumb\":{\"@id\":\"https:\\\/\\\/greencupnordic.com\\\/products\\\/green-50cl\\\/#breadcrumb\"},\"inLanguage\":\"fi\",\"potentialAction\":[{\"@type\":\"ReadAction\",\"target\":[\"https:\\\/\\\/greencupnordic.com\\\/products\\\/green-50cl\\\/\"]}]},{\"@type\":\"ImageObject\",\"inLanguage\":\"fi\",\"@id\":\"https:\\\/\\\/greencupnordic.com\\\/products\\\/green-50cl\\\/#primaryimage\",\"url\":\"https:\\\/\\\/greencupnordic.com\\\/wp-content\\\/uploads\\\/2022\\\/09\\\/292447035_1243841329756681_3114895854488488531_n-1024x1024.jpg\",\"contentUrl\":\"https:\\\/\\\/greencupnordic.com\\\/wp-content\\\/uploads\\\/2022\\\/09\\\/292447035_1243841329756681_3114895854488488531_n-1024x1024.jpg\"},{\"@type\":\"BreadcrumbList\",\"@id\":\"https:\\\/\\\/greencupnordic.com\\\/products\\\/green-50cl\\\/#breadcrumb\",\"itemListElement\":[{\"@type\":\"ListItem\",\"position\":1,\"name\":\"Home\",\"item\":\"https:\\\/\\\/greencupnordic.com\\\/\"},{\"@type\":\"ListItem\",\"position\":2,\"name\":\"Green 50cl\"}]},{\"@type\":\"WebSite\",\"@id\":\"https:\\\/\\\/greencupnordic.com\\\/#website\",\"url\":\"https:\\\/\\\/greencupnordic.com\\\/\",\"name\":\"GreenCup\",\"description\":\"Erotu yksil\u00f6llisill\u00e4 ja kierr\u00e4tett\u00e4vill\u00e4 mukeilla\",\"publisher\":{\"@id\":\"https:\\\/\\\/greencupnordic.com\\\/#organization\"},\"potentialAction\":[{\"@type\":\"SearchAction\",\"target\":{\"@type\":\"EntryPoint\",\"urlTemplate\":\"https:\\\/\\\/greencupnordic.com\\\/?s={search_term_string}\"},\"query-input\":{\"@type\":\"PropertyValueSpecification\",\"valueRequired\":true,\"valueName\":\"search_term_string\"}}],\"inLanguage\":\"fi\"},{\"@type\":\"Organization\",\"@id\":\"https:\\\/\\\/greencupnordic.com\\\/#organization\",\"name\":\"GreenCup\",\"url\":\"https:\\\/\\\/greencupnordic.com\\\/\",\"logo\":{\"@type\":\"ImageObject\",\"inLanguage\":\"fi\",\"@id\":\"https:\\\/\\\/greencupnordic.com\\\/#\\\/schema\\\/logo\\\/image\\\/\",\"url\":\"https:\\\/\\\/i0.wp.com\\\/greencupnordic.com\\\/wp-content\\\/uploads\\\/2023\\\/06\\\/Nordic-Logo.png?fit=710%2C710&ssl=1\",\"contentUrl\":\"https:\\\/\\\/i0.wp.com\\\/greencupnordic.com\\\/wp-content\\\/uploads\\\/2023\\\/06\\\/Nordic-Logo.png?fit=710%2C710&ssl=1\",\"width\":710,\"height\":710,\"caption\":\"GreenCup\"},\"image\":{\"@id\":\"https:\\\/\\\/greencupnordic.com\\\/#\\\/schema\\\/logo\\\/image\\\/\"}}]}<\/script>\n<!-- \/ Yoast SEO plugin. -->","yoast_head_json":{"title":"Green 50cl - GreenCup","robots":{"index":"index","follow":"follow","max-snippet":"max-snippet:-1","max-image-preview":"max-image-preview:large","max-video-preview":"max-video-preview:-1"},"canonical":"https:\/\/greencupnordic.com\/products\/green-50cl\/","og_locale":"fi_FI","og_type":"article","og_title":"Green 50cl - GreenCup","og_url":"https:\/\/greencupnordic.com\/products\/green-50cl\/","og_site_name":"GreenCup","article_modified_time":"2022-09-23T14:17:46+00:00","og_image":[{"url":"https:\/\/greencupnordic.com\/wp-content\/uploads\/2022\/09\/292447035_1243841329756681_3114895854488488531_n-1024x1024.jpg","type":"","width":"","height":""}],"twitter_card":"summary_large_image","twitter_misc":{"Arvioitu lukuaika":"2 minuuttia"},"schema":{"@context":"https:\/\/schema.org","@graph":[{"@type":"WebPage","@id":"https:\/\/greencupnordic.com\/products\/green-50cl\/","url":"https:\/\/greencupnordic.com\/products\/green-50cl\/","name":"Green 50cl - GreenCup","isPartOf":{"@id":"https:\/\/greencupnordic.com\/#website"},"primaryImageOfPage":{"@id":"https:\/\/greencupnordic.com\/products\/green-50cl\/#primaryimage"},"image":{"@id":"https:\/\/greencupnordic.com\/products\/green-50cl\/#primaryimage"},"thumbnailUrl":"https:\/\/greencupnordic.com\/wp-content\/uploads\/2022\/09\/292447035_1243841329756681_3114895854488488531_n-1024x1024.jpg","datePublished":"2022-09-23T12:52:57+00:00","dateModified":"2022-09-23T14:17:46+00:00","breadcrumb":{"@id":"https:\/\/greencupnordic.com\/products\/green-50cl\/#breadcrumb"},"inLanguage":"fi","potentialAction":[{"@type":"ReadAction","target":["https:\/\/greencupnordic.com\/products\/green-50cl\/"]}]},{"@type":"ImageObject","inLanguage":"fi","@id":"https:\/\/greencupnordic.com\/products\/green-50cl\/#primaryimage","url":"https:\/\/greencupnordic.com\/wp-content\/uploads\/2022\/09\/292447035_1243841329756681_3114895854488488531_n-1024x1024.jpg","contentUrl":"https:\/\/greencupnordic.com\/wp-content\/uploads\/2022\/09\/292447035_1243841329756681_3114895854488488531_n-1024x1024.jpg"},{"@type":"BreadcrumbList","@id":"https:\/\/greencupnordic.com\/products\/green-50cl\/#breadcrumb","itemListElement":[{"@type":"ListItem","position":1,"name":"Home","item":"https:\/\/greencupnordic.com\/"},{"@type":"ListItem","position":2,"name":"Green 50cl"}]},{"@type":"WebSite","@id":"https:\/\/greencupnordic.com\/#website","url":"https:\/\/greencupnordic.com\/","name":"GreenCup","description":"Erotu yksil\u00f6llisill\u00e4 ja kierr\u00e4tett\u00e4vill\u00e4 mukeilla","publisher":{"@id":"https:\/\/greencupnordic.com\/#organization"},"potentialAction":[{"@type":"SearchAction","target":{"@type":"EntryPoint","urlTemplate":"https:\/\/greencupnordic.com\/?s={search_term_string}"},"query-input":{"@type":"PropertyValueSpecification","valueRequired":true,"valueName":"search_term_string"}}],"inLanguage":"fi"},{"@type":"Organization","@id":"https:\/\/greencupnordic.com\/#organization","name":"GreenCup","url":"https:\/\/greencupnordic.com\/","logo":{"@type":"ImageObject","inLanguage":"fi","@id":"https:\/\/greencupnordic.com\/#\/schema\/logo\/image\/","url":"https:\/\/i0.wp.com\/greencupnordic.com\/wp-content\/uploads\/2023\/06\/Nordic-Logo.png?fit=710%2C710&ssl=1","contentUrl":"https:\/\/i0.wp.com\/greencupnordic.com\/wp-content\/uploads\/2023\/06\/Nordic-Logo.png?fit=710%2C710&ssl=1","width":710,"height":710,"caption":"GreenCup"},"image":{"@id":"https:\/\/greencupnordic.com\/#\/schema\/logo\/image\/"}}]}},"jetpack-related-posts":[{"id":8416,"url":"https:\/\/greencupnordic.com\/fi\/products\/","url_meta":{"origin":9161,"position":0},"title":"{:en}100% recyclable. Any cups which\u2026","author":"Greencup.fi","date":"22.9.2022","format":false,"excerpt":"{:en}100% recyclable. Any cups which are damaged or at the end of their use are 100% recyclable. Greencup work closely with a local recycling company ensuring that our recycled cups are made into useful items and do not enter landfill. All of Greencups\u2019s reusable cups are made from 100% polypropylene\u2026","rel":"","context":"Samankaltainen artikkeli","block_context":{"text":"Samankaltainen artikkeli","link":""},"img":{"alt_text":"","src":"https:\/\/i0.wp.com\/greencupnordic.com\/wp-content\/uploads\/2022\/09\/gg_hero_image_2-1024x768.jpg?resize=350%2C200&ssl=1","width":350,"height":200,"srcset":"https:\/\/i0.wp.com\/greencupnordic.com\/wp-content\/uploads\/2022\/09\/gg_hero_image_2-1024x768.jpg?resize=350%2C200&ssl=1 1x, https:\/\/i0.wp.com\/greencupnordic.com\/wp-content\/uploads\/2022\/09\/gg_hero_image_2-1024x768.jpg?resize=525%2C300&ssl=1 1.5x, https:\/\/i0.wp.com\/greencupnordic.com\/wp-content\/uploads\/2022\/09\/gg_hero_image_2-1024x768.jpg?resize=700%2C400&ssl=1 2x"},"classes":[]},{"id":8423,"url":"https:\/\/greencupnordic.com\/fi\/products\/green-12cl\/","url_meta":{"origin":9161,"position":1},"title":"Green 12cl","author":"Greencup.fi","date":"22.9.2022","format":false,"excerpt":"Green 12 Capacity : 12cl (Useful capacity 10cl) WEIGHT: 12g MATERIAL:\u00a0PP (Polypropylene Homopolymer) BOTTOM DIAMETER:\u00a040mm TOP DIAMETER:\u00a055mm Height: 70mm Available printing options:\u00a0 IML (In mould Labeling) Screenprinting","rel":"","context":"Samankaltainen artikkeli","block_context":{"text":"Samankaltainen artikkeli","link":""},"img":{"alt_text":"","src":"https:\/\/i0.wp.com\/greencupnordic.com\/wp-content\/uploads\/2018\/08\/festi-mout-Green-12-400x400-1.png?resize=350%2C200&ssl=1","width":350,"height":200},"classes":[]},{"id":8561,"url":"https:\/\/greencupnordic.com\/fi\/products\/green-18cl\/","url_meta":{"origin":9161,"position":2},"title":"Green 18cl","author":"Greencup.fi","date":"22.9.2022","format":false,"excerpt":"Green 18 Capacity : 18cl (Useful capacity 15cl) WEIGHT: 18g MATERIAL:\u00a0PP (Polypropylene Homopolymer) BOTTOM DIAMETER:\u00a040mm TOP DIAMETER: 58mm Height:\u00a095 mm Available printing options:\u00a0 IML (In mould Labeling) Screenprinting","rel":"","context":"Samankaltainen artikkeli","block_context":{"text":"Samankaltainen artikkeli","link":""},"img":{"alt_text":"","src":"https:\/\/i0.wp.com\/greencupnordic.com\/wp-content\/uploads\/2018\/08\/festi-mout-Green-12-400x400-1.png?resize=350%2C200&ssl=1","width":350,"height":200},"classes":[]},{"id":8675,"url":"https:\/\/greencupnordic.com\/fi\/green-40cl\/","url_meta":{"origin":9161,"position":3},"title":"Green 40cl","author":"Greencup.fi","date":"22.9.2022","format":false,"excerpt":"Green 40 Capacity :\u00a040cl (Useful capacity 35cl)WEIGHT:\u00a035gMATERIAL:\u00a0PP (PolypropyleneHomopolymer)BOTTOM DIAMETER: 52mmTOP DIAMETER: 72\u00a0mmHeight:\u00a0140 mmAvailable printing options:\u00a0IML (In mould Labeling)Screenprinting\u00a0\u00a0\u00a0\u00a0\u00a0\u00a0\u00a0\u00a0\u00a0\u00a0","rel":"","context":"Samankaltainen artikkeli","block_context":{"text":"Samankaltainen artikkeli","link":""},"img":{"alt_text":"","src":"https:\/\/i0.wp.com\/greencupnordic.com\/wp-content\/uploads\/2022\/09\/245362446_1071878926952923_4854343291606542239_n-2-768x1024.jpg?resize=350%2C200&ssl=1","width":350,"height":200,"srcset":"https:\/\/i0.wp.com\/greencupnordic.com\/wp-content\/uploads\/2022\/09\/245362446_1071878926952923_4854343291606542239_n-2-768x1024.jpg?resize=350%2C200&ssl=1 1x, https:\/\/i0.wp.com\/greencupnordic.com\/wp-content\/uploads\/2022\/09\/245362446_1071878926952923_4854343291606542239_n-2-768x1024.jpg?resize=525%2C300&ssl=1 1.5x, https:\/\/i0.wp.com\/greencupnordic.com\/wp-content\/uploads\/2022\/09\/245362446_1071878926952923_4854343291606542239_n-2-768x1024.jpg?resize=700%2C400&ssl=1 2x"},"classes":[]},{"id":8547,"url":"https:\/\/greencupnordic.com\/fi\/products\/green-30cl\/","url_meta":{"origin":9161,"position":4},"title":"Green 30cl","author":"Greencup.fi","date":"22.9.2022","format":false,"excerpt":"Green 30 Capacity :\u00a030cl (Useful capacity 25cl)WEIGHT:\u00a027gMATERIAL:\u00a0PP (PolypropyleneHomopolymer)BOTTOM DIAMETER: 54mmTOP DIAMETER: \u00a073 mmHeight:\u00a0117mmAvailable printing options:\u00a0IML (In mould Labeling)Digital PrintingScreenprinting","rel":"","context":"Samankaltainen artikkeli","block_context":{"text":"Samankaltainen artikkeli","link":""},"img":{"alt_text":"","src":"","width":0,"height":0},"classes":[]},{"id":9158,"url":"https:\/\/greencupnordic.com\/fi\/products\/green-40cl\/","url_meta":{"origin":9161,"position":5},"title":"Green 40cl","author":"Greencup.fi","date":"23.9.2022","format":false,"excerpt":"Green 40 Capacity :\u00a040cl (Useful capacity 35cl)WEIGHT:\u00a035gMATERIAL:\u00a0PP (PolypropyleneHomopolymer)BOTTOM DIAMETER: 52mmTOP DIAMETER: \u00a072 mmHeight:\u00a0140mmAvailable printing options:\u00a0IML (In mould Labeling)Screenprinting","rel":"","context":"Samankaltainen artikkeli","block_context":{"text":"Samankaltainen artikkeli","link":""},"img":{"alt_text":"","src":"","width":0,"height":0},"classes":[]}],"jetpack_sharing_enabled":true,"_links":{"self":[{"href":"https:\/\/greencupnordic.com\/fi\/wp-json\/wp\/v2\/pages\/9161","targetHints":{"allow":["GET"]}}],"collection":[{"href":"https:\/\/greencupnordic.com\/fi\/wp-json\/wp\/v2\/pages"}],"about":[{"href":"https:\/\/greencupnordic.com\/fi\/wp-json\/wp\/v2\/types\/page"}],"author":[{"embeddable":true,"href":"https:\/\/greencupnordic.com\/fi\/wp-json\/wp\/v2\/users\/2"}],"replies":[{"embeddable":true,"href":"https:\/\/greencupnordic.com\/fi\/wp-json\/wp\/v2\/comments?post=9161"}],"version-history":[{"count":13,"href":"https:\/\/greencupnordic.com\/fi\/wp-json\/wp\/v2\/pages\/9161\/revisions"}],"predecessor-version":[{"id":9271,"href":"https:\/\/greencupnordic.com\/fi\/wp-json\/wp\/v2\/pages\/9161\/revisions\/9271"}],"up":[{"embeddable":true,"href":"https:\/\/greencupnordic.com\/fi\/wp-json\/wp\/v2\/pages\/8416"}],"wp:attachment":[{"href":"https:\/\/greencupnordic.com\/fi\/wp-json\/wp\/v2\/media?parent=9161"}],"curies":[{"name":"wp","href":"https:\/\/api.w.org\/{rel}","templated":true}]}}