{"id":9165,"date":"2022-09-23T15:54:30","date_gmt":"2022-09-23T12:54:30","guid":{"rendered":"https:\/\/greencupnordic.com\/?page_id=9165"},"modified":"2022-09-23T15:54:40","modified_gmt":"2022-09-23T12:54:40","slug":"wine","status":"publish","type":"page","link":"https:\/\/greencupnordic.com\/fi\/products\/wine\/","title":{"rendered":"Wine"},"content":{"rendered":"","protected":false},"excerpt":{"rendered":"","protected":false},"author":2,"featured_media":0,"parent":8416,"menu_order":0,"comment_status":"closed","ping_status":"closed","template":"","meta":{"_acf_changed":false,"_eb_attr":"","_monsterinsights_skip_tracking":false,"_monsterinsights_sitenote_active":false,"_monsterinsights_sitenote_note":"","_monsterinsights_sitenote_category":0,"footnotes":""},"class_list":["post-9165","page","type-page","status-publish","hentry"],"translation":{"provider":"WPGlobus","version":"3.0.2","language":"fi","enabled_languages":["en","fi"],"languages":{"en":{"title":true,"content":false,"excerpt":false},"fi":{"title":false,"content":false,"excerpt":false}}},"acf":[],"yoast_head":"<!-- This site is optimized with the Yoast SEO plugin v27.5 - https:\/\/yoast.com\/product\/yoast-seo-wordpress\/ -->\n<title>Wine - GreenCup<\/title>\n<meta name=\"robots\" content=\"index, follow, max-snippet:-1, max-image-preview:large, max-video-preview:-1\" \/>\n<link rel=\"canonical\" href=\"https:\/\/greencupnordic.com\/products\/wine\/\" \/>\n<meta property=\"og:locale\" content=\"fi_FI\" \/>\n<meta property=\"og:type\" content=\"article\" \/>\n<meta property=\"og:title\" content=\"Wine - GreenCup\" \/>\n<meta property=\"og:url\" content=\"https:\/\/greencupnordic.com\/products\/wine\/\" \/>\n<meta property=\"og:site_name\" content=\"GreenCup\" \/>\n<meta property=\"article:modified_time\" content=\"2022-09-23T12:54:40+00:00\" \/>\n<meta name=\"twitter:card\" content=\"summary_large_image\" \/>\n<script type=\"application\/ld+json\" class=\"yoast-schema-graph\">{\"@context\":\"https:\\\/\\\/schema.org\",\"@graph\":[{\"@type\":\"WebPage\",\"@id\":\"https:\\\/\\\/greencupnordic.com\\\/products\\\/wine\\\/\",\"url\":\"https:\\\/\\\/greencupnordic.com\\\/products\\\/wine\\\/\",\"name\":\"Wine - GreenCup\",\"isPartOf\":{\"@id\":\"https:\\\/\\\/greencupnordic.com\\\/#website\"},\"datePublished\":\"2022-09-23T12:54:30+00:00\",\"dateModified\":\"2022-09-23T12:54:40+00:00\",\"breadcrumb\":{\"@id\":\"https:\\\/\\\/greencupnordic.com\\\/products\\\/wine\\\/#breadcrumb\"},\"inLanguage\":\"fi\",\"potentialAction\":[{\"@type\":\"ReadAction\",\"target\":[\"https:\\\/\\\/greencupnordic.com\\\/products\\\/wine\\\/\"]}]},{\"@type\":\"BreadcrumbList\",\"@id\":\"https:\\\/\\\/greencupnordic.com\\\/products\\\/wine\\\/#breadcrumb\",\"itemListElement\":[{\"@type\":\"ListItem\",\"position\":1,\"name\":\"Home\",\"item\":\"https:\\\/\\\/greencupnordic.com\\\/\"},{\"@type\":\"ListItem\",\"position\":2,\"name\":\"Wine\"}]},{\"@type\":\"WebSite\",\"@id\":\"https:\\\/\\\/greencupnordic.com\\\/#website\",\"url\":\"https:\\\/\\\/greencupnordic.com\\\/\",\"name\":\"GreenCup\",\"description\":\"Erotu yksil\u00f6llisill\u00e4 ja kierr\u00e4tett\u00e4vill\u00e4 mukeilla\",\"publisher\":{\"@id\":\"https:\\\/\\\/greencupnordic.com\\\/#organization\"},\"potentialAction\":[{\"@type\":\"SearchAction\",\"target\":{\"@type\":\"EntryPoint\",\"urlTemplate\":\"https:\\\/\\\/greencupnordic.com\\\/?s={search_term_string}\"},\"query-input\":{\"@type\":\"PropertyValueSpecification\",\"valueRequired\":true,\"valueName\":\"search_term_string\"}}],\"inLanguage\":\"fi\"},{\"@type\":\"Organization\",\"@id\":\"https:\\\/\\\/greencupnordic.com\\\/#organization\",\"name\":\"GreenCup\",\"url\":\"https:\\\/\\\/greencupnordic.com\\\/\",\"logo\":{\"@type\":\"ImageObject\",\"inLanguage\":\"fi\",\"@id\":\"https:\\\/\\\/greencupnordic.com\\\/#\\\/schema\\\/logo\\\/image\\\/\",\"url\":\"https:\\\/\\\/i0.wp.com\\\/greencupnordic.com\\\/wp-content\\\/uploads\\\/2023\\\/06\\\/Nordic-Logo.png?fit=710%2C710&ssl=1\",\"contentUrl\":\"https:\\\/\\\/i0.wp.com\\\/greencupnordic.com\\\/wp-content\\\/uploads\\\/2023\\\/06\\\/Nordic-Logo.png?fit=710%2C710&ssl=1\",\"width\":710,\"height\":710,\"caption\":\"GreenCup\"},\"image\":{\"@id\":\"https:\\\/\\\/greencupnordic.com\\\/#\\\/schema\\\/logo\\\/image\\\/\"}}]}<\/script>\n<!-- \/ Yoast SEO plugin. -->","yoast_head_json":{"title":"Wine - GreenCup","robots":{"index":"index","follow":"follow","max-snippet":"max-snippet:-1","max-image-preview":"max-image-preview:large","max-video-preview":"max-video-preview:-1"},"canonical":"https:\/\/greencupnordic.com\/products\/wine\/","og_locale":"fi_FI","og_type":"article","og_title":"Wine - GreenCup","og_url":"https:\/\/greencupnordic.com\/products\/wine\/","og_site_name":"GreenCup","article_modified_time":"2022-09-23T12:54:40+00:00","twitter_card":"summary_large_image","schema":{"@context":"https:\/\/schema.org","@graph":[{"@type":"WebPage","@id":"https:\/\/greencupnordic.com\/products\/wine\/","url":"https:\/\/greencupnordic.com\/products\/wine\/","name":"Wine - GreenCup","isPartOf":{"@id":"https:\/\/greencupnordic.com\/#website"},"datePublished":"2022-09-23T12:54:30+00:00","dateModified":"2022-09-23T12:54:40+00:00","breadcrumb":{"@id":"https:\/\/greencupnordic.com\/products\/wine\/#breadcrumb"},"inLanguage":"fi","potentialAction":[{"@type":"ReadAction","target":["https:\/\/greencupnordic.com\/products\/wine\/"]}]},{"@type":"BreadcrumbList","@id":"https:\/\/greencupnordic.com\/products\/wine\/#breadcrumb","itemListElement":[{"@type":"ListItem","position":1,"name":"Home","item":"https:\/\/greencupnordic.com\/"},{"@type":"ListItem","position":2,"name":"Wine"}]},{"@type":"WebSite","@id":"https:\/\/greencupnordic.com\/#website","url":"https:\/\/greencupnordic.com\/","name":"GreenCup","description":"Erotu yksil\u00f6llisill\u00e4 ja kierr\u00e4tett\u00e4vill\u00e4 mukeilla","publisher":{"@id":"https:\/\/greencupnordic.com\/#organization"},"potentialAction":[{"@type":"SearchAction","target":{"@type":"EntryPoint","urlTemplate":"https:\/\/greencupnordic.com\/?s={search_term_string}"},"query-input":{"@type":"PropertyValueSpecification","valueRequired":true,"valueName":"search_term_string"}}],"inLanguage":"fi"},{"@type":"Organization","@id":"https:\/\/greencupnordic.com\/#organization","name":"GreenCup","url":"https:\/\/greencupnordic.com\/","logo":{"@type":"ImageObject","inLanguage":"fi","@id":"https:\/\/greencupnordic.com\/#\/schema\/logo\/image\/","url":"https:\/\/i0.wp.com\/greencupnordic.com\/wp-content\/uploads\/2023\/06\/Nordic-Logo.png?fit=710%2C710&ssl=1","contentUrl":"https:\/\/i0.wp.com\/greencupnordic.com\/wp-content\/uploads\/2023\/06\/Nordic-Logo.png?fit=710%2C710&ssl=1","width":710,"height":710,"caption":"GreenCup"},"image":{"@id":"https:\/\/greencupnordic.com\/#\/schema\/logo\/image\/"}}]}},"jetpack-related-posts":[{"id":9173,"url":"https:\/\/greencupnordic.com\/fi\/products\/accessories\/","url_meta":{"origin":9165,"position":0},"title":"Accessories","author":"Greencup.fi","date":"23.9.2022","format":false,"excerpt":"Accessories to compliment our reusable cups Greencup offers a wide range of eco-friendly accessories to compliment your reusable cup and coffee cups. Discover our range of coffee lids, cup\/bottle\/wine lanyards, and our innovative stacking handles for our reusable pint cups. Stacking Handles If you\u2019re looking for a novel way to\u2026","rel":"","context":"Samankaltainen artikkeli","block_context":{"text":"Samankaltainen artikkeli","link":""},"img":{"alt_text":"","src":"https:\/\/i0.wp.com\/greencupnordic.com\/wp-content\/uploads\/2022\/09\/GG_IMAGE_51-1024x1024.jpg?resize=350%2C200&ssl=1","width":350,"height":200,"srcset":"https:\/\/i0.wp.com\/greencupnordic.com\/wp-content\/uploads\/2022\/09\/GG_IMAGE_51-1024x1024.jpg?resize=350%2C200&ssl=1 1x, https:\/\/i0.wp.com\/greencupnordic.com\/wp-content\/uploads\/2022\/09\/GG_IMAGE_51-1024x1024.jpg?resize=525%2C300&ssl=1 1.5x, https:\/\/i0.wp.com\/greencupnordic.com\/wp-content\/uploads\/2022\/09\/GG_IMAGE_51-1024x1024.jpg?resize=700%2C400&ssl=1 2x"},"classes":[]},{"id":8416,"url":"https:\/\/greencupnordic.com\/fi\/products\/","url_meta":{"origin":9165,"position":1},"title":"{:en}100% recyclable. Any cups which\u2026","author":"Greencup.fi","date":"22.9.2022","format":false,"excerpt":"{:en}100% recyclable. Any cups which are damaged or at the end of their use are 100% recyclable. Greencup work closely with a local recycling company ensuring that our recycled cups are made into useful items and do not enter landfill. All of Greencups\u2019s reusable cups are made from 100% polypropylene\u2026","rel":"","context":"Samankaltainen artikkeli","block_context":{"text":"Samankaltainen artikkeli","link":""},"img":{"alt_text":"","src":"https:\/\/i0.wp.com\/greencupnordic.com\/wp-content\/uploads\/2022\/09\/gg_hero_image_2-1024x768.jpg?resize=350%2C200&ssl=1","width":350,"height":200,"srcset":"https:\/\/i0.wp.com\/greencupnordic.com\/wp-content\/uploads\/2022\/09\/gg_hero_image_2-1024x768.jpg?resize=350%2C200&ssl=1 1x, https:\/\/i0.wp.com\/greencupnordic.com\/wp-content\/uploads\/2022\/09\/gg_hero_image_2-1024x768.jpg?resize=525%2C300&ssl=1 1.5x, https:\/\/i0.wp.com\/greencupnordic.com\/wp-content\/uploads\/2022\/09\/gg_hero_image_2-1024x768.jpg?resize=700%2C400&ssl=1 2x"},"classes":[]},{"id":8909,"url":"https:\/\/greencupnordic.com\/fi\/printing-techniques\/","url_meta":{"origin":9165,"position":2},"title":"Printing Techniques","author":"Greencup.fi","date":"23.9.2022","format":false,"excerpt":"IML (In Mould Labelling) Printing IML Printing is available on all of our products except the wine and hot drink collections. This photographic finish is the most popular option for pint cups as the design can include unlimited colours, photographs and cover a large area of the cup. More Info\u2026","rel":"","context":"Samankaltainen artikkeli","block_context":{"text":"Samankaltainen artikkeli","link":""},"img":{"alt_text":"","src":"https:\/\/i0.wp.com\/greencupnordic.com\/wp-content\/uploads\/2022\/09\/IML_HALF_PINT-1-1024x1024.jpg?resize=350%2C200&ssl=1","width":350,"height":200,"srcset":"https:\/\/i0.wp.com\/greencupnordic.com\/wp-content\/uploads\/2022\/09\/IML_HALF_PINT-1-1024x1024.jpg?resize=350%2C200&ssl=1 1x, https:\/\/i0.wp.com\/greencupnordic.com\/wp-content\/uploads\/2022\/09\/IML_HALF_PINT-1-1024x1024.jpg?resize=525%2C300&ssl=1 1.5x, https:\/\/i0.wp.com\/greencupnordic.com\/wp-content\/uploads\/2022\/09\/IML_HALF_PINT-1-1024x1024.jpg?resize=700%2C400&ssl=1 2x"},"classes":[]},{"id":8955,"url":"https:\/\/greencupnordic.com\/fi\/printing-techniques\/screen-printing\/","url_meta":{"origin":9165,"position":3},"title":"Silkkipainatus","author":"Greencup.fi","date":"23.9.2022","format":false,"excerpt":"{:en} Reusable cups branded for your event Reusable cups branded with your logo or business name is an effective way to market your brand at your next event. Screen printed reusable cups have a brilliant, richly coloured, glossy printed finish.\u00a0Our screen printing method allows for your design to last hundreds\u2026","rel":"","context":"Samankaltainen artikkeli","block_context":{"text":"Samankaltainen artikkeli","link":""},"img":{"alt_text":"","src":"https:\/\/i0.wp.com\/greencupnordic.com\/wp-content\/uploads\/2022\/09\/Cup_Diagrams-Screen-1024x1024.png?resize=350%2C200&ssl=1","width":350,"height":200,"srcset":"https:\/\/i0.wp.com\/greencupnordic.com\/wp-content\/uploads\/2022\/09\/Cup_Diagrams-Screen-1024x1024.png?resize=350%2C200&ssl=1 1x, https:\/\/i0.wp.com\/greencupnordic.com\/wp-content\/uploads\/2022\/09\/Cup_Diagrams-Screen-1024x1024.png?resize=525%2C300&ssl=1 1.5x, https:\/\/i0.wp.com\/greencupnordic.com\/wp-content\/uploads\/2022\/09\/Cup_Diagrams-Screen-1024x1024.png?resize=700%2C400&ssl=1 2x"},"classes":[]}],"jetpack_sharing_enabled":true,"_links":{"self":[{"href":"https:\/\/greencupnordic.com\/fi\/wp-json\/wp\/v2\/pages\/9165","targetHints":{"allow":["GET"]}}],"collection":[{"href":"https:\/\/greencupnordic.com\/fi\/wp-json\/wp\/v2\/pages"}],"about":[{"href":"https:\/\/greencupnordic.com\/fi\/wp-json\/wp\/v2\/types\/page"}],"author":[{"embeddable":true,"href":"https:\/\/greencupnordic.com\/fi\/wp-json\/wp\/v2\/users\/2"}],"replies":[{"embeddable":true,"href":"https:\/\/greencupnordic.com\/fi\/wp-json\/wp\/v2\/comments?post=9165"}],"version-history":[{"count":1,"href":"https:\/\/greencupnordic.com\/fi\/wp-json\/wp\/v2\/pages\/9165\/revisions"}],"predecessor-version":[{"id":9166,"href":"https:\/\/greencupnordic.com\/fi\/wp-json\/wp\/v2\/pages\/9165\/revisions\/9166"}],"up":[{"embeddable":true,"href":"https:\/\/greencupnordic.com\/fi\/wp-json\/wp\/v2\/pages\/8416"}],"wp:attachment":[{"href":"https:\/\/greencupnordic.com\/fi\/wp-json\/wp\/v2\/media?parent=9165"}],"curies":[{"name":"wp","href":"https:\/\/api.w.org\/{rel}","templated":true}]}}