{"id":9302,"date":"2022-09-23T17:40:37","date_gmt":"2022-09-23T14:40:37","guid":{"rendered":"https:\/\/greencupnordic.com\/?page_id=9302"},"modified":"2023-06-08T11:15:07","modified_gmt":"2023-06-08T08:15:07","slug":"how-it-works","status":"publish","type":"page","link":"https:\/\/greencupnordic.com\/fi\/how-it-works\/","title":{"rendered":""},"content":{"rendered":"<h2>Kuinka voit k\u00e4ytt\u00e4\u00e4 uudelleenk\u00e4ytett\u00e4vi\u00e4, pest\u00e4vi\u00e4 mukeja tapahtumassasi?<\/h2>\n<p>Greencupilla on vuosien kokemus uudelleenk\u00e4ytett\u00e4vist\u00e4 mukeista ja\u00a0keskustelemme mielell\u00e4\u00e4n eri vaihtoehdoista ja l\u00f6yd\u00e4mme niihin parhaan ratkaisun.<\/p>\n<p>\u00a0Yleisimm\u00e4t kaksi vaihtoehtoa ovat:<br \/>&gt; Palautettavaan panttiin perustuva ratkaisu.<br \/>&gt; P\u00e4\u00e4sylipun hintaan sis\u00e4ltyv\u00e4 eko-maksu.<\/p>\n<p>Molemmat voidaan tarvittaessa r\u00e4\u00e4t\u00e4l\u00f6id\u00e4 yrityksellesi sopivaksi.<\/p>\n<p>\t\t\t\t\t\t\t\t\t\t\t\t\t\t\t<img data-recalc-dims=\"1\" loading=\"lazy\" decoding=\"async\" width=\"800\" height=\"533\" src=\"https:\/\/i0.wp.com\/greencupnordic.com\/wp-content\/uploads\/2022\/09\/tours-29-1536x1024-1.jpeg?resize=800%2C533&#038;ssl=1\" alt=\"\" loading=\"lazy\" srcset=\"https:\/\/greencupnordic.com\/wp-content\/uploads\/2022\/09\/tours-29-1536x1024-1.jpeg 1536w, https:\/\/greencupnordic.com\/wp-content\/uploads\/2022\/09\/tours-29-1536x1024-1-300x200.jpeg 300w, https:\/\/greencupnordic.com\/wp-content\/uploads\/2022\/09\/tours-29-1536x1024-1-1024x683.jpeg 1024w, https:\/\/greencupnordic.com\/wp-content\/uploads\/2022\/09\/tours-29-1536x1024-1-768x512.jpeg 768w\" sizes=\"auto, (max-width: 1536px) 100vw, 1536px\" \/><br \/>\n\t\t\t\t\t\t\t\t\t\t\t\t\t\t\t<img data-recalc-dims=\"1\" loading=\"lazy\" decoding=\"async\" width=\"800\" height=\"534\" src=\"https:\/\/i0.wp.com\/greencupnordic.com\/wp-content\/uploads\/2022\/09\/DSC_8063-1536x1025-1.jpeg?resize=800%2C534&#038;ssl=1\" alt=\"\" loading=\"lazy\" srcset=\"https:\/\/greencupnordic.com\/wp-content\/uploads\/2022\/09\/DSC_8063-1536x1025-1.jpeg 1536w, https:\/\/greencupnordic.com\/wp-content\/uploads\/2022\/09\/DSC_8063-1536x1025-1-300x200.jpeg 300w, https:\/\/greencupnordic.com\/wp-content\/uploads\/2022\/09\/DSC_8063-1536x1025-1-1024x683.jpeg 1024w, https:\/\/greencupnordic.com\/wp-content\/uploads\/2022\/09\/DSC_8063-1536x1025-1-768x513.jpeg 768w\" sizes=\"auto, (max-width: 1536px) 100vw, 1536px\" \/>\t\t\t\t\t\t\t\t\t\t\t\t\t\t\t<\/p>\n<h2>Siirtyminen pest\u00e4viin tuotteisiin on helppoa<\/h2>\n<li>Autamme suunnittelemaan tapahtumaan sopivat mukit<\/li>\n<li>Voimme auttaa my\u00f6s mukien markkinoinnissa<\/li>\n<li>Valitsemme tapahtumaan oikean mukilajitelman, aina viinilaseista shottilaseihin saakka.<\/li>\n<li>Vuokrattavien yleismukien (generic rental cups) lis\u00e4ksi on my\u00f6s mahdollista saada r\u00e4\u00e4t\u00e4l\u00f6ityj\u00e4 mukeja (customised rental cups)<\/li>\n<li>Voimme tulla tilaisuuteen auttamaan mukien jakamisessa juomapisteisiin, pakkaamiseen sek\u00e4 helpottamaan henkil\u00f6kunnan ty\u00f6t\u00e4 niin juomapisteiss\u00e4 kuin muualla.<\/li>\n<\/ul>\n<h2>Hy\u00f6dynn\u00e4 Greencupin kokemusta <\/h2>\n<p>Greencup on ollut vuosien varrella useissa eri tyyppisiss\u00e4 tapahtumissa. Greencup voi toimittaa jopa kymmeni\u00e4tuhansia juomamukeja tapahtumaan, auttaa niiden jakamisessa, pakkaamisessa sek\u00e4 pois viemisess\u00e4. &nbsp;<\/p>\n<p>Kokemuksemme sek\u00e4 tiimimme l\u00e4sn\u00e4olo tapahtumassa tekee uudelleenk\u00e4ytett\u00e4vien, pest\u00e4vien mukien k\u00e4yt\u00f6n helpoksi. Lis\u00e4ksi roskan m\u00e4\u00e4r\u00e4n tapahtumassa v\u00e4henee merkitt\u00e4v\u00e4sti. Uudelleenk\u00e4ytett\u00e4v\u00e4 muki s\u00e4\u00e4st\u00e4\u00e4 luontoa.&nbsp;<\/p>\n<\/p>\n<p>\t\t\t\t\t\t\t\t\t\t\t\t\t\t\t<img data-recalc-dims=\"1\" loading=\"lazy\" decoding=\"async\" width=\"800\" height=\"533\" src=\"https:\/\/i0.wp.com\/greencupnordic.com\/wp-content\/uploads\/2022\/09\/ECOCUP-Roland-Garros-2019-%C2%A9albindurand%40_albin_-9281-1536x1024-1.jpeg?resize=800%2C533&#038;ssl=1\" alt=\"\" loading=\"lazy\" srcset=\"https:\/\/greencupnordic.com\/wp-content\/uploads\/2022\/09\/ECOCUP-Roland-Garros-2019-\u00a9albindurand@_albin_-9281-1536x1024-1.jpeg 1536w, https:\/\/greencupnordic.com\/wp-content\/uploads\/2022\/09\/ECOCUP-Roland-Garros-2019-\u00a9albindurand@_albin_-9281-1536x1024-1-300x200.jpeg 300w, https:\/\/greencupnordic.com\/wp-content\/uploads\/2022\/09\/ECOCUP-Roland-Garros-2019-\u00a9albindurand@_albin_-9281-1536x1024-1-1024x683.jpeg 1024w, https:\/\/greencupnordic.com\/wp-content\/uploads\/2022\/09\/ECOCUP-Roland-Garros-2019-\u00a9albindurand@_albin_-9281-1536x1024-1-768x512.jpeg 768w\" sizes=\"auto, (max-width: 1536px) 100vw, 1536px\" \/><\/p>\n","protected":false},"excerpt":{"rendered":"<p>Kuinka voit k\u00e4ytt\u00e4\u00e4 uudelleenk\u00e4ytett\u00e4vi\u00e4, pest\u00e4vi\u00e4 mukeja tapahtumassasi? Greencupilla on vuosien kokemus uudelleenk\u00e4ytett\u00e4vist\u00e4 mukeista ja\u00a0keskustelemme mielell\u00e4\u00e4n eri vaihtoehdoista ja l\u00f6yd\u00e4mme niihin parhaan ratkaisun. \u00a0Yleisimm\u00e4t kaksi vaihtoehtoa ovat:&gt; Palautettavaan panttiin perustuva ratkaisu.&gt; P\u00e4\u00e4sylipun hintaan sis\u00e4ltyv\u00e4 eko-maksu. Molemmat voidaan tarvittaessa r\u00e4\u00e4t\u00e4l\u00f6id\u00e4 yrityksellesi sopivaksi. Siirtyminen pest\u00e4viin tuotteisiin on helppoa Autamme suunnittelemaan tapahtumaan sopivat mukit Voimme auttaa my\u00f6s mukien markkinoinnissa [&hellip;]<\/p>\n","protected":false},"author":2,"featured_media":0,"parent":0,"menu_order":0,"comment_status":"closed","ping_status":"closed","template":"","meta":{"_acf_changed":false,"_eb_attr":"","_monsterinsights_skip_tracking":false,"_monsterinsights_sitenote_active":false,"_monsterinsights_sitenote_note":"","_monsterinsights_sitenote_category":0,"footnotes":""},"class_list":["post-9302","page","type-page","status-publish","hentry"],"translation":{"provider":"WPGlobus","version":"3.0.2","language":"fi","enabled_languages":["en","fi"],"languages":{"en":{"title":false,"content":true,"excerpt":false},"fi":{"title":false,"content":true,"excerpt":false}}},"acf":[],"yoast_head":"<!-- This site is optimized with the Yoast SEO plugin v27.3 - https:\/\/yoast.com\/product\/yoast-seo-wordpress\/ -->\n<title>- GreenCup<\/title>\n<meta name=\"robots\" content=\"index, follow, max-snippet:-1, max-image-preview:large, max-video-preview:-1\" \/>\n<link rel=\"canonical\" href=\"https:\/\/greencupnordic.com\/how-it-works\/\" \/>\n<meta property=\"og:locale\" content=\"fi_FI\" \/>\n<meta property=\"og:type\" content=\"article\" \/>\n<meta property=\"og:title\" content=\"- GreenCup\" \/>\n<meta property=\"og:url\" content=\"https:\/\/greencupnordic.com\/how-it-works\/\" \/>\n<meta property=\"og:site_name\" content=\"GreenCup\" \/>\n<meta property=\"article:modified_time\" content=\"2023-06-08T08:15:07+00:00\" \/>\n<meta property=\"og:image\" content=\"https:\/\/greencupnordic.com\/wp-content\/uploads\/2022\/09\/tours-29-1536x1024-1-1024x683.jpeg\" \/>\n<meta name=\"twitter:card\" content=\"summary_large_image\" \/>\n<meta name=\"twitter:label1\" content=\"Arvioitu lukuaika\" \/>\n\t<meta name=\"twitter:data1\" content=\"2 minuuttia\" \/>\n<script type=\"application\/ld+json\" class=\"yoast-schema-graph\">{\"@context\":\"https:\\\/\\\/schema.org\",\"@graph\":[{\"@type\":\"WebPage\",\"@id\":\"https:\\\/\\\/greencupnordic.com\\\/how-it-works\\\/\",\"url\":\"https:\\\/\\\/greencupnordic.com\\\/how-it-works\\\/\",\"name\":\"- GreenCup\",\"isPartOf\":{\"@id\":\"https:\\\/\\\/greencupnordic.com\\\/#website\"},\"primaryImageOfPage\":{\"@id\":\"https:\\\/\\\/greencupnordic.com\\\/how-it-works\\\/#primaryimage\"},\"image\":{\"@id\":\"https:\\\/\\\/greencupnordic.com\\\/how-it-works\\\/#primaryimage\"},\"thumbnailUrl\":\"https:\\\/\\\/greencupnordic.com\\\/wp-content\\\/uploads\\\/2022\\\/09\\\/tours-29-1536x1024-1-1024x683.jpeg\",\"datePublished\":\"2022-09-23T14:40:37+00:00\",\"dateModified\":\"2023-06-08T08:15:07+00:00\",\"inLanguage\":\"fi\",\"potentialAction\":[{\"@type\":\"ReadAction\",\"target\":[\"https:\\\/\\\/greencupnordic.com\\\/how-it-works\\\/\"]}]},{\"@type\":\"ImageObject\",\"inLanguage\":\"fi\",\"@id\":\"https:\\\/\\\/greencupnordic.com\\\/how-it-works\\\/#primaryimage\",\"url\":\"https:\\\/\\\/greencupnordic.com\\\/wp-content\\\/uploads\\\/2022\\\/09\\\/tours-29-1536x1024-1-1024x683.jpeg\",\"contentUrl\":\"https:\\\/\\\/greencupnordic.com\\\/wp-content\\\/uploads\\\/2022\\\/09\\\/tours-29-1536x1024-1-1024x683.jpeg\"},{\"@type\":\"WebSite\",\"@id\":\"https:\\\/\\\/greencupnordic.com\\\/#website\",\"url\":\"https:\\\/\\\/greencupnordic.com\\\/\",\"name\":\"GreenCup\",\"description\":\"Erotu yksil\u00f6llisill\u00e4 ja kierr\u00e4tett\u00e4vill\u00e4 mukeilla\",\"publisher\":{\"@id\":\"https:\\\/\\\/greencupnordic.com\\\/#organization\"},\"potentialAction\":[{\"@type\":\"SearchAction\",\"target\":{\"@type\":\"EntryPoint\",\"urlTemplate\":\"https:\\\/\\\/greencupnordic.com\\\/?s={search_term_string}\"},\"query-input\":{\"@type\":\"PropertyValueSpecification\",\"valueRequired\":true,\"valueName\":\"search_term_string\"}}],\"inLanguage\":\"fi\"},{\"@type\":\"Organization\",\"@id\":\"https:\\\/\\\/greencupnordic.com\\\/#organization\",\"name\":\"GreenCup\",\"url\":\"https:\\\/\\\/greencupnordic.com\\\/\",\"logo\":{\"@type\":\"ImageObject\",\"inLanguage\":\"fi\",\"@id\":\"https:\\\/\\\/greencupnordic.com\\\/#\\\/schema\\\/logo\\\/image\\\/\",\"url\":\"https:\\\/\\\/i0.wp.com\\\/greencupnordic.com\\\/wp-content\\\/uploads\\\/2023\\\/06\\\/Nordic-Logo.png?fit=710%2C710&ssl=1\",\"contentUrl\":\"https:\\\/\\\/i0.wp.com\\\/greencupnordic.com\\\/wp-content\\\/uploads\\\/2023\\\/06\\\/Nordic-Logo.png?fit=710%2C710&ssl=1\",\"width\":710,\"height\":710,\"caption\":\"GreenCup\"},\"image\":{\"@id\":\"https:\\\/\\\/greencupnordic.com\\\/#\\\/schema\\\/logo\\\/image\\\/\"}}]}<\/script>\n<!-- \/ Yoast SEO plugin. -->","yoast_head_json":{"title":"- GreenCup","robots":{"index":"index","follow":"follow","max-snippet":"max-snippet:-1","max-image-preview":"max-image-preview:large","max-video-preview":"max-video-preview:-1"},"canonical":"https:\/\/greencupnordic.com\/how-it-works\/","og_locale":"fi_FI","og_type":"article","og_title":"- GreenCup","og_url":"https:\/\/greencupnordic.com\/how-it-works\/","og_site_name":"GreenCup","article_modified_time":"2023-06-08T08:15:07+00:00","og_image":[{"url":"https:\/\/greencupnordic.com\/wp-content\/uploads\/2022\/09\/tours-29-1536x1024-1-1024x683.jpeg","type":"","width":"","height":""}],"twitter_card":"summary_large_image","twitter_misc":{"Arvioitu lukuaika":"2 minuuttia"},"schema":{"@context":"https:\/\/schema.org","@graph":[{"@type":"WebPage","@id":"https:\/\/greencupnordic.com\/how-it-works\/","url":"https:\/\/greencupnordic.com\/how-it-works\/","name":"- GreenCup","isPartOf":{"@id":"https:\/\/greencupnordic.com\/#website"},"primaryImageOfPage":{"@id":"https:\/\/greencupnordic.com\/how-it-works\/#primaryimage"},"image":{"@id":"https:\/\/greencupnordic.com\/how-it-works\/#primaryimage"},"thumbnailUrl":"https:\/\/greencupnordic.com\/wp-content\/uploads\/2022\/09\/tours-29-1536x1024-1-1024x683.jpeg","datePublished":"2022-09-23T14:40:37+00:00","dateModified":"2023-06-08T08:15:07+00:00","inLanguage":"fi","potentialAction":[{"@type":"ReadAction","target":["https:\/\/greencupnordic.com\/how-it-works\/"]}]},{"@type":"ImageObject","inLanguage":"fi","@id":"https:\/\/greencupnordic.com\/how-it-works\/#primaryimage","url":"https:\/\/greencupnordic.com\/wp-content\/uploads\/2022\/09\/tours-29-1536x1024-1-1024x683.jpeg","contentUrl":"https:\/\/greencupnordic.com\/wp-content\/uploads\/2022\/09\/tours-29-1536x1024-1-1024x683.jpeg"},{"@type":"WebSite","@id":"https:\/\/greencupnordic.com\/#website","url":"https:\/\/greencupnordic.com\/","name":"GreenCup","description":"Erotu yksil\u00f6llisill\u00e4 ja kierr\u00e4tett\u00e4vill\u00e4 mukeilla","publisher":{"@id":"https:\/\/greencupnordic.com\/#organization"},"potentialAction":[{"@type":"SearchAction","target":{"@type":"EntryPoint","urlTemplate":"https:\/\/greencupnordic.com\/?s={search_term_string}"},"query-input":{"@type":"PropertyValueSpecification","valueRequired":true,"valueName":"search_term_string"}}],"inLanguage":"fi"},{"@type":"Organization","@id":"https:\/\/greencupnordic.com\/#organization","name":"GreenCup","url":"https:\/\/greencupnordic.com\/","logo":{"@type":"ImageObject","inLanguage":"fi","@id":"https:\/\/greencupnordic.com\/#\/schema\/logo\/image\/","url":"https:\/\/i0.wp.com\/greencupnordic.com\/wp-content\/uploads\/2023\/06\/Nordic-Logo.png?fit=710%2C710&ssl=1","contentUrl":"https:\/\/i0.wp.com\/greencupnordic.com\/wp-content\/uploads\/2023\/06\/Nordic-Logo.png?fit=710%2C710&ssl=1","width":710,"height":710,"caption":"GreenCup"},"image":{"@id":"https:\/\/greencupnordic.com\/#\/schema\/logo\/image\/"}}]}},"jetpack-related-posts":[{"id":8755,"url":"https:\/\/greencupnordic.com\/fi\/sustainability\/reusable-vs-disposable\/","url_meta":{"origin":9302,"position":0},"title":"Reusable vs Disposable","author":"Greencup.fi","date":"23.9.2022","format":false,"excerpt":"Independent studies comparing single-use to reuse. Greencup believes the best way to prevent single-use plastic cups from entering landfills is to replace them with reusable ones \u2013 but don\u2019t just take our word for it.Independent studies and reports have been conducted to test the sustainability performance of both single-use and\u2026","rel":"","context":"Samankaltainen artikkeli","block_context":{"text":"Samankaltainen artikkeli","link":""},"img":{"alt_text":"","src":"https:\/\/i0.wp.com\/greencupnordic.com\/wp-content\/uploads\/2022\/09\/GG_IMAGE_39-1024x1024.jpg?resize=350%2C200&ssl=1","width":350,"height":200,"srcset":"https:\/\/i0.wp.com\/greencupnordic.com\/wp-content\/uploads\/2022\/09\/GG_IMAGE_39-1024x1024.jpg?resize=350%2C200&ssl=1 1x, https:\/\/i0.wp.com\/greencupnordic.com\/wp-content\/uploads\/2022\/09\/GG_IMAGE_39-1024x1024.jpg?resize=525%2C300&ssl=1 1.5x, https:\/\/i0.wp.com\/greencupnordic.com\/wp-content\/uploads\/2022\/09\/GG_IMAGE_39-1024x1024.jpg?resize=700%2C400&ssl=1 2x"},"classes":[]},{"id":9173,"url":"https:\/\/greencupnordic.com\/fi\/products\/accessories\/","url_meta":{"origin":9302,"position":1},"title":"Accessories","author":"Greencup.fi","date":"23.9.2022","format":false,"excerpt":"Accessories to compliment our reusable cups Greencup offers a wide range of eco-friendly accessories to compliment your reusable cup and coffee cups. Discover our range of coffee lids, cup\/bottle\/wine lanyards, and our innovative stacking handles for our reusable pint cups. Stacking Handles If you\u2019re looking for a novel way to\u2026","rel":"","context":"Samankaltainen artikkeli","block_context":{"text":"Samankaltainen artikkeli","link":""},"img":{"alt_text":"","src":"https:\/\/i0.wp.com\/greencupnordic.com\/wp-content\/uploads\/2022\/09\/GG_IMAGE_51-1024x1024.jpg?resize=350%2C200&ssl=1","width":350,"height":200,"srcset":"https:\/\/i0.wp.com\/greencupnordic.com\/wp-content\/uploads\/2022\/09\/GG_IMAGE_51-1024x1024.jpg?resize=350%2C200&ssl=1 1x, https:\/\/i0.wp.com\/greencupnordic.com\/wp-content\/uploads\/2022\/09\/GG_IMAGE_51-1024x1024.jpg?resize=525%2C300&ssl=1 1.5x, https:\/\/i0.wp.com\/greencupnordic.com\/wp-content\/uploads\/2022\/09\/GG_IMAGE_51-1024x1024.jpg?resize=700%2C400&ssl=1 2x"},"classes":[]},{"id":8577,"url":"https:\/\/greencupnordic.com\/fi\/washing-and-rental-services\/","url_meta":{"origin":9302,"position":2},"title":"{:en}Transition to Reusables. Greencup will\u2026","author":"Greencup.fi","date":"22.9.2022","format":false,"excerpt":"{:en}Transition to Reusables. Greencup will ensure\u00a0your transition to reusable cups\u00a0is as smooth as possible. Our experienced team will work with you to find the system best suited to your specific venue or event (stadiums, coffee shops, festivals or weddings for instance). Options for reusable cups. Recycle Cups as part of\u2026","rel":"","context":"Samankaltainen artikkeli","block_context":{"text":"Samankaltainen artikkeli","link":""},"img":{"alt_text":"","src":"https:\/\/i0.wp.com\/greencupnordic.com\/wp-content\/uploads\/2022\/09\/PHOTOS_LAVAGE_LIEGE_RE-UZ-84-2048x1528-1.jpg?resize=350%2C200&ssl=1","width":350,"height":200,"srcset":"https:\/\/i0.wp.com\/greencupnordic.com\/wp-content\/uploads\/2022\/09\/PHOTOS_LAVAGE_LIEGE_RE-UZ-84-2048x1528-1.jpg?resize=350%2C200&ssl=1 1x, https:\/\/i0.wp.com\/greencupnordic.com\/wp-content\/uploads\/2022\/09\/PHOTOS_LAVAGE_LIEGE_RE-UZ-84-2048x1528-1.jpg?resize=525%2C300&ssl=1 1.5x, https:\/\/i0.wp.com\/greencupnordic.com\/wp-content\/uploads\/2022\/09\/PHOTOS_LAVAGE_LIEGE_RE-UZ-84-2048x1528-1.jpg?resize=700%2C400&ssl=1 2x, https:\/\/i0.wp.com\/greencupnordic.com\/wp-content\/uploads\/2022\/09\/PHOTOS_LAVAGE_LIEGE_RE-UZ-84-2048x1528-1.jpg?resize=1050%2C600&ssl=1 3x, https:\/\/i0.wp.com\/greencupnordic.com\/wp-content\/uploads\/2022\/09\/PHOTOS_LAVAGE_LIEGE_RE-UZ-84-2048x1528-1.jpg?resize=1400%2C800&ssl=1 4x"},"classes":[]},{"id":8940,"url":"https:\/\/greencupnordic.com\/fi\/printing-techniques\/digital-print\/","url_meta":{"origin":9302,"position":3},"title":"Digitaalinen painatus","author":"Greencup.fi","date":"23.9.2022","format":false,"excerpt":"{:en}Full-colour prints are available in smaller orders Greencup offer a digital printing service for our range of reusable cups for cold drinks. Digital printing is designed for low minimum order quantities, making them ideal for weddings and small parties.With our digital printing service Greencup can produce cups with vibrant, long-lasting\u2026","rel":"","context":"Samankaltainen artikkeli","block_context":{"text":"Samankaltainen artikkeli","link":""},"img":{"alt_text":"","src":"https:\/\/i0.wp.com\/greencupnordic.com\/wp-content\/uploads\/2022\/09\/Cup_Diagrams-Digital-1024x1024.png?resize=350%2C200&ssl=1","width":350,"height":200,"srcset":"https:\/\/i0.wp.com\/greencupnordic.com\/wp-content\/uploads\/2022\/09\/Cup_Diagrams-Digital-1024x1024.png?resize=350%2C200&ssl=1 1x, https:\/\/i0.wp.com\/greencupnordic.com\/wp-content\/uploads\/2022\/09\/Cup_Diagrams-Digital-1024x1024.png?resize=525%2C300&ssl=1 1.5x, https:\/\/i0.wp.com\/greencupnordic.com\/wp-content\/uploads\/2022\/09\/Cup_Diagrams-Digital-1024x1024.png?resize=700%2C400&ssl=1 2x"},"classes":[]},{"id":9472,"url":"https:\/\/greencupnordic.com\/fi\/","url_meta":{"origin":9302,"position":4},"title":"{:en}We are on a mission\u2026","author":"Greencup.fi","date":"23.9.2022","format":false,"excerpt":"{:en}We are on a mission to save the planet one reusable cup at a time We are the leading supplier of reusable cups, coffee cups and foodware in the nordics Find the Right Cup Lowers your event's carbon footprintReduce waste and favor reusable items. Full Service SolutionThe largest Nordic based\u2026","rel":"","context":"Samankaltainen artikkeli","block_context":{"text":"Samankaltainen artikkeli","link":""},"img":{"alt_text":"","src":"https:\/\/i0.wp.com\/greencupnordic.com\/wp-content\/uploads\/2023\/05\/eco-responsable-1.png?resize=350%2C200&ssl=1","width":350,"height":200},"classes":[]},{"id":9320,"url":"https:\/\/greencupnordic.com\/fi\/how-it-works\/introducing-reusable-event-solutions\/","url_meta":{"origin":9302,"position":5},"title":"{:en}The best reusable event solutions\u2026","author":"Greencup.fi","date":"23.9.2022","format":false,"excerpt":"{:en}The best reusable event solutions for your business or event. In order to provide a better understanding of how reusable cups can work at different venues and events, take a look at our various reusable event solutions. 1 - Refundable Deposit Scheme. Our refundable deposit scheme is one of our\u2026","rel":"","context":"Samankaltainen artikkeli","block_context":{"text":"Samankaltainen artikkeli","link":""},"img":{"alt_text":"","src":"https:\/\/i0.wp.com\/greencupnordic.com\/wp-content\/uploads\/2022\/09\/DSC_1052-scaled-1.jpeg?resize=350%2C200&ssl=1","width":350,"height":200,"srcset":"https:\/\/i0.wp.com\/greencupnordic.com\/wp-content\/uploads\/2022\/09\/DSC_1052-scaled-1.jpeg?resize=350%2C200&ssl=1 1x, https:\/\/i0.wp.com\/greencupnordic.com\/wp-content\/uploads\/2022\/09\/DSC_1052-scaled-1.jpeg?resize=525%2C300&ssl=1 1.5x, https:\/\/i0.wp.com\/greencupnordic.com\/wp-content\/uploads\/2022\/09\/DSC_1052-scaled-1.jpeg?resize=700%2C400&ssl=1 2x, https:\/\/i0.wp.com\/greencupnordic.com\/wp-content\/uploads\/2022\/09\/DSC_1052-scaled-1.jpeg?resize=1050%2C600&ssl=1 3x, https:\/\/i0.wp.com\/greencupnordic.com\/wp-content\/uploads\/2022\/09\/DSC_1052-scaled-1.jpeg?resize=1400%2C800&ssl=1 4x"},"classes":[]}],"jetpack_sharing_enabled":true,"_links":{"self":[{"href":"https:\/\/greencupnordic.com\/fi\/wp-json\/wp\/v2\/pages\/9302","targetHints":{"allow":["GET"]}}],"collection":[{"href":"https:\/\/greencupnordic.com\/fi\/wp-json\/wp\/v2\/pages"}],"about":[{"href":"https:\/\/greencupnordic.com\/fi\/wp-json\/wp\/v2\/types\/page"}],"author":[{"embeddable":true,"href":"https:\/\/greencupnordic.com\/fi\/wp-json\/wp\/v2\/users\/2"}],"replies":[{"embeddable":true,"href":"https:\/\/greencupnordic.com\/fi\/wp-json\/wp\/v2\/comments?post=9302"}],"version-history":[{"count":60,"href":"https:\/\/greencupnordic.com\/fi\/wp-json\/wp\/v2\/pages\/9302\/revisions"}],"predecessor-version":[{"id":10550,"href":"https:\/\/greencupnordic.com\/fi\/wp-json\/wp\/v2\/pages\/9302\/revisions\/10550"}],"wp:attachment":[{"href":"https:\/\/greencupnordic.com\/fi\/wp-json\/wp\/v2\/media?parent=9302"}],"curies":[{"name":"wp","href":"https:\/\/api.w.org\/{rel}","templated":true}]}}