{"id":9320,"date":"2022-09-23T17:50:01","date_gmt":"2022-09-23T14:50:01","guid":{"rendered":"https:\/\/greencupnordic.com\/?page_id=9320"},"modified":"2023-06-01T20:24:40","modified_gmt":"2023-06-01T17:24:40","slug":"introducing-reusable-event-solutions","status":"publish","type":"page","link":"https:\/\/greencupnordic.com\/fi\/how-it-works\/introducing-reusable-event-solutions\/","title":{"rendered":""},"content":{"rendered":"<h2>Parhaat uudelleenk\u00e4ytett\u00e4v\u00e4t ratkaisut tapahtumaasi<\/h2>\n<p>Uudelleenk\u00e4ytett\u00e4v\u00e4t ja pest\u00e4v\u00e4t mukit toimivat kaikissa tapahtumissa. T\u00e4rke\u00e4\u00e4 on, ett\u00e4 mukit saadaan helposti palautettua ja ett\u00e4 ne voidaan pest\u00e4 seuraavaa kertaa varten. T\u00e4h\u00e4n on eri ratkaisuja, jotka ovat joko pantti tai p\u00e4\u00e4sylippuun sis\u00e4ltyv\u00e4 eko-maksu. On my\u00f6s tapahtumia, joihin ei voida panttia k\u00e4ytt\u00e4\u00e4 johtuen tapahtuman luonteesta tai siit\u00e4 ett\u00e4 tapahtuma-areenalla ei voida luoda pantti j\u00e4rjestelm\u00e4\u00e4.\u00a0<\/p>\n<p>\t\t\t\t\t\t\t\t\t\t\t\t\t\t\t<img data-recalc-dims=\"1\" loading=\"lazy\" decoding=\"async\" width=\"800\" height=\"534\" src=\"https:\/\/i0.wp.com\/greencupnordic.com\/wp-content\/uploads\/2022\/09\/DSC_1052-scaled-1.jpeg?resize=800%2C534&#038;ssl=1\" alt=\"\" loading=\"lazy\" srcset=\"https:\/\/greencupnordic.com\/wp-content\/uploads\/2022\/09\/DSC_1052-scaled-1.jpeg 1920w, https:\/\/greencupnordic.com\/wp-content\/uploads\/2022\/09\/DSC_1052-scaled-1-300x200.jpeg 300w, https:\/\/greencupnordic.com\/wp-content\/uploads\/2022\/09\/DSC_1052-scaled-1-1024x684.jpeg 1024w, https:\/\/greencupnordic.com\/wp-content\/uploads\/2022\/09\/DSC_1052-scaled-1-768x513.jpeg 768w, https:\/\/greencupnordic.com\/wp-content\/uploads\/2022\/09\/DSC_1052-scaled-1-1536x1026.jpeg 1536w\" sizes=\"auto, (max-width: 1920px) 100vw, 1920px\" \/><br \/>\n\t\t\t\t\t\t\t\t\t\t\t\t\t\t\t<img data-recalc-dims=\"1\" loading=\"lazy\" decoding=\"async\" width=\"800\" height=\"534\" src=\"https:\/\/i0.wp.com\/greencupnordic.com\/wp-content\/uploads\/2022\/09\/peddler-market-reusable.jpeg?resize=800%2C534&#038;ssl=1\" alt=\"\" loading=\"lazy\" srcset=\"https:\/\/greencupnordic.com\/wp-content\/uploads\/2022\/09\/peddler-market-reusable-1024x683.jpeg 1024w, https:\/\/greencupnordic.com\/wp-content\/uploads\/2022\/09\/peddler-market-reusable-300x200.jpeg 300w, https:\/\/greencupnordic.com\/wp-content\/uploads\/2022\/09\/peddler-market-reusable-768x512.jpeg 768w, https:\/\/greencupnordic.com\/wp-content\/uploads\/2022\/09\/peddler-market-reusable.jpeg 1200w\" sizes=\"auto, (max-width: 800px) 100vw, 800px\" \/>\t\t\t\t\t\t\t\t\t\t\t\t\t\t\t<\/p>\n<h2>1 Maksullisen Panttin k\u00e4ytt\u00e4minen <\/h2>\n<p>Maksullisen pantin k\u00e4ytt\u00e4minen on helpoin tapa varmistua siit\u00e4, ett\u00e4 k\u00e4ytetyt mukit palautuvat juomapisteisiin. Juomapisteiss\u00e4 ne pakataan edelleen viet\u00e4viksi pesulaan.\u00a0<\/p>\n<p>Asiakas maksaa pantin ensimm\u00e4isen juoman yhteydess\u00e4 ja h\u00e4n voi k\u00e4ytt\u00e4\u00e4 samaa mukia tapahtuman aikana. Toki h\u00e4nell\u00e4 on my\u00f6s mahdollisuus vaihtaa k\u00e4ytetty muki puhtaaseen halutessaan. Pantillisen olutmukin voi vaihtaa my\u00f6s vaikka viinilasiin.<\/p>\n<p>Tapahtuman lopuksi asiakas voi palauttaa mukinsa ja saada pantin takaisin. Vaihtoehtoisesti h\u00e4n voi vied\u00e4 muki kotiin muistoksi.\u00a0<\/p>\n<h2>2: P\u00e4\u00e4sylippuun sis\u00e4ltyv\u00e4 Eko-maksu<\/h2>\n<p>Koska toisissa tapahtumissa pantin k\u00e4ytt\u00f6 voi olla hankalaa tai halutaan, ett\u00e4 tapahtuman kaikki mukit ovat uudeleenk\u00e4ytett\u00e4vi\u00e4 ja pest\u00e4vi\u00e4, on helpompaa ett\u00e4 pantti sis\u00e4ltyy p\u00e4\u00e4sylippuun osana Eko-maksua.\u00a0<\/p>\n<p>Eko-maksua voidaan korottaa koskemaan my\u00f6s tapahtuman siivousta tai sit\u00e4 ett\u00e4 roskaamisen m\u00e4\u00e4r\u00e4\u00e4 halutaan radikaalisesti v\u00e4hent\u00e4\u00e4. Kun Eko-maksua k\u00e4ytet\u00e4\u00e4n on suositeltavaa, ett\u00e4 asiakkaiden mukien palauttaminen tehd\u00e4\u00e4n helpoksi ja ett\u00e4 alueella kiert\u00e4\u00e4 koko tapahtuman ajan siivoushenkil\u00f6kuntaa.\u00a0<\/p>\n<p>\t\t\t\t\t\t\t\t\t\t\t\t\t\t\t<img data-recalc-dims=\"1\" loading=\"lazy\" decoding=\"async\" width=\"800\" height=\"533\" src=\"https:\/\/i0.wp.com\/greencupnordic.com\/wp-content\/uploads\/2022\/09\/food-festival-reusable.jpeg?resize=800%2C533&#038;ssl=1\" alt=\"\" loading=\"lazy\" srcset=\"https:\/\/greencupnordic.com\/wp-content\/uploads\/2022\/09\/food-festival-reusable.jpeg 1200w, https:\/\/greencupnordic.com\/wp-content\/uploads\/2022\/09\/food-festival-reusable-300x200.jpeg 300w, https:\/\/greencupnordic.com\/wp-content\/uploads\/2022\/09\/food-festival-reusable-1024x683.jpeg 1024w, https:\/\/greencupnordic.com\/wp-content\/uploads\/2022\/09\/food-festival-reusable-768x512.jpeg 768w\" sizes=\"auto, (max-width: 1200px) 100vw, 1200px\" \/><br \/>\n\t\t\t\t\t\t\t\t\t\t\t\t\t\t\t<img data-recalc-dims=\"1\" loading=\"lazy\" decoding=\"async\" width=\"800\" height=\"534\" src=\"https:\/\/i0.wp.com\/greencupnordic.com\/wp-content\/uploads\/2022\/09\/bournemouth-reusable-cup-football.jpeg?resize=800%2C534&#038;ssl=1\" alt=\"\" loading=\"lazy\" srcset=\"https:\/\/greencupnordic.com\/wp-content\/uploads\/2022\/09\/bournemouth-reusable-cup-football-1024x683.jpeg 1024w, https:\/\/greencupnordic.com\/wp-content\/uploads\/2022\/09\/bournemouth-reusable-cup-football-300x200.jpeg 300w, https:\/\/greencupnordic.com\/wp-content\/uploads\/2022\/09\/bournemouth-reusable-cup-football-768x512.jpeg 768w, https:\/\/greencupnordic.com\/wp-content\/uploads\/2022\/09\/bournemouth-reusable-cup-football.jpeg 1200w\" sizes=\"auto, (max-width: 800px) 100vw, 800px\" \/>\t\t\t\t\t\t\t\t\t\t\t\t\t\t\t<\/p>\n<h2>3: Pantiton j\u00e4rjestelm\u00e4 <\/h2>\n<p>Asiakas saa juomansa uudelleenk\u00e4ytett\u00e4v\u00e4ss\u00e4 kupissa ilman lis\u00e4maksua, ja h\u00e4nt\u00e4 kehotetaan palauttamaan se baariin tai ker\u00e4ysalueelle uudelleenk\u00e4ytt\u00f6\u00e4 varten.<\/p>\n<p>Jos p\u00e4\u00e4t\u00e4t k\u00e4ytt\u00e4\u00e4 maksutonta j\u00e4rjestelm\u00e4\u00e4, suosittelemme k\u00e4ytt\u00e4m\u00e4\u00e4n uudelleenk\u00e4ytett\u00e4v\u00e4\u00e4 kuppia, joka on suuniteltu tylsemm\u00e4n n\u00e4k\u00f6iseksi tai siin\u00e4 on tapahtuman sponsorit n\u00e4ytt\u00e4v\u00e4sti n\u00e4kyvill\u00e4.\u00a0<\/p>\n<p>Pantiton j\u00e4rjestelm\u00e4 on yleens\u00e4 k\u00e4yt\u00f6ss\u00e4 urheilutapahtumissa koska asiakkailla voi olla kiire ottelun j\u00e4lkeen ja heill\u00e4 ei ole aikaa hakea panttia takaisin.\u00a0<\/p>\n","protected":false},"excerpt":{"rendered":"<p>Parhaat uudelleenk\u00e4ytett\u00e4v\u00e4t ratkaisut tapahtumaasi Uudelleenk\u00e4ytett\u00e4v\u00e4t ja pest\u00e4v\u00e4t mukit toimivat kaikissa tapahtumissa. T\u00e4rke\u00e4\u00e4 on, ett\u00e4 mukit saadaan helposti palautettua ja ett\u00e4 ne voidaan pest\u00e4 seuraavaa kertaa varten. T\u00e4h\u00e4n on eri ratkaisuja, jotka ovat joko pantti tai p\u00e4\u00e4sylippuun sis\u00e4ltyv\u00e4 eko-maksu. On my\u00f6s tapahtumia, joihin ei voida panttia k\u00e4ytt\u00e4\u00e4 johtuen tapahtuman luonteesta tai siit\u00e4 ett\u00e4 tapahtuma-areenalla ei voida [&hellip;]<\/p>\n","protected":false},"author":2,"featured_media":0,"parent":9302,"menu_order":0,"comment_status":"closed","ping_status":"closed","template":"","meta":{"_acf_changed":false,"_eb_attr":"","_monsterinsights_skip_tracking":false,"_monsterinsights_sitenote_active":false,"_monsterinsights_sitenote_note":"","_monsterinsights_sitenote_category":0,"footnotes":""},"class_list":["post-9320","page","type-page","status-publish","hentry"],"translation":{"provider":"WPGlobus","version":"3.0.2","language":"fi","enabled_languages":["en","fi"],"languages":{"en":{"title":false,"content":true,"excerpt":false},"fi":{"title":false,"content":true,"excerpt":false}}},"acf":[],"yoast_head":"<!-- This site is optimized with the Yoast SEO plugin v27.3 - https:\/\/yoast.com\/product\/yoast-seo-wordpress\/ -->\n<title>- GreenCup<\/title>\n<meta name=\"robots\" content=\"index, follow, max-snippet:-1, max-image-preview:large, max-video-preview:-1\" \/>\n<link rel=\"canonical\" href=\"https:\/\/greencupnordic.com\/how-it-works\/introducing-reusable-event-solutions\/\" \/>\n<meta property=\"og:locale\" content=\"fi_FI\" \/>\n<meta property=\"og:type\" content=\"article\" \/>\n<meta property=\"og:title\" content=\"- GreenCup\" \/>\n<meta property=\"og:url\" content=\"https:\/\/greencupnordic.com\/how-it-works\/introducing-reusable-event-solutions\/\" \/>\n<meta property=\"og:site_name\" content=\"GreenCup\" \/>\n<meta property=\"article:modified_time\" content=\"2023-06-01T17:24:40+00:00\" \/>\n<meta property=\"og:image\" content=\"https:\/\/greencupnordic.com\/wp-content\/uploads\/2022\/09\/DSC_1052-scaled-1-1024x684.jpeg\" \/>\n<meta name=\"twitter:card\" content=\"summary_large_image\" \/>\n<meta name=\"twitter:label1\" content=\"Arvioitu lukuaika\" \/>\n\t<meta name=\"twitter:data1\" content=\"3 minuuttia\" \/>\n<script type=\"application\/ld+json\" class=\"yoast-schema-graph\">{\"@context\":\"https:\\\/\\\/schema.org\",\"@graph\":[{\"@type\":\"WebPage\",\"@id\":\"https:\\\/\\\/greencupnordic.com\\\/how-it-works\\\/introducing-reusable-event-solutions\\\/\",\"url\":\"https:\\\/\\\/greencupnordic.com\\\/how-it-works\\\/introducing-reusable-event-solutions\\\/\",\"name\":\"- GreenCup\",\"isPartOf\":{\"@id\":\"https:\\\/\\\/greencupnordic.com\\\/#website\"},\"primaryImageOfPage\":{\"@id\":\"https:\\\/\\\/greencupnordic.com\\\/how-it-works\\\/introducing-reusable-event-solutions\\\/#primaryimage\"},\"image\":{\"@id\":\"https:\\\/\\\/greencupnordic.com\\\/how-it-works\\\/introducing-reusable-event-solutions\\\/#primaryimage\"},\"thumbnailUrl\":\"https:\\\/\\\/greencupnordic.com\\\/wp-content\\\/uploads\\\/2022\\\/09\\\/DSC_1052-scaled-1-1024x684.jpeg\",\"datePublished\":\"2022-09-23T14:50:01+00:00\",\"dateModified\":\"2023-06-01T17:24:40+00:00\",\"inLanguage\":\"fi\",\"potentialAction\":[{\"@type\":\"ReadAction\",\"target\":[\"https:\\\/\\\/greencupnordic.com\\\/how-it-works\\\/introducing-reusable-event-solutions\\\/\"]}]},{\"@type\":\"ImageObject\",\"inLanguage\":\"fi\",\"@id\":\"https:\\\/\\\/greencupnordic.com\\\/how-it-works\\\/introducing-reusable-event-solutions\\\/#primaryimage\",\"url\":\"https:\\\/\\\/greencupnordic.com\\\/wp-content\\\/uploads\\\/2022\\\/09\\\/DSC_1052-scaled-1-1024x684.jpeg\",\"contentUrl\":\"https:\\\/\\\/greencupnordic.com\\\/wp-content\\\/uploads\\\/2022\\\/09\\\/DSC_1052-scaled-1-1024x684.jpeg\"},{\"@type\":\"WebSite\",\"@id\":\"https:\\\/\\\/greencupnordic.com\\\/#website\",\"url\":\"https:\\\/\\\/greencupnordic.com\\\/\",\"name\":\"GreenCup\",\"description\":\"Erotu yksil\u00f6llisill\u00e4 ja kierr\u00e4tett\u00e4vill\u00e4 mukeilla\",\"publisher\":{\"@id\":\"https:\\\/\\\/greencupnordic.com\\\/#organization\"},\"potentialAction\":[{\"@type\":\"SearchAction\",\"target\":{\"@type\":\"EntryPoint\",\"urlTemplate\":\"https:\\\/\\\/greencupnordic.com\\\/?s={search_term_string}\"},\"query-input\":{\"@type\":\"PropertyValueSpecification\",\"valueRequired\":true,\"valueName\":\"search_term_string\"}}],\"inLanguage\":\"fi\"},{\"@type\":\"Organization\",\"@id\":\"https:\\\/\\\/greencupnordic.com\\\/#organization\",\"name\":\"GreenCup\",\"url\":\"https:\\\/\\\/greencupnordic.com\\\/\",\"logo\":{\"@type\":\"ImageObject\",\"inLanguage\":\"fi\",\"@id\":\"https:\\\/\\\/greencupnordic.com\\\/#\\\/schema\\\/logo\\\/image\\\/\",\"url\":\"https:\\\/\\\/i0.wp.com\\\/greencupnordic.com\\\/wp-content\\\/uploads\\\/2023\\\/06\\\/Nordic-Logo.png?fit=710%2C710&ssl=1\",\"contentUrl\":\"https:\\\/\\\/i0.wp.com\\\/greencupnordic.com\\\/wp-content\\\/uploads\\\/2023\\\/06\\\/Nordic-Logo.png?fit=710%2C710&ssl=1\",\"width\":710,\"height\":710,\"caption\":\"GreenCup\"},\"image\":{\"@id\":\"https:\\\/\\\/greencupnordic.com\\\/#\\\/schema\\\/logo\\\/image\\\/\"}}]}<\/script>\n<!-- \/ Yoast SEO plugin. -->","yoast_head_json":{"title":"- GreenCup","robots":{"index":"index","follow":"follow","max-snippet":"max-snippet:-1","max-image-preview":"max-image-preview:large","max-video-preview":"max-video-preview:-1"},"canonical":"https:\/\/greencupnordic.com\/how-it-works\/introducing-reusable-event-solutions\/","og_locale":"fi_FI","og_type":"article","og_title":"- GreenCup","og_url":"https:\/\/greencupnordic.com\/how-it-works\/introducing-reusable-event-solutions\/","og_site_name":"GreenCup","article_modified_time":"2023-06-01T17:24:40+00:00","og_image":[{"url":"https:\/\/greencupnordic.com\/wp-content\/uploads\/2022\/09\/DSC_1052-scaled-1-1024x684.jpeg","type":"","width":"","height":""}],"twitter_card":"summary_large_image","twitter_misc":{"Arvioitu lukuaika":"3 minuuttia"},"schema":{"@context":"https:\/\/schema.org","@graph":[{"@type":"WebPage","@id":"https:\/\/greencupnordic.com\/how-it-works\/introducing-reusable-event-solutions\/","url":"https:\/\/greencupnordic.com\/how-it-works\/introducing-reusable-event-solutions\/","name":"- GreenCup","isPartOf":{"@id":"https:\/\/greencupnordic.com\/#website"},"primaryImageOfPage":{"@id":"https:\/\/greencupnordic.com\/how-it-works\/introducing-reusable-event-solutions\/#primaryimage"},"image":{"@id":"https:\/\/greencupnordic.com\/how-it-works\/introducing-reusable-event-solutions\/#primaryimage"},"thumbnailUrl":"https:\/\/greencupnordic.com\/wp-content\/uploads\/2022\/09\/DSC_1052-scaled-1-1024x684.jpeg","datePublished":"2022-09-23T14:50:01+00:00","dateModified":"2023-06-01T17:24:40+00:00","inLanguage":"fi","potentialAction":[{"@type":"ReadAction","target":["https:\/\/greencupnordic.com\/how-it-works\/introducing-reusable-event-solutions\/"]}]},{"@type":"ImageObject","inLanguage":"fi","@id":"https:\/\/greencupnordic.com\/how-it-works\/introducing-reusable-event-solutions\/#primaryimage","url":"https:\/\/greencupnordic.com\/wp-content\/uploads\/2022\/09\/DSC_1052-scaled-1-1024x684.jpeg","contentUrl":"https:\/\/greencupnordic.com\/wp-content\/uploads\/2022\/09\/DSC_1052-scaled-1-1024x684.jpeg"},{"@type":"WebSite","@id":"https:\/\/greencupnordic.com\/#website","url":"https:\/\/greencupnordic.com\/","name":"GreenCup","description":"Erotu yksil\u00f6llisill\u00e4 ja kierr\u00e4tett\u00e4vill\u00e4 mukeilla","publisher":{"@id":"https:\/\/greencupnordic.com\/#organization"},"potentialAction":[{"@type":"SearchAction","target":{"@type":"EntryPoint","urlTemplate":"https:\/\/greencupnordic.com\/?s={search_term_string}"},"query-input":{"@type":"PropertyValueSpecification","valueRequired":true,"valueName":"search_term_string"}}],"inLanguage":"fi"},{"@type":"Organization","@id":"https:\/\/greencupnordic.com\/#organization","name":"GreenCup","url":"https:\/\/greencupnordic.com\/","logo":{"@type":"ImageObject","inLanguage":"fi","@id":"https:\/\/greencupnordic.com\/#\/schema\/logo\/image\/","url":"https:\/\/i0.wp.com\/greencupnordic.com\/wp-content\/uploads\/2023\/06\/Nordic-Logo.png?fit=710%2C710&ssl=1","contentUrl":"https:\/\/i0.wp.com\/greencupnordic.com\/wp-content\/uploads\/2023\/06\/Nordic-Logo.png?fit=710%2C710&ssl=1","width":710,"height":710,"caption":"GreenCup"},"image":{"@id":"https:\/\/greencupnordic.com\/#\/schema\/logo\/image\/"}}]}},"jetpack-related-posts":[{"id":9472,"url":"https:\/\/greencupnordic.com\/fi\/","url_meta":{"origin":9320,"position":0},"title":"{:en}We are on a mission\u2026","author":"Greencup.fi","date":"23.9.2022","format":false,"excerpt":"{:en}We are on a mission to save the planet one reusable cup at a time We are the leading supplier of reusable cups, coffee cups and foodware in the nordics Find the Right Cup Lowers your event's carbon footprintReduce waste and favor reusable items. Full Service SolutionThe largest Nordic based\u2026","rel":"","context":"Samankaltainen artikkeli","block_context":{"text":"Samankaltainen artikkeli","link":""},"img":{"alt_text":"","src":"https:\/\/i0.wp.com\/greencupnordic.com\/wp-content\/uploads\/2023\/05\/eco-responsable-1.png?resize=350%2C200&ssl=1","width":350,"height":200},"classes":[]},{"id":9338,"url":"https:\/\/greencupnordic.com\/fi\/how-it-works\/benefits-of-switching-to-reusable-cups\/","url_meta":{"origin":9320,"position":1},"title":"{:en}Why use Reusable Cups for\u2026","author":"Greencup.fi","date":"23.9.2022","format":false,"excerpt":"{:en}Why use Reusable Cups for your event? A\u00a0Greener event: less single-use rubbish to clear up \u2013 less landfill.Sturdier reusable cups for your event that gives a more\u00a0enjoyable drinking experience.An ideal advertising and marketing tool.Prevents the use of disposable items, reducing waste to landfill.\u00a0A perfect take-home\u00a0souvenir.Cups specifically\u00a0branded to your event.Lowers your\u2026","rel":"","context":"Samankaltainen artikkeli","block_context":{"text":"Samankaltainen artikkeli","link":""},"img":{"alt_text":"","src":"https:\/\/i0.wp.com\/greencupnordic.com\/wp-content\/uploads\/2022\/09\/GG_IMAGE_23.jpeg?resize=350%2C200&ssl=1","width":350,"height":200,"srcset":"https:\/\/i0.wp.com\/greencupnordic.com\/wp-content\/uploads\/2022\/09\/GG_IMAGE_23.jpeg?resize=350%2C200&ssl=1 1x, https:\/\/i0.wp.com\/greencupnordic.com\/wp-content\/uploads\/2022\/09\/GG_IMAGE_23.jpeg?resize=525%2C300&ssl=1 1.5x, https:\/\/i0.wp.com\/greencupnordic.com\/wp-content\/uploads\/2022\/09\/GG_IMAGE_23.jpeg?resize=700%2C400&ssl=1 2x, https:\/\/i0.wp.com\/greencupnordic.com\/wp-content\/uploads\/2022\/09\/GG_IMAGE_23.jpeg?resize=1050%2C600&ssl=1 3x"},"classes":[]},{"id":9302,"url":"https:\/\/greencupnordic.com\/fi\/how-it-works\/","url_meta":{"origin":9320,"position":2},"title":"{:en}Unsure about how to operate\u2026","author":"Greencup.fi","date":"23.9.2022","format":false,"excerpt":"{:en}Unsure about how to operate reusable cups at your event? Greencup has\u00a0years of experience\u00a0with reusable cups\u00a0and is more than happy to discuss the options and come up with the best solution for you\u00a0The two main options available are detailed below :\u00a0\u00a0 > a\u00a0refundable deposit scheme\u00a0\u00a0 > a\u00a0compulsory levy.Both can be\u2026","rel":"","context":"Samankaltainen artikkeli","block_context":{"text":"Samankaltainen artikkeli","link":""},"img":{"alt_text":"","src":"https:\/\/i0.wp.com\/greencupnordic.com\/wp-content\/uploads\/2022\/09\/ECOCUP-Roland-Garros-2019-%C2%A9albindurand%40_albin_-9281-1536x1024-1.jpeg?resize=350%2C200&ssl=1","width":350,"height":200,"srcset":"https:\/\/i0.wp.com\/greencupnordic.com\/wp-content\/uploads\/2022\/09\/ECOCUP-Roland-Garros-2019-%C2%A9albindurand%40_albin_-9281-1536x1024-1.jpeg?resize=350%2C200&ssl=1 1x, https:\/\/i0.wp.com\/greencupnordic.com\/wp-content\/uploads\/2022\/09\/ECOCUP-Roland-Garros-2019-%C2%A9albindurand%40_albin_-9281-1536x1024-1.jpeg?resize=525%2C300&ssl=1 1.5x, https:\/\/i0.wp.com\/greencupnordic.com\/wp-content\/uploads\/2022\/09\/ECOCUP-Roland-Garros-2019-%C2%A9albindurand%40_albin_-9281-1536x1024-1.jpeg?resize=700%2C400&ssl=1 2x, https:\/\/i0.wp.com\/greencupnordic.com\/wp-content\/uploads\/2022\/09\/ECOCUP-Roland-Garros-2019-%C2%A9albindurand%40_albin_-9281-1536x1024-1.jpeg?resize=1050%2C600&ssl=1 3x, https:\/\/i0.wp.com\/greencupnordic.com\/wp-content\/uploads\/2022\/09\/ECOCUP-Roland-Garros-2019-%C2%A9albindurand%40_albin_-9281-1536x1024-1.jpeg?resize=1400%2C800&ssl=1 4x"},"classes":[]},{"id":8755,"url":"https:\/\/greencupnordic.com\/fi\/sustainability\/reusable-vs-disposable\/","url_meta":{"origin":9320,"position":3},"title":"Reusable vs Disposable","author":"Greencup.fi","date":"23.9.2022","format":false,"excerpt":"Independent studies comparing single-use to reuse. Greencup believes the best way to prevent single-use plastic cups from entering landfills is to replace them with reusable ones \u2013 but don\u2019t just take our word for it.Independent studies and reports have been conducted to test the sustainability performance of both single-use and\u2026","rel":"","context":"Samankaltainen artikkeli","block_context":{"text":"Samankaltainen artikkeli","link":""},"img":{"alt_text":"","src":"https:\/\/i0.wp.com\/greencupnordic.com\/wp-content\/uploads\/2022\/09\/GG_IMAGE_39-1024x1024.jpg?resize=350%2C200&ssl=1","width":350,"height":200,"srcset":"https:\/\/i0.wp.com\/greencupnordic.com\/wp-content\/uploads\/2022\/09\/GG_IMAGE_39-1024x1024.jpg?resize=350%2C200&ssl=1 1x, https:\/\/i0.wp.com\/greencupnordic.com\/wp-content\/uploads\/2022\/09\/GG_IMAGE_39-1024x1024.jpg?resize=525%2C300&ssl=1 1.5x, https:\/\/i0.wp.com\/greencupnordic.com\/wp-content\/uploads\/2022\/09\/GG_IMAGE_39-1024x1024.jpg?resize=700%2C400&ssl=1 2x"},"classes":[]},{"id":9173,"url":"https:\/\/greencupnordic.com\/fi\/products\/accessories\/","url_meta":{"origin":9320,"position":4},"title":"Accessories","author":"Greencup.fi","date":"23.9.2022","format":false,"excerpt":"Accessories to compliment our reusable cups Greencup offers a wide range of eco-friendly accessories to compliment your reusable cup and coffee cups. Discover our range of coffee lids, cup\/bottle\/wine lanyards, and our innovative stacking handles for our reusable pint cups. Stacking Handles If you\u2019re looking for a novel way to\u2026","rel":"","context":"Samankaltainen artikkeli","block_context":{"text":"Samankaltainen artikkeli","link":""},"img":{"alt_text":"","src":"https:\/\/i0.wp.com\/greencupnordic.com\/wp-content\/uploads\/2022\/09\/GG_IMAGE_51-1024x1024.jpg?resize=350%2C200&ssl=1","width":350,"height":200,"srcset":"https:\/\/i0.wp.com\/greencupnordic.com\/wp-content\/uploads\/2022\/09\/GG_IMAGE_51-1024x1024.jpg?resize=350%2C200&ssl=1 1x, https:\/\/i0.wp.com\/greencupnordic.com\/wp-content\/uploads\/2022\/09\/GG_IMAGE_51-1024x1024.jpg?resize=525%2C300&ssl=1 1.5x, https:\/\/i0.wp.com\/greencupnordic.com\/wp-content\/uploads\/2022\/09\/GG_IMAGE_51-1024x1024.jpg?resize=700%2C400&ssl=1 2x"},"classes":[]},{"id":8955,"url":"https:\/\/greencupnordic.com\/fi\/printing-techniques\/screen-printing\/","url_meta":{"origin":9320,"position":5},"title":"Silkkipainatus","author":"Greencup.fi","date":"23.9.2022","format":false,"excerpt":"{:en} Reusable cups branded for your event Reusable cups branded with your logo or business name is an effective way to market your brand at your next event. Screen printed reusable cups have a brilliant, richly coloured, glossy printed finish.\u00a0Our screen printing method allows for your design to last hundreds\u2026","rel":"","context":"Samankaltainen artikkeli","block_context":{"text":"Samankaltainen artikkeli","link":""},"img":{"alt_text":"","src":"https:\/\/i0.wp.com\/greencupnordic.com\/wp-content\/uploads\/2022\/09\/Cup_Diagrams-Screen-1024x1024.png?resize=350%2C200&ssl=1","width":350,"height":200,"srcset":"https:\/\/i0.wp.com\/greencupnordic.com\/wp-content\/uploads\/2022\/09\/Cup_Diagrams-Screen-1024x1024.png?resize=350%2C200&ssl=1 1x, https:\/\/i0.wp.com\/greencupnordic.com\/wp-content\/uploads\/2022\/09\/Cup_Diagrams-Screen-1024x1024.png?resize=525%2C300&ssl=1 1.5x, https:\/\/i0.wp.com\/greencupnordic.com\/wp-content\/uploads\/2022\/09\/Cup_Diagrams-Screen-1024x1024.png?resize=700%2C400&ssl=1 2x"},"classes":[]}],"jetpack_sharing_enabled":true,"_links":{"self":[{"href":"https:\/\/greencupnordic.com\/fi\/wp-json\/wp\/v2\/pages\/9320","targetHints":{"allow":["GET"]}}],"collection":[{"href":"https:\/\/greencupnordic.com\/fi\/wp-json\/wp\/v2\/pages"}],"about":[{"href":"https:\/\/greencupnordic.com\/fi\/wp-json\/wp\/v2\/types\/page"}],"author":[{"embeddable":true,"href":"https:\/\/greencupnordic.com\/fi\/wp-json\/wp\/v2\/users\/2"}],"replies":[{"embeddable":true,"href":"https:\/\/greencupnordic.com\/fi\/wp-json\/wp\/v2\/comments?post=9320"}],"version-history":[{"count":63,"href":"https:\/\/greencupnordic.com\/fi\/wp-json\/wp\/v2\/pages\/9320\/revisions"}],"predecessor-version":[{"id":10505,"href":"https:\/\/greencupnordic.com\/fi\/wp-json\/wp\/v2\/pages\/9320\/revisions\/10505"}],"up":[{"embeddable":true,"href":"https:\/\/greencupnordic.com\/fi\/wp-json\/wp\/v2\/pages\/9302"}],"wp:attachment":[{"href":"https:\/\/greencupnordic.com\/fi\/wp-json\/wp\/v2\/media?parent=9320"}],"curies":[{"name":"wp","href":"https:\/\/api.w.org\/{rel}","templated":true}]}}