{"id":9338,"date":"2022-09-23T18:01:05","date_gmt":"2022-09-23T15:01:05","guid":{"rendered":"https:\/\/greencupnordic.com\/?page_id=9338"},"modified":"2023-06-01T20:30:59","modified_gmt":"2023-06-01T17:30:59","slug":"benefits-of-switching-to-reusable-cups","status":"publish","type":"page","link":"https:\/\/greencupnordic.com\/fi\/how-it-works\/benefits-of-switching-to-reusable-cups\/","title":{"rendered":""},"content":{"rendered":"<h2>Miksi k\u00e4ytt\u00e4\u00e4 uudelleenk\u00e4ytett\u00e4vi\u00e4 ja pest\u00e4vi\u00e4 mukeja tapahtumassasi?<\/h2>\n<ul>\n<li>Vihre\u00e4mpi tapahtuma: v\u00e4hemm\u00e4n kertak\u00e4ytt\u00f6ist\u00e4 roskaa \u2013 v\u00e4hemm\u00e4n kaatopaikkaj\u00e4tett\u00e4.\u00a0<\/li>\n<li>Mukit, jotka tarjoavat nautinnollisemman juomakokemuksen.<\/li>\n<li>Ihanteellinen mainonnan ja markkinoinnin ty\u00f6kalu.<\/li>\n<li>Tapahtuma-alueella ei lasinsiruja. Alue jo seuraavana p\u00e4iv\u00e4n\u00e4 turvallinen niin lapsille kuin lemmikeille.<\/li>\n<li>Hieno kotiin viet\u00e4v\u00e4 muisto tapahtumasta.<\/li>\n<li>Kaikki eri juoma-astiat voivat olla uudelleenk\u00e4ytt\u00e4vi\u00e4, pest\u00e4vi\u00e4 aina viinilasista snapsilasiin saakka.\u00a0<\/li>\n<li>Pienenn\u00e4 tapahtumasi hiilijalanj\u00e4lke\u00e4.<\/li>\n<\/ul>\n<p>\t\t\t\t\t\t\t\t\t\t\t\t\t\t\t<img data-recalc-dims=\"1\" loading=\"lazy\" decoding=\"async\" width=\"800\" height=\"800\" src=\"https:\/\/i0.wp.com\/greencupnordic.com\/wp-content\/uploads\/2022\/09\/GG_IMAGE_23.jpeg?resize=800%2C800&#038;ssl=1\" alt=\"\" loading=\"lazy\" srcset=\"https:\/\/greencupnordic.com\/wp-content\/uploads\/2022\/09\/GG_IMAGE_23.jpeg 1168w, https:\/\/greencupnordic.com\/wp-content\/uploads\/2022\/09\/GG_IMAGE_23-300x300.jpeg 300w, https:\/\/greencupnordic.com\/wp-content\/uploads\/2022\/09\/GG_IMAGE_23-1024x1024.jpeg 1024w, https:\/\/greencupnordic.com\/wp-content\/uploads\/2022\/09\/GG_IMAGE_23-150x150.jpeg 150w, https:\/\/greencupnordic.com\/wp-content\/uploads\/2022\/09\/GG_IMAGE_23-768x768.jpeg 768w, https:\/\/greencupnordic.com\/wp-content\/uploads\/2022\/09\/elementor\/thumbs\/GG_IMAGE_23-pv6wa2y4vjpck1jhudekzp43i51j69ricmsws5vli8.jpeg 400w\" sizes=\"auto, (max-width: 1168px) 100vw, 1168px\" \/><br \/>\n\t\t\t\t\t\t\t\t\t\t\t\t\t\t\t<img data-recalc-dims=\"1\" loading=\"lazy\" decoding=\"async\" width=\"800\" height=\"800\" src=\"https:\/\/i0.wp.com\/greencupnordic.com\/wp-content\/uploads\/2022\/09\/IML_HALF_PINT-1.jpg?resize=800%2C800&#038;ssl=1\" alt=\"\" loading=\"lazy\" srcset=\"https:\/\/greencupnordic.com\/wp-content\/uploads\/2022\/09\/IML_HALF_PINT-1.jpg 1200w, https:\/\/greencupnordic.com\/wp-content\/uploads\/2022\/09\/IML_HALF_PINT-1-300x300.jpg 300w, https:\/\/greencupnordic.com\/wp-content\/uploads\/2022\/09\/IML_HALF_PINT-1-1024x1024.jpg 1024w, https:\/\/greencupnordic.com\/wp-content\/uploads\/2022\/09\/IML_HALF_PINT-1-150x150.jpg 150w, https:\/\/greencupnordic.com\/wp-content\/uploads\/2022\/09\/IML_HALF_PINT-1-768x768.jpg 768w, https:\/\/greencupnordic.com\/wp-content\/uploads\/2022\/09\/elementor\/thumbs\/IML_HALF_PINT-1-pv6iu3tpyh6eo0jjx65x5ts0fyhvwoex56cp77h19c.jpg 400w\" sizes=\"auto, (max-width: 1200px) 100vw, 1200px\" \/>\t\t\t\t\t\t\t\t\t\t\t\t\t\t\t<\/p>\n<h2>Miksi GreenCup<\/h2>\n<ul>\n<li>Olemme suomalainen yritys, joka haluaa suojella planeettaamme liialliselta roskaamiselta.\u00a0<\/li>\n<li>Olemme suurin suomalainen uudelleenk\u00e4ytett\u00e4vien ja pest\u00e4vien mukien vuokraaja, pesij\u00e4 sek\u00e4 toimittaja.<\/li>\n<li>Voimme tarjota t\u00e4yden palvelun ratkaisun alusta loppuun.<\/li>\n<li>Pesemme mukit aina ymp\u00e4rist\u00f6yst\u00e4v\u00e4llisill\u00e4 pesuaineilla sek\u00e4 vett\u00e4 s\u00e4\u00e4st\u00e4vill\u00e4 pesulaitteilla.\u00a0<\/li>\n<li>Voimme s\u00e4ilytt\u00e4\u00e4 mukejanne tarvittaessa tapahtumien v\u00e4lill\u00e4\u00a0<\/li>\n<li>Panostamme logistiikkaan eli haluamme varmistua, ett\u00e4 mukit toimitetaan ajoissa, olemme aktiivisesti mukana tapahtuman aikana sek\u00e4 viemme mukit heti tapahtuman j\u00e4lkeen pesuun. \u00a0<\/li>\n<\/ul>\n<h2>\nMik\u00e4 tekee meist\u00e4 ainutlaatuisia?<\/h2>\n<p>Tarjoamme Suomen suurimman valikoiman uudelleenk\u00e4ytett\u00e4vi\u00e4 mukeja tapahtumaasi.\u00a0<\/p>\n<p>GreenCup on ylpe\u00e4 ammattitaidostasn, yst\u00e4v\u00e4llisest\u00e4 palvelusta sek\u00e4 laajasta alan kokemuksesta. \u00a0Autamme siin\u00e4, ett\u00e4 siirtymisesi uudelleenk\u00e4ytett\u00e4viin, pest\u00e4viin mukeihin sujuu mahdollisimman vaivattomasti. Meill\u00e4 on kokemusta niin suurista festivaaleista, isoista urheilutapahtumista aina pienempiin tapahtumiin.\u00a0<\/p>\n<p>\u00a0<\/p>\n<p>\t\t\t\t\t\t\t\t\t\t\t\t\t\t\t<img data-recalc-dims=\"1\" loading=\"lazy\" decoding=\"async\" width=\"800\" height=\"800\" src=\"https:\/\/i0.wp.com\/greencupnordic.com\/wp-content\/uploads\/2022\/09\/GG_IMAGE_16.jpg?resize=800%2C800&#038;ssl=1\" alt=\"\" loading=\"lazy\" srcset=\"https:\/\/greencupnordic.com\/wp-content\/uploads\/2022\/09\/GG_IMAGE_16.jpg 1633w, https:\/\/greencupnordic.com\/wp-content\/uploads\/2022\/09\/GG_IMAGE_16-300x300.jpg 300w, https:\/\/greencupnordic.com\/wp-content\/uploads\/2022\/09\/GG_IMAGE_16-1024x1024.jpg 1024w, https:\/\/greencupnordic.com\/wp-content\/uploads\/2022\/09\/GG_IMAGE_16-150x150.jpg 150w, https:\/\/greencupnordic.com\/wp-content\/uploads\/2022\/09\/GG_IMAGE_16-768x768.jpg 768w, https:\/\/greencupnordic.com\/wp-content\/uploads\/2022\/09\/GG_IMAGE_16-1536x1536.jpg 1536w, https:\/\/greencupnordic.com\/wp-content\/uploads\/2022\/09\/elementor\/thumbs\/GG_IMAGE_16-pv6iu1y1kt3u0sma85co0u9396r5ha7ggx1q8njtls.jpg 400w\" sizes=\"auto, (max-width: 1633px) 100vw, 1633px\" \/><\/p>\n","protected":false},"excerpt":{"rendered":"<p>Miksi k\u00e4ytt\u00e4\u00e4 uudelleenk\u00e4ytett\u00e4vi\u00e4 ja pest\u00e4vi\u00e4 mukeja tapahtumassasi? Vihre\u00e4mpi tapahtuma: v\u00e4hemm\u00e4n kertak\u00e4ytt\u00f6ist\u00e4 roskaa \u2013 v\u00e4hemm\u00e4n kaatopaikkaj\u00e4tett\u00e4.\u00a0 Mukit, jotka tarjoavat nautinnollisemman juomakokemuksen. Ihanteellinen mainonnan ja markkinoinnin ty\u00f6kalu. Tapahtuma-alueella ei lasinsiruja. Alue jo seuraavana p\u00e4iv\u00e4n\u00e4 turvallinen niin lapsille kuin lemmikeille. Hieno kotiin viet\u00e4v\u00e4 muisto tapahtumasta. Kaikki eri juoma-astiat voivat olla uudelleenk\u00e4ytt\u00e4vi\u00e4, pest\u00e4vi\u00e4 aina viinilasista snapsilasiin saakka.\u00a0 Pienenn\u00e4 tapahtumasi [&hellip;]<\/p>\n","protected":false},"author":2,"featured_media":0,"parent":9302,"menu_order":0,"comment_status":"closed","ping_status":"closed","template":"","meta":{"_acf_changed":false,"_eb_attr":"","_monsterinsights_skip_tracking":false,"_monsterinsights_sitenote_active":false,"_monsterinsights_sitenote_note":"","_monsterinsights_sitenote_category":0,"footnotes":""},"class_list":["post-9338","page","type-page","status-publish","hentry"],"translation":{"provider":"WPGlobus","version":"3.0.2","language":"fi","enabled_languages":["en","fi"],"languages":{"en":{"title":false,"content":true,"excerpt":false},"fi":{"title":false,"content":true,"excerpt":false}}},"acf":[],"yoast_head":"<!-- This site is optimized with the Yoast SEO plugin v27.3 - https:\/\/yoast.com\/product\/yoast-seo-wordpress\/ -->\n<title>- GreenCup<\/title>\n<meta name=\"robots\" content=\"index, follow, max-snippet:-1, max-image-preview:large, max-video-preview:-1\" \/>\n<link rel=\"canonical\" href=\"https:\/\/greencupnordic.com\/how-it-works\/benefits-of-switching-to-reusable-cups\/\" \/>\n<meta property=\"og:locale\" content=\"fi_FI\" \/>\n<meta property=\"og:type\" content=\"article\" \/>\n<meta property=\"og:title\" content=\"- GreenCup\" \/>\n<meta property=\"og:url\" content=\"https:\/\/greencupnordic.com\/how-it-works\/benefits-of-switching-to-reusable-cups\/\" \/>\n<meta property=\"og:site_name\" content=\"GreenCup\" \/>\n<meta property=\"article:modified_time\" content=\"2023-06-01T17:30:59+00:00\" \/>\n<meta property=\"og:image\" content=\"https:\/\/greencupnordic.com\/wp-content\/uploads\/elementor\/thumbs\/GG_IMAGE_23-pv6wa2y4vjpck1jhudekzp43i51j69ricmsws5vli8.jpeg\" \/>\n<meta name=\"twitter:card\" content=\"summary_large_image\" \/>\n<meta name=\"twitter:label1\" content=\"Arvioitu lukuaika\" \/>\n\t<meta name=\"twitter:data1\" content=\"2 minuuttia\" \/>\n<script type=\"application\/ld+json\" class=\"yoast-schema-graph\">{\"@context\":\"https:\\\/\\\/schema.org\",\"@graph\":[{\"@type\":\"WebPage\",\"@id\":\"https:\\\/\\\/greencupnordic.com\\\/how-it-works\\\/benefits-of-switching-to-reusable-cups\\\/\",\"url\":\"https:\\\/\\\/greencupnordic.com\\\/how-it-works\\\/benefits-of-switching-to-reusable-cups\\\/\",\"name\":\"- GreenCup\",\"isPartOf\":{\"@id\":\"https:\\\/\\\/greencupnordic.com\\\/#website\"},\"primaryImageOfPage\":{\"@id\":\"https:\\\/\\\/greencupnordic.com\\\/how-it-works\\\/benefits-of-switching-to-reusable-cups\\\/#primaryimage\"},\"image\":{\"@id\":\"https:\\\/\\\/greencupnordic.com\\\/how-it-works\\\/benefits-of-switching-to-reusable-cups\\\/#primaryimage\"},\"thumbnailUrl\":\"https:\\\/\\\/greencupnordic.com\\\/wp-content\\\/uploads\\\/elementor\\\/thumbs\\\/GG_IMAGE_23-pv6wa2y4vjpck1jhudekzp43i51j69ricmsws5vli8.jpeg\",\"datePublished\":\"2022-09-23T15:01:05+00:00\",\"dateModified\":\"2023-06-01T17:30:59+00:00\",\"inLanguage\":\"fi\",\"potentialAction\":[{\"@type\":\"ReadAction\",\"target\":[\"https:\\\/\\\/greencupnordic.com\\\/how-it-works\\\/benefits-of-switching-to-reusable-cups\\\/\"]}]},{\"@type\":\"ImageObject\",\"inLanguage\":\"fi\",\"@id\":\"https:\\\/\\\/greencupnordic.com\\\/how-it-works\\\/benefits-of-switching-to-reusable-cups\\\/#primaryimage\",\"url\":\"https:\\\/\\\/greencupnordic.com\\\/wp-content\\\/uploads\\\/elementor\\\/thumbs\\\/GG_IMAGE_23-pv6wa2y4vjpck1jhudekzp43i51j69ricmsws5vli8.jpeg\",\"contentUrl\":\"https:\\\/\\\/greencupnordic.com\\\/wp-content\\\/uploads\\\/elementor\\\/thumbs\\\/GG_IMAGE_23-pv6wa2y4vjpck1jhudekzp43i51j69ricmsws5vli8.jpeg\"},{\"@type\":\"WebSite\",\"@id\":\"https:\\\/\\\/greencupnordic.com\\\/#website\",\"url\":\"https:\\\/\\\/greencupnordic.com\\\/\",\"name\":\"GreenCup\",\"description\":\"Erotu yksil\u00f6llisill\u00e4 ja kierr\u00e4tett\u00e4vill\u00e4 mukeilla\",\"publisher\":{\"@id\":\"https:\\\/\\\/greencupnordic.com\\\/#organization\"},\"potentialAction\":[{\"@type\":\"SearchAction\",\"target\":{\"@type\":\"EntryPoint\",\"urlTemplate\":\"https:\\\/\\\/greencupnordic.com\\\/?s={search_term_string}\"},\"query-input\":{\"@type\":\"PropertyValueSpecification\",\"valueRequired\":true,\"valueName\":\"search_term_string\"}}],\"inLanguage\":\"fi\"},{\"@type\":\"Organization\",\"@id\":\"https:\\\/\\\/greencupnordic.com\\\/#organization\",\"name\":\"GreenCup\",\"url\":\"https:\\\/\\\/greencupnordic.com\\\/\",\"logo\":{\"@type\":\"ImageObject\",\"inLanguage\":\"fi\",\"@id\":\"https:\\\/\\\/greencupnordic.com\\\/#\\\/schema\\\/logo\\\/image\\\/\",\"url\":\"https:\\\/\\\/i0.wp.com\\\/greencupnordic.com\\\/wp-content\\\/uploads\\\/2023\\\/06\\\/Nordic-Logo.png?fit=710%2C710&ssl=1\",\"contentUrl\":\"https:\\\/\\\/i0.wp.com\\\/greencupnordic.com\\\/wp-content\\\/uploads\\\/2023\\\/06\\\/Nordic-Logo.png?fit=710%2C710&ssl=1\",\"width\":710,\"height\":710,\"caption\":\"GreenCup\"},\"image\":{\"@id\":\"https:\\\/\\\/greencupnordic.com\\\/#\\\/schema\\\/logo\\\/image\\\/\"}}]}<\/script>\n<!-- \/ Yoast SEO plugin. -->","yoast_head_json":{"title":"- GreenCup","robots":{"index":"index","follow":"follow","max-snippet":"max-snippet:-1","max-image-preview":"max-image-preview:large","max-video-preview":"max-video-preview:-1"},"canonical":"https:\/\/greencupnordic.com\/how-it-works\/benefits-of-switching-to-reusable-cups\/","og_locale":"fi_FI","og_type":"article","og_title":"- GreenCup","og_url":"https:\/\/greencupnordic.com\/how-it-works\/benefits-of-switching-to-reusable-cups\/","og_site_name":"GreenCup","article_modified_time":"2023-06-01T17:30:59+00:00","og_image":[{"url":"https:\/\/greencupnordic.com\/wp-content\/uploads\/elementor\/thumbs\/GG_IMAGE_23-pv6wa2y4vjpck1jhudekzp43i51j69ricmsws5vli8.jpeg","type":"","width":"","height":""}],"twitter_card":"summary_large_image","twitter_misc":{"Arvioitu lukuaika":"2 minuuttia"},"schema":{"@context":"https:\/\/schema.org","@graph":[{"@type":"WebPage","@id":"https:\/\/greencupnordic.com\/how-it-works\/benefits-of-switching-to-reusable-cups\/","url":"https:\/\/greencupnordic.com\/how-it-works\/benefits-of-switching-to-reusable-cups\/","name":"- GreenCup","isPartOf":{"@id":"https:\/\/greencupnordic.com\/#website"},"primaryImageOfPage":{"@id":"https:\/\/greencupnordic.com\/how-it-works\/benefits-of-switching-to-reusable-cups\/#primaryimage"},"image":{"@id":"https:\/\/greencupnordic.com\/how-it-works\/benefits-of-switching-to-reusable-cups\/#primaryimage"},"thumbnailUrl":"https:\/\/greencupnordic.com\/wp-content\/uploads\/elementor\/thumbs\/GG_IMAGE_23-pv6wa2y4vjpck1jhudekzp43i51j69ricmsws5vli8.jpeg","datePublished":"2022-09-23T15:01:05+00:00","dateModified":"2023-06-01T17:30:59+00:00","inLanguage":"fi","potentialAction":[{"@type":"ReadAction","target":["https:\/\/greencupnordic.com\/how-it-works\/benefits-of-switching-to-reusable-cups\/"]}]},{"@type":"ImageObject","inLanguage":"fi","@id":"https:\/\/greencupnordic.com\/how-it-works\/benefits-of-switching-to-reusable-cups\/#primaryimage","url":"https:\/\/greencupnordic.com\/wp-content\/uploads\/elementor\/thumbs\/GG_IMAGE_23-pv6wa2y4vjpck1jhudekzp43i51j69ricmsws5vli8.jpeg","contentUrl":"https:\/\/greencupnordic.com\/wp-content\/uploads\/elementor\/thumbs\/GG_IMAGE_23-pv6wa2y4vjpck1jhudekzp43i51j69ricmsws5vli8.jpeg"},{"@type":"WebSite","@id":"https:\/\/greencupnordic.com\/#website","url":"https:\/\/greencupnordic.com\/","name":"GreenCup","description":"Erotu yksil\u00f6llisill\u00e4 ja kierr\u00e4tett\u00e4vill\u00e4 mukeilla","publisher":{"@id":"https:\/\/greencupnordic.com\/#organization"},"potentialAction":[{"@type":"SearchAction","target":{"@type":"EntryPoint","urlTemplate":"https:\/\/greencupnordic.com\/?s={search_term_string}"},"query-input":{"@type":"PropertyValueSpecification","valueRequired":true,"valueName":"search_term_string"}}],"inLanguage":"fi"},{"@type":"Organization","@id":"https:\/\/greencupnordic.com\/#organization","name":"GreenCup","url":"https:\/\/greencupnordic.com\/","logo":{"@type":"ImageObject","inLanguage":"fi","@id":"https:\/\/greencupnordic.com\/#\/schema\/logo\/image\/","url":"https:\/\/i0.wp.com\/greencupnordic.com\/wp-content\/uploads\/2023\/06\/Nordic-Logo.png?fit=710%2C710&ssl=1","contentUrl":"https:\/\/i0.wp.com\/greencupnordic.com\/wp-content\/uploads\/2023\/06\/Nordic-Logo.png?fit=710%2C710&ssl=1","width":710,"height":710,"caption":"GreenCup"},"image":{"@id":"https:\/\/greencupnordic.com\/#\/schema\/logo\/image\/"}}]}},"jetpack-related-posts":[{"id":9472,"url":"https:\/\/greencupnordic.com\/fi\/","url_meta":{"origin":9338,"position":0},"title":"{:en}We are on a mission\u2026","author":"Greencup.fi","date":"23.9.2022","format":false,"excerpt":"{:en}We are on a mission to save the planet one reusable cup at a time We are the leading supplier of reusable cups, coffee cups and foodware in the nordics Find the Right Cup Lowers your event's carbon footprintReduce waste and favor reusable items. Full Service SolutionThe largest Nordic based\u2026","rel":"","context":"Samankaltainen artikkeli","block_context":{"text":"Samankaltainen artikkeli","link":""},"img":{"alt_text":"","src":"https:\/\/i0.wp.com\/greencupnordic.com\/wp-content\/uploads\/2023\/05\/eco-responsable-1.png?resize=350%2C200&ssl=1","width":350,"height":200},"classes":[]},{"id":9320,"url":"https:\/\/greencupnordic.com\/fi\/how-it-works\/introducing-reusable-event-solutions\/","url_meta":{"origin":9338,"position":1},"title":"{:en}The best reusable event solutions\u2026","author":"Greencup.fi","date":"23.9.2022","format":false,"excerpt":"{:en}The best reusable event solutions for your business or event. In order to provide a better understanding of how reusable cups can work at different venues and events, take a look at our various reusable event solutions. 1 - Refundable Deposit Scheme. Our refundable deposit scheme is one of our\u2026","rel":"","context":"Samankaltainen artikkeli","block_context":{"text":"Samankaltainen artikkeli","link":""},"img":{"alt_text":"","src":"https:\/\/i0.wp.com\/greencupnordic.com\/wp-content\/uploads\/2022\/09\/DSC_1052-scaled-1.jpeg?resize=350%2C200&ssl=1","width":350,"height":200,"srcset":"https:\/\/i0.wp.com\/greencupnordic.com\/wp-content\/uploads\/2022\/09\/DSC_1052-scaled-1.jpeg?resize=350%2C200&ssl=1 1x, https:\/\/i0.wp.com\/greencupnordic.com\/wp-content\/uploads\/2022\/09\/DSC_1052-scaled-1.jpeg?resize=525%2C300&ssl=1 1.5x, https:\/\/i0.wp.com\/greencupnordic.com\/wp-content\/uploads\/2022\/09\/DSC_1052-scaled-1.jpeg?resize=700%2C400&ssl=1 2x, https:\/\/i0.wp.com\/greencupnordic.com\/wp-content\/uploads\/2022\/09\/DSC_1052-scaled-1.jpeg?resize=1050%2C600&ssl=1 3x, https:\/\/i0.wp.com\/greencupnordic.com\/wp-content\/uploads\/2022\/09\/DSC_1052-scaled-1.jpeg?resize=1400%2C800&ssl=1 4x"},"classes":[]},{"id":9302,"url":"https:\/\/greencupnordic.com\/fi\/how-it-works\/","url_meta":{"origin":9338,"position":2},"title":"{:en}Unsure about how to operate\u2026","author":"Greencup.fi","date":"23.9.2022","format":false,"excerpt":"{:en}Unsure about how to operate reusable cups at your event? Greencup has\u00a0years of experience\u00a0with reusable cups\u00a0and is more than happy to discuss the options and come up with the best solution for you\u00a0The two main options available are detailed below :\u00a0\u00a0 > a\u00a0refundable deposit scheme\u00a0\u00a0 > a\u00a0compulsory levy.Both can be\u2026","rel":"","context":"Samankaltainen artikkeli","block_context":{"text":"Samankaltainen artikkeli","link":""},"img":{"alt_text":"","src":"https:\/\/i0.wp.com\/greencupnordic.com\/wp-content\/uploads\/2022\/09\/ECOCUP-Roland-Garros-2019-%C2%A9albindurand%40_albin_-9281-1536x1024-1.jpeg?resize=350%2C200&ssl=1","width":350,"height":200,"srcset":"https:\/\/i0.wp.com\/greencupnordic.com\/wp-content\/uploads\/2022\/09\/ECOCUP-Roland-Garros-2019-%C2%A9albindurand%40_albin_-9281-1536x1024-1.jpeg?resize=350%2C200&ssl=1 1x, https:\/\/i0.wp.com\/greencupnordic.com\/wp-content\/uploads\/2022\/09\/ECOCUP-Roland-Garros-2019-%C2%A9albindurand%40_albin_-9281-1536x1024-1.jpeg?resize=525%2C300&ssl=1 1.5x, https:\/\/i0.wp.com\/greencupnordic.com\/wp-content\/uploads\/2022\/09\/ECOCUP-Roland-Garros-2019-%C2%A9albindurand%40_albin_-9281-1536x1024-1.jpeg?resize=700%2C400&ssl=1 2x, https:\/\/i0.wp.com\/greencupnordic.com\/wp-content\/uploads\/2022\/09\/ECOCUP-Roland-Garros-2019-%C2%A9albindurand%40_albin_-9281-1536x1024-1.jpeg?resize=1050%2C600&ssl=1 3x, https:\/\/i0.wp.com\/greencupnordic.com\/wp-content\/uploads\/2022\/09\/ECOCUP-Roland-Garros-2019-%C2%A9albindurand%40_albin_-9281-1536x1024-1.jpeg?resize=1400%2C800&ssl=1 4x"},"classes":[]},{"id":9173,"url":"https:\/\/greencupnordic.com\/fi\/products\/accessories\/","url_meta":{"origin":9338,"position":3},"title":"Accessories","author":"Greencup.fi","date":"23.9.2022","format":false,"excerpt":"Accessories to compliment our reusable cups Greencup offers a wide range of eco-friendly accessories to compliment your reusable cup and coffee cups. Discover our range of coffee lids, cup\/bottle\/wine lanyards, and our innovative stacking handles for our reusable pint cups. Stacking Handles If you\u2019re looking for a novel way to\u2026","rel":"","context":"Samankaltainen artikkeli","block_context":{"text":"Samankaltainen artikkeli","link":""},"img":{"alt_text":"","src":"https:\/\/i0.wp.com\/greencupnordic.com\/wp-content\/uploads\/2022\/09\/GG_IMAGE_51-1024x1024.jpg?resize=350%2C200&ssl=1","width":350,"height":200,"srcset":"https:\/\/i0.wp.com\/greencupnordic.com\/wp-content\/uploads\/2022\/09\/GG_IMAGE_51-1024x1024.jpg?resize=350%2C200&ssl=1 1x, https:\/\/i0.wp.com\/greencupnordic.com\/wp-content\/uploads\/2022\/09\/GG_IMAGE_51-1024x1024.jpg?resize=525%2C300&ssl=1 1.5x, https:\/\/i0.wp.com\/greencupnordic.com\/wp-content\/uploads\/2022\/09\/GG_IMAGE_51-1024x1024.jpg?resize=700%2C400&ssl=1 2x"},"classes":[]},{"id":8955,"url":"https:\/\/greencupnordic.com\/fi\/printing-techniques\/screen-printing\/","url_meta":{"origin":9338,"position":4},"title":"Silkkipainatus","author":"Greencup.fi","date":"23.9.2022","format":false,"excerpt":"{:en} Reusable cups branded for your event Reusable cups branded with your logo or business name is an effective way to market your brand at your next event. Screen printed reusable cups have a brilliant, richly coloured, glossy printed finish.\u00a0Our screen printing method allows for your design to last hundreds\u2026","rel":"","context":"Samankaltainen artikkeli","block_context":{"text":"Samankaltainen artikkeli","link":""},"img":{"alt_text":"","src":"https:\/\/i0.wp.com\/greencupnordic.com\/wp-content\/uploads\/2022\/09\/Cup_Diagrams-Screen-1024x1024.png?resize=350%2C200&ssl=1","width":350,"height":200,"srcset":"https:\/\/i0.wp.com\/greencupnordic.com\/wp-content\/uploads\/2022\/09\/Cup_Diagrams-Screen-1024x1024.png?resize=350%2C200&ssl=1 1x, https:\/\/i0.wp.com\/greencupnordic.com\/wp-content\/uploads\/2022\/09\/Cup_Diagrams-Screen-1024x1024.png?resize=525%2C300&ssl=1 1.5x, https:\/\/i0.wp.com\/greencupnordic.com\/wp-content\/uploads\/2022\/09\/Cup_Diagrams-Screen-1024x1024.png?resize=700%2C400&ssl=1 2x"},"classes":[]},{"id":9171,"url":"https:\/\/greencupnordic.com\/fi\/products\/hot-drinks\/","url_meta":{"origin":9338,"position":5},"title":"Hot Drinks","author":"Greencup.fi","date":"23.9.2022","format":false,"excerpt":"Greencup reusable coffee cups Greencup supplies reusable coffee cups and lids for various venues and events which can be branded at your discretion.Single-use coffee cups are often only used for a number of minutes but can take hundreds of years to break down in landfill sites. Many hot drink cups\u2026","rel":"","context":"Samankaltainen artikkeli","block_context":{"text":"Samankaltainen artikkeli","link":""},"img":{"alt_text":"","src":"https:\/\/i0.wp.com\/greencupnordic.com\/wp-content\/uploads\/2022\/09\/GG_IMAGE_55-1024x1024.jpg?resize=350%2C200&ssl=1","width":350,"height":200,"srcset":"https:\/\/i0.wp.com\/greencupnordic.com\/wp-content\/uploads\/2022\/09\/GG_IMAGE_55-1024x1024.jpg?resize=350%2C200&ssl=1 1x, https:\/\/i0.wp.com\/greencupnordic.com\/wp-content\/uploads\/2022\/09\/GG_IMAGE_55-1024x1024.jpg?resize=525%2C300&ssl=1 1.5x, https:\/\/i0.wp.com\/greencupnordic.com\/wp-content\/uploads\/2022\/09\/GG_IMAGE_55-1024x1024.jpg?resize=700%2C400&ssl=1 2x"},"classes":[]}],"jetpack_sharing_enabled":true,"_links":{"self":[{"href":"https:\/\/greencupnordic.com\/fi\/wp-json\/wp\/v2\/pages\/9338","targetHints":{"allow":["GET"]}}],"collection":[{"href":"https:\/\/greencupnordic.com\/fi\/wp-json\/wp\/v2\/pages"}],"about":[{"href":"https:\/\/greencupnordic.com\/fi\/wp-json\/wp\/v2\/types\/page"}],"author":[{"embeddable":true,"href":"https:\/\/greencupnordic.com\/fi\/wp-json\/wp\/v2\/users\/2"}],"replies":[{"embeddable":true,"href":"https:\/\/greencupnordic.com\/fi\/wp-json\/wp\/v2\/comments?post=9338"}],"version-history":[{"count":67,"href":"https:\/\/greencupnordic.com\/fi\/wp-json\/wp\/v2\/pages\/9338\/revisions"}],"predecessor-version":[{"id":10509,"href":"https:\/\/greencupnordic.com\/fi\/wp-json\/wp\/v2\/pages\/9338\/revisions\/10509"}],"up":[{"embeddable":true,"href":"https:\/\/greencupnordic.com\/fi\/wp-json\/wp\/v2\/pages\/9302"}],"wp:attachment":[{"href":"https:\/\/greencupnordic.com\/fi\/wp-json\/wp\/v2\/media?parent=9338"}],"curies":[{"name":"wp","href":"https:\/\/api.w.org\/{rel}","templated":true}]}}